{"id":1080,"date":"2014-05-12T16:43:24","date_gmt":"2014-05-12T16:43:24","guid":{"rendered":"http:\/\/www.kvalevaag.se\/?page_id=1080"},"modified":"2022-06-13T08:33:45","modified_gmt":"2022-06-13T08:33:45","slug":"danska-lankar","status":"publish","type":"page","link":"https:\/\/sandbox.kvalevaag.se\/?page_id=1080","title":{"rendered":"Danska l\u00e4nkar"},"content":{"rendered":"<div id=\"pl-1080\"  class=\"panel-layout\" ><div id=\"pg-1080-0\"  class=\"panel-grid panel-no-style\" ><div id=\"pgc-1080-0-0\"  class=\"panel-grid-cell\" ><div id=\"panel-1080-0-0-0\" class=\"so-panel widget widget_text panel-first-child\" data-index=\"0\" >\t\t\t<div class=\"textwidget\"><p data-wp-editing=\"1\"><img loading=\"lazy\" decoding=\"async\" class=\"alignnone wp-image-9479 size-full\" src=\"https:\/\/sandbox.kvalevaag.se\/wp-content\/uploads\/2022\/06\/DK_Flagg.jpg\" alt=\"\" width=\"48\" height=\"32\" \/><a href=\"?page_id=1145\"><img loading=\"lazy\" decoding=\"async\" class=\"alignright wp-image-9480 size-full\" src=\"https:\/\/sandbox.kvalevaag.se\/wp-content\/uploads\/2022\/06\/USA_Flagg.jpg\" alt=\"\" width=\"61\" height=\"32\" \/><\/a><a href=\"?page_id=1122\"><img loading=\"lazy\" decoding=\"async\" class=\"alignright wp-image-9478 size-full\" src=\"https:\/\/sandbox.kvalevaag.se\/wp-content\/uploads\/2022\/06\/DE_Flagg.jpg\" alt=\"\" width=\"53\" height=\"32\" \/><\/a><a href=\"?page_id=1100\"><img loading=\"lazy\" decoding=\"async\" class=\"alignright wp-image-9476 size-full\" src=\"https:\/\/sandbox.kvalevaag.se\/wp-content\/uploads\/2022\/06\/SV_Flagg.jpg\" alt=\"\" width=\"51\" height=\"32\" \/><\/a><a href=\"?page_id=8852\"><img loading=\"lazy\" decoding=\"async\" class=\"alignright wp-image-9477 size-full\" src=\"https:\/\/sandbox.kvalevaag.se\/wp-content\/uploads\/2022\/06\/NO_Flagg.jpg\" alt=\"\" width=\"43\" height=\"32\" \/><\/a><\/p>\n<\/div>\n\t\t<\/div><div id=\"panel-1080-0-0-1\" class=\"so-panel widget widget_nav_menu\" data-index=\"1\" ><div class=\"menu-danska-container\"><ul id=\"menu-danska\" class=\"menu\"><li id=\"menu-item-9471\" class=\"menu-item menu-item-type-custom menu-item-object-custom menu-item-9471\"><a target=\"_blank\" rel=\"noopener\" href=\"https:\/\/arkibas.dk\/arkivvejviser\/\">Arkivguiden  &#8211; din ing\u00e5ng till lokalhistoria<\/a><\/li>\n<li id=\"menu-item-2727\" class=\"menu-item menu-item-type-custom menu-item-object-custom menu-item-2727\"><a target=\"_blank\" rel=\"noopener\" href=\"https:\/\/www.arkiv.dk\/\">De danska arkiven lagrar m\u00e5nga olika typer av material. H\u00e4r kan hitta bilder, register, b\u00f6cker, artiklar, film och ljud och mycket mer. Varje arkiv t\u00e4cker ett geografiskt omr\u00e5de, ex. f\u00f6rsamling eller kommun. Materialet kommer fr\u00e5n privatpersoner, f\u00f6reningar, f\u00f6retag och institutioner.<\/a><\/li>\n<li id=\"menu-item-1832\" class=\"menu-item menu-item-type-custom menu-item-object-custom menu-item-1832\"><a target=\"_blank\" rel=\"noopener\" href=\"https:\/\/www.ddd.dda.dk\/\">Dansk Demografisk Database, s\u00f6kning efter upplysningar i olika k\u00e4llor<\/a><\/li>\n<li id=\"menu-item-9470\" class=\"menu-item menu-item-type-custom menu-item-object-custom menu-item-9470\"><a target=\"_blank\" rel=\"noopener\" href=\"https:\/\/www.danishfamilysearch.dk\/\">Danish Family Search &#8211; H\u00e4r finns mycket bra information att s\u00f6ka. Bli medlem och f\u00e5 tillg\u00e5ng till mer.<\/a><\/li>\n<li id=\"menu-item-8442\" class=\"menu-item menu-item-type-custom menu-item-object-custom menu-item-8442\"><a target=\"_blank\" rel=\"noopener\" href=\"http:\/\/www.udvandrerarkivet.dk\/forside\/\">Det digitala danska emigrantarkivet<\/a><\/li>\n<li id=\"menu-item-7912\" class=\"menu-item menu-item-type-custom menu-item-object-custom menu-item-7912\"><a target=\"_blank\" rel=\"noopener\" href=\"https:\/\/www.slaegtogdata.dk\/\">Danska sl\u00e4ktforskare f\u00f6rening<\/a><\/li>\n<li id=\"menu-item-9469\" class=\"menu-item menu-item-type-custom menu-item-object-custom menu-item-has-children menu-item-9469\"><a>Kalendrar \/ ordb\u00f6cker<\/a>\n<ul class=\"sub-menu\">\n\t<li id=\"menu-item-3157\" class=\"menu-item menu-item-type-custom menu-item-object-custom menu-item-3157\"><a target=\"_blank\" rel=\"noopener\" href=\"https:\/\/www.rmadsen.dk\/kal\/\">Latinska kyrkdagar &#8211; Latinske ord i kirkebogen<\/a><\/li>\n\t<li id=\"menu-item-1839\" class=\"menu-item menu-item-type-custom menu-item-object-custom menu-item-1839\"><a target=\"_blank\" rel=\"noopener\" href=\"https:\/\/www.hist.uib.no\/kalkar\/\">Ordbok, \u00e4ldre danska spr\u00e5ket 1300-1700<\/a><\/li>\n\t<li id=\"menu-item-1837\" class=\"menu-item menu-item-type-custom menu-item-object-custom menu-item-1837\"><a target=\"_blank\" rel=\"noopener\" href=\"https:\/\/ordnet.dk\/ods\/\">Ordbok, \u00e4ldre danska spr\u00e5ket 1700-1950<\/a><\/li>\n<\/ul>\n<\/li>\n<li id=\"menu-item-1681\" class=\"menu-item menu-item-type-custom menu-item-object-custom menu-item-1681\"><a target=\"_blank\" rel=\"noopener\" href=\"https:\/\/www.krabsen.dk\/stednavnebase\/\">Krabsen ortdatabas med ca.60.000 ortsnamn, Socken (sogn), H\u00e4rad (Herred) och L\u00e4n (Amt) samt var orten finns geografiskt<\/a><\/li>\n<li id=\"menu-item-9472\" class=\"menu-item menu-item-type-custom menu-item-object-custom menu-item-9472\"><a target=\"_blank\" rel=\"noopener\" href=\"https:\/\/www.kb.dk\/en\">Kungliga biblioteket<\/a><\/li>\n<li id=\"menu-item-8257\" class=\"menu-item menu-item-type-custom menu-item-object-custom menu-item-has-children menu-item-8257\"><a>Kyrkog\u00e5rdar<\/a>\n<ul class=\"sub-menu\">\n\t<li id=\"menu-item-8770\" class=\"menu-item menu-item-type-custom menu-item-object-custom menu-item-8770\"><a target=\"_blank\" rel=\"noopener\" href=\"https:\/\/findgravsted.brandsoft.dk\/bsk_app\/BSK_PSPFindgravsted\">S\u00f6k gravplatser med hj\u00e4lp av kartan<\/a><\/li>\n\t<li id=\"menu-item-1680\" class=\"menu-item menu-item-type-custom menu-item-object-custom menu-item-1680\"><a target=\"_blank\" rel=\"noopener\" href=\"https:\/\/stegemueller.dk\/dki\/\">Dansk kyrkog\u00e5rdsindex &#8211; DKI, h\u00e4r kan ni s\u00f6ka gravar som \u00e4r minst 10 \u00e5r gamla<\/a><\/li>\n\t<li id=\"menu-item-8258\" class=\"menu-item menu-item-type-custom menu-item-object-custom menu-item-8258\"><a target=\"_blank\" rel=\"noopener\" href=\"https:\/\/www.findengrav.dk\/\">Find en grav &#8211; Ett privat projekt och drivs av Erik Fogh Rasmussen. Bra sida med mycket information om gravar.<\/a><\/li>\n\t<li id=\"menu-item-8259\" class=\"menu-item menu-item-type-custom menu-item-object-custom menu-item-8259\"><a target=\"_blank\" rel=\"noopener\" href=\"https:\/\/www.dk-gravsten.dk\/news.php\">DK-gravsten &#8211; En samling sida med l\u00e4nkarna till alla Danmarks fotograferade kyrkog\u00e5rdar<\/a><\/li>\n<\/ul>\n<\/li>\n<li id=\"menu-item-1737\" class=\"menu-item menu-item-type-custom menu-item-object-custom menu-item-1737\"><a target=\"_blank\" rel=\"noopener\" href=\"https:\/\/www.politietsregisterblade.dk\/\">K\u00f6penhamns statsarkiv d\u00e4r finns Politiens Registerblade. D\u00e4r kan du s\u00f6ka sl\u00e4ktingar som bott i staden mellan 1890 och 1923<\/a><\/li>\n<li id=\"menu-item-8003\" class=\"menu-item menu-item-type-custom menu-item-object-custom menu-item-8003\"><a target=\"_blank\" rel=\"noopener\" href=\"https:\/\/www.salldata.dk\/\">Salldata, en fantastisk sida med massor av information, postkort, gator, k\u00e4llor, s\u00f6k efter kyrkob\u00f6cker\/folkr\u00e4kningar via karta m.m.<\/a><\/li>\n<li id=\"menu-item-1686\" class=\"menu-item menu-item-type-custom menu-item-object-custom menu-item-1686\"><a target=\"_blank\" rel=\"noopener\" href=\"https:\/\/www.danskearkiver.dk\/\">Sammanslutning av lokalarkiven samlade under en sida<\/a><\/li>\n<li id=\"menu-item-9107\" class=\"menu-item menu-item-type-custom menu-item-object-custom menu-item-9107\"><a target=\"_blank\" rel=\"noopener\" href=\"https:\/\/familjehistorien.wordpress.com\/portfolio\/slaktforska-i-danmark\/?fbclid=IwAR0xwtJwvmRNjMmEyGjWbnbNuf9Q9MpX7DPJPsT57Z8cfBqejCuOhLsFSYs\">Sl\u00e4ktforska i Danmark, g\u00f6r ett bes\u00f6k p\u00e5 Theodor Stenevang Klemming Familjehistoria<\/a><\/li>\n<li id=\"menu-item-1841\" class=\"menu-item menu-item-type-custom menu-item-object-custom menu-item-1841\"><a target=\"_blank\" rel=\"noopener\" href=\"https:\/\/www.rigsarkivet.dk\/arkivalieronline\/\">Statens Arkiver en bra sida med kyrkob\u00f6cker och folkr\u00e4kningar<\/a><\/li>\n<li id=\"menu-item-1842\" class=\"menu-item menu-item-type-custom menu-item-object-custom menu-item-1842\"><a target=\"_blank\" rel=\"noopener\" href=\"https:\/\/www.sognetraef.dk\/\">S\u00f6kmotor f\u00f6r amter\/socknar som ger m\u00f6jlighet att finna andra sl\u00e4ktforskare och lokalhistoriker<\/a><\/li>\n<\/ul><\/div><\/div><div id=\"panel-1080-0-0-2\" class=\"so-panel widget widget_text panel-last-child\" data-index=\"2\" >\t\t\t<div class=\"textwidget\"><p>Allan Kvalevaag<br \/>\n2022-06-07<\/p>\n<\/div>\n\t\t<\/div><\/div><\/div><\/div>","protected":false},"excerpt":{"rendered":"<p>Allan Kvalevaag 2022-06-07<\/p>\n","protected":false},"author":3,"featured_media":0,"parent":56,"menu_order":0,"comment_status":"closed","ping_status":"closed","template":"","meta":{"_monsterinsights_skip_tracking":false,"_monsterinsights_sitenote_active":false,"_monsterinsights_sitenote_note":"","_monsterinsights_sitenote_category":0,"footnotes":""},"_links":{"self":[{"href":"https:\/\/sandbox.kvalevaag.se\/index.php?rest_route=\/wp\/v2\/pages\/1080"}],"collection":[{"href":"https:\/\/sandbox.kvalevaag.se\/index.php?rest_route=\/wp\/v2\/pages"}],"about":[{"href":"https:\/\/sandbox.kvalevaag.se\/index.php?rest_route=\/wp\/v2\/types\/page"}],"author":[{"embeddable":true,"href":"https:\/\/sandbox.kvalevaag.se\/index.php?rest_route=\/wp\/v2\/users\/3"}],"replies":[{"embeddable":true,"href":"https:\/\/sandbox.kvalevaag.se\/index.php?rest_route=%2Fwp%2Fv2%2Fcomments&post=1080"}],"version-history":[{"count":20,"href":"https:\/\/sandbox.kvalevaag.se\/index.php?rest_route=\/wp\/v2\/pages\/1080\/revisions"}],"predecessor-version":[{"id":9482,"href":"https:\/\/sandbox.kvalevaag.se\/index.php?rest_route=\/wp\/v2\/pages\/1080\/revisions\/9482"}],"up":[{"embeddable":true,"href":"https:\/\/sandbox.kvalevaag.se\/index.php?rest_route=\/wp\/v2\/pages\/56"}],"wp:attachment":[{"href":"https:\/\/sandbox.kvalevaag.se\/index.php?rest_route=%2Fwp%2Fv2%2Fmedia&parent=1080"}],"curies":[{"name":"wp","href":"https:\/\/api.w.org\/{rel}","templated":true}]}}