{"id":1100,"date":"2014-05-12T18:00:47","date_gmt":"2014-05-12T18:00:47","guid":{"rendered":"http:\/\/www.kvalevaag.se\/?page_id=1100"},"modified":"2022-06-13T08:38:20","modified_gmt":"2022-06-13T08:38:20","slug":"svenska-lankar","status":"publish","type":"page","link":"https:\/\/sandbox.kvalevaag.se\/?page_id=1100","title":{"rendered":"Svenska l\u00e4nkar"},"content":{"rendered":"<div id=\"pl-1100\"  class=\"panel-layout\" ><div id=\"pg-1100-0\"  class=\"panel-grid panel-no-style\" ><div id=\"pgc-1100-0-0\"  class=\"panel-grid-cell\" ><div id=\"panel-1100-0-0-0\" class=\"so-panel widget widget_text panel-first-child\" data-index=\"0\" >\t\t\t<div class=\"textwidget\"><p><img loading=\"lazy\" decoding=\"async\" class=\"alignnone wp-image-9476 size-full\" src=\"https:\/\/sandbox.kvalevaag.se\/wp-content\/uploads\/2022\/06\/SV_Flagg.jpg\" alt=\"\" width=\"51\" height=\"32\" \/><a href=\"?page_id=1145\"><img loading=\"lazy\" decoding=\"async\" class=\"alignright wp-image-9480 size-full\" src=\"https:\/\/sandbox.kvalevaag.se\/wp-content\/uploads\/2022\/06\/USA_Flagg.jpg\" alt=\"\" width=\"61\" height=\"32\" \/><\/a><a href=\"?page_id=1122\"><img loading=\"lazy\" decoding=\"async\" class=\"alignright wp-image-9478 size-full\" src=\"https:\/\/sandbox.kvalevaag.se\/wp-content\/uploads\/2022\/06\/DE_Flagg.jpg\" alt=\"\" width=\"53\" height=\"32\" \/><\/a><a href=\"?page_id=8852\"><img loading=\"lazy\" decoding=\"async\" class=\"alignright wp-image-9477 size-full\" src=\"https:\/\/sandbox.kvalevaag.se\/wp-content\/uploads\/2022\/06\/NO_Flagg.jpg\" alt=\"\" width=\"43\" height=\"32\" \/><\/a><a href=\"?page_id=1080\"><img loading=\"lazy\" decoding=\"async\" class=\"alignright wp-image-9479 size-full\" src=\"https:\/\/sandbox.kvalevaag.se\/wp-content\/uploads\/2022\/06\/DK_Flagg.jpg\" alt=\"\" width=\"48\" height=\"32\" \/><\/a><\/p>\n<\/div>\n\t\t<\/div><div id=\"panel-1100-0-0-1\" class=\"so-panel widget widget_nav_menu\" data-index=\"1\" ><div class=\"menu-svenska-container\"><ul id=\"menu-svenska\" class=\"menu\"><li id=\"menu-item-1845\" class=\"menu-item menu-item-type-custom menu-item-object-custom menu-item-1845\"><a target=\"_blank\" rel=\"noopener\" href=\"https:\/\/www.arkivdigital.se\/\">ArkivDigital, en tj\u00e4nst f\u00f6r sl\u00e4ktforskning hemma vid datorn. S\u00f6k i databaser med miljontals avfotograferade kyrkb\u00f6cker, husf\u00f6rh\u00f6rsl\u00e4ngder, bouppteckningar, mantalsl\u00e4ngder m.m.<\/a><\/li>\n<li id=\"menu-item-8787\" class=\"menu-item menu-item-type-custom menu-item-object-custom menu-item-8787\"><a target=\"_blank\" rel=\"noopener\" href=\"https:\/\/arkivkopia.se\/\">Arkivkopia, ett arkiv \u00f6ver svensk kulturell allm\u00e4nning<\/a><\/li>\n<li id=\"menu-item-1692\" class=\"menu-item menu-item-type-custom menu-item-object-custom menu-item-1692\"><a target=\"_blank\" rel=\"noopener\" href=\"https:\/\/www.ddss.nu\/\">Demografisk Databas S\u00f6dra Sverige (DDSS) med l\u00e5ngsiktigt m\u00e5l att alla kyrkob\u00f6cker \u00f6ver f\u00f6dda, vigda och d\u00f6da f\u00f6r Sk\u00e5ne, Blekinge och Halland ska registreras f\u00f6r perioden 1650-1900 och vara fritt s\u00f6kbart p\u00e5 Internet<\/a><\/li>\n<li id=\"menu-item-1693\" class=\"menu-item menu-item-type-custom menu-item-object-custom menu-item-1693\"><a target=\"_blank\" rel=\"noopener\" href=\"https:\/\/www.ellisisland.se\/svenska\/default.asp\">Ellis island &#8211; svenskarnas f\u00f6rsmak av Amerika! De flesta av oss svenskar har nog n\u00e5gon sl\u00e4kting som emigrerat. St\u00f6rsta delen som emigrerade fr\u00e5n Sverige \u00e5kte till Amerika.<\/a><\/li>\n<li id=\"menu-item-8086\" class=\"menu-item menu-item-type-custom menu-item-object-custom menu-item-has-children menu-item-8086\"><a>Gravs\u00f6kning<\/a>\n<ul class=\"sub-menu\">\n\t<li id=\"menu-item-1848\" class=\"menu-item menu-item-type-custom menu-item-object-custom menu-item-1848\"><a target=\"_blank\" rel=\"noopener\" href=\"https:\/\/www.gravar.se\/\">Gravar f\u00f6r olika l\u00e4n och f\u00f6rsamlingar.<\/a><\/li>\n\t<li id=\"menu-item-7913\" class=\"menu-item menu-item-type-custom menu-item-object-custom menu-item-7913\"><a target=\"_blank\" rel=\"noopener\" href=\"https:\/\/grav.rotter.se\/\">Gravstensinventeringen. En s\u00f6ktj\u00e4nst som Sveriges Sl\u00e4ktforskarf\u00f6rbund ligger bakom.<\/a><\/li>\n\t<li id=\"menu-item-8089\" class=\"menu-item menu-item-type-custom menu-item-object-custom menu-item-8089\"><a target=\"_blank\" rel=\"noopener\" href=\"https:\/\/etjanst.stockholm.se\/Hittagraven\/home\">Hitta graven. H\u00e4r finner du begravningsplatser f\u00f6r Stockholms stad.<\/a><\/li>\n\t<li id=\"menu-item-8088\" class=\"menu-item menu-item-type-custom menu-item-object-custom menu-item-8088\"><a target=\"_blank\" rel=\"noopener\" href=\"https:\/\/www.svenskagravar.se\/\">Svenska Gravar. H\u00e4r kan du s\u00f6ka efter gravsatta p\u00e5 kyrkog\u00e5rdar f\u00f6r flera f\u00f6rsamlingar.<\/a><\/li>\n<\/ul>\n<\/li>\n<li id=\"menu-item-1698\" class=\"menu-item menu-item-type-custom menu-item-object-custom menu-item-1698\"><a target=\"_blank\" rel=\"noopener\" href=\"https:\/\/www.myntkabinettet.se\/\">Kungliga Myntkabinettet har en sida d\u00e4r ni kan r\u00e4kna ut penningv\u00e4rdet mellan \u00e5ren 1876 &#8211; 2006. Att r\u00e4kna ut vad en viss summa skulle vara v\u00e4rd i v\u00e5ra dagar kan vara intressant i m\u00e5nga fall t.ex. gamla bouppteckningar.<\/a><\/li>\n<li id=\"menu-item-1697\" class=\"menu-item menu-item-type-custom menu-item-object-custom menu-item-1697\"><a target=\"_blank\" rel=\"noopener\" href=\"https:\/\/luggude.slektforskning.se\/wiki\/Huvudsida\">Luggude-wikin har fokus p\u00e5 Luggude h\u00e4rad i Kullabygden Sk\u00e5ne. H\u00e4r l\u00e4gger de ut material som r\u00f6r \u00e4ven \u00f6vriga Sk\u00e5ne under 1600-, 1700- och 1800-talet<\/a><\/li>\n<li id=\"menu-item-8318\" class=\"menu-item menu-item-type-custom menu-item-object-custom menu-item-8318\"><a target=\"_blank\" rel=\"noopener\" href=\"https:\/\/sandbox.kvalevaag.se\/Potrattskola\/index.html\">L\u00e4r dig tolka Portr\u00e4ttfoto<\/a><\/li>\n<li id=\"menu-item-9112\" class=\"menu-item menu-item-type-custom menu-item-object-custom menu-item-9112\"><a target=\"_blank\" rel=\"noopener\" href=\"https:\/\/sandbox.kvalevaag.se\/DNA\/index.html\">L\u00e4r dig sl\u00e4ktforska med DNA<\/a><\/li>\n<li id=\"menu-item-1853\" class=\"menu-item menu-item-type-custom menu-item-object-custom menu-item-1853\"><a target=\"_blank\" rel=\"noopener\" href=\"https:\/\/brandt.slektforskning.se\/\">Martin Brandts har en intressant sida om sin stora sl\u00e4ktforskning i Kullabygden, nordv\u00e4stra Sk\u00e5ne. Han har utvecklat egen programvara &#8221;GedcomWebExport&#8221; som g\u00f6r det m\u00f6jligt att exporter Ged filer fr\u00e5n &#8221;Min Sl\u00e4kt&#8221; direkt till hemsidan<\/a><\/li>\n<li id=\"menu-item-1700\" class=\"menu-item menu-item-type-custom menu-item-object-custom menu-item-1700\"><a target=\"_blank\" rel=\"noopener\" href=\"https:\/\/www.domboksforskning.se\/ordlistor.htm\">Ordlistor och uppslagsb\u00f6cker med svenska gamla ord Dialektordb\u00f6cker &#8211; med svenska dialekter, andra nyttiga ordlistor och uppslagsb\u00f6cker med historisk inriktning<\/a><\/li>\n<li id=\"menu-item-1696\" class=\"menu-item menu-item-type-custom menu-item-object-custom menu-item-1696\"><a target=\"_blank\" rel=\"noopener\" href=\"https:\/\/riksarkivet.se\/\">Riksarkivet d\u00e4r kan du s\u00f6ka dokument fr\u00e5n medeltiden och fram\u00e5t, s\u00e5v\u00e4l fr\u00e5n myndigheter, organisationer som enskilda<\/a><\/li>\n<li id=\"menu-item-1708\" class=\"menu-item menu-item-type-custom menu-item-object-custom menu-item-1708\"><a target=\"_blank\" rel=\"noopener\" href=\"https:\/\/www.genealogi.se\/\">R\u00f6tter, n\u00e4ttidningen f\u00f6r Sveriges Sl\u00e4ktforskarf\u00f6rbund. R\u00f6tter har flera s\u00f6kfunktioner, Litteratur \u00f6ver b\u00f6cker, artiklar, CD-skivor och webbsidor<\/a><\/li>\n<li id=\"menu-item-1702\" class=\"menu-item menu-item-type-custom menu-item-object-custom menu-item-1702\"><a target=\"_blank\" rel=\"noopener\" href=\"https:\/\/samblixt.se\/\">Sams hemsida \u00e4r en plats full av information.<\/a><\/li>\n<li id=\"menu-item-1703\" class=\"menu-item menu-item-type-custom menu-item-object-custom menu-item-1703\"><a target=\"_blank\" rel=\"noopener\" href=\"https:\/\/www.scangen.se\/\">Sk\u00e5nsk sl\u00e4ktforskning, h\u00e4r finns m\u00e5nga bra l\u00e4nkar till andra relaterade sk\u00e5nska sidor<\/a><\/li>\n<li id=\"menu-item-1701\" class=\"menu-item menu-item-type-custom menu-item-object-custom menu-item-1701\"><a target=\"_blank\" rel=\"noopener\" href=\"https:\/\/www.slaktdata.org\/\">Sl\u00e4ktdata \u00e4r en ideell f\u00f6rening med huvudm\u00e5l att g\u00f6ra s\u00e5 m\u00e5nga avskrivna eller indexerade kyrkb\u00f6cker som m\u00f6jligt fritt tillg\u00e4ngliga f\u00f6r sl\u00e4ktforskning<\/a><\/li>\n<li id=\"menu-item-8958\" class=\"menu-item menu-item-type-custom menu-item-object-custom menu-item-8958\"><a target=\"_blank\" rel=\"noopener\" href=\"https:\/\/sok.stadsarkivet.stockholm.se\/\">Hitta i Stockholm stad arkiv<\/a><\/li>\n<li id=\"menu-item-9390\" class=\"menu-item menu-item-type-custom menu-item-object-custom menu-item-9390\"><a target=\"_blank\" rel=\"noopener\" href=\"https:\/\/tidningar.kb.se\/\">S\u00f6k bland svenska dagstidningar<\/a><\/li>\n<li id=\"menu-item-9418\" class=\"menu-item menu-item-type-custom menu-item-object-custom menu-item-9418\"><a target=\"_blank\" rel=\"noopener\" href=\"https:\/\/sandbox.kvalevaag.se\/popup\/Skjukdomar_Latin-Svensk_search.htm\">S\u00f6k latinska sjukdomsnamn \u00f6versatta till svenska<\/a><\/li>\n<li id=\"menu-item-1706\" class=\"menu-item menu-item-type-custom menu-item-object-custom menu-item-1706\"><a target=\"_blank\" rel=\"noopener\" href=\"https:\/\/wiki2.genealogi.se\/index.php?title=Huvudsida\">Wiki-R\u00f6tter Sl\u00e4ktforskarnas encyklopedi H\u00e4r finns massor av artiklar att ta del av eller varf\u00f6r inte bidra sj\u00e4lv med kunskap.<\/a><\/li>\n<\/ul><\/div><\/div><div id=\"panel-1100-0-0-2\" class=\"so-panel widget widget_text panel-last-child\" data-index=\"2\" >\t\t\t<div class=\"textwidget\"><p>Allan Kvalevaag<br \/>\n2022-05-24<\/p>\n<\/div>\n\t\t<\/div><\/div><\/div><\/div>","protected":false},"excerpt":{"rendered":"<p>Allan Kvalevaag 2022-05-24<\/p>\n","protected":false},"author":3,"featured_media":0,"parent":69,"menu_order":0,"comment_status":"closed","ping_status":"closed","template":"","meta":{"_monsterinsights_skip_tracking":false,"_monsterinsights_sitenote_active":false,"_monsterinsights_sitenote_note":"","_monsterinsights_sitenote_category":0,"footnotes":""},"_links":{"self":[{"href":"https:\/\/sandbox.kvalevaag.se\/index.php?rest_route=\/wp\/v2\/pages\/1100"}],"collection":[{"href":"https:\/\/sandbox.kvalevaag.se\/index.php?rest_route=\/wp\/v2\/pages"}],"about":[{"href":"https:\/\/sandbox.kvalevaag.se\/index.php?rest_route=\/wp\/v2\/types\/page"}],"author":[{"embeddable":true,"href":"https:\/\/sandbox.kvalevaag.se\/index.php?rest_route=\/wp\/v2\/users\/3"}],"replies":[{"embeddable":true,"href":"https:\/\/sandbox.kvalevaag.se\/index.php?rest_route=%2Fwp%2Fv2%2Fcomments&post=1100"}],"version-history":[{"count":20,"href":"https:\/\/sandbox.kvalevaag.se\/index.php?rest_route=\/wp\/v2\/pages\/1100\/revisions"}],"predecessor-version":[{"id":9485,"href":"https:\/\/sandbox.kvalevaag.se\/index.php?rest_route=\/wp\/v2\/pages\/1100\/revisions\/9485"}],"up":[{"embeddable":true,"href":"https:\/\/sandbox.kvalevaag.se\/index.php?rest_route=\/wp\/v2\/pages\/69"}],"wp:attachment":[{"href":"https:\/\/sandbox.kvalevaag.se\/index.php?rest_route=%2Fwp%2Fv2%2Fmedia&parent=1100"}],"curies":[{"name":"wp","href":"https:\/\/api.w.org\/{rel}","templated":true}]}}