{"id":1122,"date":"2014-05-13T04:42:36","date_gmt":"2014-05-13T04:42:36","guid":{"rendered":"http:\/\/www.kvalevaag.se\/?page_id=1122"},"modified":"2022-06-13T09:00:56","modified_gmt":"2022-06-13T09:00:56","slug":"tyska-lankar","status":"publish","type":"page","link":"https:\/\/sandbox.kvalevaag.se\/?page_id=1122","title":{"rendered":"Tyska l\u00e4nkar"},"content":{"rendered":"<div id=\"pl-1122\"  class=\"panel-layout\" ><div id=\"pg-1122-0\"  class=\"panel-grid panel-no-style\" ><div id=\"pgc-1122-0-0\"  class=\"panel-grid-cell\" ><div id=\"panel-1122-0-0-0\" class=\"so-panel widget widget_text panel-first-child\" data-index=\"0\" >\t\t\t<div class=\"textwidget\"><p><img loading=\"lazy\" decoding=\"async\" class=\"alignnone wp-image-9478 size-full\" src=\"https:\/\/sandbox.kvalevaag.se\/wp-content\/uploads\/2022\/06\/DE_Flagg.jpg\" alt=\"\" width=\"53\" height=\"32\" \/><a href=\"?page_id=1145\"><img loading=\"lazy\" decoding=\"async\" class=\"alignright wp-image-9480 size-full\" src=\"https:\/\/sandbox.kvalevaag.se\/wp-content\/uploads\/2022\/06\/USA_Flagg.jpg\" alt=\"\" width=\"61\" height=\"32\" \/><\/a><a href=\"?page_id=8852 \"><img loading=\"lazy\" decoding=\"async\" class=\"alignright wp-image-9477 size-full\" src=\"https:\/\/sandbox.kvalevaag.se\/wp-content\/uploads\/2022\/06\/NO_Flagg.jpg\" alt=\"\" width=\"43\" height=\"32\" \/><\/a><a href=\"?page_id=1080\"><img loading=\"lazy\" decoding=\"async\" class=\"alignright wp-image-9479 size-full\" src=\"https:\/\/sandbox.kvalevaag.se\/wp-content\/uploads\/2022\/06\/DK_Flagg.jpg\" alt=\"\" width=\"48\" height=\"32\" \/><\/a><a href=\"?page_id=1100 \"><img loading=\"lazy\" decoding=\"async\" class=\"alignright wp-image-9476 size-full\" src=\"https:\/\/sandbox.kvalevaag.se\/wp-content\/uploads\/2022\/06\/SV_Flagg.jpg\" alt=\"\" width=\"51\" height=\"32\" \/><\/a><\/p>\n<\/div>\n\t\t<\/div><div id=\"panel-1122-0-0-1\" class=\"so-panel widget widget_nav_menu\" data-index=\"1\" ><div class=\"menu-tyska-container\"><ul id=\"menu-tyska\" class=\"menu\"><li id=\"menu-item-7621\" class=\"menu-item menu-item-type-custom menu-item-object-custom menu-item-7621\"><a target=\"_blank\" rel=\"noopener\" href=\"https:\/\/arolsen-archives.org\/\">Arolsen Archive, ett tyskt holocaustarkiv, erbjuder nu \u00f6ver 13 miljoner dokument online. Bland annat kan man l\u00e4sa f\u00e4ngelse kort och d\u00f6dsanteckningar, vilket g\u00f6r det till en v\u00e4rdefull k\u00e4lla f\u00f6r sl\u00e4ktforskare online. Tidigare var man tvungen att bes\u00f6ka arkivet Arolsen i sina lokaler omkring 14 mil norr om Frankfurt.<\/a><\/li>\n<li id=\"menu-item-8931\" class=\"menu-item menu-item-type-custom menu-item-object-custom menu-item-8931\"><a target=\"_blank\" rel=\"noopener\" href=\"https:\/\/www.archion.de\/de\/familienforschung\/\">ARCHION d\u00e4r du hittar inledande information om familjeforskning och allm\u00e4n information om kyrkob\u00f6cker.<\/a><\/li>\n<li id=\"menu-item-1713\" class=\"menu-item menu-item-type-custom menu-item-object-custom menu-item-1713\"><a target=\"_blank\" rel=\"noopener\" href=\"https:\/\/www.hans-peter-voss.de\/aus-rd.htm\">Emigranter fr\u00e5n Rendsburg 1864 &#8211; 1884 eller Dithmarchen 1868 &#8211; 1920. Finns \u00e4ven en sida med olika familjenamn som emigrerade.<\/a><\/li>\n<li id=\"menu-item-7963\" class=\"menu-item menu-item-type-custom menu-item-object-custom menu-item-has-children menu-item-7963\"><a target=\"_blank\" rel=\"noopener\" href=\"https:\/\/www.familysearch.org\/wiki\/en\/Germany_Genealogy\">Familysearch Wiki f\u00f6r sl\u00e4ktforskning i Tyskland<\/a>\n<ul class=\"sub-menu\">\n\t<li id=\"menu-item-7908\" class=\"menu-item menu-item-type-custom menu-item-object-custom menu-item-7908\"><a target=\"_blank\" rel=\"noopener\" href=\"https:\/\/www.familysearch.org\/ask\/learningViewer\/1085\">L\u00e4r dig hur du anv\u00e4nder Tysklands sl\u00e4ktforskningssida (14 delar) p\u00e5 FamilySearch. Framf\u00f6rallt del 5 om databaser, del 7 om provinserna, del 8 om arkiv och folkbokf\u00f6ring och del 14 om tips p\u00e5 brev, e-post tillolika arkiv.<\/a><\/li>\n<\/ul>\n<\/li>\n<li id=\"menu-item-1716\" class=\"menu-item menu-item-type-custom menu-item-object-custom menu-item-1716\"><a target=\"_blank\" rel=\"noopener\" href=\"https:\/\/www.hans-peter-voss.de\/gen\/e\/handwriting.htm\">Gammal tysk handskrift, h\u00e4r finns hj\u00e4lp om hur man ska tyda handskriften i dokument<\/a><\/li>\n<li id=\"menu-item-7909\" class=\"menu-item menu-item-type-custom menu-item-object-custom menu-item-7909\"><a target=\"_blank\" rel=\"noopener\" href=\"https:\/\/www.meyersgaz.org\/\">Geografiskt Lexicon med ortsf\u00f6rteckning f\u00f6r alla omr\u00e5den i Tyskland f\u00f6re 1918 inkl. historiska kartor.<\/a><\/li>\n<li id=\"menu-item-1710\" class=\"menu-item menu-item-type-custom menu-item-object-custom menu-item-has-children menu-item-1710\"><a target=\"_blank\" rel=\"noopener\" href=\"https:\/\/compgen.de\/\">Genealogy.net portalen med m\u00e5nga vidarekopplingar till magasin, databaser etc. H\u00e4r finner ni mycket.<\/a>\n<ul class=\"sub-menu\">\n\t<li id=\"menu-item-7945\" class=\"menu-item menu-item-type-custom menu-item-object-custom menu-item-7945\"><a target=\"_blank\" rel=\"noopener\" href=\"https:\/\/gedbas.genealogy.net\/\">S\u00f6k i deras databas<\/a><\/li>\n\t<li id=\"menu-item-7943\" class=\"menu-item menu-item-type-custom menu-item-object-custom menu-item-7943\"><a target=\"_blank\" rel=\"noopener\" href=\"https:\/\/grabsteine.genealogy.net\/\">S\u00f6k gravar i bla.a. Tyskland, \u00d6sterike och Polen<\/a><\/li>\n\t<li id=\"menu-item-7944\" class=\"menu-item menu-item-type-custom menu-item-object-custom menu-item-7944\"><a target=\"_blank\" rel=\"noopener\" href=\"https:\/\/wiki-de.genealogy.net\/Hauptseite\">Ta del av genealogy.net Wiki<\/a><\/li>\n<\/ul>\n<\/li>\n<li id=\"menu-item-1717\" class=\"menu-item menu-item-type-custom menu-item-object-custom menu-item-1717\"><a target=\"_blank\" rel=\"noopener\" href=\"https:\/\/www.germanroots.com\/\">German Roots, sidan med m\u00e5nga resurser inom Tysk Genealogi. H\u00e4r finns massor om immigration och emigration, passagerarlistor, bilder p\u00e5 skepp, etc. bara att s\u00f6ka<\/a><\/li>\n<li id=\"menu-item-7946\" class=\"menu-item menu-item-type-custom menu-item-object-custom menu-item-has-children menu-item-7946\"><a target=\"_blank\" rel=\"noopener\" href=\"https:\/\/icar-us.eu\/\">ICARUS &#8211; Internationellt Center f\u00f6r arkivforskning som t\u00e4cker m\u00e5nga l\u00e4nder.<\/a>\n<ul class=\"sub-menu\">\n\t<li id=\"menu-item-8930\" class=\"menu-item menu-item-type-custom menu-item-object-custom menu-item-8930\"><a target=\"_blank\" rel=\"noopener\" href=\"https:\/\/data.matricula-online.eu\/en\/\">H\u00e4r hittar du f\u00f6delseb\u00f6cker, \u00e4ktenskap och d\u00f6dsfall fr\u00e5n olika l\u00e4nder, f\u00f6r n\u00e4rvarande \u00d6sterrike, Tyskland, Polen, Serbien och Slovenien. Anv\u00e4nd kart funktionen.<\/a><\/li>\n<\/ul>\n<\/li>\n<li id=\"menu-item-8004\" class=\"menu-item menu-item-type-custom menu-item-object-custom menu-item-8004\"><a target=\"_blank\" rel=\"noopener\" href=\"https:\/\/schuemann.info\/webtrees\/index.php?ctype=gedcom&#038;ged=MyGenea\">Matthias Sch\u00fcmann hemsida, snygg och inneh\u00e5ller bl.a. hans sl\u00e4kttr\u00e4d<\/a><\/li>\n<li id=\"menu-item-7910\" class=\"menu-item menu-item-type-custom menu-item-object-custom menu-item-7910\"><a target=\"_blank\" rel=\"noopener\" href=\"https:\/\/www.familysearch.org\/search\/collection\/1473000\">Register f\u00f6r f\u00f6delse och dop i Tyskland mellan \u00e5ren 1558\u20131898, P.g.a. av sekretesslagar kan det h\u00e4nda att nya poster inte visas.<\/a><\/li>\n<li id=\"menu-item-1711\" class=\"menu-item menu-item-type-custom menu-item-object-custom menu-item-1711\"><a target=\"_blank\" rel=\"noopener\" href=\"https:\/\/immigrantships.net\/departures\/\">Skeppslistor fr\u00e5n flera tyska hamnst\u00e4der<\/a><\/li>\n<li id=\"menu-item-1718\" class=\"menu-item menu-item-type-custom menu-item-object-custom menu-item-1718\"><a target=\"_blank\" rel=\"noopener\" href=\"https:\/\/wiki-en.genealogy.net\/Germans_to_America\">S\u00f6ker du Tyska emigranter i Amerika \u00e4r denna sida r\u00e4tt<\/a><\/li>\n<li id=\"menu-item-1868\" class=\"menu-item menu-item-type-custom menu-item-object-custom menu-item-1868\"><a target=\"_blank\" rel=\"noopener\" href=\"https:\/\/www.deutsche-auswanderer-datenbank.de\/index.php?id=533\">Tyska utvandrares databas<\/a><\/li>\n<li id=\"menu-item-1712\" class=\"menu-item menu-item-type-custom menu-item-object-custom menu-item-1712\"><a target=\"_blank\" rel=\"noopener\" href=\"https:\/\/www.dastelefonbuch.de\/\">Telefonbok<\/a><\/li>\n<\/ul><\/div><\/div><div id=\"panel-1122-0-0-2\" class=\"so-panel widget widget_text panel-last-child\" data-index=\"2\" >\t\t\t<div class=\"textwidget\"><p>Allan Kvalevaag<br \/>\n2021-09-17<\/p>\n<\/div>\n\t\t<\/div><\/div><\/div><\/div>","protected":false},"excerpt":{"rendered":"<p>Allan Kvalevaag 2021-09-17<\/p>\n","protected":false},"author":1,"featured_media":0,"parent":71,"menu_order":0,"comment_status":"closed","ping_status":"closed","template":"","meta":{"_monsterinsights_skip_tracking":false,"_monsterinsights_sitenote_active":false,"_monsterinsights_sitenote_note":"","_monsterinsights_sitenote_category":0,"footnotes":""},"_links":{"self":[{"href":"https:\/\/sandbox.kvalevaag.se\/index.php?rest_route=\/wp\/v2\/pages\/1122"}],"collection":[{"href":"https:\/\/sandbox.kvalevaag.se\/index.php?rest_route=\/wp\/v2\/pages"}],"about":[{"href":"https:\/\/sandbox.kvalevaag.se\/index.php?rest_route=\/wp\/v2\/types\/page"}],"author":[{"embeddable":true,"href":"https:\/\/sandbox.kvalevaag.se\/index.php?rest_route=\/wp\/v2\/users\/1"}],"replies":[{"embeddable":true,"href":"https:\/\/sandbox.kvalevaag.se\/index.php?rest_route=%2Fwp%2Fv2%2Fcomments&post=1122"}],"version-history":[{"count":13,"href":"https:\/\/sandbox.kvalevaag.se\/index.php?rest_route=\/wp\/v2\/pages\/1122\/revisions"}],"predecessor-version":[{"id":9493,"href":"https:\/\/sandbox.kvalevaag.se\/index.php?rest_route=\/wp\/v2\/pages\/1122\/revisions\/9493"}],"up":[{"embeddable":true,"href":"https:\/\/sandbox.kvalevaag.se\/index.php?rest_route=\/wp\/v2\/pages\/71"}],"wp:attachment":[{"href":"https:\/\/sandbox.kvalevaag.se\/index.php?rest_route=%2Fwp%2Fv2%2Fmedia&parent=1122"}],"curies":[{"name":"wp","href":"https:\/\/api.w.org\/{rel}","templated":true}]}}