{"id":1145,"date":"2014-05-13T07:12:34","date_gmt":"2014-05-13T07:12:34","guid":{"rendered":"http:\/\/www.kvalevaag.se\/?page_id=1145"},"modified":"2022-06-13T08:50:34","modified_gmt":"2022-06-13T08:50:34","slug":"usa-lankar","status":"publish","type":"page","link":"https:\/\/sandbox.kvalevaag.se\/?page_id=1145","title":{"rendered":"USA l\u00e4nkar"},"content":{"rendered":"<div id=\"pl-1145\"  class=\"panel-layout\" ><div id=\"pg-1145-0\"  class=\"panel-grid panel-no-style\" ><div id=\"pgc-1145-0-0\"  class=\"panel-grid-cell\" ><div id=\"panel-1145-0-0-0\" class=\"so-panel widget widget_text panel-first-child\" data-index=\"0\" >\t\t\t<div class=\"textwidget\"><p><img loading=\"lazy\" decoding=\"async\" class=\"alignnone wp-image-9480 size-full\" src=\"https:\/\/sandbox.kvalevaag.se\/wp-content\/uploads\/2022\/06\/USA_Flagg.jpg\" alt=\"\" width=\"61\" height=\"32\" \/><a href=\"?page_id=1122 \"><img loading=\"lazy\" decoding=\"async\" class=\"alignright wp-image-9478 size-full\" src=\"https:\/\/sandbox.kvalevaag.se\/wp-content\/uploads\/2022\/06\/DE_Flagg.jpg\" alt=\"\" width=\"53\" height=\"32\" \/><\/a><a href=\"?page_id=8852\"><img loading=\"lazy\" decoding=\"async\" class=\"alignright wp-image-9477 size-full\" src=\"https:\/\/sandbox.kvalevaag.se\/wp-content\/uploads\/2022\/06\/NO_Flagg.jpg\" alt=\"\" width=\"43\" height=\"32\" \/><\/a><a href=\"?page_id=1080\"><img loading=\"lazy\" decoding=\"async\" class=\"alignright wp-image-9479 size-full\" src=\"https:\/\/sandbox.kvalevaag.se\/wp-content\/uploads\/2022\/06\/DK_Flagg.jpg\" alt=\"\" width=\"48\" height=\"32\" \/><\/a><a href=\"?page_id=1100 \"><img loading=\"lazy\" decoding=\"async\" class=\"alignright wp-image-9476 size-full\" src=\"https:\/\/sandbox.kvalevaag.se\/wp-content\/uploads\/2022\/06\/SV_Flagg.jpg\" alt=\"\" width=\"51\" height=\"32\" \/><\/a><\/p>\n<\/div>\n\t\t<\/div><div id=\"panel-1145-0-0-1\" class=\"so-panel widget widget_nav_menu\" data-index=\"1\" ><div class=\"panel-widget-style panel-widget-style-for-1145-0-0-1\" ><div class=\"menu-usa-container\"><ul id=\"menu-usa\" class=\"menu\"><li id=\"menu-item-1875\" class=\"menu-item menu-item-type-custom menu-item-object-custom menu-item-1875\"><a target=\"_blank\" rel=\"noopener\" href=\"https:\/\/home.ancestry.com\/\">Ancestry r\u00e4knas till en av den st\u00f6rsta sl\u00e4ktforsknings platsen i USA<\/a><\/li>\n<li id=\"menu-item-1720\" class=\"menu-item menu-item-type-custom menu-item-object-custom menu-item-1720\"><a target=\"_blank\" rel=\"noopener\" href=\"https:\/\/www.castlegarden.org\/\">CastleGarden.org erbjuder tillg\u00e5ng till sin databas med information om 11 miljoner invandrare mellan \u00e5ren 1830 \u2013 1892 innan Ellis Island \u00f6ppnades<\/a><\/li>\n<li id=\"menu-item-1722\" class=\"menu-item menu-item-type-custom menu-item-object-custom menu-item-1722\"><a target=\"_blank\" rel=\"noopener\" href=\"https:\/\/www.census-online.com\/\">Census online, en av de st\u00f6rsta sidorna f\u00f6r folkr\u00e4kningar fr\u00e5n m\u00e5nga County i USA. Sidorna inneh\u00e5ller m\u00e4ngder av information<\/a><\/li>\n<li id=\"menu-item-1725\" class=\"menu-item menu-item-type-custom menu-item-object-custom menu-item-1725\"><a target=\"_blank\" rel=\"noopener\" href=\"https:\/\/www.cyndislist.com\/\">Cyndi&#8217;s List, h\u00e4r finns en hel del f\u00f6r sl\u00e4ktforskare<\/a><\/li>\n<li id=\"menu-item-1724\" class=\"menu-item menu-item-type-custom menu-item-object-custom menu-item-1724\"><a target=\"_blank\" rel=\"noopener\" href=\"https:\/\/www.dalbydata.com\/user.php?action=cemsearch\">Dalby Databas inneh\u00e5ller stora m\u00e4ngder uppgifter om begravda personer i Minnesota USA. H\u00e4r finns \u00e4ven andra uppgifter som fr\u00e5n kyrkob\u00f6ckerna<\/a><\/li>\n<li id=\"menu-item-1723\" class=\"menu-item menu-item-type-custom menu-item-object-custom menu-item-1723\"><a target=\"_blank\" rel=\"noopener\" href=\"https:\/\/www.libertyellisfoundation.org\/\">Ellis Island, immigrationsregister \u00f6ver alla de tusental som invandrade till Amerika<\/a><\/li>\n<li id=\"menu-item-1729\" class=\"menu-item menu-item-type-custom menu-item-object-custom menu-item-has-children menu-item-1729\"><a target=\"_blank\" rel=\"noopener\" href=\"https:\/\/familysearch.org\/\">Family Search, klassik sida som anv\u00e4nds av de flesta sl\u00e4ktforskare n\u00e5gon g\u00e5ng. Kanske den st\u00f6rsta, som administreras av Mormonerna<\/a>\n<ul class=\"sub-menu\">\n\t<li id=\"menu-item-3262\" class=\"menu-item menu-item-type-custom menu-item-object-custom menu-item-3262\"><a target=\"_blank\" rel=\"noopener\" href=\"https:\/\/familysearch.org\/search\/collection\/1417683\">S\u00f6k i USA:s folkr\u00e4kning 1880 p\u00e5 FamilySearch<\/a><\/li>\n\t<li id=\"menu-item-3070\" class=\"menu-item menu-item-type-custom menu-item-object-custom menu-item-3070\"><a target=\"_blank\" rel=\"noopener\" href=\"https:\/\/familysearch.org\/search\/collection\/1325221\">S\u00f6k i USA:s folkr\u00e4kning 1900 p\u00e5 FamilySearch<\/a><\/li>\n\t<li id=\"menu-item-3071\" class=\"menu-item menu-item-type-custom menu-item-object-custom menu-item-3071\"><a target=\"_blank\" rel=\"noopener\" href=\"https:\/\/familysearch.org\/search\/collection\/1727033\">S\u00f6k i USA:s folkr\u00e4kning 1910 p\u00e5 FamilySearch<\/a><\/li>\n\t<li id=\"menu-item-3072\" class=\"menu-item menu-item-type-custom menu-item-object-custom menu-item-3072\"><a target=\"_blank\" rel=\"noopener\" href=\"https:\/\/familysearch.org\/search\/collection\/1488411\">S\u00f6k i USA:s folkr\u00e4kning 1920 p\u00e5 FamilySearch<\/a><\/li>\n\t<li id=\"menu-item-3073\" class=\"menu-item menu-item-type-custom menu-item-object-custom menu-item-3073\"><a target=\"_blank\" rel=\"noopener\" href=\"https:\/\/familysearch.org\/search\/collection\/1810731\">S\u00f6k i USA:s folkr\u00e4kning 1930 p\u00e5 FamilySearch<\/a><\/li>\n\t<li id=\"menu-item-3074\" class=\"menu-item menu-item-type-custom menu-item-object-custom menu-item-3074\"><a target=\"_blank\" rel=\"noopener\" href=\"https:\/\/familysearch.org\/search\/collection\/2000219\">S\u00f6k i USA:s folkr\u00e4kning 1940 p\u00e5 FamilySearch<\/a><\/li>\n\t<li id=\"menu-item-9278\" class=\"menu-item menu-item-type-custom menu-item-object-custom menu-item-9278\"><a target=\"_blank\" rel=\"noopener\" href=\"https:\/\/1950census.archives.gov\/search\/\">S\u00f6k i USA:s folkr\u00e4kning 1950 p\u00e5 Officiell 1950 Census Webbsite<\/a><\/li>\n\t<li id=\"menu-item-3338\" class=\"menu-item menu-item-type-custom menu-item-object-custom menu-item-3338\"><a target=\"_blank\" rel=\"noopener\" href=\"https:\/\/www.familysearch.org\/search\/collection\/1202535\">S\u00f6k i USA:s Social Security Death Index p\u00e5 FamilySearch<\/a><\/li>\n<\/ul>\n<\/li>\n<li id=\"menu-item-1733\" class=\"menu-item menu-item-type-custom menu-item-object-custom menu-item-1733\"><a target=\"_blank\" rel=\"noopener\" href=\"https:\/\/www.familytreemagazine.com\/\">Family tree magazine, tidskriften d\u00e4r man kan bl.a. l\u00e4sa hur man tar hand om sina gamla foton, s\u00f6ka bland deras artiklar, k\u00f6pa b\u00f6cker eller deras tidskrift<\/a><\/li>\n<li id=\"menu-item-1882\" class=\"menu-item menu-item-type-custom menu-item-object-custom menu-item-1882\"><a target=\"_blank\" rel=\"noopener\" href=\"https:\/\/www.findagrave.com\/index.html\">Find A Grave\t med \u00f6ver 190 milj. gravar i USA. Bli medlem och publicerar dina sl\u00e4ktingars uppgifter och bilder \u00f6ver gravar<\/a><\/li>\n<li id=\"menu-item-1726\" class=\"menu-item menu-item-type-custom menu-item-object-custom menu-item-1726\"><a target=\"_blank\" rel=\"noopener\" href=\"https:\/\/www.fold3.com\/\">fold3, databas med milit\u00e4ra poster och historier<\/a><\/li>\n<li id=\"menu-item-1727\" class=\"menu-item menu-item-type-custom menu-item-object-custom menu-item-1727\"><a target=\"_blank\" rel=\"noopener\" href=\"https:\/\/genforum.genealogy.com\/my\/\">Genealogy, uppt\u00e4ck dina familjer\u00f6tter<\/a><\/li>\n<li id=\"menu-item-8462\" class=\"menu-item menu-item-type-custom menu-item-object-custom menu-item-has-children menu-item-8462\"><a>Historiska kartor<\/a>\n<ul class=\"sub-menu\">\n\t<li id=\"menu-item-8463\" class=\"menu-item menu-item-type-custom menu-item-object-custom menu-item-8463\"><a target=\"_blank\" rel=\"noopener\" href=\"https:\/\/www.familysearch.org\/wiki\/en\/United_States_Maps\">United States Maps. H\u00e4r hittar du platser d\u00e4r dina f\u00f6rf\u00e4der bodde.<\/a><\/li>\n\t<li id=\"menu-item-8464\" class=\"menu-item menu-item-type-custom menu-item-object-custom menu-item-8464\"><a target=\"_blank\" rel=\"noopener\" href=\"http:\/\/usgwarchives.net\/maps\/maps.html\">United States Digital Map Library. H\u00e4r finner du kartor med gratis online-\u00e5tkomst.<\/a><\/li>\n\t<li id=\"menu-item-8465\" class=\"menu-item menu-item-type-custom menu-item-object-custom menu-item-8465\"><a target=\"_blank\" rel=\"noopener\" href=\"https:\/\/www.historicmapworks.com\/\">Historic Map Works. S\u00f6k i \u00f6ver 1,6 miljoner historiska kartor och bilder.<\/a><\/li>\n<\/ul>\n<\/li>\n<li id=\"menu-item-9104\" class=\"menu-item menu-item-type-custom menu-item-object-custom menu-item-9104\"><a target=\"_blank\" rel=\"noopener\" href=\"https:\/\/chroniclingamerica.loc.gov\/\">S\u00f6k p\u00e5 Amerikas historiska tidningssidor fr\u00e5n 1777\u20131963<\/a><\/li>\n<li id=\"menu-item-1730\" class=\"menu-item menu-item-type-custom menu-item-object-custom menu-item-1730\"><a target=\"_blank\" rel=\"noopener\" href=\"https:\/\/www.numberway.com\/\">Numberway, s\u00f6k i USA med hj\u00e4lp av deras telefonbok. Man f\u00e5r fram en hel del uppgifter som man kan g\u00e5 vidare med<\/a><\/li>\n<li id=\"menu-item-7926\" class=\"menu-item menu-item-type-custom menu-item-object-custom menu-item-7926\"><a target=\"_blank\" rel=\"noopener\" href=\"https:\/\/forgottenoldphotos.blogspot.com\/\">Det h\u00e4r \u00e4r platsen f\u00f6r foton som har gl\u00f6mts bort och l\u00e4mnats kvar.<\/a><\/li>\n<li id=\"menu-item-1732\" class=\"menu-item menu-item-type-custom menu-item-object-custom menu-item-1732\"><a target=\"_blank\" rel=\"noopener\" href=\"https:\/\/www.phonebookoftheusa.com\/\">Phonebook of the USA, ytterligare en telefonbok<\/a><\/li>\n<li id=\"menu-item-1734\" class=\"menu-item menu-item-type-custom menu-item-object-custom menu-item-1734\"><a target=\"_blank\" rel=\"noopener\" href=\"https:\/\/wc.rootsweb.ancestry.com\/\">RootsWeb, en av de st\u00f6rsta genealogiska sidorna<\/a><\/li>\n<li id=\"menu-item-1731\" class=\"menu-item menu-item-type-custom menu-item-object-custom menu-item-1731\"><a target=\"_blank\" rel=\"noopener\" href=\"https:\/\/stevemorse.org\/\">Stephen P. Morse sida fr\u00e5n San Francisco.s. H\u00e4r finns mycket att ta del av<\/a><\/li>\n<li id=\"menu-item-1719\" class=\"menu-item menu-item-type-custom menu-item-object-custom menu-item-1719\"><a target=\"_blank\" rel=\"noopener\" href=\"https:\/\/www.archives.gov\/research\/immigration\/passenger-arrival.html\">The National Archives \u00e4r fullt med uppgifter om t.ex. immigration. H\u00e4r kan best\u00e4llas passagerarelistor \u00f6ver immigranter<\/a><\/li>\n<li id=\"menu-item-1735\" class=\"menu-item menu-item-type-custom menu-item-object-custom menu-item-1735\"><a target=\"_blank\" rel=\"noopener\" href=\"https:\/\/www.usgenweb.org\/\">The USGenWeb Project \u00e4r skapad av volont\u00e4rer som en fri och gratis genealogisk plats. S\u00f6k i respektive delstat allt fr\u00e5n historia till namns\u00f6kning<\/a><\/li>\n<\/ul><\/div><\/div><\/div><div id=\"panel-1145-0-0-2\" class=\"so-panel widget widget_text panel-last-child\" data-index=\"2\" >\t\t\t<div class=\"textwidget\"><p>Allan Kvalevaag<br \/>\n2021-01-20<\/p>\n<\/div>\n\t\t<\/div><\/div><\/div><\/div>","protected":false},"excerpt":{"rendered":"<p>Allan Kvalevaag 2021-01-20<\/p>\n","protected":false},"author":1,"featured_media":0,"parent":73,"menu_order":0,"comment_status":"closed","ping_status":"closed","template":"","meta":{"_monsterinsights_skip_tracking":false,"_monsterinsights_sitenote_active":false,"_monsterinsights_sitenote_note":"","_monsterinsights_sitenote_category":0,"footnotes":""},"_links":{"self":[{"href":"https:\/\/sandbox.kvalevaag.se\/index.php?rest_route=\/wp\/v2\/pages\/1145"}],"collection":[{"href":"https:\/\/sandbox.kvalevaag.se\/index.php?rest_route=\/wp\/v2\/pages"}],"about":[{"href":"https:\/\/sandbox.kvalevaag.se\/index.php?rest_route=\/wp\/v2\/types\/page"}],"author":[{"embeddable":true,"href":"https:\/\/sandbox.kvalevaag.se\/index.php?rest_route=\/wp\/v2\/users\/1"}],"replies":[{"embeddable":true,"href":"https:\/\/sandbox.kvalevaag.se\/index.php?rest_route=%2Fwp%2Fv2%2Fcomments&post=1145"}],"version-history":[{"count":11,"href":"https:\/\/sandbox.kvalevaag.se\/index.php?rest_route=\/wp\/v2\/pages\/1145\/revisions"}],"predecessor-version":[{"id":9492,"href":"https:\/\/sandbox.kvalevaag.se\/index.php?rest_route=\/wp\/v2\/pages\/1145\/revisions\/9492"}],"up":[{"embeddable":true,"href":"https:\/\/sandbox.kvalevaag.se\/index.php?rest_route=\/wp\/v2\/pages\/73"}],"wp:attachment":[{"href":"https:\/\/sandbox.kvalevaag.se\/index.php?rest_route=%2Fwp%2Fv2%2Fmedia&parent=1145"}],"curies":[{"name":"wp","href":"https:\/\/api.w.org\/{rel}","templated":true}]}}