{"id":1226,"date":"2014-05-18T15:01:02","date_gmt":"2014-05-18T15:01:02","guid":{"rendered":"http:\/\/www.kvalevaag.se\/?page_id=1226"},"modified":"2022-06-18T16:23:51","modified_gmt":"2022-06-18T16:23:51","slug":"rikets-enande","status":"publish","type":"page","link":"https:\/\/sandbox.kvalevaag.se\/?page_id=1226","title":{"rendered":"Rikets enande"},"content":{"rendered":"<p><strong>Rikets enande<\/strong><br \/>\nDen maktapparat vi ser f\u00f6ddas genom Storhaugsgraven visste Harald H\u00e5rfager att dra nytta av n\u00e4r han b\u00f6rjade sitt enande av Norge med utg\u00e5ngspunkt i Norra Rogaland och S\u00f6dra Rogaland. Den kraftiga makt centreringen p\u00e5 Avaldsnes med sina n\u00e4ra kontakter l\u00e4ngs kusten och \u00f6ver Nordsj\u00f6n skapar de politiska och ekonomiska f\u00f6rh\u00e5llanden som l\u00e5g till grund f\u00f6r rikets enande. Troligen var Harald sj\u00e4lv fr\u00e5n Avaldsnes och hade redan d\u00e4r sin grund f\u00f6r makten n\u00e4r han p\u00e5b\u00f6rjade rikets enande. Harald H\u00e5rfager skaffade sig en stor f\u00f6rm\u00f6genhet p\u00e5 sina Vikinga expeditioner \u00f6ver Nordsj\u00f6n. Han hade n\u00e4ra f\u00f6rbindelse med den engelska kungen Adelstein som fostrade Haralds yngste son H\u00e5kon. Haralds favorit son s\u00e4gs ha varit Erik Blodyxa. Innan Harald H\u00e5rfager dog kallade han till sig Erik och gav honom makten \u00f6ver landet. N\u00e4r Harald dog p\u00e5 Avaldsnes omkring \u00e5r 930 begravdes han i en gravh\u00f6g vid Karmsundet. Ingen vet exakt var Harald \u00e4r begravd men man tror att det \u00e4r i gravh\u00f6gen Gr\u00f8nhaug som ligger vid Karmsundet n\u00e4ra Haralds kungsg\u00e5rd. Forskning tyder p\u00e5 att i gravh\u00f6gen Gr\u00f8nhaug begravdes det en kunglig person omkring \u00e5r 930. Andra tror att i gravh\u00f6gen Gr\u00f8nhaug begravdes prins Guttorm, son till Erik Blodyxa.<\/p>\n<p>Erik Blodyxa befann sig helst p\u00e5 Vestlandet. Han var stark och vacker och modig man. Men han hade ett h\u00e4ftigt hum\u00f6r och d\u00f6dade n\u00e5gra av sina br\u00f6der och var d\u00e4rf\u00f6r inte s\u00e4rskilt popul\u00e4r bland Norrm\u00e4nnen. Han gifte sig med den Danske kungens Gorm den gamles dotter Gunhild. Haralds H\u00e5rfagers och Tora fr\u00e5n Mosters yngste son H\u00e5kon f\u00f6dd omkring 915 s\u00e4ndes till den Engelske kungen Adelstein n\u00e4r han var 10 \u00e5r gammal. Det var vanligt att Europeiska prinsar s\u00e4ndes till England f\u00f6r att uppfostras av l\u00e4rda munkar. D\u00e4r stannade han tills Norrm\u00e4nnen som inte ville ha Erik till kung s\u00e4nde bud efter honom som de kallade H\u00e5kon Adelsteinfostrad. Den unge H\u00e5kon fick skepp av den Engelske kungen. Han seglade till Norge och valdes av gammal sed till kung vid ett tingsr\u00e5d. Brodern Erik flydde till England d\u00e4r han blev den siste skandinaviske kungen av York. H\u00e5kon Adelsteinfostrad var kristen n\u00e4r han kom till Norge men han lyckades inte kristna Norrm\u00e4nnen. Som sin far blev H\u00e5kon popul\u00e4r av det norska folket som gav honom namnet H\u00e5kon den gode. H\u00e5kon fick n\u00e5gra fredliga \u00e5r som kung innan Erik blodyxas s\u00f6ner gick till angrep. De tv\u00e5 h\u00e4rarna m\u00f6ttes i ett blodigt slag n\u00e4ra kungsg\u00e5rden Avaldsnes ca \u00e5r 953. H\u00e4r slogs de p\u00e5 sl\u00e4tterna med gravh\u00f6gar fr\u00e5n brons\u00e5ldern. Fast att Eriks s\u00f6ner hade f\u00f6rst\u00e4rkningar fr\u00e5n den danska h\u00e4ren s\u00e5 vann H\u00e5kon den gode striden och Guttorm, Erik Blodyxas son f\u00f6ll i striden och marken fick namnet Blodheia (Blodiga heden). Omkring \u00e5r 960 kom Eriks\u00f6nerna tillbaka med en norsk-dansk h\u00e4r, denna g\u00e5ng f\u00f6ll Erik den gode i striden. Olav Tryggvasson var en stor fruktad vikingah\u00f6vding l\u00e5ngt innan han blev kung av Norge. Hans bedrifter som ledare f\u00f6r Vikinga h\u00e4rar b\u00e5de i Ryssland och p\u00e5 de Brittiska \u00f6arna \u00e4r lovprisade i s\u00e4gnerna. Hans mor var Astrid fr\u00e5n Oberstad p\u00e5 J\u00e4ren. N\u00e4r Olav var tre \u00e5r gammal blev han kidnappad och s\u00e5ld som tr\u00e4l i Estland. D\u00e5 han var nio \u00e5r blev han funnen av sin farbror och uppfostrades av den Ryske kungen och drottningen.<\/p>\n<p><img loading=\"lazy\" decoding=\"async\" class=\"alignleft size-full wp-image-9536\" src=\"https:\/\/sandbox.kvalevaag.se\/wp-content\/uploads\/2022\/06\/olav_haraldson1-1.jpg\" alt=\"\" width=\"118\" height=\"186\" \/>Det s\u00e4gs att han var den vackraste, st\u00f6rsta och starkaste av m\u00e4n. Olavs skepp kallades &#8221;Ormen l\u00e5nge&#8221; och \u00e4r det st\u00f6rsta Vikinga skepp som byggs i Norge. Olav blev d\u00f6pt i England och efter det att han blivit kung av Norge ca \u00e5r 995, inf\u00f6rde han kristendomen med samma beslutsamhet som han lett sin h\u00e4r. Olav Tryggvason har byggt den f\u00f6rsta kyrkan p\u00e5 Avaldsnes som var byggt helt i tr\u00e4. De f\u00f6rsta ny kristna som d\u00f6ptes i Norge d\u00f6ptes p\u00e5 Avaldsnes. S\u00e4gnerna s\u00e4ger att Oden f\u00f6rs\u00f6kte f\u00f6rgifta Olav p\u00e5 Avaldsnes, f\u00f6r att han f\u00f6rst\u00f6rde tron p\u00e5 asagudarna. En dag kom ett Vikinga skepp fullt med krigare och trollkarlar under ledning av \u00d8yvind Kjelda till Avaldsnes en p\u00e5skafton f\u00f6r att kasta trolldom p\u00e5 den kristna kungen. Men magin slog tillbaka och Olav l\u00e4tt binda dem p\u00e5 ett sk\u00e4r i havet utanf\u00f6r Avaldsnes n\u00e4r det blev flod drunknade alla. Sk\u00e4ret har sedan dess kallats Skrattaskj\u00e6r (Skratte betyder trollman). Olav Tryggvason dog i slaget vid Svolder ca \u00e5r 1000 n\u00e4r han hade bes\u00f6kt den ryske kungen. Olav Haraldson var 12 \u00e5r f\u00f6rsta g\u00e5ngen han deltog i ett vikingat\u00e5g. Han kom att sl\u00e5s i m\u00e5nga l\u00e4nder bl.a. hj\u00e4lpte han den Engelske kung Adalr\u00e5d i kampen mot Danskarna. Olav f\u00e4ste ett rep p\u00e5 en bro \u00f6ver Themsen och drog ner bron i floden. Denna h\u00e4ndelsen \u00e4r det som s\u00e5ngen &#8221;London bridge isfalling down&#8221; syftar p\u00e5. Olav Haraldsson, Norges helgekonung hade inverkan p\u00e5 historien i flera \u00e5rhundraden efter det att han dog. \u00c5r 1009 i England var han med i en viking h\u00e4r under dansk ledning. Senare gick han \u00f6ver till kung Ethelred IIs tj\u00e4nst och f\u00f6rsvarade England mot danskarna. Han f\u00f6ljde med Ethelreds h\u00e4r till Frankrike. Under en period k\u00e4mpade han p\u00e5 hertig av Normandies sida och deltog i slag vid Bretagne, Anjou och Poitou. Rund 1013 blev han d\u00f6pt i Rouen i Frankrike.<\/p>\n<p><strong>Olav blir kung<\/strong><br \/>\n\u00c5r 1015 drog Olav till Norge. D\u00e4r blev han utsedd till kung p\u00e5 Opplandene. \u00c5ret efter blev Olav hyllad som konung b\u00e5de vestafjells och \u00f8stafjells, blev vald till kung p\u00e5 \u00d8retinget och f\u00f6rs\u00e4krade sig om uppbackning fr\u00e5n landets m\u00e4ktiga m\u00e4n. Det dansk-svenska Intermezzot efter Olav Tryggvason var d\u00e4rmed \u00f6ver. Olav spelade en grundl\u00e4ggande roll i att kristna Norge. Han s\u00e5g till att kristendomen blev landets lovliga tro med kungen som kyrkans \u00f6verhuvud. Olav Haraldssons engagemang i kristendomen skulle emellertid skapa alvarliga problem f\u00f6r hans politik. Folk i Tr\u00f8ndelag och Opplandene var motvilliga att g\u00e5 \u00f6ver till kristendomen. Olav for h\u00e5rt fram med att inf\u00f6ra kristendomen. I mitten av 1020-talet framf\u00f6rde Knut den store sina krav p\u00e5 Norge.<\/p>\n<p>Olav hade mist mycket av sitt st\u00f6d och d\u00e5 Knut kom til Norge i 1028, m\u00e5ste Olav rymma till Gardarike. Han \u00e5terv\u00e4nde hem \u00e5r 1030 och p\u00e5 resan genom Sverige rekryterade han m\u00e4n till sin h\u00e4r. Med en h\u00e4r best\u00e5ende av svear, j\u00e4mtar, isl\u00e4nningar och nordm\u00e4n m\u00f6tte han bondeh\u00e4ren p\u00e5 Stiklestad i Verdal. D\u00e4r f\u00f6ll han den 29:e juli. Inte s\u00e5 l\u00e4nge efter att Olav dog, blev han erk\u00e4nd som helig av kyrkan. Skelettet hans blev uppgr\u00e4vt och placerat i ett skrin p\u00e5 h\u00f6galtaret i Klemenskirken i Nidaros. Dyrkan av Olav Haraldsson som helgon bredde sig snart ut \u00f6ver hela norra Europa. Flera kyrkor och kloster blev vigda i Olav den heliges namn. Vid sidan av Jungfru Maria \u00e4r Olav den helige den helgedomen som oftast \u00e4r avbildad i nordisk konst fr\u00e5n medeltiden.<\/p>\n<p>I Snorre Sturlasson s\u00e4gner kan man l\u00e4sa att kungens g\u00e5rdsf\u00f6rman p\u00e5 Avaldsnes, Tore Sel konfiskerade en last med korn fr\u00e5n Asbj\u00f8rn, en systerson till Erling Skjalgsson, Asbj\u00f8rn kom tillbacka och d\u00f6dade Tore framf\u00f6r \u00f6gonen p\u00e5 kung Olav n\u00e4r han h\u00f6ll g\u00e4stabud p\u00e5sken 1023. Olav d\u00f6mde Asbj\u00f8rn till d\u00f6den men eftersom det var p\u00e5sk ville kungen v\u00e4nta innan d\u00f6dsdomen skulle verkst\u00e4llas. Medan kungen var p\u00e5 h\u00f6gm\u00e4ssa kom Erling Skjalgsson upp till Avaldsnes med 1500 m\u00e4n fr\u00e5n J\u00e4ren och kungen var tvungen att ben\u00e5da Asbj\u00f8rn som d\u00e4refter kom att kallas Asbj\u00f8rn Selsbane. Denna h\u00e4ndelse ledde till ont blod mellan sl\u00e4kterna som senare ledde till Olavs d\u00f6d vid slaget p\u00e5 Stiklestad \u00e5r 1030. Slaget var ett bondeuppror l\u00e4tt av Tore Hund d\u00e4r en av Asbj\u00f8rn farbr\u00f6der Tore Hund blev en av kungens banem\u00e4n. Kort efter slaget p\u00e5 Stiklestad blev det en solf\u00f6rm\u00f6rkelse, d\u00e5 b\u00f6rjade mirakel h\u00e4nda p\u00e5 Avaldsnes. Sjuka m\u00e4nniskor blev friska och den d\u00f6de kungens h\u00e5r och naglar b\u00f6rjade v\u00e4xa. Kungen helgonf\u00f6rklarades av Vatikanen och har sedan dess kallats Sankt Olav. Det finns n\u00e5gra medeltidsdokument fr\u00e5n kungsg\u00e5rden i Avaldsnes.<\/p>\n<p><strong>H\u00e5kon V<br \/>\n<\/strong>Fr\u00e5n H\u00e5kon V tid finns 6 kungabrev som han skrivit p\u00e5 Avaldsnes bevarade. H\u00e5kon V n\u00e4mner ocks\u00e5 i sitt testamente kungskyrkan i Avaldsnes. Det finns \u00e4ven en skriftlig ber\u00e4ttelse om hur det gick till n\u00e4r Hansan br\u00e4nde ner kungsg\u00e5rden h\u00f6sten 1368. Man vet att Kungsg\u00e5rden p\u00e5 Avaldsnes fanns kvar till ca \u00e5r 1450. Det s\u00e4gs att Olav f\u00f6rf\u00f6ljdes av fienden genom Karmsundet, Olav seglade sitt skepp till v\u00e4stra sidan av \u00f6n. Kungen och hans m\u00e4n b\u00f6rjade dra upp sitt skepp \u00f6ver land fr\u00e5n Torvastad till Vikingastad. Det h\u00e5rda arbetet gjorde dem t\u00f6rstiga, Olav tog sin hand och slog den i en sten, ur stenen sprang det en k\u00e4lla. K\u00e4llan sinar aldrig och kallas Olavsk\u00e4llan som ger bot mot speciellt \u00f6gonsjukdomar. Pilgrimer har sedan dess vallf\u00e4rdat till k\u00e4llan och lagt sm\u00e5 kors av tr\u00e4 eller str\u00e5. H\u00e5kon H\u00e5konson blev kung vid 13-\u00e5rs \u00e5lder, Norge har aldrig varit st\u00f6rre \u00e4n under H\u00e5kon H\u00e5konsons regering. H\u00e5kon ingick ett handelsavtal med Hansans k\u00f6pm\u00e4n. P\u00e5ven ville g\u00f6ra H\u00e5kon till tysk\/romersk kejsare. \u00c5r 1263 med en h\u00e4r p\u00e5 \u00f6ver 200 skepp for H\u00e5kon \u00f6ver Nordsj\u00f6n till Skottland f\u00f6r att den skottiske kungen Alexander hotat med att inta Hebriderna som tillh\u00f6rde Norge. De tv\u00e5 kungliga h\u00e4rarna m\u00f6ttes i slaget vid Largs i Skottland. Striden slutade oavgjort men H\u00e5kon blev sjuk och dog p\u00e5 Orkn\u00f6arna \u00e5r 1263. H\u00e5kons sonson kung Erik Magnusson gifte sig senare med den skotske kungen Alexanders dotter Margaret, de fick dottern Margaret som blev Drotting av Skottland vid sju \u00e5rs \u00e5lder men hon dog p\u00e5 v\u00e4g till Skottland n\u00e4r hon var nio \u00e5r. I ett brev fr\u00e5n P\u00e5ven fr\u00e5n 1247 st\u00e5r det att Kung H\u00e5konson sj\u00e4lv ska f\u00e5 r\u00e4tt att v\u00e4lja pr\u00e4ster till kyrkor som han och hans f\u00f6rf\u00e4der har byggt p\u00e5 sina tre kungsg\u00e5rdar och till de han sj\u00e4lv kommer att bygga. Vid alla andra kyrkor hade endast biskoparna denna r\u00e4tt. H\u00e5kons sonson H\u00e5kon IV Magnusson (1270-1319) gjorde sedan Olavskyrkan till en av de fyra kungliga kyrkorna i Norge. De andra kyrkorna som underst\u00e4lldes kungen fanns i Oslo, Bergen och T\u00f6nsberg men de finns inte kvar. Man vet fr\u00e5n brev som \u00e4r daterade fr\u00e5n Avaldsnes att H\u00e5kon V. Magnusson har varit p\u00e5 Avaldsnes minst fem g\u00e5nger. Han gav i sitt testamente dyrbara g\u00e5vor till kyrkan. K\u00f6pm\u00e4n ur hansan br\u00e4nde h\u00f6sten 1369 hundra \u00e5r efter avtalet med kung H\u00e5kon H\u00e5konsen ner det kungliga s\u00e4ttet. Men det m\u00e5ste ha byggts upp igen f\u00f6r man vet att Avaldsnes \u00e4r n\u00e4mnt som ett kungligt residens till 1450. Man vet inte med s\u00e4kerhet var byggnaderna fr\u00e5n vikingatiden stod.<\/p>\n<p>1986 fann arkeologer 35 m av en hemlig underjordisk g\u00e5ng utanf\u00f6r kyrkan. Den dolda passagen tros ha varit en flyktv\u00e4g fr\u00e5n det kungliga residenset. Arkeologerna fann ocks\u00e5 l\u00e4mningar fr\u00e5n tv\u00e5 byggnader som tros vara fr\u00e5n kungens gods. Arkeologiska unders\u00f6kningar av den gamla kungsg\u00e5rden p\u00e5 Avaldsnes har funnit en s\u00e4llsynt v\u00e4lbevarad hamn fr\u00e5n medeltiden. Det \u00e4r f\u00f6rsta g\u00e5ngen man funnit en hamn vid en kungsg\u00e5rd i Norge. I hamnomr\u00e5det ligger troligtvis ocks\u00e5 hansans gamla handelsbod &#8221;Notau\/Nothow&#8221;. Hamnen \u00e4r i dag t\u00e4kt av ett 2,5 m tjock dy som f\u00f6rhoppningsvis d\u00f6ljer flera arkeologiska fynd. C-14 metoden talar om att hamnen var i bruk redan p\u00e5 900-talet. I hamnen har man funnit m\u00e4ngder av tysk och nederl\u00e4ndsk keramik fr\u00e5n medel\u00e5ldern. Stavanger Sj\u00f6fartsmuseum och Arkeologisk museum i Stavanger samarbetar med Avaldsnes projektet om nya unders\u00f6kningar av hamnomr\u00e5det. Man har funnet ett medeltida skepp under dyn och muddret som med C-14 metoden \u00e4r daterat till omkring \u00e5r 1250. Skeppet \u00e4r byggt av ek och \u00e4r ungef\u00e4r 24 m l\u00e5ngt och 6 m brett. Hansan var ett f\u00f6rbund av tyska st\u00e4der som dominerade handeln i norra Europa s\u00e4rskilt p\u00e5 1300 och 1400-talen. De hade under denna tid n\u00e4rmast monopol p\u00e5 den Norska utrikeshanden och anv\u00e4nde sig av en hamn och av en handelsstation i Karmsundet som kallades Notau. En holl\u00e4ndsk karta daterad 1663 placerar Nott\u00e5 i Avaldsnes omr\u00e5det. Var l\u00e5g d\u00e5 Nott\u00e5? Nya fynd tyder p\u00e5 att Nott\u00e5 \u00e4r funnet p\u00e5 en \u00f6 nedanf\u00f6r kungsg\u00e5rden p\u00e5 Avaldsnes. En ok\u00e4nd tysk i Bergen skrev \u00e5r 1584 att Hansans kontor l\u00e5g p\u00e5 Nott\u00e5 innan det flyttade till Bergen.<\/p>\n<p>Allan Kvalevaag<br \/>\n2021-04-24<\/p>\n","protected":false},"excerpt":{"rendered":"<p>Rikets enande Den maktapparat vi ser f\u00f6ddas genom Storhaugsgraven visste Harald H\u00e5rfager att dra nytta av n\u00e4r han b\u00f6rjade sitt enande av Norge med utg\u00e5ngspunkt i Norra Rogaland och S\u00f6dra Rogaland. Den kraftiga makt centreringen p\u00e5 Avaldsnes med sina n\u00e4ra kontakter l\u00e4ngs kusten och \u00f6ver Nordsj\u00f6n skapar de politiska och ekonomiska f\u00f6rh\u00e5llanden som l\u00e5g till [&hellip;]<\/p>\n","protected":false},"author":2,"featured_media":0,"parent":80,"menu_order":0,"comment_status":"closed","ping_status":"closed","template":"","meta":{"_monsterinsights_skip_tracking":false,"_monsterinsights_sitenote_active":false,"_monsterinsights_sitenote_note":"","_monsterinsights_sitenote_category":0,"footnotes":""},"_links":{"self":[{"href":"https:\/\/sandbox.kvalevaag.se\/index.php?rest_route=\/wp\/v2\/pages\/1226"}],"collection":[{"href":"https:\/\/sandbox.kvalevaag.se\/index.php?rest_route=\/wp\/v2\/pages"}],"about":[{"href":"https:\/\/sandbox.kvalevaag.se\/index.php?rest_route=\/wp\/v2\/types\/page"}],"author":[{"embeddable":true,"href":"https:\/\/sandbox.kvalevaag.se\/index.php?rest_route=\/wp\/v2\/users\/2"}],"replies":[{"embeddable":true,"href":"https:\/\/sandbox.kvalevaag.se\/index.php?rest_route=%2Fwp%2Fv2%2Fcomments&post=1226"}],"version-history":[{"count":3,"href":"https:\/\/sandbox.kvalevaag.se\/index.php?rest_route=\/wp\/v2\/pages\/1226\/revisions"}],"predecessor-version":[{"id":9537,"href":"https:\/\/sandbox.kvalevaag.se\/index.php?rest_route=\/wp\/v2\/pages\/1226\/revisions\/9537"}],"up":[{"embeddable":true,"href":"https:\/\/sandbox.kvalevaag.se\/index.php?rest_route=\/wp\/v2\/pages\/80"}],"wp:attachment":[{"href":"https:\/\/sandbox.kvalevaag.se\/index.php?rest_route=%2Fwp%2Fv2%2Fmedia&parent=1226"}],"curies":[{"name":"wp","href":"https:\/\/api.w.org\/{rel}","templated":true}]}}