{"id":1233,"date":"2014-05-18T15:08:15","date_gmt":"2014-05-18T15:08:15","guid":{"rendered":"http:\/\/www.kvalevaag.se\/?page_id=1233"},"modified":"2022-06-18T16:25:23","modified_gmt":"2022-06-18T16:25:23","slug":"storhaugskeppet","status":"publish","type":"page","link":"https:\/\/sandbox.kvalevaag.se\/?page_id=1233","title":{"rendered":"Storhaugskeppet"},"content":{"rendered":"<p><strong><span style=\"color: #000000;\">Storhaugskeppet<br \/>\n<\/span><\/strong><br \/>\n<img loading=\"lazy\" decoding=\"async\" class=\"alignleft size-full wp-image-9538\" src=\"https:\/\/sandbox.kvalevaag.se\/wp-content\/uploads\/2022\/06\/bronsring1-1.jpg\" alt=\"\" width=\"226\" height=\"194\" \/><img loading=\"lazy\" decoding=\"async\" class=\"alignright size-full wp-image-9540\" src=\"https:\/\/sandbox.kvalevaag.se\/wp-content\/uploads\/2022\/06\/gravfynd1-1.jpg\" alt=\"\" width=\"186\" height=\"175\" \/>Skeppss\u00e4ttningen Storhaug eller Gunnarshaug ligger norr om kungsg\u00e5rden p\u00e5 Avaldsnes . Innan b\u00f6nderna b\u00f6rjade ta jord fr\u00e5n h\u00f6gen var den mellan 40 och 50 m i diameter och 5 &#8211; 6 m h\u00f6g. N\u00e4r graven \u00f6ppnades 1887 fann man tv\u00e5 sv\u00e4rd, ett spjut, en bronsring, t\u00e4nger och filar samt andra redskap till fiske och matlagning. Den d\u00f6de var en man som hade med sig en armring i guld och tv\u00e5 dyrbara br\u00e4dspel med spelbrickor i bl\u00e5tt och gult glas. H\u00f6vdingen hade ocks\u00e5 en h\u00e4st och en liten b\u00e5t, ett \u00e5rsskepp, med sig i graven. I ett vaxljus fann man ett kors inristat. Kristna symboler i en grav 250 \u00e5r innan Norge blev kristet tyder p\u00e5 internationella kontakter med Avaldsnes \u00e5rhundraden innan. Det visar att man p\u00e5 Avaldsnes omkring \u00e5r 700 ser begynnelsen p\u00e5 en stat som senare leder till samlingen av Norge. C-14 dateringar daterar Strohaug till \u00e5r 690-750. Storhaug \u00e4r d\u00e4rmed Norges \u00e4ldsta k\u00e4nda skeppsgrav. GravfyndGravg\u00e5vorna tyder p\u00e5 kontakt med frankerna och att det fanns ett v\u00e4stnorsk kungad\u00f6me p\u00e5 600-700-talet med Karmsundet och Avaldsnes som ett politisk och religi\u00f6st centrum. Detta rike kan ha varit efter modell av det frankiske kungad\u00f6met, och kungen vid karmsundet varit i allians med frankerna, ett slags vasall rike.<\/p>\n<p>Allan Kvalevaag<br \/>\n2021-04-24<\/p>\n","protected":false},"excerpt":{"rendered":"<p>Storhaugskeppet Skeppss\u00e4ttningen Storhaug eller Gunnarshaug ligger norr om kungsg\u00e5rden p\u00e5 Avaldsnes . Innan b\u00f6nderna b\u00f6rjade ta jord fr\u00e5n h\u00f6gen var den mellan 40 och 50 m i diameter och 5 &#8211; 6 m h\u00f6g. N\u00e4r graven \u00f6ppnades 1887 fann man tv\u00e5 sv\u00e4rd, ett spjut, en bronsring, t\u00e4nger och filar samt andra redskap till fiske och [&hellip;]<\/p>\n","protected":false},"author":2,"featured_media":0,"parent":80,"menu_order":0,"comment_status":"closed","ping_status":"closed","template":"","meta":{"_monsterinsights_skip_tracking":false,"_monsterinsights_sitenote_active":false,"_monsterinsights_sitenote_note":"","_monsterinsights_sitenote_category":0,"footnotes":""},"_links":{"self":[{"href":"https:\/\/sandbox.kvalevaag.se\/index.php?rest_route=\/wp\/v2\/pages\/1233"}],"collection":[{"href":"https:\/\/sandbox.kvalevaag.se\/index.php?rest_route=\/wp\/v2\/pages"}],"about":[{"href":"https:\/\/sandbox.kvalevaag.se\/index.php?rest_route=\/wp\/v2\/types\/page"}],"author":[{"embeddable":true,"href":"https:\/\/sandbox.kvalevaag.se\/index.php?rest_route=\/wp\/v2\/users\/2"}],"replies":[{"embeddable":true,"href":"https:\/\/sandbox.kvalevaag.se\/index.php?rest_route=%2Fwp%2Fv2%2Fcomments&post=1233"}],"version-history":[{"count":6,"href":"https:\/\/sandbox.kvalevaag.se\/index.php?rest_route=\/wp\/v2\/pages\/1233\/revisions"}],"predecessor-version":[{"id":9541,"href":"https:\/\/sandbox.kvalevaag.se\/index.php?rest_route=\/wp\/v2\/pages\/1233\/revisions\/9541"}],"up":[{"embeddable":true,"href":"https:\/\/sandbox.kvalevaag.se\/index.php?rest_route=\/wp\/v2\/pages\/80"}],"wp:attachment":[{"href":"https:\/\/sandbox.kvalevaag.se\/index.php?rest_route=%2Fwp%2Fv2%2Fmedia&parent=1233"}],"curies":[{"name":"wp","href":"https:\/\/api.w.org\/{rel}","templated":true}]}}