{"id":1244,"date":"2014-05-19T16:17:43","date_gmt":"2014-05-19T16:17:43","guid":{"rendered":"http:\/\/www.kvalevaag.se\/?page_id=1244"},"modified":"2022-06-18T16:22:57","modified_gmt":"2022-06-18T16:22:57","slug":"kungasagor","status":"publish","type":"page","link":"https:\/\/sandbox.kvalevaag.se\/?page_id=1244","title":{"rendered":"Kungasagor"},"content":{"rendered":"<p><strong><img loading=\"lazy\" decoding=\"async\" class=\"alignright wp-image-9533 size-medium\" src=\"https:\/\/sandbox.kvalevaag.se\/wp-content\/uploads\/2022\/06\/Edda1-1-222x300.jpg\" alt=\"\" width=\"222\" height=\"300\" srcset=\"https:\/\/sandbox.kvalevaag.se\/wp-content\/uploads\/2022\/06\/Edda1-1-222x300.jpg 222w, https:\/\/sandbox.kvalevaag.se\/wp-content\/uploads\/2022\/06\/Edda1-1.jpg 250w\" sizes=\"(max-width: 222px) 100vw, 222px\" \/>Kungasagor<\/strong><br \/>\nDet har skrivits flertal sagor och s\u00e4gner om Avaldsnes. Jag v\u00e4ljer att presentera n\u00e5gra av dem h\u00e4r som isl\u00e4nningen Snorre Sturlassons har tagit upp i sin Edda.\u00a0<strong><a style=\"color: #0b0080;\" title=\"Snorre Sturlasson\" href=\"https:\/\/sv.wikipedia.org\/wiki\/Snorre_Sturlasson\" target=\"_blank\" rel=\"noopener\">Snorre Sturlasson<\/a><\/strong>\u00a0<span style=\"color: #252525;\">f\u00f6ddes omkring\u00a0<\/span><a href=\"https:\/\/sv.wikipedia.org\/wiki\/1179\" target=\"_blank\" rel=\"noopener\"><strong>1179\u00a0<\/strong><\/a>och\u00a0<span style=\"color: #252525;\">dog\u00a0<\/span><a href=\"https:\/\/sv.wikipedia.org\/wiki\/23_september\" target=\"_blank\" rel=\"noopener\"><strong>23 september<span style=\"color: #252525;\">\u00a0<\/span>1241<\/strong><\/a>. Han var\u00a0f\u00f6rfattaren och politikern<span style=\"color: #252525;\">\u00a0som sannolikt sammanst\u00e4llde den yngre\u00a0Eddan\u00a0omkring \u00e5r 1220,\u00a0vilken \u00e4r en handbok i skaldekonst och l\u00e4robok i nordisk mytologi<\/span>\u00a0samt Heimskringla en bok som skildrar fr\u00e4mst Norges kungar fram till och med \u00e5r 1177. Snorre reste runt i Norge och Sverige under en tre\u00e5rs period. Han \u00e5terv\u00e4nde till Island f\u00f6r att skriva sin beryktade bok.<br \/>\nSkalderna har sen dess varit f\u00f6rem\u00e5l f\u00f6r m\u00e5nga att tolka och ge ut nya b\u00f6cker. I v\u00e5ra dagar har det \u00e5ter blivit popul\u00e4rt att ta upp hans och andras skalder\/s\u00e4gner. Skalden skrevs utifr\u00e5n att bevara ber\u00e4ttelserna till kommande generationer. Skalder diktandet var en h\u00f6gt utvecklad konstform som utf\u00f6rdes av yrkesm\u00e4n. Det finns mycket skrivet om Eddan som best\u00e5r av en samling forns\u00e5nger, till st\u00f6rsta delen bevarade \u00e5t oss i en pergamenthandskrift som den isl\u00e4ndske biskopen Brynjolf Sveinsson \u00e5r 1643 fann p\u00e5 Island. De flesta av dikterna torde ha tillkommit p\u00e5 vikingatiden, n\u00e5gra kan vara lite \u00e4ldre, n\u00e5gra yngre.<\/p>\n","protected":false},"excerpt":{"rendered":"<p>Kungasagor Det har skrivits flertal sagor och s\u00e4gner om Avaldsnes. Jag v\u00e4ljer att presentera n\u00e5gra av dem h\u00e4r som isl\u00e4nningen Snorre Sturlassons har tagit upp i sin Edda.\u00a0Snorre Sturlasson\u00a0f\u00f6ddes omkring\u00a01179\u00a0och\u00a0dog\u00a023 september\u00a01241. Han var\u00a0f\u00f6rfattaren och politikern\u00a0som sannolikt sammanst\u00e4llde den yngre\u00a0Eddan\u00a0omkring \u00e5r 1220,\u00a0vilken \u00e4r en handbok i skaldekonst och l\u00e4robok i nordisk mytologi\u00a0samt Heimskringla en bok som [&hellip;]<\/p>\n","protected":false},"author":2,"featured_media":0,"parent":80,"menu_order":0,"comment_status":"closed","ping_status":"closed","template":"","meta":{"_monsterinsights_skip_tracking":false,"_monsterinsights_sitenote_active":false,"_monsterinsights_sitenote_note":"","_monsterinsights_sitenote_category":0,"footnotes":""},"_links":{"self":[{"href":"https:\/\/sandbox.kvalevaag.se\/index.php?rest_route=\/wp\/v2\/pages\/1244"}],"collection":[{"href":"https:\/\/sandbox.kvalevaag.se\/index.php?rest_route=\/wp\/v2\/pages"}],"about":[{"href":"https:\/\/sandbox.kvalevaag.se\/index.php?rest_route=\/wp\/v2\/types\/page"}],"author":[{"embeddable":true,"href":"https:\/\/sandbox.kvalevaag.se\/index.php?rest_route=\/wp\/v2\/users\/2"}],"replies":[{"embeddable":true,"href":"https:\/\/sandbox.kvalevaag.se\/index.php?rest_route=%2Fwp%2Fv2%2Fcomments&post=1244"}],"version-history":[{"count":5,"href":"https:\/\/sandbox.kvalevaag.se\/index.php?rest_route=\/wp\/v2\/pages\/1244\/revisions"}],"predecessor-version":[{"id":9535,"href":"https:\/\/sandbox.kvalevaag.se\/index.php?rest_route=\/wp\/v2\/pages\/1244\/revisions\/9535"}],"up":[{"embeddable":true,"href":"https:\/\/sandbox.kvalevaag.se\/index.php?rest_route=\/wp\/v2\/pages\/80"}],"wp:attachment":[{"href":"https:\/\/sandbox.kvalevaag.se\/index.php?rest_route=%2Fwp%2Fv2%2Fmedia&parent=1244"}],"curies":[{"name":"wp","href":"https:\/\/api.w.org\/{rel}","templated":true}]}}