{"id":14,"date":"2014-03-22T09:47:50","date_gmt":"2014-03-22T09:47:50","guid":{"rendered":"http:\/\/www.kvalevaag.se\/?page_id=14"},"modified":"2015-01-06T08:42:58","modified_gmt":"2015-01-06T08:42:58","slug":"platser","status":"publish","type":"page","link":"https:\/\/sandbox.kvalevaag.se\/?page_id=14","title":{"rendered":"Platser"},"content":{"rendered":"<figure id=\"attachment_2624\" aria-describedby=\"caption-attachment-2624\" style=\"width: 320px\" class=\"wp-caption alignright\"><img loading=\"lazy\" decoding=\"async\" class=\"wp-image-2624 size-full\" src=\"https:\/\/sandbox.kvalevaag.se\/wp-content\/uploads\/2014\/03\/Flaghaugen3.jpg\" alt=\"\" width=\"320\" height=\"240\" srcset=\"https:\/\/sandbox.kvalevaag.se\/wp-content\/uploads\/2014\/03\/Flaghaugen3.jpg 320w, https:\/\/sandbox.kvalevaag.se\/wp-content\/uploads\/2014\/03\/Flaghaugen3-300x225.jpg 300w\" sizes=\"(max-width: 320px) 100vw, 320px\" \/><figcaption id=\"caption-attachment-2624\" class=\"wp-caption-text\">Utsikt fr\u00e5n Olavskyrkan vid Avaldsnes med vy \u00f6ver Karmsund som flyter mellan Haugesund och Karm\u00f8y.<\/figcaption><\/figure>\n<p><strong>Platser min sl\u00e4kt kommer fr\u00e5n<\/strong><br \/>\nD\u00e5 min sl\u00e4kt kommer fr\u00e5n olika platser har jag valt att visa lite bilder och kartor fr\u00e5n f\u00f6rr. H\u00e4r finns foto fr\u00e5n Haugesund i Norge, Schleswig i Tyskland och Limhamn, en stadsdel i Malm\u00f6, Sverige. Ni finner \u00e4ven en del gamla kartor fr\u00e5n Haugesund som kan vara intressanta. En stadsdelsvandring runt kvarteren vid de gamla g\u00e5rdshusen p\u00e5 S\u00f8rhaug i slutet p\u00e5 1930-talet Haugesund kan besk\u00e5das.<br \/>\n<span style=\"line-height: 1.5em;\"><br \/>\nUtanf\u00f6r Haugesund p\u00e5 v\u00e4stlandet ligger Avaldsnes d\u00e4r min fars sl\u00e4kt kommer fr\u00e5n. Avaldsnes har en rik historia med sin kungsg\u00e5rd fr\u00e5n vikingatiden. Ni finner \u00e4ven en g\u00e5rdsf\u00f6rteckning, f\u00f6r och efternamn och mycket mer.<\/span><\/p>\n","protected":false},"excerpt":{"rendered":"<p>Platser min sl\u00e4kt kommer fr\u00e5n D\u00e5 min sl\u00e4kt kommer fr\u00e5n olika platser har jag valt att visa lite bilder och kartor fr\u00e5n f\u00f6rr. H\u00e4r finns foto fr\u00e5n Haugesund i Norge, Schleswig i Tyskland och Limhamn, en stadsdel i Malm\u00f6, Sverige. Ni finner \u00e4ven en del gamla kartor fr\u00e5n Haugesund som kan vara intressanta. En stadsdelsvandring [&hellip;]<\/p>\n","protected":false},"author":1,"featured_media":0,"parent":0,"menu_order":0,"comment_status":"closed","ping_status":"open","template":"","meta":{"_monsterinsights_skip_tracking":false,"_monsterinsights_sitenote_active":false,"_monsterinsights_sitenote_note":"","_monsterinsights_sitenote_category":0,"footnotes":""},"_links":{"self":[{"href":"https:\/\/sandbox.kvalevaag.se\/index.php?rest_route=\/wp\/v2\/pages\/14"}],"collection":[{"href":"https:\/\/sandbox.kvalevaag.se\/index.php?rest_route=\/wp\/v2\/pages"}],"about":[{"href":"https:\/\/sandbox.kvalevaag.se\/index.php?rest_route=\/wp\/v2\/types\/page"}],"author":[{"embeddable":true,"href":"https:\/\/sandbox.kvalevaag.se\/index.php?rest_route=\/wp\/v2\/users\/1"}],"replies":[{"embeddable":true,"href":"https:\/\/sandbox.kvalevaag.se\/index.php?rest_route=%2Fwp%2Fv2%2Fcomments&post=14"}],"version-history":[{"count":3,"href":"https:\/\/sandbox.kvalevaag.se\/index.php?rest_route=\/wp\/v2\/pages\/14\/revisions"}],"predecessor-version":[{"id":2627,"href":"https:\/\/sandbox.kvalevaag.se\/index.php?rest_route=\/wp\/v2\/pages\/14\/revisions\/2627"}],"wp:attachment":[{"href":"https:\/\/sandbox.kvalevaag.se\/index.php?rest_route=%2Fwp%2Fv2%2Fmedia&parent=14"}],"curies":[{"name":"wp","href":"https:\/\/api.w.org\/{rel}","templated":true}]}}