{"id":2305,"date":"2015-01-01T13:09:44","date_gmt":"2015-01-01T13:09:44","guid":{"rendered":"http:\/\/www.kvalevaag.se\/?page_id=2305"},"modified":"2018-07-19T08:11:44","modified_gmt":"2018-07-19T08:11:44","slug":"forteckning-over-karl-lass-tillhorigheter","status":"publish","type":"page","link":"https:\/\/sandbox.kvalevaag.se\/?page_id=2305","title":{"rendered":"F\u00f6rteckning \u00f6ver Karl Lass tillh\u00f6righeter"},"content":{"rendered":"<div id=\"pl-2305\"  class=\"panel-layout\" ><div id=\"pg-2305-0\"  class=\"panel-grid panel-no-style\" ><div id=\"pgc-2305-0-0\"  class=\"panel-grid-cell\" ><div id=\"panel-2305-0-0-0\" class=\"so-panel widget widget_black-studio-tinymce widget_black_studio_tinymce panel-first-child panel-last-child\" data-index=\"0\" ><div class=\"textwidget\"><p><a href=\"https:\/\/sandbox.kvalevaag.se\/wp-content\/uploads\/2015\/01\/Karl_brev_2.jpg\"><img loading=\"lazy\" decoding=\"async\" class=\"alignleft wp-image-2306 size-full\" src=\"https:\/\/sandbox.kvalevaag.se\/wp-content\/uploads\/2015\/01\/Karl_brev_2.jpg\" alt=\"Karl_brev_2\" width=\"500\" height=\"609\" srcset=\"https:\/\/sandbox.kvalevaag.se\/wp-content\/uploads\/2015\/01\/Karl_brev_2.jpg 500w, https:\/\/sandbox.kvalevaag.se\/wp-content\/uploads\/2015\/01\/Karl_brev_2-246x300.jpg 246w\" sizes=\"(max-width: 500px) 100vw, 500px\" \/><\/a><\/p><\/div><\/div><\/div><\/div><\/div>","protected":false},"excerpt":{"rendered":"","protected":false},"author":1,"featured_media":0,"parent":16,"menu_order":0,"comment_status":"closed","ping_status":"open","template":"page-fullwidth.php","meta":{"_monsterinsights_skip_tracking":false,"_monsterinsights_sitenote_active":false,"_monsterinsights_sitenote_note":"","_monsterinsights_sitenote_category":0,"footnotes":""},"_links":{"self":[{"href":"https:\/\/sandbox.kvalevaag.se\/index.php?rest_route=\/wp\/v2\/pages\/2305"}],"collection":[{"href":"https:\/\/sandbox.kvalevaag.se\/index.php?rest_route=\/wp\/v2\/pages"}],"about":[{"href":"https:\/\/sandbox.kvalevaag.se\/index.php?rest_route=\/wp\/v2\/types\/page"}],"author":[{"embeddable":true,"href":"https:\/\/sandbox.kvalevaag.se\/index.php?rest_route=\/wp\/v2\/users\/1"}],"replies":[{"embeddable":true,"href":"https:\/\/sandbox.kvalevaag.se\/index.php?rest_route=%2Fwp%2Fv2%2Fcomments&post=2305"}],"version-history":[{"count":2,"href":"https:\/\/sandbox.kvalevaag.se\/index.php?rest_route=\/wp\/v2\/pages\/2305\/revisions"}],"predecessor-version":[{"id":4279,"href":"https:\/\/sandbox.kvalevaag.se\/index.php?rest_route=\/wp\/v2\/pages\/2305\/revisions\/4279"}],"up":[{"embeddable":true,"href":"https:\/\/sandbox.kvalevaag.se\/index.php?rest_route=\/wp\/v2\/pages\/16"}],"wp:attachment":[{"href":"https:\/\/sandbox.kvalevaag.se\/index.php?rest_route=%2Fwp%2Fv2%2Fmedia&parent=2305"}],"curies":[{"name":"wp","href":"https:\/\/api.w.org\/{rel}","templated":true}]}}