{"id":2567,"date":"2015-01-03T08:38:31","date_gmt":"2015-01-03T08:38:31","guid":{"rendered":"http:\/\/www.kvalevaag.se\/?page_id=2567"},"modified":"2021-04-24T15:35:52","modified_gmt":"2021-04-24T15:35:52","slug":"vikingarnas-vapen","status":"publish","type":"page","link":"https:\/\/sandbox.kvalevaag.se\/?page_id=2567","title":{"rendered":"Vikingarnas vapen"},"content":{"rendered":"\n<div class=\"wp-block-group\"><div class=\"wp-block-group__inner-container is-layout-flow wp-block-group-is-layout-flow\">\n<p><strong style=\"font-size: inherit;\">Stridskonsten<\/strong><strong><img loading=\"lazy\" decoding=\"async\" class=\"alignleft wp-image-2570 size-full\" src=\"https:\/\/sandbox.kvalevaag.se\/wp-content\/uploads\/2015\/01\/skold.jpg\" alt=\"skold\" width=\"245\" height=\"300\" \/><\/strong><br \/>Vikingarnas vapen var ofta utsmyckade med b\u00e5de guld- och silverinl\u00e4ggningar. Naturligtvis var det mest de framst\u00e5ende krigarna som hade r\u00e5d med denna utsmyckning. Fynd visar att man p\u00e5 den tiden ans\u00e5g vapnen som viktiga och betydelsefulla. Det annars vanligaste materialet var horn som utsmyckning. Det mest i\u00f6gonfallande var att vikingarna var utrustade med en sk\u00f6ld. Denna tillverkades i tr\u00e4 med en sk\u00f6ldbuckla av j\u00e4rn. De var m\u00e5lade i starka f\u00e4rger som r\u00f6tt och gult eller andra kraftfulla grundf\u00e4rger. Mot slutet av vikingatiden blev sk\u00f6ldarna mer spetsformade nertill, Se mer detaljer p\u00e5 Bayeuxtapeten d\u00e4r spetsformade sk\u00f6ldar syns.<\/p>\n<p><strong>Sv\u00e4rd<\/strong><img loading=\"lazy\" decoding=\"async\" class=\"alignright wp-image-2572 size-full\" src=\"https:\/\/sandbox.kvalevaag.se\/wp-content\/uploads\/2015\/01\/svard.jpg\" alt=\"svard\" width=\"100\" height=\"560\" \/><\/p>\n<p>Detta h\u00f6gt aktade vapen f\u00f6r vikingen var ett vapen som ofta gick i arv fr\u00e5n far till son. Vapnet fick ofta ett smeknamn t.ex &#8221;Fotbit&#8221; eller &#8221;Huggormen&#8221;. De b\u00e4sta sv\u00e4rden tillverkades i frankiska riket med metoden demaskerat st\u00e5l, vilket innebar att sammansvetsade j\u00e4rn och st\u00e5lband av olika legeringar och kolhalt gjorde att klingan kunde bli s\u00e5 stark och seg som m\u00f6jligt. Senare sv\u00e4rd var gjorda f\u00f6r slag och hugg mer \u00e4n som stick-vapen. De hade tveeggade klingor och var f\u00f6rsedda med en blodsk\u00e5ra i mitten. Sv\u00e4rdet intill \u00e4r funnet i en grav i Dublin.<\/p>\n<p>\u00a0<\/p>\n<p><strong>Spjutet<\/strong><br \/><span class=\"contentpagetitle\">Spjutet var et av de vanligaste vapen som anv\u00e4ndes b\u00e5de som handvapen och kastvapen. Spjutet var en viktig del av Vikingens vapenutrustning. Med spjutet kunde dom n\u00e5 l\u00e5ngt i sina kast, mycket tack vare vikingarnas reslighet. En arabisk handelsman Ibn Fadlan skrev en g\u00e5ng &#8221;Jag har aldrig sett s\u00e5 resliga m\u00e4nniskor, de \u00e4r h\u00f6gv\u00e4xta som palmtr\u00e4d.&#8221; n\u00e4r han f\u00e4rdades uppf\u00f6r floden Volga.Speciellt de danska vikingarna som var mer organiserade och deltog i l\u00e4ngre f\u00e4ltt\u00e5g i Frankrike och England d\u00e4r disciplin och uth\u00e5llighet var avg\u00f6rande kom bl.a. spjutet till sin anv\u00e4ndning. <img loading=\"lazy\" decoding=\"async\" class=\"alignright size-full wp-image-2571\" src=\"https:\/\/sandbox.kvalevaag.se\/wp-content\/uploads\/2015\/01\/spjutspets.jpg\" alt=\"spjutspets\" width=\"400\" height=\"91\" srcset=\"https:\/\/sandbox.kvalevaag.se\/wp-content\/uploads\/2015\/01\/spjutspets.jpg 400w, https:\/\/sandbox.kvalevaag.se\/wp-content\/uploads\/2015\/01\/spjutspets-300x68.jpg 300w\" sizes=\"(max-width: 400px) 100vw, 400px\" \/><\/span><\/p>\n<p>N\u00e4r ett slag med flera hundra krigare p\u00e5 var sin sida skulle strida, b\u00f6rjade anf\u00f6raren med att kasta ett spjut. Detta spjut kallades &#8221;Odens vapen&#8221; \u00f6ver fienden med orden &#8221;Oden \u00e4ge er alla&#8221;. Tanken var att alla krigare i slaget skulle sk\u00e4nkas till guden Oden som ett offer. D\u00e4refter startades slaget med att stenar, spjut och pilar f\u00f6ll ner \u00f6ver fienden.<\/p>\n<figure id=\"attachment_2576\" aria-describedby=\"caption-attachment-2576\" style=\"width: 205px\" class=\"wp-caption alignright\"><a href=\"wp-content\/uploads\/2015\/01\/mammen-yxa.jpg\"><img loading=\"lazy\" decoding=\"async\" class=\"wp-image-2576 size-full\" src=\"https:\/\/sandbox.kvalevaag.se\/wp-content\/uploads\/2015\/01\/mammen.jpg\" alt=\"mammen\" width=\"205\" height=\"118\" \/><\/a><figcaption id=\"caption-attachment-2576\" class=\"wp-caption-text\">Klicka f\u00f6r rekonstruerad bild av yxan<\/figcaption><\/figure>\n<p><strong>Yxor<\/strong><br \/>De vikingar som inte hade r\u00e5d med sv\u00e4rd anv\u00e4nde ist\u00e4llet en stridsyxa.<br \/>Det \u00e4r bara ett f\u00e5tal fynd av rikt dekorerade yxor man funnit i gravar. Ett s\u00e5dant fynd \u00e4r en yxa som gr\u00e4vdes fram fr\u00e5n en kammargrav i Mammen p\u00e5 Jylland. Yxan har en rik dekoration av silver gjort med en teknik som kallas &#8221;tauschering&#8221; \u00e4del metall har hamrats in i sp\u00e5r p\u00e5 j\u00e4rnet. Annars f\u00e5r yxan ses som ett vanligt verktyg f\u00f6r de flesta. Man timrade eller f\u00e4llde tr\u00e4d med dem. N\u00e4r det s\u00e5 beh\u00f6vdes anv\u00e4ndes de som vapen. Modellen kunde vara som p\u00e5 bilden nertill sk\u00e4ggyxa eller bredyxa.<\/p>\n<p>\u00a0<\/p>\n<p><strong><a href=\"\/vikingaskepp\/index.html\"><img loading=\"lazy\" decoding=\"async\" class=\"alignleft wp-image-8212 size-full\" src=\"https:\/\/sandbox.kvalevaag.se\/wp-content\/uploads\/2020\/04\/Vingaskepp.jpg\" alt=\"\" width=\"350\" height=\"122\" srcset=\"https:\/\/sandbox.kvalevaag.se\/wp-content\/uploads\/2020\/04\/Vingaskepp.jpg 350w, https:\/\/sandbox.kvalevaag.se\/wp-content\/uploads\/2020\/04\/Vingaskepp-300x105.jpg 300w\" sizes=\"(max-width: 350px) 100vw, 350px\" \/><\/a>Vikingarnas l\u00e5ngskepp<\/strong> var byggda som krigsfartyg, snabb kunde de f\u00e4rdas i ca 11\u201314 knop, drevs oftast av 12 par \u00e5ror. Seglen var stora fyrkantiga och gjorda av ylletyg. <br \/><strong><a href=\"https:\/\/sandbox.kvalevaag.se\/vikingaskepp\/index.html\" target=\"_blank\" rel=\"noopener noreferrer\">L\u00e4s mer om vikingaskeppens<\/a><\/strong> konstruktion, segeltillverkning och ber\u00f6mda skepp och deras vikingah\u00e4rjningar.<\/p>\n<p>\u00a0<\/p>\n<p><strong><a href=\"\/Runor\/index.html\"><img loading=\"lazy\" decoding=\"async\" class=\"alignright wp-image-8213 size-full\" src=\"https:\/\/sandbox.kvalevaag.se\/wp-content\/uploads\/2020\/04\/Vapenrunor.jpg\" alt=\"\" width=\"350\" height=\"114\" srcset=\"https:\/\/sandbox.kvalevaag.se\/wp-content\/uploads\/2020\/04\/Vapenrunor.jpg 350w, https:\/\/sandbox.kvalevaag.se\/wp-content\/uploads\/2020\/04\/Vapenrunor-300x98.jpg 300w\" sizes=\"(max-width: 350px) 100vw, 350px\" \/><\/a><\/strong><\/p>\n<p><strong>Runor<\/strong> finner man p\u00e5 vapen och smycken. Bland de \u00e4ldsta runorna som har hittats i Sverige finns p\u00e5 en spjutspets fr\u00e5n Mos i Stenkyrka p\u00e5 Gotland. Den \u00e4r fr\u00e5n mitten av 200-talet e. Kr. Det finns bara fem runor p\u00e5 spjutbladet. \u00d6versatt till latinska bokst\u00e4ver st\u00e5r det<em> \u201dsioag\u201d<\/em>. Ingen vet s\u00e4kert vad det betyder. <br \/><strong><a href=\"https:\/\/sandbox.kvalevaag.se\/Runor\/index.html\" target=\"_blank\" rel=\"noopener noreferrer\">L\u00e4r dig mer om runsystemet<\/a><\/strong>, hur de l\u00e4t och ta del av <em>&#8221;Ingvar den vittfarnes&#8221;<\/em> resa \u00f6sterut omkring 1040.<\/p>\n<p>\u00a0<\/p>\n<p><strong>Pilb\u00e5gen<\/strong><br \/>Som jaktvapen var pilb\u00e5gen utm\u00e4rkt men f\u00f6rekom ocks\u00e5 mycket i strid. Stridsuppst\u00e4llning med b\u00e5gskyttar i fr\u00e4msta ledet f\u00f6rekom och Normanderna fortsatte att anv\u00e4nda sig av b\u00e5gskyttar. Ett effektivt vapen som \u00f6ppnade striden p\u00e5 l\u00e5ngt h\u00e5ll innan sj\u00e4lva handgem\u00e4nget b\u00f6rjade.<\/p>\n<figure id=\"attachment_2587\" aria-describedby=\"caption-attachment-2587\" style=\"width: 800px\" class=\"wp-caption aligncenter\"><a href=\"wp-content\/uploads\/2015\/01\/Vikingatida_bagskyttet.pdf\" target=\"_blank\" rel=\"noopener noreferrer\"><img loading=\"lazy\" decoding=\"async\" class=\"wp-image-2587 size-full\" src=\"https:\/\/sandbox.kvalevaag.se\/wp-content\/uploads\/2015\/01\/pilb\u00e5ge.jpg\" alt=\"pilb\u00e5ge\" width=\"800\" height=\"144\" srcset=\"https:\/\/sandbox.kvalevaag.se\/wp-content\/uploads\/2015\/01\/pilb\u00e5ge.jpg 800w, https:\/\/sandbox.kvalevaag.se\/wp-content\/uploads\/2015\/01\/pilb\u00e5ge-300x54.jpg 300w\" sizes=\"(max-width: 800px) 100vw, 800px\" \/><\/a><figcaption id=\"caption-attachment-2587\" class=\"wp-caption-text\">L\u00e4s mer om det vikingatida b\u00e5gskyttet i Birka<\/figcaption><\/figure>\n<p>Se filmen om sv\u00e4rd fr\u00e5n Historiska museet hur vapen anv\u00e4ndes under vikingatiden.<\/p>\n<p><iframe loading=\"lazy\" title=\"Vikingar Smeden och vapen del 6 Sv\u00e4rdet\" width=\"1140\" height=\"855\" src=\"https:\/\/www.youtube.com\/embed\/ywhgAz_O0nU?feature=oembed\" frameborder=\"0\" allow=\"accelerometer; autoplay; clipboard-write; encrypted-media; gyroscope; picture-in-picture\" allowfullscreen><\/iframe><\/p>\n<p>Allan Kvalevaag <br \/>2020-04-03<\/p>\n<\/div><\/div>\n","protected":false},"excerpt":{"rendered":"<p>StridskonstenVikingarnas vapen var ofta utsmyckade med b\u00e5de guld- och silverinl\u00e4ggningar. Naturligtvis var det mest de framst\u00e5ende krigarna som hade r\u00e5d med denna utsmyckning. Fynd visar att man p\u00e5 den tiden ans\u00e5g vapnen som viktiga och betydelsefulla. Det annars vanligaste materialet var horn som utsmyckning. Det mest i\u00f6gonfallande var att vikingarna var utrustade med en sk\u00f6ld. [&hellip;]<\/p>\n","protected":false},"author":1,"featured_media":0,"parent":0,"menu_order":0,"comment_status":"closed","ping_status":"open","template":"","meta":{"_monsterinsights_skip_tracking":false,"_monsterinsights_sitenote_active":false,"_monsterinsights_sitenote_note":"","_monsterinsights_sitenote_category":0,"footnotes":""},"_links":{"self":[{"href":"https:\/\/sandbox.kvalevaag.se\/index.php?rest_route=\/wp\/v2\/pages\/2567"}],"collection":[{"href":"https:\/\/sandbox.kvalevaag.se\/index.php?rest_route=\/wp\/v2\/pages"}],"about":[{"href":"https:\/\/sandbox.kvalevaag.se\/index.php?rest_route=\/wp\/v2\/types\/page"}],"author":[{"embeddable":true,"href":"https:\/\/sandbox.kvalevaag.se\/index.php?rest_route=\/wp\/v2\/users\/1"}],"replies":[{"embeddable":true,"href":"https:\/\/sandbox.kvalevaag.se\/index.php?rest_route=%2Fwp%2Fv2%2Fcomments&post=2567"}],"version-history":[{"count":19,"href":"https:\/\/sandbox.kvalevaag.se\/index.php?rest_route=\/wp\/v2\/pages\/2567\/revisions"}],"predecessor-version":[{"id":8768,"href":"https:\/\/sandbox.kvalevaag.se\/index.php?rest_route=\/wp\/v2\/pages\/2567\/revisions\/8768"}],"wp:attachment":[{"href":"https:\/\/sandbox.kvalevaag.se\/index.php?rest_route=%2Fwp%2Fv2%2Fmedia&parent=2567"}],"curies":[{"name":"wp","href":"https:\/\/api.w.org\/{rel}","templated":true}]}}