{"id":2780,"date":"2015-07-14T05:38:32","date_gmt":"2015-07-14T05:38:32","guid":{"rendered":"http:\/\/www.kvalevaag.se\/?page_id=2780"},"modified":"2022-05-07T04:59:08","modified_gmt":"2022-05-07T04:59:08","slug":"forlisningar","status":"publish","type":"page","link":"https:\/\/sandbox.kvalevaag.se\/?page_id=2780","title":{"rendered":"F\u00f6rlisningar"},"content":{"rendered":"<p><img loading=\"lazy\" decoding=\"async\" class=\"size-full wp-image-2984 alignright\" src=\"https:\/\/sandbox.kvalevaag.se\/wp-content\/uploads\/2015\/07\/disasters_1.jpg\" alt=\"\" width=\"306\" height=\"400\" srcset=\"https:\/\/sandbox.kvalevaag.se\/wp-content\/uploads\/2015\/07\/disasters_1.jpg 306w, https:\/\/sandbox.kvalevaag.se\/wp-content\/uploads\/2015\/07\/disasters_1-230x300.jpg 230w\" sizes=\"(max-width: 306px) 100vw, 306px\" \/>Under alla \u00e5r som m\u00e4nniskan f\u00e4rdats p\u00e5 havet har det f\u00f6rekommit f\u00f6rlisningar, allt fr\u00e5n sm\u00e5 gl\u00f6mda till stora katastrofer.<br \/>\nUnder rubriken &#8221;f\u00f6rlisningar&#8221; presenterar jag olika sl\u00e4ktingar som omkommit i samband med\u00a0 f\u00f6rlisningar. I min sl\u00e4kt har det funnits m\u00e5nga sj\u00f6m\u00e4n, fiskare och emigranter som vistats p\u00e5 havet. Enstaka h\u00e4ndelser \u00e4r otaliga och kommer inte att tas upp h\u00e4r utan bara de som utm\u00e4rker sig p\u00e5 ett eller annat s\u00e4tt.<\/p>\n<p><strong><a href=\"?page_id=2964\">D\/S Avaldsn\u00e6s<br \/>\n<\/a><a href=\"?page_id=9341\">D\/S Bisp<\/a><br \/>\n<a href=\"?page_id=2782\">P\/S Eidsvold<\/a><br \/>\n<a href=\"?page_id=6173\">D\/S Folgefonden<\/a><br \/>\n<a href=\"?page_id=2932\">D\/S Jarlen<\/a><br \/>\n<a href=\"?page_id=8901\">M\/S Midnight Sun<\/a><br \/>\n<\/strong><strong><a href=\"?page_id=2994\">D\/S Norge<\/a><br \/>\n<a href=\"?page_id=2820\">R\u00f8v\u00e6r olyckan<\/a><br \/>\n<\/strong><strong><a href=\"?page_id=8035\">M\/S Sanct Svithun<\/a><br \/>\n<a href=\"?page_id=9213\">D\/S Skoghaug<\/a><\/strong><br \/>\n<strong><a href=\"?page_id=4330\">D\/S Thor<\/a> <\/strong><strong><br \/>\n<a href=\"?page_id=8576\">M\/S Vindafjord<\/a><\/strong><br \/>\n<strong><br \/>\n<\/strong>N\u00e5gra l\u00e4nkar som kan vara intressanta:<\/p>\n<p>Norges st\u00f6rsta dyk sida, <strong><a href=\"https:\/\/www.dykkepedia.com\/wiki\/Forside\" target=\"_blank\" rel=\"noopener noreferrer\">dykkepedia<\/a><\/strong><br \/>\nStora <strong><a href=\"https:\/\/www.norwayheritage.com\/articles\/templates\/Ships_Voyages_Disasters.asp?articleid=13&amp;zoneid=16#disasters\" target=\"_blank\" rel=\"noopener noreferrer\">fartygskatastrofer (Great Disasters)<\/a><\/strong><br \/>\nLista \u00f6ver <strong><a href=\"https:\/\/sv.unionpedia.org\/Lista_%C3%B6ver_svenska_vrak\" target=\"_blank\" rel=\"noopener noreferrer\">svenska vrak<\/a><\/strong><\/p>\n<p>Allan Kvalevaag<br \/>\n2022-05-07<\/p>\n","protected":false},"excerpt":{"rendered":"<p>Under alla \u00e5r som m\u00e4nniskan f\u00e4rdats p\u00e5 havet har det f\u00f6rekommit f\u00f6rlisningar, allt fr\u00e5n sm\u00e5 gl\u00f6mda till stora katastrofer. Under rubriken &#8221;f\u00f6rlisningar&#8221; presenterar jag olika sl\u00e4ktingar som omkommit i samband med\u00a0 f\u00f6rlisningar. I min sl\u00e4kt har det funnits m\u00e5nga sj\u00f6m\u00e4n, fiskare och emigranter som vistats p\u00e5 havet. Enstaka h\u00e4ndelser \u00e4r otaliga och kommer inte att [&hellip;]<\/p>\n","protected":false},"author":1,"featured_media":0,"parent":16,"menu_order":0,"comment_status":"closed","ping_status":"closed","template":"","meta":{"_monsterinsights_skip_tracking":false,"_monsterinsights_sitenote_active":false,"_monsterinsights_sitenote_note":"","_monsterinsights_sitenote_category":0,"footnotes":""},"_links":{"self":[{"href":"https:\/\/sandbox.kvalevaag.se\/index.php?rest_route=\/wp\/v2\/pages\/2780"}],"collection":[{"href":"https:\/\/sandbox.kvalevaag.se\/index.php?rest_route=\/wp\/v2\/pages"}],"about":[{"href":"https:\/\/sandbox.kvalevaag.se\/index.php?rest_route=\/wp\/v2\/types\/page"}],"author":[{"embeddable":true,"href":"https:\/\/sandbox.kvalevaag.se\/index.php?rest_route=\/wp\/v2\/users\/1"}],"replies":[{"embeddable":true,"href":"https:\/\/sandbox.kvalevaag.se\/index.php?rest_route=%2Fwp%2Fv2%2Fcomments&post=2780"}],"version-history":[{"count":16,"href":"https:\/\/sandbox.kvalevaag.se\/index.php?rest_route=\/wp\/v2\/pages\/2780\/revisions"}],"predecessor-version":[{"id":9384,"href":"https:\/\/sandbox.kvalevaag.se\/index.php?rest_route=\/wp\/v2\/pages\/2780\/revisions\/9384"}],"up":[{"embeddable":true,"href":"https:\/\/sandbox.kvalevaag.se\/index.php?rest_route=\/wp\/v2\/pages\/16"}],"wp:attachment":[{"href":"https:\/\/sandbox.kvalevaag.se\/index.php?rest_route=%2Fwp%2Fv2%2Fmedia&parent=2780"}],"curies":[{"name":"wp","href":"https:\/\/api.w.org\/{rel}","templated":true}]}}