{"id":2820,"date":"2015-07-16T08:09:33","date_gmt":"2015-07-16T08:09:33","guid":{"rendered":"http:\/\/www.kvalevaag.se\/?page_id=2820"},"modified":"2021-04-24T14:10:10","modified_gmt":"2021-04-24T14:10:10","slug":"rovaer-olyckan","status":"publish","type":"page","link":"https:\/\/sandbox.kvalevaag.se\/?page_id=2820","title":{"rendered":"R\u00f8v\u00e6r olyckan"},"content":{"rendered":"<p><strong>Et tungt Budskab f\u00f8rer vi med os&#8230;<\/strong><br \/>\n<img loading=\"lazy\" decoding=\"async\" class=\"alignleft wp-image-2821 size-medium\" src=\"https:\/\/sandbox.kvalevaag.se\/wp-content\/uploads\/2015\/07\/Illustrasjonsfoto-300x203.jpg\" alt=\"Illustrasjonsfoto\" width=\"300\" height=\"203\" srcset=\"https:\/\/sandbox.kvalevaag.se\/wp-content\/uploads\/2015\/07\/Illustrasjonsfoto-300x203.jpg 300w, https:\/\/sandbox.kvalevaag.se\/wp-content\/uploads\/2015\/07\/Illustrasjonsfoto-387x260.jpg 387w, https:\/\/sandbox.kvalevaag.se\/wp-content\/uploads\/2015\/07\/Illustrasjonsfoto.jpg 520w\" sizes=\"(max-width: 300px) 100vw, 300px\" \/>Fredag 13 oktober 1899 f\u00f6r\u00e4ndrades livet f\u00f6r inv\u00e5narna p\u00e5 R\u00f8v\u00e6r. En tragisk olycka drabbade det lilla samh\u00e4llet p\u00e5 \u00f6n h\u00e5rt. 30 personer f\u00f6rsvann i havet efter den storm som h\u00e4rjade l\u00e4ngs kusten. Redan n\u00e4r pr\u00e4sten Sigvald Nilsen kom med d\u00f6dsbudet anade de olyckan.<\/p>\n<p>R\u00f8v\u00e6r som ligger en mil nordv\u00e4st om Haugesund \u00e4r inte bara namnet p\u00e5 den st\u00f6rsta \u00f6n utan \u00e4ven f\u00f6r hela \u00f6-gruppen. \u00c5ret 1899 hade inte R\u00f8v\u00e6r egen kyrkog\u00e5rd, de avlidna begravdes d\u00e5 p\u00e5 Udland kyrkog\u00e5rd i Sk\u00e5re kommun. Haldis Serina Larsdotter skulle begravas p\u00e5 Udland n\u00e4r begravningst\u00e5get med 31 personer gick ombord p\u00e5 Lister-sk\u00f8yta som skulle ta dem till Haugesund. Seglet hissades, och sakta gled sk\u00f8yta ut genom Suggev\u00e5gen i R\u00f8v\u00e6r med flaggan p\u00e5 halv st\u00e5ng. N\u00e4r sk\u00f8yta f\u00f6rsvann genom Mj\u00f8rsund hissades flaggan. En gammal kvinna som stod p\u00e5 kajen fr\u00e5gade gamle lotsen Torkel vad det betydde.<br \/>\n<strong><em>-Det betyr det siste farvel for na Serina det, svarte han.<\/em><\/strong><\/p>\n<figure id=\"attachment_7611\" aria-describedby=\"caption-attachment-7611\" style=\"width: 300px\" class=\"wp-caption alignright\"><img loading=\"lazy\" decoding=\"async\" class=\"wp-image-7611 size-full\" src=\"https:\/\/sandbox.kvalevaag.se\/wp-content\/uploads\/2019\/05\/Listerskoyta_2.jpg\" alt=\"\" width=\"300\" height=\"225\" \/><figcaption id=\"caption-attachment-7611\" class=\"wp-caption-text\">F\u00f6rmodligen var det denna Lister-sk\u00f8yta som f\u00f6rliste. Fotograferad utanf\u00f6r b\u00e5thuset p\u00e5 R\u00f8v\u00e6r.<\/figcaption><\/figure>\n<p>Ingen anade d\u00e5 att det var det sista farv\u00e4l f\u00f6r 30 av dem som var ombord p\u00e5 sk\u00f8yta. N\u00e4r begravningst\u00e5get ankom Haugesund var de tvungna att g\u00e5 till Udland kyrkog\u00e5rd. Det var l\u00e5ngt att g\u00e5 fram och tillbaka s\u00e5 de var inte ombord igen f\u00f6rr\u00e4n kl. 17:30. Vinden hade nu \u00f6kat till nordv\u00e4stlig kuling. Det blev en del diskussion och oenighet om de skulle dra hem till R\u00f8v\u00e6r eller \u00f6vernatta. De \u00e4ldsta ville hellre v\u00e4nta tills v\u00e4dret hade f\u00f6rb\u00e4ttrats medan de yngre ville \u00e5ka hem. Listersk\u00f8yta p\u00e5 17 ton var den st\u00f6rsta och b\u00e4sta p\u00e5 R\u00f8v\u00e6r och hade varit ute i storm tidigare under makrillfiske i Nordsj\u00f6n. Det beslutades d\u00e4rf\u00f6r att de skulle trotsa v\u00e4dret och fara hem. Endast Ola R\u00f8v\u00e6r blev kvar i Haugesund, han skulle g\u00f6ra n\u00e5gra \u00e4renden och ville vara kvar i staden till dagen efter. 23 m\u00e4n, fyra kvinnor och tre barn fanns ombord n\u00e4r sk\u00f8yta passerade Tonjer fyr och seglade ut p\u00e5 det \u00f6ppna havet.<\/p>\n<figure id=\"attachment_2823\" aria-describedby=\"caption-attachment-2823\" style=\"width: 300px\" class=\"wp-caption alignleft\"><a href=\"https:\/\/sandbox.kvalevaag.se\/wp-content\/uploads\/2015\/07\/Svanberg.jpg\"><img loading=\"lazy\" decoding=\"async\" class=\"wp-image-2823 size-medium\" src=\"https:\/\/sandbox.kvalevaag.se\/wp-content\/uploads\/2015\/07\/Svanberg-300x206.jpg\" alt=\"\" width=\"300\" height=\"206\" srcset=\"https:\/\/sandbox.kvalevaag.se\/wp-content\/uploads\/2015\/07\/Svanberg-300x206.jpg 300w, https:\/\/sandbox.kvalevaag.se\/wp-content\/uploads\/2015\/07\/Svanberg.jpg 515w\" sizes=\"(max-width: 300px) 100vw, 300px\" \/><\/a><figcaption id=\"caption-attachment-2823\" class=\"wp-caption-text\">Martha Magdalena Svanberg med barnen Talanja Elisabeth, Henry Magnus, Carl Johan och Thorkel<\/figcaption><\/figure>\n<p>Vid \u201dBroteskjeret\u201d gick det fruktansv\u00e4rt galet. Stormen tilltog i styrka och masten br\u00f6ts s\u00e5 att sk\u00f8yta blev utan segel. Efter olyckan uppt\u00e4cktes det att rorkulten var bruten och att masten hade en svaghet n\u00e4r tv\u00e5 kvistar gick mot varandra. Ombord fanns m\u00e5nga erfarna seglare men det var en hoppl\u00f6s kamp mot v\u00e4dret som utk\u00e4mpades.<br \/>\nListersk\u00f8yta drev och gick p\u00e5 revet, alla ombord hamnade i havet. De k\u00e4mpade f\u00f6r livet men \u00e4ven den duktiga simmaren Osmund Gautesen var tvungen att ge upp. Han hittades senare n\u00e4ra kajen helt innanf\u00f6r Dalsv\u00e5gen. Den erfarne sj\u00f6mannen och fiskare<\/p>\n<figure id=\"attachment_3065\" aria-describedby=\"caption-attachment-3065\" style=\"width: 300px\" class=\"wp-caption alignright\"><img loading=\"lazy\" decoding=\"async\" class=\"size-full wp-image-3065\" src=\"https:\/\/sandbox.kvalevaag.se\/wp-content\/uploads\/2015\/07\/Broteskjeret-1.jpg\" alt=\"Minnesm\u00e4rke p\u00e5 Broteskjeret d\u00e4r olyckan skedde\" width=\"300\" height=\"200\" \/><figcaption id=\"caption-attachment-3065\" class=\"wp-caption-text\">Minnesm\u00e4rke p\u00e5 Broteskjeret d\u00e4r olyckan skedde<\/figcaption><\/figure>\n<p>Nils Magnus Svanberg var en av m\u00e5nga som l\u00e4mnade efter sig fru och barn.Martha Magdalena Svanberg f\u00f6rlorade sin man och fyra barn, Talanja Elisabeth, Henry Magnus, Carl Johan och Thorkels blev faderl\u00f6sa. I R\u00f8v\u00e6r trodde man att begravningst\u00e5get hade stannat kvar i Haugesund i v\u00e4ntan p\u00e5 att stormen skulle ge med sig. Dagen efter b\u00f6rjade n\u00e5gra spana efter sk\u00f8yta men n\u00e4r l\u00f6rdagskv\u00e4llen kom var den fortfarande inte synlig. P\u00e5 s\u00f6ndagen b\u00f6rjade man bli orolig. V\u00e4dret var bra och begravningst\u00e5get borde varit tillbaka p\u00e5 R\u00f8v\u00e6r. En sk\u00f8yta gjordes redo att segla och s\u00e4tter kurs mot Haugesund f\u00f6r att ta reda p\u00e5 vad som h\u00e4nt. Ute p\u00e5 fjorden m\u00f6tte man D\/S Avaldsn\u00e6s. \u00c5ngaren var p\u00e5 v\u00e4g till R\u00f8v\u00e6r med det sorgliga d\u00f6dsbudet. Det fanns ingen telefon p\u00e5 R\u00f8v\u00e6r vid denna tidpunkt. Ombord p\u00e5 Avaldsn\u00e6s fanns pastor Sigvart Nielsen och n\u00e5gra v\u00e4nner och bekanta f\u00f6r inv\u00e5narna p\u00e5 R\u00f8v\u00e6r. Redan innan Avaldsn\u00e6s hade anlagt bryggan ante man att n\u00e5got tragiskt hade skett. N\u00e4r pastor Nielsen steg iland gick aningarna \u00f6ver till vishet. Men omfattningen av olyckan f\u00f6rstod de f\u00f6rst n\u00e4r Ola R\u00f8v\u00e6r steg i land. Han skakade p\u00e5 huvudet och sa:<br \/>\n<strong><em>-Adle e g\u00e5ne<\/em><\/strong><\/p>\n<figure id=\"attachment_7426\" aria-describedby=\"caption-attachment-7426\" style=\"width: 300px\" class=\"wp-caption alignright\"><a href=\"wp-content\/uploads\/2019\/01\/Rovaerulykken_Stavanger_Aftenblad_1899-10-21.jpg\"><img loading=\"lazy\" decoding=\"async\" class=\"wp-image-7426 size-full\" src=\"https:\/\/sandbox.kvalevaag.se\/wp-content\/uploads\/2019\/01\/Artikel.jpg\" alt=\"\" width=\"300\" height=\"221\" \/><\/a><figcaption id=\"caption-attachment-7426\" class=\"wp-caption-text\">Klicka f\u00f6r st\u00f6rre artikel<\/figcaption><\/figure>\n<p>Sorgen spred sig och elva \u00e4nkor l\u00e4mnades med 37 faderl\u00f6sa barn. Det fanns nu bara fem vuxna m\u00e4n kvar p\u00e5 \u00f6n, f\u00f6rutom tv\u00e5 konfirmerade pojkar. Pr\u00e4sten och de andra som var med fr\u00e5n Haugesund tr\u00f6stade och lugnade s\u00e5 gott de kunde. De stannade till n\u00e4sta dag f\u00f6r att hj\u00e4lpa \u00e4nkor och barn. En av de omkomna var lotsen Peder Johan Thorkilsen hade handlat mat f\u00f6r en hel vecka i Haugesund f\u00f6r sig sj\u00e4lv och sin familj. Hemma hos den 36-\u00e5riga hustru Bertha och deras sex barn fanns nu ingen mat. Tyst och stilla mottog \u00e4nka det fruktansv\u00e4rda budskapet.<br \/>\nEfter helgen var det fint v\u00e4der och havet var stilla, att man med hj\u00e4lp av vattenkikare kunde se kropparna p\u00e5 havsbotten. Alla de omkomna blev funna och de flesta hittade i n\u00e4rheten av revet d\u00e4r olyckan intr\u00e4ffat. Kropparna f\u00f6rdes till Christian Christiansen b\u00e5thus i Haugesund d\u00e4r de anh\u00f6riga till slut kunde ta hand om dem. Begravningen \u00e4gde rum i Sk\u00e5re kyrka l\u00f6rdagen 21 oktober och de flesta begravdes i en stor gemensam grav p\u00e5 Udland kyrkog\u00e5rd. Det var stor delaktighet i begravningen, \u00e4ven folk fr\u00e5n omgivande byar kom. I Haugesund var butiker st\u00e4ngda, skolorna l\u00e4t barnen vara lediga. I hela staden flaggade de p\u00e5 halv st\u00e5ng, alladelade sorgen och p\u00e5 begravningen h\u00f6rdes s\u00e5ngen:<\/p>\n<p><strong><em>De krysset ut en redsels dag,<\/em><\/strong><\/p>\n<p><strong> <em>i b\u00f8lgebrus og stormens brak,<\/em><\/strong><br \/>\n<strong> <em>og sank med hjem for \u00f8ye.<\/em><\/strong><br \/>\n<strong> <em>Herre, du gi tr\u00f8st av det h\u00f8ye.<\/em><\/strong><\/p>\n<figure id=\"attachment_2833\" aria-describedby=\"caption-attachment-2833\" style=\"width: 300px\" class=\"wp-caption alignright\"><a href=\"wp-content\/uploads\/2015\/07\/Udland_grav_big.jpg\"><img loading=\"lazy\" decoding=\"async\" class=\"wp-image-2833 size-medium\" src=\"https:\/\/sandbox.kvalevaag.se\/wp-content\/uploads\/2015\/07\/Udland_grav-300x215.jpg\" alt=\"Gaut Andreas Trulsen 1859 \u2013 1899 grav p\u00e5 Udland\" width=\"300\" height=\"215\" srcset=\"https:\/\/sandbox.kvalevaag.se\/wp-content\/uploads\/2015\/07\/Udland_grav-300x215.jpg 300w, https:\/\/sandbox.kvalevaag.se\/wp-content\/uploads\/2015\/07\/Udland_grav.jpg 419w\" sizes=\"(max-width: 300px) 100vw, 300px\" \/><\/a><figcaption id=\"caption-attachment-2833\" class=\"wp-caption-text\">Gaut Andreas Trulsen 1859 \u2013 1899 grav p\u00e5 Udland<\/figcaption><\/figure>\n<p>De \u00e5terst\u00e5ende familjerna befann sig i en mycket sv\u00e5r situation efter f\u00f6rlusten av sina f\u00f6rs\u00f6rjare. Men hela landet mobiliserades n\u00e4r de h\u00f6rde talas om olyckan och insamlingar inleddes f\u00f6r att st\u00f6dja de \u00e5terst\u00e5ende \u00e4nkor och barn. Ocks\u00e5 fr\u00e5n Amerika kom det pengar. Totalt samlades det in ca: 75000 kronor till de efterlevande. Det uppr\u00e4ttades \u00e4ven en R\u00f8v\u00e6r fond och denna avslutades inte f\u00f6rr\u00e4n 1950. Som en direkt f\u00f6ljd av olyckan blev R\u00f8v\u00e6r kyrkog\u00e5rd anlagd 1901. 1951 restes ett minnesm\u00e4rke \u00f6ver R\u00f8v\u00e6r olyckans offer som \u00e4r placerat vid kapellet i R\u00f8v\u00e6r.<\/p>\n<p>I det lilla huset vid Kanalen p\u00e5 R\u00f8v\u00e6r drev Sjur Eriksen M\u00e6land handelsbod. Han var en av dem som omkom i f\u00f6rlisningen. Senare \u00f6vertog sonen Sivert huset och fortsatte fr\u00e5n \u00e5r 1900 driva butiken vidare. Han hade \u00f6ppet hela \u00e5ret och fortsatte med det fram till hans d\u00f6d 1945. Det \u00e4r tack vare Sivert vi k\u00e4nner till mycket om livet f\u00f6rr p\u00e5 R\u00f8v\u00e6r. Han skrev n\u00e4mligen dagbok om allt som skedde p\u00e5 \u00f6n. Det var inte enkelt att vara handelsman i dessa fisketider, ena dagen var det fullt med folk som beh\u00f6vde br\u00f6d, matvaror och annat till att n\u00e4sta dag var de ute och fiskade sill p\u00e5 en helt annan plats.<\/p>\n<p>En del av de omkomna \u00e4r sl\u00e4ktingar till mig:<br \/>\nKonrad August Iversen 1882-1899, 16 \u00e5r<br \/>\nJohn Mathias Gautsen 1882-1899, 16 \u00e5r<br \/>\nKonrad Emil Trulssen 1874-1899, 25 \u00e5r<br \/>\nArnt Johan Trulsen 1869-1899. 30 \u00e5r<br \/>\nGaut Andreas Trulsen 1859-1899, 40 \u00e5r<br \/>\nSjur Eriksen M\u00e6land 1845-1899, 54 \u00e5r<br \/>\nOsmund Gautesen 1833-1899, 66 \u00e5r<br \/>\nSvend Hansen 1861-1899, 38 \u00e5r<br \/>\nAnna Krisitne Knutsdatter 1884-1899, 15 \u00e5r<br \/>\nAnne Martha Olsdatter 1883-1899, 16 \u00e5r<br \/>\nJohn Mathias Olsen 1880-1899, 18 \u00e5r<\/p>\n<p>Gaut Andreas Trulsen barnbarn Thor Otto Gautesen omkommer 9 april 1940 i Narvik p\u00e5 <strong><a href=\"?page_id=2782\">P\/S Eidsvold<\/a><\/strong>.<\/p>\n<p>K\u00e4lla: Originaltext <a href=\"https:\/\/www.erlingjensen.net\/rovaerulykken\/\" target=\"_blank\" rel=\"noopener noreferrer\">Erling Jensen<\/a><br \/>\nAllan Kvalevaag<br \/>\n2020-01-28<\/p>\n","protected":false},"excerpt":{"rendered":"<p>Et tungt Budskab f\u00f8rer vi med os&#8230; Fredag 13 oktober 1899 f\u00f6r\u00e4ndrades livet f\u00f6r inv\u00e5narna p\u00e5 R\u00f8v\u00e6r. En tragisk olycka drabbade det lilla samh\u00e4llet p\u00e5 \u00f6n h\u00e5rt. 30 personer f\u00f6rsvann i havet efter den storm som h\u00e4rjade l\u00e4ngs kusten. Redan n\u00e4r pr\u00e4sten Sigvald Nilsen kom med d\u00f6dsbudet anade de olyckan. R\u00f8v\u00e6r som ligger en mil [&hellip;]<\/p>\n","protected":false},"author":1,"featured_media":0,"parent":2780,"menu_order":0,"comment_status":"closed","ping_status":"closed","template":"","meta":{"_monsterinsights_skip_tracking":false,"_monsterinsights_sitenote_active":false,"_monsterinsights_sitenote_note":"","_monsterinsights_sitenote_category":0,"footnotes":""},"_links":{"self":[{"href":"https:\/\/sandbox.kvalevaag.se\/index.php?rest_route=\/wp\/v2\/pages\/2820"}],"collection":[{"href":"https:\/\/sandbox.kvalevaag.se\/index.php?rest_route=\/wp\/v2\/pages"}],"about":[{"href":"https:\/\/sandbox.kvalevaag.se\/index.php?rest_route=\/wp\/v2\/types\/page"}],"author":[{"embeddable":true,"href":"https:\/\/sandbox.kvalevaag.se\/index.php?rest_route=\/wp\/v2\/users\/1"}],"replies":[{"embeddable":true,"href":"https:\/\/sandbox.kvalevaag.se\/index.php?rest_route=%2Fwp%2Fv2%2Fcomments&post=2820"}],"version-history":[{"count":35,"href":"https:\/\/sandbox.kvalevaag.se\/index.php?rest_route=\/wp\/v2\/pages\/2820\/revisions"}],"predecessor-version":[{"id":8756,"href":"https:\/\/sandbox.kvalevaag.se\/index.php?rest_route=\/wp\/v2\/pages\/2820\/revisions\/8756"}],"up":[{"embeddable":true,"href":"https:\/\/sandbox.kvalevaag.se\/index.php?rest_route=\/wp\/v2\/pages\/2780"}],"wp:attachment":[{"href":"https:\/\/sandbox.kvalevaag.se\/index.php?rest_route=%2Fwp%2Fv2%2Fmedia&parent=2820"}],"curies":[{"name":"wp","href":"https:\/\/api.w.org\/{rel}","templated":true}]}}