{"id":2964,"date":"2016-06-04T19:22:44","date_gmt":"2016-06-04T19:22:44","guid":{"rendered":"http:\/\/www.kvalevaag.se\/?page_id=2964"},"modified":"2022-03-08T05:47:28","modified_gmt":"2022-03-08T05:47:28","slug":"ds-avaldsnaes","status":"publish","type":"page","link":"https:\/\/sandbox.kvalevaag.se\/?page_id=2964","title":{"rendered":"D\/S Avaldsn\u00e6s"},"content":{"rendered":"<p><a href=\"https:\/\/sandbox.kvalevaag.se\/wp-content\/uploads\/2022\/03\/DS_Sandnaes_1.jpg\"><img loading=\"lazy\" decoding=\"async\" class=\"alignright size-medium wp-image-9123\" src=\"https:\/\/sandbox.kvalevaag.se\/wp-content\/uploads\/2022\/03\/DS_Sandnaes_1-300x145.jpg\" alt=\"\" width=\"300\" height=\"145\" srcset=\"https:\/\/sandbox.kvalevaag.se\/wp-content\/uploads\/2022\/03\/DS_Sandnaes_1-300x145.jpg 300w, https:\/\/sandbox.kvalevaag.se\/wp-content\/uploads\/2022\/03\/DS_Sandnaes_1.jpg 600w\" sizes=\"(max-width: 300px) 100vw, 300px\" \/><\/a>P\u00e5 m\u00e5ndagsmorgonen den 12 jan 1899 kolliderade D\/S Sandn\u00e6s med D\/S Avaldsn\u00e6s vid B\u00f8neset i Karmsundet. D\/S Sandn\u00e6s var byggt 1892 vid Stavangers St\u00f8beri &amp; Dok, Ett \u00e5ngfartyg p\u00e5 188 bruttoton som var kombinerat last- och passagerarfartyg. Senare den 5 december 1951 sj\u00f6nk fartyget i en storm n\u00e4ra inloppet till Mastrafjorden.<\/p>\n<p><a href=\"wp-content\/uploads\/2016\/06\/DS_Avaldsnes_big.jpg\"><img loading=\"lazy\" decoding=\"async\" class=\"alignleft wp-image-2971 size-full\" src=\"https:\/\/sandbox.kvalevaag.se\/wp-content\/uploads\/2016\/06\/DS_Avaldsnes_small.jpg\" width=\"212\" height=\"300\" \/><\/a>D\/S Avaldsn\u00e6s var en tr\u00e4b\u00e5t p\u00e5 35 bruttoton, utrustad med en kompound \u00e5ngmaskin. Fartyget byggdes 1894 av Skaalurens Skibsbyggeri, Rosendal. S\u00e5ldes samma \u00e5r till Avaldsn\u00e6s Dampskibsselskab med hemmahamn Haugesund f\u00f6r att s\u00e4ttas in i trafik mellan Haugesund och Kopervik.<\/p>\n<figure id=\"attachment_9124\" aria-describedby=\"caption-attachment-9124\" style=\"width: 196px\" class=\"wp-caption alignright\"><a href=\"https:\/\/sandbox.kvalevaag.se\/wp-content\/uploads\/2022\/03\/Artikel_Jon_Eliassen_1899-01-14.jpg\"><img loading=\"lazy\" decoding=\"async\" class=\"wp-image-9124 size-medium\" src=\"https:\/\/sandbox.kvalevaag.se\/wp-content\/uploads\/2022\/03\/Artikel_Jon_Eliassen_1899-01-14-196x300.jpg\" alt=\"\" width=\"196\" height=\"300\" srcset=\"https:\/\/sandbox.kvalevaag.se\/wp-content\/uploads\/2022\/03\/Artikel_Jon_Eliassen_1899-01-14-196x300.jpg 196w, https:\/\/sandbox.kvalevaag.se\/wp-content\/uploads\/2022\/03\/Artikel_Jon_Eliassen_1899-01-14.jpg 350w\" sizes=\"(max-width: 196px) 100vw, 196px\" \/><\/a><figcaption id=\"caption-attachment-9124\" class=\"wp-caption-text\">Artikel i Egersundsposten<\/figcaption><\/figure>\n<p>Denna m\u00e5ndagsmorgon stod matrosen ombord p\u00e5 Avaldsn\u00e6s vid rodret medan skeppare Knutsen s\u00e5lde biljetter d\u00e5 det small. Sandn\u00e6s som f\u00e4rdades s\u00f6derifr\u00e5n mot Bergen tr\u00e4ffade Avaldsn\u00e6s mitt p\u00e5 styrbord sida, akter om mesanmasten och kl\u00f6v &#8221;mj\u00f6lkb\u00e5ten&#8221; att den efter n\u00e5gra minuter sj\u00f6nk till 35 famnars djup. B\u00e5da \u00e5ngfartygen visade l\u00e4nge r\u00f6da lanternor men pl\u00f6tsligt visade D\/S Avaldsn\u00e6s gr\u00f6nt sken. Det m\u00e5ste ha varit n\u00e5gra hemska scener som utspelades n\u00e4r b\u00e5ten blev p\u00e5seglad och vattnet str\u00f6mmade in.<\/p>\n\n\n\n\n<p>Det var tre bes\u00e4ttningsmedlemmar och 14 passagerare ombord. Fyra personer omkom vid kollisionen. Mina sl\u00e4ktningar Jon Eliassen f\u00f6dd 17 sep 1829 drunknade tillsammans med Magnus Kolbeinsen som strax skulle ha fyllt 16 \u00e5r den 15 jan, b\u00e5da fr\u00e5n Hinderaker p\u00e5 Avaldsnes. Karl Georg Iversen 15 \u00e5r och Inga Kristine Oftedal 29 \u00e5r gammal gift med min sl\u00e4kting Bernt Mathias Velde, fem barn blev den m\u00e5ndagsmorgonen moderl\u00f6sa.<\/p>\n<p>De lyckades f\u00e5 upp D\/S Avaldsn\u00e6s fr\u00e5n djupet. De reparerade \u00e5ngaren och efter en tid var den \u00e5ter i drift. \u00c5ngb\u00e5ten var en viktig kommunikation f\u00f6r folk och handeln. Mycket mj\u00f6lk fraktades med D\/S Avaldsn\u00e6s. Senare blev \u00e5ngfartyget s\u00e5lt till Vomerdal Ullgarnsfabrik.<\/p>\n<p><img loading=\"lazy\" decoding=\"async\" class=\"wp-image-2979 size-full\" style=\"color: initial;\" src=\"https:\/\/sandbox.kvalevaag.se\/wp-content\/uploads\/2016\/06\/Dampskeppskajen_1.jpg\" alt=\"\" width=\"1100\" height=\"347\" srcset=\"https:\/\/sandbox.kvalevaag.se\/wp-content\/uploads\/2016\/06\/Dampskeppskajen_1.jpg 1100w, https:\/\/sandbox.kvalevaag.se\/wp-content\/uploads\/2016\/06\/Dampskeppskajen_1-300x95.jpg 300w, https:\/\/sandbox.kvalevaag.se\/wp-content\/uploads\/2016\/06\/Dampskeppskajen_1-768x242.jpg 768w, https:\/\/sandbox.kvalevaag.se\/wp-content\/uploads\/2016\/06\/Dampskeppskajen_1-1024x323.jpg 1024w\" sizes=\"(max-width: 1100px) 100vw, 1100px\" \/><\/p>\n\n\u00c5ngb\u00e5tskajen i Haugesund\n\n\n<p>Allan Kvalevaag<br>2022-03-08<\/p>\n","protected":false},"excerpt":{"rendered":"<p>P\u00e5 m\u00e5ndagsmorgonen den 12 jan 1899 kolliderade D\/S Sandn\u00e6s med D\/S Avaldsn\u00e6s vid B\u00f8neset i Karmsundet. D\/S Sandn\u00e6s var byggt 1892 vid Stavangers St\u00f8beri &amp; Dok, Ett \u00e5ngfartyg p\u00e5 188 bruttoton som var kombinerat last- och passagerarfartyg. Senare den 5 december 1951 sj\u00f6nk fartyget i en storm n\u00e4ra inloppet till Mastrafjorden. D\/S Avaldsn\u00e6s var en [&hellip;]<\/p>\n","protected":false},"author":1,"featured_media":0,"parent":2780,"menu_order":0,"comment_status":"closed","ping_status":"closed","template":"","meta":{"_monsterinsights_skip_tracking":false,"_monsterinsights_sitenote_active":false,"_monsterinsights_sitenote_note":"","_monsterinsights_sitenote_category":0,"footnotes":""},"_links":{"self":[{"href":"https:\/\/sandbox.kvalevaag.se\/index.php?rest_route=\/wp\/v2\/pages\/2964"}],"collection":[{"href":"https:\/\/sandbox.kvalevaag.se\/index.php?rest_route=\/wp\/v2\/pages"}],"about":[{"href":"https:\/\/sandbox.kvalevaag.se\/index.php?rest_route=\/wp\/v2\/types\/page"}],"author":[{"embeddable":true,"href":"https:\/\/sandbox.kvalevaag.se\/index.php?rest_route=\/wp\/v2\/users\/1"}],"replies":[{"embeddable":true,"href":"https:\/\/sandbox.kvalevaag.se\/index.php?rest_route=%2Fwp%2Fv2%2Fcomments&post=2964"}],"version-history":[{"count":21,"href":"https:\/\/sandbox.kvalevaag.se\/index.php?rest_route=\/wp\/v2\/pages\/2964\/revisions"}],"predecessor-version":[{"id":9135,"href":"https:\/\/sandbox.kvalevaag.se\/index.php?rest_route=\/wp\/v2\/pages\/2964\/revisions\/9135"}],"up":[{"embeddable":true,"href":"https:\/\/sandbox.kvalevaag.se\/index.php?rest_route=\/wp\/v2\/pages\/2780"}],"wp:attachment":[{"href":"https:\/\/sandbox.kvalevaag.se\/index.php?rest_route=%2Fwp%2Fv2%2Fmedia&parent=2964"}],"curies":[{"name":"wp","href":"https:\/\/api.w.org\/{rel}","templated":true}]}}