{"id":3136,"date":"2016-12-12T14:02:28","date_gmt":"2016-12-12T14:02:28","guid":{"rendered":"http:\/\/www.kvalevaag.se\/?page_id=3136"},"modified":"2022-06-18T17:16:49","modified_gmt":"2022-06-18T17:16:49","slug":"tyskland-historia","status":"publish","type":"page","link":"https:\/\/sandbox.kvalevaag.se\/?page_id=3136","title":{"rendered":"Tysklands historia"},"content":{"rendered":"<p><strong>Tysklands historia<\/strong><br \/>\nTysklands historia har sitt ursprung i det Tysk-romerska riket 843\u20131806. Jag f\u00f6redra att b\u00f6rja fr\u00e5n Rhenf\u00f6rbundet.<a href=\"wp-content\/uploads\/2016\/12\/Map_Imperial_Circles_1512_big.png\"><img loading=\"lazy\" decoding=\"async\" class=\"alignright wp-image-3144 size-full\" src=\"https:\/\/sandbox.kvalevaag.se\/wp-content\/uploads\/2016\/12\/Map_Imperial_Circles_1512_small.png\" width=\"300\" height=\"295\" \/><\/a><\/p>\n<p><strong>Rhenf\u00f6rbundet 1806\u20131813<\/strong><br \/>\nN\u00e4r det Tysk-romerska riket f\u00f6ll samman 1806 bildade 16 tyska furstend\u00f6men Rhenf\u00f6rbundet med Napoleon I som &#8221;beskyddare&#8221;. I praktiken blev de mer som franska satellitstater. Situationen gjorde att den tysk-romerska kejsaren Frans II valde f\u00f6r gott att l\u00e4gga ner kronan och uppl\u00f6sa riket. Frans hade dock sett till att 1804 utropa sig till kejsare Frans I av \u00d6sterrike. Allt fler tyska stater ansl\u00f6t sig nu till Rhenf\u00f6rbundet som varade mellan 1806\u20131813. Efter det franska nederlaget i slaget vid Leipzig 1813 uppl\u00f6stes Rhenf\u00f6rbundet f\u00f6r gott.<\/p>\n<p><strong>Tyska f\u00f6rbundet 1815\u20131866<\/strong><br \/>\nDet tyska f\u00f6rbundet var av Wienkongressen 1815 uppr\u00e4ttat statsf\u00f6rbund best\u00e5ende av 41 tyska stater som ersatte det uppl\u00f6sta Tysk-romerska riket. Den \u00f6sterrikiske kejsaren var tyska f\u00f6rbundets formella \u00f6verhuvud. Preussen som ingick i f\u00f6rbundet hade nu dock blivit en stormakt. F\u00f6rbundet kom att pr\u00e4glas av Preussens och \u00d6sterrikes rivalitet och f\u00f6rbundet uppl\u00f6stes 1866 efter det tyska enhetskriget. Det ersattes av det av Preussen ledda Nordtyska f\u00f6rbundet.<\/p>\n<p><strong><img loading=\"lazy\" decoding=\"async\" class=\"alignright size-full wp-image-9560\" src=\"https:\/\/sandbox.kvalevaag.se\/wp-content\/uploads\/2022\/06\/Skilling_Dansk_FrederikIV-2.gif\" alt=\"\" width=\"200\" height=\"191\" \/>Hertigd\u00f6met av Schleswig\/Holstein<br \/>\n<\/strong>Hertigd\u00f6met av Schleswig och Holstein var i en union med Danmark fr\u00e5n 1460 till 1864. Detta omfattade ocks\u00e5 den delen av Danmark som idag kallas S\u00f8nderjylland (nuvarande kommunerna Haderslev, Aabenraa, S\u00f8nderborg och T\u00f8nder). Hertigd\u00f6met hade egen administration bl.a. var den gamla Jyske lagen till\u00e4mplig, i motsats till i Danmark och Norge, d\u00e4r vi p\u00e5 1600-talet och fram\u00e5t fick flera utg\u00e5vor av monarkens &#8221;Danske Lov&#8221;.<\/p>\n<p><strong>Nordtyska f\u00f6rbundet 1866\u20131871<\/strong><br \/>\nDet Nordtyska f\u00f6rbundet uppstod 1866 som en f\u00f6rsvarsallians av 22 tyska stater norr om floden Main, under preussisk ledning. \u00c5ret d\u00e4rp\u00e5 utvecklades det mer eller mindre till en f\u00f6rbundsstat. Den preussiske ministerpresidenten Otto von Bismarck, som varit drivande i denna utveckling, blev f\u00f6rbundskansler. Ambitionen var att skapa ett samlat tyskt rike enligt den s\u00e5 kallade \u201dLill tyska\u201d l\u00f6sningen med uteslutande av Preussens rival \u00d6sterrike. De sydtyska staterna ansl\u00f6t sig till Nordtyska f\u00f6rbundet i november 1870 som en f\u00f6ljd av fransk-tyska kriget 1870\u20131871. I december 1870 antog f\u00f6rbundet namnet tyska riket. Den 18 januari 1871 blev s\u00e5 kung Vilhelm I av Preussen \u00e4ven tysk kejsare d\u00e5 det nya tyska riket proklamerades i slottet Versailles. Min mormors farfars br\u00f6der Claus och Johann\u00a0 Sch\u00fcmann valde under denna tid att emigrera till Amerika f\u00f6r att slippa milit\u00e4rtj\u00e4nsten och d\u00e4rmed riskera medverka i det kommande kriget.<\/p>\n<p><strong>Kejsard\u00f6met Tyskland 1871\u20131918<\/strong><br \/>\n<a href=\"wp-content\/uploads\/2016\/12\/Deutsches_Reich_1871-1918_big.png\"><img loading=\"lazy\" decoding=\"async\" class=\"alignright wp-image-3142 size-full\" src=\"https:\/\/sandbox.kvalevaag.se\/wp-content\/uploads\/2016\/12\/Deutsches_Reich_1871-1918_small.png\" width=\"300\" height=\"278\" \/><\/a>Under denna tid f\u00f6ddes min mormor och morfar, de fick tre barn. Det tyska kejsard\u00f6met eller som det ibland kallas det \u201dtyska riket\u201d (Deutsches Reich) varade fr\u00e5n den 18 januari 1871 till den 9 november 1918. Riket var en f\u00f6rbundsstat best\u00e5ende av fyra kungariken, sex storhertigd\u00f6men, fem hertigd\u00f6men, sju furstend\u00f6men och tre fria st\u00e4der. D\u00e4rtill kom det s\u00e5 kallade \u201driks landet\u201d Elsass-Lothringen som er\u00f6vrats fr\u00e5n Frankrike under kriget. Kejsard\u00f6met hade utropats direkt efter kriget med den preussiske kungen Vilhelm I som kejsare. Det blev med sin stora befolkning och snabba tillv\u00e4xt en stormakt i Europa. Det tyska kejsarrikets f\u00f6rfattning var i h\u00f6g grad anpassad f\u00f6r Otto Bismarck, som nu hade en nyckelposition som Tysklands rikskansler och preussisk ministerpresident. Det fanns val till parlamentet, <img loading=\"lazy\" decoding=\"async\" class=\"alignleft size-full wp-image-3145\" src=\"https:\/\/sandbox.kvalevaag.se\/wp-content\/uploads\/2016\/12\/Otto_von_Bismarck.png\" alt=\"\" width=\"300\" height=\"446\" srcset=\"https:\/\/sandbox.kvalevaag.se\/wp-content\/uploads\/2016\/12\/Otto_von_Bismarck.png 300w, https:\/\/sandbox.kvalevaag.se\/wp-content\/uploads\/2016\/12\/Otto_von_Bismarck-202x300.png 202w\" sizes=\"(max-width: 300px) 100vw, 300px\" \/>dock med r\u00f6str\u00e4tten begr\u00e4nsad till m\u00e4n och beroende av den r\u00f6standes ekonomi, men rikskanslern var inte ansvarig inf\u00f6r parlamentet utan endast inf\u00f6r kejsaren, varf\u00f6r det ocks\u00e5 talades om att det var en &#8221;kanslerdiktatur&#8221;. Bismarck drev, till liberalernas besvikelse, en alltmer konservativ politik, han drev en s\u00e5 kallad &#8221;Kulturkampf&#8221; mot den katolska kyrkan, och inte minst motarbetades arbetarr\u00f6relsen. \u00c5r 1878 inf\u00f6rdes &#8221;socialist-lagen&#8221;, med f\u00f6rbud f\u00f6r m\u00f6ten och skrifter av socialistisk eller kommunistisk natur och offentlig socialistisk agitation i allm\u00e4nhet. Bismarck var emellertid angel\u00e4gen om att kombinera socialist-lagen med ett socialt lagstiftningsarbete, varigenom han hoppades kunna bryta udden av den spirande r\u00f6relsen. Samma \u00e5r som min mormor f\u00f6ddes 1890 blev Bismarck av med rikskanslerposten p\u00e5 grund av politiska meningsskiljaktigheter med Vilhelm II, kejsare sedan tv\u00e5 \u00e5r. Vilhelm II hoppades kunna mildra rikets interna sp\u00e4nningar och utropade en &#8221;ny inriktning&#8221;, med avskaffande av socialist-lagen och utlovade ny arbetarskyddslagstiftning, men \u00e5tg\u00e4rderna imponerade inte och st\u00f6det f\u00f6r den socialistiska oppositionen fortsatte att \u00f6ka. I ett ytterligare f\u00f6rs\u00f6k att minska de inrikespolitiska sp\u00e4nningarna, b\u00f6rjade man nu propagera f\u00f6r en kraftfull utrikespolitik med expansiva, imperialistiska m\u00e5l. Den nya &#8221;v\u00e4rldspolitikens&#8221; effekt blev dock mest att den st\u00e4rkte de konservativas maktanspr\u00e5k med nationalistiska paroller, isolerade Tyskland i internationell politik och samlade de konkurrerande stormakterna Storbritannien, Frankrike och Ryssland mot landet. F\u00f6rsta v\u00e4rldskriget br\u00f6t ut 1914 och ledde i slutet av kriget 1918 till allt fler revolter, b\u00e5de bland civila och inom milit\u00e4ren i det f\u00f6rlorande Tyskland. Den siste kejsaren gick i landsflykt i samband med revolterna och krigsnederlaget. Under 1919 skulle Tyskland f\u00e5 en ny f\u00f6rfattning, som republik, den s\u00e5 kallade Weimarrepubliken.<\/p>\n<p>Jag har flera sl\u00e4ktingar som stred p\u00e5 b\u00e5da sidorna i f\u00f6rsta v\u00e4rldskriget. Min morfar deltog men hemf\u00f6rlovades med d\u00e5liga njurar. Mormors br\u00f6der var t.ex. med i slaget vid Somme i Frankrike 1916. Efterforskningar visar att jag har emigrerade norska sl\u00e4ktingar,\u00a0 med amerikanskt medborgarskap, som deltog p\u00e5 andra sidan vid samma slag i Frankrike. Som sagt &#8221;<em>sl\u00e4kten \u00e4r v\u00e4rst<\/em>&#8221;&#8230;<\/p>\n<p><strong>Weimarrepubliken 1919 &#8211; 1920<\/strong><br \/>\nDen n\u00e4rmaste tiden efter f\u00f6rsta v\u00e4rldskriget var kaotisk med stora sociala mots\u00e4ttningar och revolter. Den 11 augusti 1919 utropades Weimarrepubliken, den f\u00f6rsta tyska f\u00f6rfattningen med parlamentarisk demokrati. Den ekonomiska situationen var fortsatt mycket sv\u00e5r. Inte minst hade Tyskland genom Versaillesfreden stora krigsskadest\u00e5nd att betala. Ruhr-ockupationen f\u00f6rv\u00e4rrade situationen och bidrog till 1923 \u00e5rs hyperinflation. Fr\u00e5n 1924 f\u00f6rb\u00e4ttrades dock situationen genom Dawes planens \u00f6verenskommelse med segrarmakterna. Tyskland upplevde n\u00e5gra \u00e5r av ekonomisk framg\u00e5ng och framtidstro, industrin och kulturlivet kunde blomstra under en kortare tid. Sen kom den stora depressionen som i b\u00f6rjan av 1930-talet drabbade Tyskland h\u00e5rdare \u00e4n n\u00e5got annat land i Europa. Landet drabbades inte bara av ekonomiskt utan \u00e4ven politiskt sammanbrott. Mots\u00e4ttningarna blev allt extremare och v\u00e5ldsammare, vilket ocks\u00e5 fick m\u00e5nga att tappa tilltron till den fortfarande unga demokratin. Konflikter mellan olika politiska r\u00f6relser tilltog, inte minst mellan kommunistpartiet och nazistpartiet. 12 mars 1920 startades i Kappkuppen i Berlin av h\u00f6gerextremister.<\/p>\n<p><strong>Nazityskland 1933-1945<\/strong><br \/>\n<img loading=\"lazy\" decoding=\"async\" class=\"alignright size-full wp-image-3147\" src=\"https:\/\/sandbox.kvalevaag.se\/wp-content\/uploads\/2016\/12\/Dachau_2.jpg\" alt=\"\" width=\"300\" height=\"204\" \/>Nazityskland \u00e4r en ben\u00e4mning p\u00e5 Tyskland d\u00e5 landet leddes av Adolf Hitler och Nationalsocialistiska tyska arbetarpartiet (NSDAP) fr\u00e5n 1933 till 1945. Hitler lyckades snabbt efter makt\u00f6vertagandet 1933 etablera en enpartistat och diktatur som redan den 21 mars samma \u00e5r satte upp det f\u00f6rsta koncentrationsl\u00e4gret i Dachau f\u00f6r politiska f\u00e5ngar. I sina maktambitioner att expandera till det Stortyska riket startade Tyskland andra v\u00e4rldskriget 1939 efter att ha invaderat Polen, vilket i sin tur fick Storbritannien och Frankrike att f\u00f6rklara krig. Under kriget er\u00f6vrade och ockuperade Tyskland stora omr\u00e5den b\u00e5de i Europa och Nordafrika. Nazisterna f\u00f6rf\u00f6ljde och m\u00f6rdade miljontals judar och andra minoriteter i f\u00f6rintelsens slutgiltiga l\u00f6sning. Trots alliansen Axelmakterna med andra nationer, fr\u00e4mst Italien och Japan, besegrades Tyskland 1945 och ockuperades av fyra av de allierade l\u00e4nderna Frankrike, Sovjetunionen, Storbritannien och USA. I min mors familj f\u00f6rlorade de tv\u00e5 s\u00f6ner i detta hemska krig och en tredje satt i rysk f\u00e5ngenskap som senare kunde \u00e5terv\u00e4nda hem till Hamburg i d\u00e5varande V\u00e4sttyskland. Av de sl\u00e4ktingar som emigrerade till USA finns det m\u00e5nga som stred f\u00f6r de amerikanska styrkorna s\u00e5v\u00e4l i Europa som Stilla havet. Har \u00e4ven n\u00e5gra norska motst\u00e5ndsm\u00e4n bland mina sl\u00e4ktingar.<\/p>\n<p><strong>Efterkrigstiden 1949 &#8211; 1990<\/strong><br \/>\n<img loading=\"lazy\" decoding=\"async\" class=\"alignright size-full wp-image-3146\" src=\"https:\/\/sandbox.kvalevaag.se\/wp-content\/uploads\/2016\/12\/Berlinmuren_2.jpg\" alt=\"\" width=\"300\" height=\"226\" \/>Efter kriget delades Tyskland upp i olika omr\u00e5den som administrerade av de allierade l\u00e4nderna Frankrike, Sovjetunionen, Storbritannien och USA. Delstaterna i de v\u00e4stliga ockupationszonerna bildade den 23\u00a0maj 1949 F\u00f6rbundsrepubliken Tyskland (BRD). Den 7 oktober samma \u00e5r blev den sovjetiska zonen tyska demokratiska republiken (DDR) &#8221;\u00d6sttyskland&#8221;. Det forna Tyskland var nu delat i tv\u00e5 nya stater med en mur mitt i Berlin. Berlinmuren f\u00f6ll h\u00f6sten 1989 och resten \u00e4r som bekant k\u00e4nt med ett \u00e5terf\u00f6renat Tyskland. \u00a0Den formella anslutningen skedde den 3 oktober 1990, d\u00e5 de nya delstaterna inom DDR:s tidigare omr\u00e5de, liksom \u00f6stra Berlin, blev en del av den tidigare, men nu ut\u00f6kade, F\u00f6rbundsrepubliken Tyskland. Sedan dess \u00e4r den 3 oktober Tysklands nationaldag, <em>Tag der Deutschen Einheit<\/em>. Flertalet av mina sl\u00e4ktingar, p\u00e5 min mors sida, bodde i norra V\u00e4sktyskland under denna tid vilket de fortfarande g\u00f6r.<\/p>\n<p>K\u00e4llor: Wikipedia, historiska dokument m.m.<br \/>\nAllan Kvalevaag<br \/>\n2022-06-18<\/p>\n","protected":false},"excerpt":{"rendered":"<p>Tysklands historia Tysklands historia har sitt ursprung i det Tysk-romerska riket 843\u20131806. Jag f\u00f6redra att b\u00f6rja fr\u00e5n Rhenf\u00f6rbundet. Rhenf\u00f6rbundet 1806\u20131813 N\u00e4r det Tysk-romerska riket f\u00f6ll samman 1806 bildade 16 tyska furstend\u00f6men Rhenf\u00f6rbundet med Napoleon I som &#8221;beskyddare&#8221;. I praktiken blev de mer som franska satellitstater. Situationen gjorde att den tysk-romerska kejsaren Frans II valde f\u00f6r [&hellip;]<\/p>\n","protected":false},"author":1,"featured_media":0,"parent":71,"menu_order":0,"comment_status":"closed","ping_status":"closed","template":"","meta":{"_monsterinsights_skip_tracking":false,"_monsterinsights_sitenote_active":false,"_monsterinsights_sitenote_note":"","_monsterinsights_sitenote_category":0,"footnotes":""},"_links":{"self":[{"href":"https:\/\/sandbox.kvalevaag.se\/index.php?rest_route=\/wp\/v2\/pages\/3136"}],"collection":[{"href":"https:\/\/sandbox.kvalevaag.se\/index.php?rest_route=\/wp\/v2\/pages"}],"about":[{"href":"https:\/\/sandbox.kvalevaag.se\/index.php?rest_route=\/wp\/v2\/types\/page"}],"author":[{"embeddable":true,"href":"https:\/\/sandbox.kvalevaag.se\/index.php?rest_route=\/wp\/v2\/users\/1"}],"replies":[{"embeddable":true,"href":"https:\/\/sandbox.kvalevaag.se\/index.php?rest_route=%2Fwp%2Fv2%2Fcomments&post=3136"}],"version-history":[{"count":14,"href":"https:\/\/sandbox.kvalevaag.se\/index.php?rest_route=\/wp\/v2\/pages\/3136\/revisions"}],"predecessor-version":[{"id":9563,"href":"https:\/\/sandbox.kvalevaag.se\/index.php?rest_route=\/wp\/v2\/pages\/3136\/revisions\/9563"}],"up":[{"embeddable":true,"href":"https:\/\/sandbox.kvalevaag.se\/index.php?rest_route=\/wp\/v2\/pages\/71"}],"wp:attachment":[{"href":"https:\/\/sandbox.kvalevaag.se\/index.php?rest_route=%2Fwp%2Fv2%2Fmedia&parent=3136"}],"curies":[{"name":"wp","href":"https:\/\/api.w.org\/{rel}","templated":true}]}}