{"id":4445,"date":"2019-01-12T06:10:32","date_gmt":"2019-01-12T06:10:32","guid":{"rendered":"http:\/\/www.kvalevaag.se\/?page_id=4445"},"modified":"2019-01-12T06:13:14","modified_gmt":"2019-01-12T06:13:14","slug":"raddade-begravda-besattningsman-p-s-eidsvold-och-p-s-norge","status":"publish","type":"page","link":"https:\/\/sandbox.kvalevaag.se\/?page_id=4445","title":{"rendered":"R\u00e4ddade\/begravda bes\u00e4ttningsm\u00e4n P\/S Eidsvold och P\/S Norge"},"content":{"rendered":"<p><strong>Sammanst\u00e4llning av r\u00e4ddade samt begravda bes\u00e4ttningsm\u00e4n ombord p\u00e5 pansarskeppen Eidsvold och Norge.<\/strong><\/p>\n<p>R\u00e4ddade bes\u00e4ttningsm\u00e4n fr\u00e5n PS\/ Norge ochEidsvold, dokumet 1<\/p>\n<p><img loading=\"lazy\" decoding=\"async\" class=\"alignleft size-full wp-image-4446\" src=\"https:\/\/sandbox.kvalevaag.se\/wp-content\/uploads\/2019\/01\/Rescued_and_buried_crewmembers_1.jpg\" alt=\"\" width=\"680\" height=\"960\" srcset=\"https:\/\/sandbox.kvalevaag.se\/wp-content\/uploads\/2019\/01\/Rescued_and_buried_crewmembers_1.jpg 680w, https:\/\/sandbox.kvalevaag.se\/wp-content\/uploads\/2019\/01\/Rescued_and_buried_crewmembers_1-213x300.jpg 213w\" sizes=\"(max-width: 680px) 100vw, 680px\" \/><\/p>\n<p>&nbsp;<\/p>\n<p>&nbsp;<\/p>\n<p>&nbsp;<\/p>\n<p>&nbsp;<\/p>\n<p>&nbsp;<\/p>\n<p>&nbsp;<\/p>\n<p>&nbsp;<\/p>\n<p>&nbsp;<\/p>\n<p>&nbsp;<\/p>\n<p>&nbsp;<\/p>\n<p>&nbsp;<\/p>\n<p>&nbsp;<\/p>\n<p>&nbsp;<\/p>\n<p>&nbsp;<\/p>\n<p>&nbsp;<\/p>\n<p>&nbsp;<\/p>\n<p>&nbsp;<\/p>\n<p>&nbsp;<\/p>\n<p>&nbsp;<\/p>\n<p>&nbsp;<\/p>\n<p>&nbsp;<\/p>\n<p>&nbsp;<\/p>\n<p>&nbsp;<\/p>\n<p>&nbsp;<\/p>\n<p>&nbsp;<\/p>\n<p>R\u00e4ddade fr\u00e5n P\/S Norge och Eidsvold,\u00a0dokumet 2<\/p>\n<p><img loading=\"lazy\" decoding=\"async\" class=\"alignleft size-full wp-image-4448\" src=\"https:\/\/sandbox.kvalevaag.se\/wp-content\/uploads\/2019\/01\/Rescued_and_buried_crewmembers_3.jpg\" alt=\"\" width=\"696\" height=\"960\" srcset=\"https:\/\/sandbox.kvalevaag.se\/wp-content\/uploads\/2019\/01\/Rescued_and_buried_crewmembers_3.jpg 696w, https:\/\/sandbox.kvalevaag.se\/wp-content\/uploads\/2019\/01\/Rescued_and_buried_crewmembers_3-218x300.jpg 218w\" sizes=\"(max-width: 696px) 100vw, 696px\" \/><\/p>\n<p>&nbsp;<\/p>\n<p>&nbsp;<\/p>\n<p>&nbsp;<\/p>\n<p>&nbsp;<\/p>\n<p>&nbsp;<\/p>\n<p>&nbsp;<\/p>\n<p>&nbsp;<\/p>\n<p>&nbsp;<\/p>\n<p>&nbsp;<\/p>\n<p>&nbsp;<\/p>\n<p>&nbsp;<\/p>\n<p>&nbsp;<\/p>\n<p>&nbsp;<\/p>\n<p>&nbsp;<\/p>\n<p>&nbsp;<\/p>\n<p>&nbsp;<\/p>\n<p>&nbsp;<\/p>\n<p>&nbsp;<\/p>\n<p>&nbsp;<\/p>\n<p>&nbsp;<\/p>\n<p>&nbsp;<\/p>\n<p>&nbsp;<\/p>\n<p>&nbsp;<\/p>\n<p>&nbsp;<\/p>\n<p>&nbsp;<\/p>\n<p>R\u00e4ddade fr\u00e5n P\/S Norge och Eidsvold,\u00a0dokumet 3<\/p>\n<p><img loading=\"lazy\" decoding=\"async\" class=\"alignleft size-full wp-image-4449\" src=\"https:\/\/sandbox.kvalevaag.se\/wp-content\/uploads\/2019\/01\/Rescued_and_buried_crewmembers_4.jpg\" alt=\"\" width=\"474\" height=\"960\" srcset=\"https:\/\/sandbox.kvalevaag.se\/wp-content\/uploads\/2019\/01\/Rescued_and_buried_crewmembers_4.jpg 474w, https:\/\/sandbox.kvalevaag.se\/wp-content\/uploads\/2019\/01\/Rescued_and_buried_crewmembers_4-148x300.jpg 148w\" sizes=\"(max-width: 474px) 100vw, 474px\" \/><\/p>\n<p>&nbsp;<\/p>\n<p>&nbsp;<\/p>\n<p>&nbsp;<\/p>\n<p>&nbsp;<\/p>\n<p>&nbsp;<\/p>\n<p>&nbsp;<\/p>\n<p>&nbsp;<\/p>\n<p>&nbsp;<\/p>\n<p>&nbsp;<\/p>\n<p>&nbsp;<\/p>\n<p>&nbsp;<\/p>\n<p>&nbsp;<\/p>\n<p>&nbsp;<\/p>\n<p>&nbsp;<\/p>\n<p>&nbsp;<\/p>\n<p>&nbsp;<\/p>\n<p>&nbsp;<\/p>\n<p>&nbsp;<\/p>\n<p>&nbsp;<\/p>\n<p>&nbsp;<\/p>\n<p>&nbsp;<\/p>\n<p>&nbsp;<\/p>\n<p>&nbsp;<\/p>\n<p>&nbsp;<\/p>\n<p>&nbsp;<\/p>\n<p>Begravda bes\u00e4ttningsm\u00e4n fr\u00e5n P\/S Norge och Eidsvold,\u00a0dokumet 4<\/p>\n<p><img loading=\"lazy\" decoding=\"async\" class=\"alignleft size-full wp-image-4447\" src=\"https:\/\/sandbox.kvalevaag.se\/wp-content\/uploads\/2019\/01\/Rescued_and_buried_crewmembers_2.jpg\" alt=\"\" width=\"715\" height=\"960\" srcset=\"https:\/\/sandbox.kvalevaag.se\/wp-content\/uploads\/2019\/01\/Rescued_and_buried_crewmembers_2.jpg 715w, https:\/\/sandbox.kvalevaag.se\/wp-content\/uploads\/2019\/01\/Rescued_and_buried_crewmembers_2-223x300.jpg 223w\" sizes=\"(max-width: 715px) 100vw, 715px\" \/><\/p>\n<p>&nbsp;<\/p>\n<p>&nbsp;<\/p>\n<p>&nbsp;<\/p>\n<p>&nbsp;<\/p>\n<p>&nbsp;<\/p>\n<p>&nbsp;<\/p>\n<p>&nbsp;<\/p>\n<p>&nbsp;<\/p>\n","protected":false},"excerpt":{"rendered":"<p>Sammanst\u00e4llning av r\u00e4ddade samt begravda bes\u00e4ttningsm\u00e4n ombord p\u00e5 pansarskeppen Eidsvold och Norge. R\u00e4ddade bes\u00e4ttningsm\u00e4n fr\u00e5n PS\/ Norge ochEidsvold, dokumet 1 &nbsp; &nbsp; &nbsp; &nbsp; &nbsp; &nbsp; &nbsp; &nbsp; &nbsp; &nbsp; &nbsp; &nbsp; &nbsp; &nbsp; &nbsp; &nbsp; &nbsp; &nbsp; &nbsp; &nbsp; &nbsp; &nbsp; &nbsp; &nbsp; &nbsp; R\u00e4ddade fr\u00e5n P\/S Norge och Eidsvold,\u00a0dokumet 2 &nbsp; &nbsp; &nbsp; [&hellip;]<\/p>\n","protected":false},"author":1,"featured_media":0,"parent":2782,"menu_order":0,"comment_status":"closed","ping_status":"closed","template":"","meta":{"_monsterinsights_skip_tracking":false,"_monsterinsights_sitenote_active":false,"_monsterinsights_sitenote_note":"","_monsterinsights_sitenote_category":0,"footnotes":""},"_links":{"self":[{"href":"https:\/\/sandbox.kvalevaag.se\/index.php?rest_route=\/wp\/v2\/pages\/4445"}],"collection":[{"href":"https:\/\/sandbox.kvalevaag.se\/index.php?rest_route=\/wp\/v2\/pages"}],"about":[{"href":"https:\/\/sandbox.kvalevaag.se\/index.php?rest_route=\/wp\/v2\/types\/page"}],"author":[{"embeddable":true,"href":"https:\/\/sandbox.kvalevaag.se\/index.php?rest_route=\/wp\/v2\/users\/1"}],"replies":[{"embeddable":true,"href":"https:\/\/sandbox.kvalevaag.se\/index.php?rest_route=%2Fwp%2Fv2%2Fcomments&post=4445"}],"version-history":[{"count":2,"href":"https:\/\/sandbox.kvalevaag.se\/index.php?rest_route=\/wp\/v2\/pages\/4445\/revisions"}],"predecessor-version":[{"id":4451,"href":"https:\/\/sandbox.kvalevaag.se\/index.php?rest_route=\/wp\/v2\/pages\/4445\/revisions\/4451"}],"up":[{"embeddable":true,"href":"https:\/\/sandbox.kvalevaag.se\/index.php?rest_route=\/wp\/v2\/pages\/2782"}],"wp:attachment":[{"href":"https:\/\/sandbox.kvalevaag.se\/index.php?rest_route=%2Fwp%2Fv2%2Fmedia&parent=4445"}],"curies":[{"name":"wp","href":"https:\/\/api.w.org\/{rel}","templated":true}]}}