{"id":518,"date":"2014-03-31T11:25:37","date_gmt":"2014-03-31T11:25:37","guid":{"rendered":"http:\/\/www.kvalevaag.se\/?page_id=518"},"modified":"2022-06-18T13:20:38","modified_gmt":"2022-06-18T13:20:38","slug":"amtindelning","status":"publish","type":"page","link":"https:\/\/sandbox.kvalevaag.se\/?page_id=518","title":{"rendered":"Amtindelning"},"content":{"rendered":"<p><strong>Amt indelning<\/strong><br \/>\n<img loading=\"lazy\" decoding=\"async\" class=\"alignright wp-image-9500 size-full\" src=\"https:\/\/sandbox.kvalevaag.se\/wp-content\/uploads\/2022\/06\/Norge1-248x300-2.jpg\" alt=\"\" width=\"248\" height=\"300\" \/>Amt var en administrativ indelning i b\u00e5de Norge och Danmark fr\u00e5n \u00e5r 1662 fram till 1918, d\u00e4refter bildades fylke. F\u00f6rvaltningsomr\u00e5dena ersatte de tidigare l\u00e4nen och Syssel. Syssel var p\u00e5 medeltiden ben\u00e4mning p\u00e5 ett administrativt distrikt i Norge, vilket leddes av en sysselmand.<\/p>\n<p>Efter \u00e5r 1150 var det den vanliga beteckningen f\u00f6r kunglig distriktsombudsman. Det gjordes skillnad mellan stift amt eller huvud amt och de underliggande amten sk. under amt.<\/p>\n<p>Ta del av kartorna f\u00f6r de olika amt indelningarna genom \u00e5ren.<\/p>\n<p><a title=\"Amtindelning 1680\" href=\"wp-content\/uploads\/2014\/03\/Amtindelning1680-853x1024.jpg\" target=\"_blank\" rel=\"noopener\"><strong>Amtindelning 1680<\/strong><\/a><\/p>\n<p><a title=\"Amtindelning 1760\" href=\"wp-content\/uploads\/2014\/03\/Amtindelning1760.jpg\" target=\"_blank\" rel=\"noopener\"><strong>Amtindelning 1760<\/strong><\/a><\/p>\n<p><a title=\"Amtindelning 1866\" href=\"wp-content\/uploads\/2014\/03\/Amtindelning1866.jpg\" target=\"_blank\" rel=\"noopener\"><strong>Amtindelning 1866<\/strong><\/a><\/p>\n","protected":false},"excerpt":{"rendered":"<p>Amt indelning Amt var en administrativ indelning i b\u00e5de Norge och Danmark fr\u00e5n \u00e5r 1662 fram till 1918, d\u00e4refter bildades fylke. F\u00f6rvaltningsomr\u00e5dena ersatte de tidigare l\u00e4nen och Syssel. Syssel var p\u00e5 medeltiden ben\u00e4mning p\u00e5 ett administrativt distrikt i Norge, vilket leddes av en sysselmand. Efter \u00e5r 1150 var det den vanliga beteckningen f\u00f6r kunglig distriktsombudsman. [&hellip;]<\/p>\n","protected":false},"author":2,"featured_media":0,"parent":67,"menu_order":0,"comment_status":"closed","ping_status":"closed","template":"","meta":{"_monsterinsights_skip_tracking":false,"_monsterinsights_sitenote_active":false,"_monsterinsights_sitenote_note":"","_monsterinsights_sitenote_category":0,"footnotes":""},"_links":{"self":[{"href":"https:\/\/sandbox.kvalevaag.se\/index.php?rest_route=\/wp\/v2\/pages\/518"}],"collection":[{"href":"https:\/\/sandbox.kvalevaag.se\/index.php?rest_route=\/wp\/v2\/pages"}],"about":[{"href":"https:\/\/sandbox.kvalevaag.se\/index.php?rest_route=\/wp\/v2\/types\/page"}],"author":[{"embeddable":true,"href":"https:\/\/sandbox.kvalevaag.se\/index.php?rest_route=\/wp\/v2\/users\/2"}],"replies":[{"embeddable":true,"href":"https:\/\/sandbox.kvalevaag.se\/index.php?rest_route=%2Fwp%2Fv2%2Fcomments&post=518"}],"version-history":[{"count":6,"href":"https:\/\/sandbox.kvalevaag.se\/index.php?rest_route=\/wp\/v2\/pages\/518\/revisions"}],"predecessor-version":[{"id":9504,"href":"https:\/\/sandbox.kvalevaag.se\/index.php?rest_route=\/wp\/v2\/pages\/518\/revisions\/9504"}],"up":[{"embeddable":true,"href":"https:\/\/sandbox.kvalevaag.se\/index.php?rest_route=\/wp\/v2\/pages\/67"}],"wp:attachment":[{"href":"https:\/\/sandbox.kvalevaag.se\/index.php?rest_route=%2Fwp%2Fv2%2Fmedia&parent=518"}],"curies":[{"name":"wp","href":"https:\/\/api.w.org\/{rel}","templated":true}]}}