{"id":522,"date":"2014-03-31T11:37:05","date_gmt":"2014-03-31T11:37:05","guid":{"rendered":"http:\/\/www.kvalevaag.se\/?page_id=522"},"modified":"2022-06-18T13:24:56","modified_gmt":"2022-06-18T13:24:56","slug":"fylkeindelning","status":"publish","type":"page","link":"https:\/\/sandbox.kvalevaag.se\/?page_id=522","title":{"rendered":"Fylkeindelning fram till \u00e5r 2020"},"content":{"rendered":"<p><strong><img loading=\"lazy\" decoding=\"async\" class=\"alignright wp-image-9508 size-full\" src=\"https:\/\/sandbox.kvalevaag.se\/wp-content\/uploads\/2022\/06\/fylke.jpg\" alt=\"\" width=\"514\" height=\"550\" srcset=\"https:\/\/sandbox.kvalevaag.se\/wp-content\/uploads\/2022\/06\/fylke.jpg 514w, https:\/\/sandbox.kvalevaag.se\/wp-content\/uploads\/2022\/06\/fylke-280x300.jpg 280w\" sizes=\"(max-width: 514px) 100vw, 514px\" \/>Fylkeindelning<\/strong><br \/>\nV\u00e4lj fylke nedan f\u00f6r detaljerad karta<\/p>\n<p>1 <strong><a href=\"wp-content\/uploads\/2014\/03\/Ostfold_fylke_map.jpg\" target=\"_blank\" rel=\"noopener\">\u00d8stfold<\/a><\/strong><br \/>\n2 <strong><a href=\"wp-content\/uploads\/2014\/03\/Ostfold_fylke_map.jpg\" target=\"_blank\" rel=\"noopener\">Akershus<\/a><\/strong><br \/>\n3 Oslo<br \/>\n4 <strong><a href=\"wp-content\/uploads\/2014\/03\/Hedmark_fylke_map.jpg\" target=\"_blank\" rel=\"noopener\">Hedmark<\/a><\/strong><br \/>\n5 <a href=\"wp-content\/uploads\/2014\/03\/Oppland_fylke_map.jpg\" target=\"_blank\" rel=\"noopener\"><strong>Oppland<\/strong><\/a><br \/>\n6 <strong><a href=\"wp-content\/uploads\/2014\/03\/Buskerud_fylke_map.jpg\" target=\"_blank\" rel=\"noopener\">Buskerud<\/a><\/strong><br \/>\n7 <a href=\"wp-content\/uploads\/2014\/03\/Vestfold_fylke_map.jpg\" target=\"_blank\" rel=\"noopener\"><strong>Vestfold<\/strong><\/a><br \/>\n8 <strong><a href=\"wp-content\/uploads\/2014\/03\/Telemark_fylke_map.jpg\" target=\"_blank\" rel=\"noopener\">Telemark<\/a><\/strong><br \/>\n9 <strong><a href=\"wp-content\/uploads\/2014\/03\/Aust-Agder_fylke_map.jpg\" target=\"_blank\" rel=\"noopener\">Aust-Agder<\/a><\/strong><br \/>\n10 <strong><a href=\"wp-content\/uploads\/2014\/03\/Vest-Agder_fylke_map.jpg\" target=\"_blank\" rel=\"noopener\">Vest-Agder<\/a><\/strong><br \/>\n11 <strong><a href=\"wp-content\/uploads\/2014\/03\/Rogaland_fylke_map.jpg\" target=\"_blank\" rel=\"noopener\">Rogaland<\/a><\/strong><br \/>\n12 <strong><a href=\"wp-content\/uploads\/2014\/03\/Hordaland_fylke_map.jpg\" target=\"_blank\" rel=\"noopener\">Hordaland<\/a><\/strong><br \/>\n14 <strong><a href=\"wp-content\/uploads\/2014\/03\/SognogFjordane_fylke_map.jpg\" target=\"_blank\" rel=\"noopener\">Sogn og Fjordane<\/a><\/strong><br \/>\n15 <strong><a href=\"wp-content\/uploads\/2014\/03\/MoreogRomsdal_fylke_map.jpg\" target=\"_blank\" rel=\"noopener\">M\u00f8re og Romsdal<\/a><\/strong><br \/>\n16 <strong><a href=\"wp-content\/uploads\/2014\/03\/Sor-Trondelag_fylke_map.jpg\" target=\"_blank\" rel=\"noopener\">S\u00f8r og Tr\u00f8ndelag<\/a><\/strong><br \/>\n17 <strong><a href=\"wp-content\/uploads\/2014\/03\/Nord-Trondelag_fylke_map.jpg\" target=\"_blank\" rel=\"noopener\">Nord-Tr\u00f8ndelag<\/a><\/strong><br \/>\n18 <a href=\"wp-content\/uploads\/2014\/03\/Nordland_fylke_map.jpg\" target=\"_blank\" rel=\"noopener\"><strong>Nordland<\/strong><\/a><br \/>\n19 <a href=\"wp-content\/uploads\/2014\/03\/Troms_fylke_map.jpg\" target=\"_blank\" rel=\"noopener\"><strong>Troms<\/strong><\/a><br \/>\n20 <strong><a href=\"wp-content\/uploads\/2014\/03\/Finnmark_fylke_map.jpg\" target=\"_blank\" rel=\"noopener\">Finnmark<\/a><\/strong><\/p>\n<p>Allan Kvalevaag<br \/>\n2021-04-22<\/p>\n","protected":false},"excerpt":{"rendered":"<p>Fylkeindelning V\u00e4lj fylke nedan f\u00f6r detaljerad karta 1 \u00d8stfold 2 Akershus 3 Oslo 4 Hedmark 5 Oppland 6 Buskerud 7 Vestfold 8 Telemark 9 Aust-Agder 10 Vest-Agder 11 Rogaland 12 Hordaland 14 Sogn og Fjordane 15 M\u00f8re og Romsdal 16 S\u00f8r og Tr\u00f8ndelag 17 Nord-Tr\u00f8ndelag 18 Nordland 19 Troms 20 Finnmark Allan Kvalevaag 2021-04-22<\/p>\n","protected":false},"author":2,"featured_media":0,"parent":67,"menu_order":0,"comment_status":"closed","ping_status":"closed","template":"","meta":{"_monsterinsights_skip_tracking":false,"_monsterinsights_sitenote_active":false,"_monsterinsights_sitenote_note":"","_monsterinsights_sitenote_category":0,"footnotes":""},"_links":{"self":[{"href":"https:\/\/sandbox.kvalevaag.se\/index.php?rest_route=\/wp\/v2\/pages\/522"}],"collection":[{"href":"https:\/\/sandbox.kvalevaag.se\/index.php?rest_route=\/wp\/v2\/pages"}],"about":[{"href":"https:\/\/sandbox.kvalevaag.se\/index.php?rest_route=\/wp\/v2\/types\/page"}],"author":[{"embeddable":true,"href":"https:\/\/sandbox.kvalevaag.se\/index.php?rest_route=\/wp\/v2\/users\/2"}],"replies":[{"embeddable":true,"href":"https:\/\/sandbox.kvalevaag.se\/index.php?rest_route=%2Fwp%2Fv2%2Fcomments&post=522"}],"version-history":[{"count":12,"href":"https:\/\/sandbox.kvalevaag.se\/index.php?rest_route=\/wp\/v2\/pages\/522\/revisions"}],"predecessor-version":[{"id":9509,"href":"https:\/\/sandbox.kvalevaag.se\/index.php?rest_route=\/wp\/v2\/pages\/522\/revisions\/9509"}],"up":[{"embeddable":true,"href":"https:\/\/sandbox.kvalevaag.se\/index.php?rest_route=\/wp\/v2\/pages\/67"}],"wp:attachment":[{"href":"https:\/\/sandbox.kvalevaag.se\/index.php?rest_route=%2Fwp%2Fv2%2Fmedia&parent=522"}],"curies":[{"name":"wp","href":"https:\/\/api.w.org\/{rel}","templated":true}]}}