{"id":606,"date":"2014-04-01T06:38:28","date_gmt":"2014-04-01T06:38:28","guid":{"rendered":"http:\/\/www.kvalevaag.se\/?page_id=606"},"modified":"2022-06-06T17:04:18","modified_gmt":"2022-06-06T17:04:18","slug":"gamla-foto-limhamn","status":"publish","type":"page","link":"https:\/\/sandbox.kvalevaag.se\/?page_id=606","title":{"rendered":"Gamla foto Limhamn"},"content":{"rendered":"\n\n<div class=\"gdgallery-gallery-container\" id=\"gdgallery-container-4\" data-id=\"4\">\n    \n<div id=\"gdgallery_container_4\" style=\"display:none;\" data-view=\"justified\">\n\t        <a href=\"\" target=\"_blank\">\n            <img decoding=\"async\" alt=\"F\u00e4rjeterminal\"\n                 data-type=\"image\"\n                 src=\"https:\/\/sandbox.kvalevaag.se\/wp-content\/uploads\/2019\/07\/limhamn_19.jpg\"\n                 data-image=\"https:\/\/sandbox.kvalevaag.se\/wp-content\/uploads\/2019\/07\/limhamn_19.jpg\"\n                 data-description=\"Limhamn f\u00e4rjeterminal.\"\n\t\t\t\t                 style=\"display:block\">\n        <\/a>\n\t        <a href=\"\" target=\"_blank\">\n            <img decoding=\"async\" alt=\"Drag\u00f6rf\u00e4rjan \"\n                 data-type=\"image\"\n                 src=\"https:\/\/sandbox.kvalevaag.se\/wp-content\/uploads\/2019\/07\/limhamn_8.jpg\"\n                 data-image=\"https:\/\/sandbox.kvalevaag.se\/wp-content\/uploads\/2019\/07\/limhamn_8.jpg\"\n                 data-description=\"Drag\u00f6rf\u00e4rjan Drag\u00f6r i b\u00f6rjan p\u00e5 1960-talet.\"\n\t\t\t\t                 style=\"display:block\">\n        <\/a>\n\t        <a href=\"\" target=\"_blank\">\n            <img decoding=\"async\" alt=\"Wesleykyrkan\"\n                 data-type=\"image\"\n                 src=\"https:\/\/sandbox.kvalevaag.se\/wp-content\/uploads\/2019\/07\/limhamn_23.jpg\"\n                 data-image=\"https:\/\/sandbox.kvalevaag.se\/wp-content\/uploads\/2019\/07\/limhamn_23.jpg\"\n                 data-description=\"Huset i bakgrunden \u00e4r Salemkapellet. Det byggdes om 1913 och den 28 juni 1914 invigdes den nya Wesleykyrkan\"\n\t\t\t\t                 style=\"display:block\">\n        <\/a>\n\t        <a href=\"\" target=\"_blank\">\n            <img decoding=\"async\" alt=\"Linn\u00e9gatan \"\n                 data-type=\"image\"\n                 src=\"https:\/\/sandbox.kvalevaag.se\/wp-content\/uploads\/2019\/07\/limhamn_7.jpg\"\n                 data-image=\"https:\/\/sandbox.kvalevaag.se\/wp-content\/uploads\/2019\/07\/limhamn_7.jpg\"\n                 data-description=\"Linn\u00e9gatan 40, huset till h\u00f6ger byggdes 1928 och var Limhamns Telestation fr\u00e5n 1930. \u00c4ven Posten fanns i detta hus p\u00e5 bottenv\u00e5ningen. Senare flyttade Posten till nybyggda Folkets Hus 1954. Systembolaget flyttade 1955 in i lokalerna.\"\n\t\t\t\t                 style=\"display:block\">\n        <\/a>\n\t        <a href=\"\" target=\"_blank\">\n            <img decoding=\"async\" alt=\"Linn\u00e9gatan \"\n                 data-type=\"image\"\n                 src=\"https:\/\/sandbox.kvalevaag.se\/wp-content\/uploads\/2019\/07\/limhamn_6.jpg\"\n                 data-image=\"https:\/\/sandbox.kvalevaag.se\/wp-content\/uploads\/2019\/07\/limhamn_6.jpg\"\n                 data-description=\"Linn\u00e9gatan vid korsningen kalkbrottsgatan. I f\u00f6rgrunden syns Wesleykyrkan (Metodistf\u00f6rsamling) som funnit i Limhamn sedan 1895. I bakgrunden syns kommunalhuset vid torget.\"\n\t\t\t\t                 style=\"display:block\">\n        <\/a>\n\t        <a href=\"\" target=\"_blank\">\n            <img decoding=\"async\" alt=\"Linn\u00e9gatan \"\n                 data-type=\"image\"\n                 src=\"https:\/\/sandbox.kvalevaag.se\/wp-content\/uploads\/2019\/07\/limhamn_14.jpg\"\n                 data-image=\"https:\/\/sandbox.kvalevaag.se\/wp-content\/uploads\/2019\/07\/limhamn_14.jpg\"\n                 data-description=\"Linn\u00e9gatan med apotek Svanen fr\u00e5n 1902 i f\u00f6rgrunden. Huset revs p\u00e5 1970-talet f\u00f6r att ers\u00e4ttas med Systembolaget. Tabor, kyrkan till v\u00e4nster byggdes 1908 och revs 1972 d\u00e5 Malmborgs byggdes.\"\n\t\t\t\t                 style=\"display:block\">\n        <\/a>\n\t        <a href=\"\" target=\"_blank\">\n            <img decoding=\"async\" alt=\"Linn\u00e9gatan\"\n                 data-type=\"image\"\n                 src=\"https:\/\/sandbox.kvalevaag.se\/wp-content\/uploads\/2019\/07\/limhamn_28.jpg\"\n                 data-image=\"https:\/\/sandbox.kvalevaag.se\/wp-content\/uploads\/2019\/07\/limhamn_28.jpg\"\n                 data-description=\"Korsningen Linn\u00e9gatan, Kalkbrottsgatan fr\u00e5n 1950-talet. I det vita huset bodde en av mina kompisar.\"\n\t\t\t\t                 style=\"display:block\">\n        <\/a>\n\t        <a href=\"\" target=\"_blank\">\n            <img decoding=\"async\" alt=\"Cementfabriken \"\n                 data-type=\"image\"\n                 src=\"https:\/\/sandbox.kvalevaag.se\/wp-content\/uploads\/2019\/07\/limhamn_34.jpg\"\n                 data-image=\"https:\/\/sandbox.kvalevaag.se\/wp-content\/uploads\/2019\/07\/limhamn_34.jpg\"\n                 data-description=\"Cementfabriken som den s\u00e5g ut 1906. Sk\u00e5nska Cementaktiebolaget grundades \u00e5r 1871 och anlade Sveriges f\u00f6rsta cementfabrik i Lomma. 1871 k\u00f6pte bolaget \u00e4ven Limhamsg\u00e5rden med dess kalkbrott.\"\n\t\t\t\t                 style=\"display:block\">\n        <\/a>\n\t        <a href=\"\" target=\"_blank\">\n            <img decoding=\"async\" alt=\"Kallbadhus\"\n                 data-type=\"image\"\n                 src=\"https:\/\/sandbox.kvalevaag.se\/wp-content\/uploads\/2019\/07\/limhamn_13.jpg\"\n                 data-image=\"https:\/\/sandbox.kvalevaag.se\/wp-content\/uploads\/2019\/07\/limhamn_13.jpg\"\n                 data-description=\"Limhamns kallbadhus. H\u00e4r p\u00e5 bryggan l\u00e5g vi ungar och fiskade krabbor. Betet hade vi tiggt till oss av fiskarna en bit bort.\"\n\t\t\t\t                 style=\"display:block\">\n        <\/a>\n\t        <a href=\"\" target=\"_blank\">\n            <img decoding=\"async\" alt=\"Brandstation \"\n                 data-type=\"image\"\n                 src=\"https:\/\/sandbox.kvalevaag.se\/wp-content\/uploads\/2019\/07\/limhamn_5.jpg\"\n                 data-image=\"https:\/\/sandbox.kvalevaag.se\/wp-content\/uploads\/2019\/07\/limhamn_5.jpg\"\n                 data-description=\"Limhamns brandstation omkring 1902.\"\n\t\t\t\t                 style=\"display:block\">\n        <\/a>\n\t        <a href=\"\" target=\"_blank\">\n            <img decoding=\"async\" alt=\"Spettkaksbageri \"\n                 data-type=\"image\"\n                 src=\"https:\/\/sandbox.kvalevaag.se\/wp-content\/uploads\/2019\/07\/limhamn_31.jpg\"\n                 data-image=\"https:\/\/sandbox.kvalevaag.se\/wp-content\/uploads\/2019\/07\/limhamn_31.jpg\"\n                 data-description=\"Huset n\u00e4rmst \u00e4r Sveagatan 12. I grannhuset, Sveagatan 10 startades 1917 Limhamns Spettkaksbageri av systrarna Klara och Marta J\u00f6nsson. R\u00f6relsen lades ned 1966. Alla husen p\u00e5 bilden st\u00e5r kvar \u00e4n idag.\"\n\t\t\t\t                 style=\"display:block\">\n        <\/a>\n\t        <a href=\"\" target=\"_blank\">\n            <img decoding=\"async\" alt=\"PerSmeds Kl\u00e4mma\"\n                 data-type=\"image\"\n                 src=\"https:\/\/sandbox.kvalevaag.se\/wp-content\/uploads\/2019\/07\/limhamn_30.jpg\"\n                 data-image=\"https:\/\/sandbox.kvalevaag.se\/wp-content\/uploads\/2019\/07\/limhamn_30.jpg\"\n                 data-description=\"PerSmeds Kl\u00e4mma hette den lilla gatstumpen mellan Sarvgr\u00e4nd och Strandgatan 8. Den \u00e4r sedan 1976 st\u00e4ngd f\u00f6r passage till Strandgatan. Fotot \u00e4r fr\u00e5n 1950-talet.\"\n\t\t\t\t                 style=\"display:block\">\n        <\/a>\n\t        <a href=\"\" target=\"_blank\">\n            <img decoding=\"async\" alt=\"Domus \"\n                 data-type=\"image\"\n                 src=\"https:\/\/sandbox.kvalevaag.se\/wp-content\/uploads\/2019\/07\/limhamn_33.jpg\"\n                 data-image=\"https:\/\/sandbox.kvalevaag.se\/wp-content\/uploads\/2019\/07\/limhamn_33.jpg\"\n                 data-description=\"Domus huset byggs vid Linn\u00e9gatan.\"\n\t\t\t\t                 style=\"display:block\">\n        <\/a>\n\t        <a href=\"\" target=\"_blank\">\n            <img decoding=\"async\" alt=\"Restaurang Stranden\"\n                 data-type=\"image\"\n                 src=\"https:\/\/sandbox.kvalevaag.se\/wp-content\/uploads\/2019\/07\/limhamn_10.jpg\"\n                 data-image=\"https:\/\/sandbox.kvalevaag.se\/wp-content\/uploads\/2019\/07\/limhamn_10.jpg\"\n                 data-description=\"Restaurang Stranden. H\u00e4r stod vi grabbar och v\u00e4ntade p\u00e5 Ove Fundin, v\u00e4rldsm\u00e4staren i Speedway skulle komma ut och skriva autografer. Minns inte om det var andra (1960) eller tredje (1961) g\u00e5ngen han blev v\u00e4rldsm\u00e4stare.\"\n\t\t\t\t                 style=\"display:block\">\n        <\/a>\n\t        <a href=\"\" target=\"_blank\">\n            <img decoding=\"async\" alt=\"Drag\u00f6rf\u00e4rjan\"\n                 data-type=\"image\"\n                 src=\"https:\/\/sandbox.kvalevaag.se\/wp-content\/uploads\/2019\/07\/limhamn_15.jpg\"\n                 data-image=\"https:\/\/sandbox.kvalevaag.se\/wp-content\/uploads\/2019\/07\/limhamn_15.jpg\"\n                 data-description=\"Limhamns hamn med Drag\u00f6rf\u00e4rjan. H\u00e4r stod vi grabbar och fiskade torsk utan att kunna simma.\"\n\t\t\t\t                 style=\"display:block\">\n        <\/a>\n\t        <a href=\"\" target=\"_blank\">\n            <img decoding=\"async\" alt=\"Tegn\u00e9rgatan \"\n                 data-type=\"image\"\n                 src=\"https:\/\/sandbox.kvalevaag.se\/wp-content\/uploads\/2019\/07\/limhamn_32.jpg\"\n                 data-image=\"https:\/\/sandbox.kvalevaag.se\/wp-content\/uploads\/2019\/07\/limhamn_32.jpg\"\n                 data-description=\"Tegn\u00e9rgatan fr\u00e5n 1927\"\n\t\t\t\t                 style=\"display:block\">\n        <\/a>\n\t        <a href=\"\" target=\"_blank\">\n            <img decoding=\"async\" alt=\"Kallbadhus\"\n                 data-type=\"image\"\n                 src=\"https:\/\/sandbox.kvalevaag.se\/wp-content\/uploads\/2019\/07\/limhamn_2.jpg\"\n                 data-image=\"https:\/\/sandbox.kvalevaag.se\/wp-content\/uploads\/2019\/07\/limhamn_2.jpg\"\n                 data-description=\"Limhamns kallbadhus, en klassisk byggnad som uppf\u00f6rdes av AB Stranden under ledning av R. F. Berg och \u00f6ppnades i juni 1900. Hit kom folk fr\u00e5n staden ut f\u00f6r att bada, det var inte fint att bada vid stranden. 1967 - 68 revs badhuset och en sm\u00e5b\u00e5tshamn anlades.\"\n\t\t\t\t                 style=\"display:block\">\n        <\/a>\n\t        <a href=\"\" target=\"_blank\">\n            <img decoding=\"async\" alt=\"Hamnfest\"\n                 data-type=\"image\"\n                 src=\"https:\/\/sandbox.kvalevaag.se\/wp-content\/uploads\/2019\/07\/limhamn_21.jpg\"\n                 data-image=\"https:\/\/sandbox.kvalevaag.se\/wp-content\/uploads\/2019\/07\/limhamn_21.jpg\"\n                 data-description=\"Limhamns hamnfest, tyv\u00e4rr existerar inte denna tradition l\u00e4ngre.\"\n\t\t\t\t                 style=\"display:block\">\n        <\/a>\n\t        <a href=\"\" target=\"_blank\">\n            <img decoding=\"async\" alt=\"Karl Johansskolan\"\n                 data-type=\"image\"\n                 src=\"https:\/\/sandbox.kvalevaag.se\/wp-content\/uploads\/2019\/07\/limhamn_22.jpg\"\n                 data-image=\"https:\/\/sandbox.kvalevaag.se\/wp-content\/uploads\/2019\/07\/limhamn_22.jpg\"\n                 data-description=\"Karl Johansskolan (bilden \u00e4r fr\u00e5n 1903) byggdes 1889 med en f\u00f6rsta v\u00e5ning f\u00f6r kostnaden 20 000 kr (i dagens penningv\u00e4rde ca: 1 milj kr). \u00c5r 1900 byggdes det till en andra v\u00e5ning f\u00f6r en kostnad av 80 000 kr, 4 ggr dyrare. Tillbyggnaden var till f\u00f6r att det stora barnantalet i Limhamn skulle f\u00e5 ordentliga undervisningslokaler.  Sj\u00e4lv gick jag mina f\u00f6rsta tre \u00e5ren p\u00e5 skolan mellan \u00e5ren 1959\u201362 d\u00e4r mina klassf\u00f6rest\u00e5ndare var f\u00f6rst Karin Segern\u00e4s och senare Britt Hallgren.\"\n\t\t\t\t                 style=\"display:block\">\n        <\/a>\n\t        <a href=\"\" target=\"_blank\">\n            <img decoding=\"async\" alt=\"Posten\"\n                 data-type=\"image\"\n                 src=\"https:\/\/sandbox.kvalevaag.se\/wp-content\/uploads\/2019\/07\/limhamn_20.jpg\"\n                 data-image=\"https:\/\/sandbox.kvalevaag.se\/wp-content\/uploads\/2019\/07\/limhamn_20.jpg\"\n                 data-description=\"Limhamns posthus hade fram till 1930 adressen J\u00e4rnv\u00e4gsgatan 43. Tidigare l\u00e5g Posten p\u00e5 Idrottsgatan 20.\"\n\t\t\t\t                 style=\"display:block\">\n        <\/a>\n\t        <a href=\"\" target=\"_blank\">\n            <img decoding=\"async\" alt=\"Torget\"\n                 data-type=\"image\"\n                 src=\"https:\/\/sandbox.kvalevaag.se\/wp-content\/uploads\/2019\/07\/limhamn_18.jpg\"\n                 data-image=\"https:\/\/sandbox.kvalevaag.se\/wp-content\/uploads\/2019\/07\/limhamn_18.jpg\"\n                 data-description=\"Limhamn torg, h\u00e4r ordnades torghandel och fester.\"\n\t\t\t\t                 style=\"display:block\">\n        <\/a>\n\t        <a href=\"\" target=\"_blank\">\n            <img decoding=\"async\" alt=\"H\u00f6ghuset\"\n                 data-type=\"image\"\n                 src=\"https:\/\/sandbox.kvalevaag.se\/wp-content\/uploads\/2019\/07\/limhamn_4.jpg\"\n                 data-image=\"https:\/\/sandbox.kvalevaag.se\/wp-content\/uploads\/2019\/07\/limhamn_4.jpg\"\n                 data-description=\"Limhamns h\u00f6ghus som byggdes i b\u00f6rjan p\u00e5 1960-talet. Det var sp\u00e4nnande att lura vaktm\u00e4staren f\u00f6r att ta sig upp i trapphuset f\u00f6r att se p\u00e5 utsikten \u00f6ver \u00d6resund.\"\n\t\t\t\t                 style=\"display:block\">\n        <\/a>\n\t        <a href=\"\" target=\"_blank\">\n            <img decoding=\"async\" alt=\"Torget\"\n                 data-type=\"image\"\n                 src=\"https:\/\/sandbox.kvalevaag.se\/wp-content\/uploads\/2019\/07\/limhamn_11.jpg\"\n                 data-image=\"https:\/\/sandbox.kvalevaag.se\/wp-content\/uploads\/2019\/07\/limhamn_11.jpg\"\n                 data-description=\"Limhamns torg med kommunalhuset i bakgrunden. Har \u00e4ven varit Polisstation, numera f\u00f6rsamlingshem. Torget invigdes 1896. Fr\u00e5n 1946\u20131969 anordnade Limhamnsklubbarnas Samorganisation varje \u00e5r en torgfest.\"\n\t\t\t\t                 style=\"display:block\">\n        <\/a>\n\t        <a href=\"\" target=\"_blank\">\n            <img decoding=\"async\" alt=\"M\u00e5rtenssons konditori\"\n                 data-type=\"image\"\n                 src=\"https:\/\/sandbox.kvalevaag.se\/wp-content\/uploads\/2019\/07\/limhamn_25.jpg\"\n                 data-image=\"https:\/\/sandbox.kvalevaag.se\/wp-content\/uploads\/2019\/07\/limhamn_25.jpg\"\n                 data-description=\"Matilda M\u00e5rtenssons konditori i korsningen Gamla Gatan och Pr\u00e5ngaregatan. Huset finns \u00e4nnu kvar, men konditoriet har bytt namn och flyttat till Linn\u00e9gatan.\"\n\t\t\t\t                 style=\"display:block\">\n        <\/a>\n\t        <a href=\"\" target=\"_blank\">\n            <img decoding=\"async\" alt=\"V\u00e4stra Hamngatan\"\n                 data-type=\"image\"\n                 src=\"https:\/\/sandbox.kvalevaag.se\/wp-content\/uploads\/2019\/07\/limhamn_26.jpg\"\n                 data-image=\"https:\/\/sandbox.kvalevaag.se\/wp-content\/uploads\/2019\/07\/limhamn_26.jpg\"\n                 data-description=\"V\u00e4stra Hamngatan och Sj\u00f6mansgatan, varken gatan eller husen finns kvar. Huset till v\u00e4nster kallades \"Borgen Kraak\". F\u00f6rfattaren och konstn\u00e4ren Ossian Elgstr\u00f6m har skrivet en barnbok om huset: \"K\u00e4mparna p\u00e5 Borgen Kraak\". I bakgrunden syns biografen Rex\/Regina i f.d. Missionshuset, som byggdes 1876 och invigdes 7 jan 1877.\"\n\t\t\t\t                 style=\"display:block\">\n        <\/a>\n\t        <a href=\"\" target=\"_blank\">\n            <img decoding=\"async\" alt=\"Linn\u00e9gatan \"\n                 data-type=\"image\"\n                 src=\"https:\/\/sandbox.kvalevaag.se\/wp-content\/uploads\/2019\/07\/limhamn_9.jpg\"\n                 data-image=\"https:\/\/sandbox.kvalevaag.se\/wp-content\/uploads\/2019\/07\/limhamn_9.jpg\"\n                 data-description=\"Linn\u00e9gatan 12, h\u00e4r bodde Herman G\u00f6ring inneboende i slutet av 1920-talet. Alla husen p\u00e5 h\u00f6ger sida fram till Kommunalhuset \u00e4r nu rivna.\"\n\t\t\t\t                 style=\"display:block\">\n        <\/a>\n\t        <a href=\"\" target=\"_blank\">\n            <img decoding=\"async\" alt=\"MLJ stationshus \"\n                 data-type=\"image\"\n                 src=\"https:\/\/sandbox.kvalevaag.se\/wp-content\/uploads\/2019\/07\/limhamn_17.jpg\"\n                 data-image=\"https:\/\/sandbox.kvalevaag.se\/wp-content\/uploads\/2019\/07\/limhamn_17.jpg\"\n                 data-description=\"MLJ\u00b4s pampiga stationshus vid \u00d6resundsv\u00e4gen, nuvarande Limhamnsv\u00e4gen d\u00e4r J\u00e4rnv\u00e4gsgatan mynnar ut.\"\n\t\t\t\t                 style=\"display:block\">\n        <\/a>\n\t        <a href=\"\" target=\"_blank\">\n            <img decoding=\"async\" alt=\"Limhamnsf\u00e4rjorna \"\n                 data-type=\"image\"\n                 src=\"https:\/\/sandbox.kvalevaag.se\/wp-content\/uploads\/2019\/07\/limhamn_12.jpg\"\n                 data-image=\"https:\/\/sandbox.kvalevaag.se\/wp-content\/uploads\/2019\/07\/limhamn_12.jpg\"\n                 data-description=\"Limhamnsf\u00e4rjorna Drag\u00f6r och Limhamn n\u00e5gon g\u00e5ng p\u00e5 1960-talet.\"\n\t\t\t\t                 style=\"display:block\">\n        <\/a>\n\t        <a href=\"\" target=\"_blank\">\n            <img decoding=\"async\" alt=\"Tegn\u00e9rskolan\"\n                 data-type=\"image\"\n                 src=\"https:\/\/sandbox.kvalevaag.se\/wp-content\/uploads\/2019\/07\/limhamn_29.jpg\"\n                 data-image=\"https:\/\/sandbox.kvalevaag.se\/wp-content\/uploads\/2019\/07\/limhamn_29.jpg\"\n                 data-description=\"Utsikt \u00f6ver Limhamn, Tegn\u00e9rskolan syns i mitten av bilden.\"\n\t\t\t\t                 style=\"display:block\">\n        <\/a>\n\t        <a href=\"\" target=\"_blank\">\n            <img decoding=\"async\" alt=\"Gamla gatan\"\n                 data-type=\"image\"\n                 src=\"https:\/\/sandbox.kvalevaag.se\/wp-content\/uploads\/2019\/07\/limhamn_27.jpg\"\n                 data-image=\"https:\/\/sandbox.kvalevaag.se\/wp-content\/uploads\/2019\/07\/limhamn_27.jpg\"\n                 data-description=\"Stens\u00e4ttning av Gamla gatan fr\u00e5n forna dar. En bit bort hade jag och min kompis v\u00e5r f\u00f6rsta l\u00e4genhet. Alla husen st\u00e5r kvar \u00e4n idag.\"\n\t\t\t\t                 style=\"display:block\">\n        <\/a>\n\t        <a href=\"\" target=\"_blank\">\n            <img decoding=\"async\" alt=\"Restaurang Stranden\"\n                 data-type=\"image\"\n                 src=\"https:\/\/sandbox.kvalevaag.se\/wp-content\/uploads\/2019\/07\/limhamn_3.jpg\"\n                 data-image=\"https:\/\/sandbox.kvalevaag.se\/wp-content\/uploads\/2019\/07\/limhamn_3.jpg\"\n                 data-description=\"Restaurang Stranden med hotell. Hit kom folk fr\u00e5n staden f\u00f6r att inta en festmiddag redan p\u00e5 1920-talet. Huset \u00e4r i dag ett v\u00e5rdhem.\"\n\t\t\t\t                 style=\"display:block\">\n        <\/a>\n\t        <a href=\"\" target=\"_blank\">\n            <img decoding=\"async\" alt=\"Ramleborg \"\n                 data-type=\"image\"\n                 src=\"https:\/\/sandbox.kvalevaag.se\/wp-content\/uploads\/2019\/07\/limhamn_16.jpg\"\n                 data-image=\"https:\/\/sandbox.kvalevaag.se\/wp-content\/uploads\/2019\/07\/limhamn_16.jpg\"\n                 data-description=\"Ramleborg l\u00e5g p\u00e5 Linn\u00e9gatan i h\u00f6rnet mot Getgatan, d\u00e4r kiosken i Malmborgs ligger i dag. N\u00e4stan hela kvarteret revs i b\u00f6rjan av 1970-talet. Namnet uppstod i b\u00f6rjan p\u00e5 1900 talet. En f\u00e4rdigmurad v\u00e4gg ramlade ned! Den hade murats p\u00e5 vintern med bl.a. fruset grus. D\u00e4refter kallades huset Ramleborg.\"\n\t\t\t\t                 style=\"display:block\">\n        <\/a>\n\t        <a href=\"\" target=\"_blank\">\n            <img decoding=\"async\" alt=\"Sp\u00e5rvagn \"\n                 data-type=\"image\"\n                 src=\"https:\/\/sandbox.kvalevaag.se\/wp-content\/uploads\/2019\/07\/limhamn_1.jpg\"\n                 data-image=\"https:\/\/sandbox.kvalevaag.se\/wp-content\/uploads\/2019\/07\/limhamn_1.jpg\"\n                 data-description=\"Som grabb var det alltid sp\u00e4nnande att hoppa p\u00e5 fyrans sp\u00e5rvagn in till centrum. Ibland tjuv\u00e5kte man n\u00e4r man sakande pengar, 50 \u00f6re till biljetten. 1973 kl\u00e4mtade klockan f\u00f6r sista g\u00e5ngen f\u00f6r fyrans sp\u00e5rvagn.\"\n\t\t\t\t                 style=\"display:block\">\n        <\/a>\n\t        <a href=\"\" target=\"_blank\">\n            <img decoding=\"async\" alt=\"Sp\u00e5rvagn\"\n                 data-type=\"image\"\n                 src=\"https:\/\/sandbox.kvalevaag.se\/wp-content\/uploads\/2019\/07\/limhamn_24.jpg\"\n                 data-image=\"https:\/\/sandbox.kvalevaag.se\/wp-content\/uploads\/2019\/07\/limhamn_24.jpg\"\n                 data-description=\"Linn\u00e9gatan med fyrans sp\u00e5rvagn. Till h\u00f6ger syns d\u00e5varande kommunhus, nuvarande f\u00f6rsamlingshem.\"\n\t\t\t\t                 style=\"display:block\">\n        <\/a>\n\t<\/div>\n\n\n\n<script type=\"text\/javascript\">\n    jQuery(document).ready(function () {\n        var container = jQuery(\"#gdgallery_container_4\");\n        container.unitegallery({\"gallery_theme\":\"justified\",\"tiles_type\":\"justified\",\"tiles_justified_space_between\":10,\"tile_enable_textpanel\":true,\"tile_textpanel_title_text_align\":\"center\",\"tile_textpanel_title_font_size\":\"12\",\"tile_textpanel_title_color\":\"#FFFFFF\",\"tile_textpanel_bg_color\":\"#333333\",\"tile_textpanel_bg_opacity\":0.7,\"tile_enable_border\":true,\"tile_border_width\":\"0\",\"tile_border_color\":\"#333333\",\"tile_border_radius\":\"0\",\"tile_enable_overlay\":false,\"tile_enable_image_effect\":true,\"tile_image_effect_type\":\"bw\",\"tile_image_effect_reverse\":true,\"tile_enable_shadow\":true,\"tile_as_link\":false,\"tile_enable_icons\":true,\"tile_show_link_icon\":true,\"tile_textpanel_appear_type\":\"slide\",\"tile_textpanel_position\":\"inside_bottom\",\"tile_link_newpage\":true,\"lightbox_type\":\"compact\",\"lightbox_arrows_offset\":0,\"lightbox_overlay_color\":\"#000000\",\"lightbox_overlay_opacity\":0.5,\"lightbox_show_numbers\":true,\"lightbox_numbers_size\":\"15\",\"lightbox_numbers_color\":\"#FFFFFF\",\"lightbox_slider_image_border_width\":\"0\",\"lightbox_slider_image_border_color\":\"#FFFFFF\",\"lightbox_slider_image_border_radius\":0,\"lightbox_slider_image_shadow\":true,\"lightbox_slider_control_swipe\":true,\"lightbox_slider_control_zoom\":true,\"lightbox_slider_image_border\":true,\"lightbox_show_textpanel\":true,\"lightbox_textpanel_enable_title\":true,\"lightbox_textpanel_enable_description\":true,\"lightbox_textpanel_padding_top\":5,\"lightbox_textpanel_padding_bottom\":5,\"lightbox_textpanel_padding_right\":5,\"lightbox_textpanel_padding_left\":5,\"lightbox_textpanel_title_color\":\"#FFFFFF\",\"lightbox_textpanel_title_text_align\":\"left\",\"lightbox_textpanel_title_font_size\":\"16\",\"lightbox_textpanel_desc_color\":\"#FFFFFF\",\"lightbox_textpanel_desc_text_align\":\"left\",\"lightbox_textpanel_desc_font_size\":\"12\"});\n    });\n<\/script><style>\n#gdgallery-container-4 {\n   text-align: center}\n\n.gdgallery-pagination-4{\ntext-align: center !important;\n}\n\n.gdgallery-pagination-4 a{\n    font-size: 15px !important;\n    padding: 8px 13px !important;\n    margin: 3px !important;\n    border: 1px solid #333333 !important;\n    border-radius: 0px !important;\n    color: #333333 !important;\n    background-color: #FFFFFF !important;\n    font-family: monospace !important;\n}\n\n.gdgallery-pagination-4 a:hover, .gdgallery-pagination-4 a.gdgallery-pagination-icon-active{\n    color: #FFFFFF !important;\n    background-color: #333333 !important;\n    border-color: #333333 !important;\n}\n\n#gdgallery-container-4 .gdgallery_load_more_space{\n    margin-top: 20px !important;\n    text-align: center !important;\n}\n\n#gdgallery-container-4 .gdgallery_load_more_space button{\n                      padding: 8px 13px !important;\n    font-size: 12px !important;\n    background-color: #333333 !important;\n    color: #FFFFFF !important;\n    border:1px solid #333333 !important;\n                      border-radius: 0px !important;\n                      font-family: monospace !important;\n                  }\n#gdgallery-container-4 .gdgallery_load_more_space button:hover{\n                      background-color: #FFFFFF !important;\n                      color: #333333 !important;\n                      border-color: #333333 !important;\n                  }\n\n#gdgallery-container-4 .gdgallery_load_more_space button,\n#gdgallery-container-4 .gdgallery_load_more_space button:hover,\n#gdgallery-container-4 .gdgallery_load_more_space button:active,\n#gdgallery-container-4 .gdgallery_load_more_space button:focus{\n    outline: none !important;\n}\n\n\n#gdgallery-container-4 .gdgallery_loading li{\n                      border: 3px solid #333333 !important;\n                  }\n\n.ug-lightbox .ug-lightbox-top-panel-overlay{\n    background-color: #000000 !important;\n}\n\n\n                  #gdgallery_container_4{}\n<\/style>\n\n\n\n<\/div>\n\n\n\n\n\n\n","protected":false},"excerpt":{"rendered":"","protected":false},"author":2,"featured_media":0,"parent":86,"menu_order":0,"comment_status":"closed","ping_status":"closed","template":"","meta":{"_monsterinsights_skip_tracking":false,"_monsterinsights_sitenote_active":false,"_monsterinsights_sitenote_note":"","_monsterinsights_sitenote_category":0,"footnotes":""},"_links":{"self":[{"href":"https:\/\/sandbox.kvalevaag.se\/index.php?rest_route=\/wp\/v2\/pages\/606"}],"collection":[{"href":"https:\/\/sandbox.kvalevaag.se\/index.php?rest_route=\/wp\/v2\/pages"}],"about":[{"href":"https:\/\/sandbox.kvalevaag.se\/index.php?rest_route=\/wp\/v2\/types\/page"}],"author":[{"embeddable":true,"href":"https:\/\/sandbox.kvalevaag.se\/index.php?rest_route=\/wp\/v2\/users\/2"}],"replies":[{"embeddable":true,"href":"https:\/\/sandbox.kvalevaag.se\/index.php?rest_route=%2Fwp%2Fv2%2Fcomments&post=606"}],"version-history":[{"count":5,"href":"https:\/\/sandbox.kvalevaag.se\/index.php?rest_route=\/wp\/v2\/pages\/606\/revisions"}],"predecessor-version":[{"id":7845,"href":"https:\/\/sandbox.kvalevaag.se\/index.php?rest_route=\/wp\/v2\/pages\/606\/revisions\/7845"}],"up":[{"embeddable":true,"href":"https:\/\/sandbox.kvalevaag.se\/index.php?rest_route=\/wp\/v2\/pages\/86"}],"wp:attachment":[{"href":"https:\/\/sandbox.kvalevaag.se\/index.php?rest_route=%2Fwp%2Fv2%2Fmedia&parent=606"}],"curies":[{"name":"wp","href":"https:\/\/api.w.org\/{rel}","templated":true}]}}