{"id":670,"date":"2014-04-01T10:37:48","date_gmt":"2014-04-01T10:37:48","guid":{"rendered":"http:\/\/www.kvalevaag.se\/?page_id=670"},"modified":"2022-06-06T17:04:18","modified_gmt":"2022-06-06T17:04:18","slug":"gamla-foto-schleswig","status":"publish","type":"page","link":"https:\/\/sandbox.kvalevaag.se\/?page_id=670","title":{"rendered":"Gamla foto Schleswig"},"content":{"rendered":"\n\n<div class=\"gdgallery-gallery-container\" id=\"gdgallery-container-3\" data-id=\"3\">\n    \n<div id=\"gdgallery_container_3\" style=\"display:none;\" data-view=\"justified\">\n\t        <a href=\"\" target=\"_blank\">\n            <img decoding=\"async\" alt=\"Totlund\"\n                 data-type=\"image\"\n                 src=\"https:\/\/sandbox.kvalevaag.se\/wp-content\/uploads\/2019\/08\/Schleswig_7.jpg\"\n                 data-image=\"https:\/\/sandbox.kvalevaag.se\/wp-content\/uploads\/2019\/08\/Schleswig_7.jpg\"\n                 data-description=\"Totlund, omkring 1910\"\n\t\t\t\t                 style=\"display:block\">\n        <\/a>\n\t        <a href=\"\" target=\"_blank\">\n            <img decoding=\"async\" alt=\"Missunde \"\n                 data-type=\"image\"\n                 src=\"https:\/\/sandbox.kvalevaag.se\/wp-content\/uploads\/2019\/07\/Schleswig_1.jpg\"\n                 data-image=\"https:\/\/sandbox.kvalevaag.se\/wp-content\/uploads\/2019\/07\/Schleswig_1.jpg\"\n                 data-description=\"Missunde sett fr\u00e5n floden Schlei. L\u00e4gg m\u00e4rke till den rangliga bryggan, det hade knappast f\u00e5tt vara s\u00e5 idag.\"\n\t\t\t\t                 style=\"display:block\">\n        <\/a>\n\t        <a href=\"\" target=\"_blank\">\n            <img decoding=\"async\" alt=\"Panoramabild \"\n                 data-type=\"image\"\n                 src=\"https:\/\/sandbox.kvalevaag.se\/wp-content\/uploads\/2019\/07\/Schleswig_2.jpg\"\n                 data-image=\"https:\/\/sandbox.kvalevaag.se\/wp-content\/uploads\/2019\/07\/Schleswig_2.jpg\"\n                 data-description=\"Panoramabild fr\u00e5n utsiktstorn d\u00e4r domkyrkan skymtar i bakgrunden. Schleswig var fortfarande en mindre stad med jordbruksmark intill sig.\"\n\t\t\t\t                 style=\"display:block\">\n        <\/a>\n\t        <a href=\"\" target=\"_blank\">\n            <img decoding=\"async\" alt=\"Kappel \"\n                 data-type=\"image\"\n                 src=\"https:\/\/sandbox.kvalevaag.se\/wp-content\/uploads\/2019\/07\/Schleswig_3.jpg\"\n                 data-image=\"https:\/\/sandbox.kvalevaag.se\/wp-content\/uploads\/2019\/07\/Schleswig_3.jpg\"\n                 data-description=\"Kappel sett fr\u00e5n floden Schlei med kyrkan i bakgrunden.\"\n\t\t\t\t                 style=\"display:block\">\n        <\/a>\n\t        <a href=\"\" target=\"_blank\">\n            <img decoding=\"async\" alt=\"Domkyrkan \"\n                 data-type=\"image\"\n                 src=\"https:\/\/sandbox.kvalevaag.se\/wp-content\/uploads\/2019\/07\/Schleswig_4.jpg\"\n                 data-image=\"https:\/\/sandbox.kvalevaag.se\/wp-content\/uploads\/2019\/07\/Schleswig_4.jpg\"\n                 data-description=\"Domkyrkan uppf\u00f6rdes omkring \u00e5r 1030. Flera ombyggnader har skett mellan 1200 till 1500-talet. Dagens kyrktorn uppf\u00f6rdes 1894. Ursprungligen hade kyrkan tv\u00e5 torn, men dessa rasade samman 1275 och \u00e5teruppf\u00f6rdes aldrig.\"\n\t\t\t\t                 style=\"display:block\">\n        <\/a>\n\t        <a href=\"\" target=\"_blank\">\n            <img decoding=\"async\" alt=\"Slaktgatan \"\n                 data-type=\"image\"\n                 src=\"https:\/\/sandbox.kvalevaag.se\/wp-content\/uploads\/2019\/07\/Schleswig_5.jpg\"\n                 data-image=\"https:\/\/sandbox.kvalevaag.se\/wp-content\/uploads\/2019\/07\/Schleswig_5.jpg\"\n                 data-description=\"Slaktgatan med sitt f\u00f6rfall, d\u00e4r man knappast skulle vilja bo p\u00e5 den tiden.\"\n\t\t\t\t                 style=\"display:block\">\n        <\/a>\n\t        <a href=\"\" target=\"_blank\">\n            <img decoding=\"async\" alt=\"Holm \"\n                 data-type=\"image\"\n                 src=\"https:\/\/sandbox.kvalevaag.se\/wp-content\/uploads\/2019\/07\/Schleswig_6.jpg\"\n                 data-image=\"https:\/\/sandbox.kvalevaag.se\/wp-content\/uploads\/2019\/07\/Schleswig_6.jpg\"\n                 data-description=\"Fiskel\u00e4ge vid stadsdelen Holm som i dag \u00e4r ett attraktivt bostadsomr\u00e5de.\"\n\t\t\t\t                 style=\"display:block\">\n        <\/a>\n\t<\/div>\n\n\n\n<script type=\"text\/javascript\">\n    jQuery(document).ready(function () {\n        var container = jQuery(\"#gdgallery_container_3\");\n        container.unitegallery({\"gallery_theme\":\"justified\",\"tiles_type\":\"justified\",\"tiles_justified_space_between\":10,\"tile_enable_textpanel\":true,\"tile_textpanel_title_text_align\":\"center\",\"tile_textpanel_title_font_size\":\"12\",\"tile_textpanel_title_color\":\"#FFFFFF\",\"tile_textpanel_bg_color\":\"#333333\",\"tile_textpanel_bg_opacity\":0.7,\"tile_enable_border\":true,\"tile_border_width\":\"0\",\"tile_border_color\":\"#333333\",\"tile_border_radius\":\"0\",\"tile_enable_overlay\":false,\"tile_enable_image_effect\":true,\"tile_image_effect_type\":\"bw\",\"tile_image_effect_reverse\":true,\"tile_enable_shadow\":true,\"tile_as_link\":false,\"tile_enable_icons\":true,\"tile_show_link_icon\":true,\"tile_textpanel_appear_type\":\"slide\",\"tile_textpanel_position\":\"inside_bottom\",\"tile_link_newpage\":true,\"lightbox_type\":\"compact\",\"lightbox_arrows_offset\":0,\"lightbox_overlay_color\":\"#000000\",\"lightbox_overlay_opacity\":0.5,\"lightbox_show_numbers\":true,\"lightbox_numbers_size\":\"15\",\"lightbox_numbers_color\":\"#FFFFFF\",\"lightbox_slider_image_border_width\":\"0\",\"lightbox_slider_image_border_color\":\"#FFFFFF\",\"lightbox_slider_image_border_radius\":0,\"lightbox_slider_image_shadow\":true,\"lightbox_slider_control_swipe\":true,\"lightbox_slider_control_zoom\":true,\"lightbox_slider_image_border\":true,\"lightbox_show_textpanel\":true,\"lightbox_textpanel_enable_title\":true,\"lightbox_textpanel_enable_description\":true,\"lightbox_textpanel_padding_top\":5,\"lightbox_textpanel_padding_bottom\":5,\"lightbox_textpanel_padding_right\":5,\"lightbox_textpanel_padding_left\":5,\"lightbox_textpanel_title_color\":\"#FFFFFF\",\"lightbox_textpanel_title_text_align\":\"left\",\"lightbox_textpanel_title_font_size\":\"16\",\"lightbox_textpanel_desc_color\":\"#FFFFFF\",\"lightbox_textpanel_desc_text_align\":\"left\",\"lightbox_textpanel_desc_font_size\":\"12\"});\n    });\n<\/script><style>\n#gdgallery-container-3 {\n   text-align: center}\n\n.gdgallery-pagination-3{\ntext-align: center !important;\n}\n\n.gdgallery-pagination-3 a{\n    font-size: 15px !important;\n    padding: 8px 13px !important;\n    margin: 3px !important;\n    border: 1px solid #333333 !important;\n    border-radius: 0px !important;\n    color: #333333 !important;\n    background-color: #FFFFFF !important;\n    font-family: monospace !important;\n}\n\n.gdgallery-pagination-3 a:hover, .gdgallery-pagination-3 a.gdgallery-pagination-icon-active{\n    color: #FFFFFF !important;\n    background-color: #333333 !important;\n    border-color: #333333 !important;\n}\n\n#gdgallery-container-3 .gdgallery_load_more_space{\n    margin-top: 20px !important;\n    text-align: center !important;\n}\n\n#gdgallery-container-3 .gdgallery_load_more_space button{\n                      padding: 8px 13px !important;\n    font-size: 12px !important;\n    background-color: #333333 !important;\n    color: #FFFFFF !important;\n    border:1px solid #333333 !important;\n                      border-radius: 0px !important;\n                      font-family: monospace !important;\n                  }\n#gdgallery-container-3 .gdgallery_load_more_space button:hover{\n                      background-color: #FFFFFF !important;\n                      color: #333333 !important;\n                      border-color: #333333 !important;\n                  }\n\n#gdgallery-container-3 .gdgallery_load_more_space button,\n#gdgallery-container-3 .gdgallery_load_more_space button:hover,\n#gdgallery-container-3 .gdgallery_load_more_space button:active,\n#gdgallery-container-3 .gdgallery_load_more_space button:focus{\n    outline: none !important;\n}\n\n\n#gdgallery-container-3 .gdgallery_loading li{\n                      border: 3px solid #333333 !important;\n                  }\n\n.ug-lightbox .ug-lightbox-top-panel-overlay{\n    background-color: #000000 !important;\n}\n\n\n                  #gdgallery_container_3{}\n<\/style>\n\n\n\n<\/div>\n\n\n\n\n\n\n","protected":false},"excerpt":{"rendered":"","protected":false},"author":2,"featured_media":0,"parent":84,"menu_order":0,"comment_status":"closed","ping_status":"closed","template":"","meta":{"_monsterinsights_skip_tracking":false,"_monsterinsights_sitenote_active":false,"_monsterinsights_sitenote_note":"","_monsterinsights_sitenote_category":0,"footnotes":""},"_links":{"self":[{"href":"https:\/\/sandbox.kvalevaag.se\/index.php?rest_route=\/wp\/v2\/pages\/670"}],"collection":[{"href":"https:\/\/sandbox.kvalevaag.se\/index.php?rest_route=\/wp\/v2\/pages"}],"about":[{"href":"https:\/\/sandbox.kvalevaag.se\/index.php?rest_route=\/wp\/v2\/types\/page"}],"author":[{"embeddable":true,"href":"https:\/\/sandbox.kvalevaag.se\/index.php?rest_route=\/wp\/v2\/users\/2"}],"replies":[{"embeddable":true,"href":"https:\/\/sandbox.kvalevaag.se\/index.php?rest_route=%2Fwp%2Fv2%2Fcomments&post=670"}],"version-history":[{"count":17,"href":"https:\/\/sandbox.kvalevaag.se\/index.php?rest_route=\/wp\/v2\/pages\/670\/revisions"}],"predecessor-version":[{"id":7810,"href":"https:\/\/sandbox.kvalevaag.se\/index.php?rest_route=\/wp\/v2\/pages\/670\/revisions\/7810"}],"up":[{"embeddable":true,"href":"https:\/\/sandbox.kvalevaag.se\/index.php?rest_route=\/wp\/v2\/pages\/84"}],"wp:attachment":[{"href":"https:\/\/sandbox.kvalevaag.se\/index.php?rest_route=%2Fwp%2Fv2%2Fmedia&parent=670"}],"curies":[{"name":"wp","href":"https:\/\/api.w.org\/{rel}","templated":true}]}}