{"id":69,"date":"2014-03-22T12:22:49","date_gmt":"2014-03-22T12:22:49","guid":{"rendered":"http:\/\/www.kvalevaag.se\/?page_id=69"},"modified":"2022-07-08T10:59:23","modified_gmt":"2022-07-08T10:59:23","slug":"slaktforska-i-sverige","status":"publish","type":"page","link":"https:\/\/sandbox.kvalevaag.se\/?page_id=69","title":{"rendered":"Sl\u00e4ktforska i Sverige"},"content":{"rendered":"<p><strong><img loading=\"lazy\" decoding=\"async\" class=\"alignleft size-full wp-image-9476\" src=\"https:\/\/sandbox.kvalevaag.se\/wp-content\/uploads\/2022\/06\/SV_Flagg.jpg\" alt=\"\" width=\"51\" height=\"32\" \/><\/strong>Sl\u00e4ktforska i Sverige \u00e4r enkelt med alla dess m\u00f6jligheter. Det mesta finns i v\u00e5ra kyrkob\u00f6cker, lands- och riksarkiv. Vi brukar fr\u00e4mst tala om ort, socken (f\u00f6rsamling) och de 21 l\u00e4nen. Ett s\u00e4tt att finna information om din ort \u00e4r att s\u00f6ka p\u00e5 <a href=\"https:\/\/www.dis.se\/dispos\" target=\"_blank\" rel=\"noopener noreferrer\"><strong>DISPOS<\/strong> <\/a>p\u00e5 DIS hemsida. H\u00e4r finns en samlad information om kartor och l\u00e4nkar. Mer information om orten finns i <a href=\"https:\/\/www.sprakochfolkminnen.se\/sprak\/namn\/ortnamn\/ortnamnsregistret.html\" target=\"_blank\" rel=\"noopener noreferrer\"><strong>Ortnamnsregistret<\/strong><\/a>.<\/p>\n<p><a href=\"https:\/\/www.genealogi.net\/\" target=\"_blank\" rel=\"noopener noreferrer\"><strong>Genealogiska F\u00f6reningen<\/strong><\/a> \u00e4r en riksf\u00f6rening f\u00f6r sl\u00e4ktforskare. De har ett omfattande material som medlemmarna kan s\u00f6ka bland. Det finns \u00e4ven b\u00f6cker, kartor, CD skivor m.m. att inf\u00f6rskaffa. Dessutom har de en bra fungerande dataservice.<\/p>\n<p>Anv\u00e4nd g\u00e4rna <strong><a href=\"https:\/\/sok.riksarkivet.se\/digitala-forskarsalen\" target=\"_blank\" rel=\"noopener noreferrer\">Riksarkivets digitala forskarsal<\/a><\/strong>. S\u00f6k sl\u00e4ktingar i de <a href=\"https:\/\/sok.riksarkivet.se\/digitala-forskarsalen\" target=\"_blank\" rel=\"noopener noreferrer\"><img loading=\"lazy\" decoding=\"async\" class=\"alignright wp-image-8227 size-full\" src=\"https:\/\/sandbox.kvalevaag.se\/wp-content\/uploads\/2020\/04\/logo2.png\" alt=\"\" width=\"225\" height=\"72\" \/><\/a>avfotograferade kyrkb\u00f6cker och handlingar som finns tillg\u00e4ngligt. H\u00e4r finns exempelvis kyrkoarkiv, folkr\u00e4kningar, husf\u00f6rh\u00f6rsl\u00e4ngder och bouppteckningar m.m.<\/p>\n<p>Kyrkob\u00f6cker b\u00f6rjades f\u00f6ras under 1600-talet lite varstans i Sverige. Vid\u00a01640-talet utf\u00e4rdades statliga f\u00f6reskrifter om kyrkobokf\u00f6ring. 1686 \u00e5rs kyrkolag stadgade att pr\u00e4sten i f\u00f6rsamlingen skulle f\u00f6ra l\u00e4ngder \u00f6ver &#8221;<em>Alle barns s\u00e5 \u00e4chtas som o\u00e4chtas med dheras f\u00f6r\u00e4ldrars och faddrars namn f\u00f6delse och d\u00f6pelse dag&#8221;<\/em>. \u00c4ldre b\u00f6cker fram till 1894 finns digitaliserade p\u00e5 landsarkiven. Efter 1894 finns materialet kvar p\u00e5 pastorsexpeditionerna. Dessa b\u00f6cker kan delvis vara digitaliserade. Vanliga beteckningar i svenska\u00a0Ministerialb\u00f6cker\u00a0\u00e4r:<\/p>\n<p><img loading=\"lazy\" decoding=\"async\" class=\"alignright wp-image-2077 size-medium\" src=\"https:\/\/sandbox.kvalevaag.se\/wp-content\/uploads\/2014\/03\/Husforhor_small-300x85.jpg\" alt=\"\" width=\"300\" height=\"85\" border=\"0\" srcset=\"https:\/\/sandbox.kvalevaag.se\/wp-content\/uploads\/2014\/03\/Husforhor_small-300x85.jpg 300w, https:\/\/sandbox.kvalevaag.se\/wp-content\/uploads\/2014\/03\/Husforhor_small.jpg 600w\" sizes=\"(max-width: 300px) 100vw, 300px\" \/>AI &#8211; Husf\u00f6rh\u00f6rsl\u00e4ngder<br \/>\nB &#8211; Flyttningsl\u00e4ngder<br \/>\nC &#8211; F\u00f6delse- och dopl\u00e4ngder<br \/>\nE &#8211; Lysning- och vigsell\u00e4ngder<br \/>\nF &#8211; D\u00f6d- och begravningsl\u00e4ngder<\/p>\n<p>Husf\u00f6rh\u00f6rsl\u00e4ngden \u00e4r en kyrkobok med uppgifter om alla inv\u00e5narna i en f\u00f6rsamling. Fr\u00e5n\u00a0<span style=\"color: #000000;\">1686 fram till slutet av 1800-talet h\u00f6lls husf\u00f6rh\u00f6r av pr\u00e4sten som\u00a0samlade f\u00f6rsamlingsborna i de olika rotarna och hade d\u00e5 i uppgift att kontrollera l\u00e4skunnighet och kunskaper i katekesen och betygsatte vars och ens kunskaper. <\/span>Husf\u00f6rh\u00f6rsl\u00e4ngden f\u00f6rdes \u00f6ver varje f\u00f6rsamling. Den kunde vara uppdelad i flera b\u00f6cker om f\u00f6rsamlingen var stor. Boken \u00e4r oftast uppdelad efter varje rote, sedan efter g\u00e5rdar och familjer.<br \/>\nN\u00e4r du beh\u00f6ver veta lite mer om hemligheterna i husf\u00f6ren ska du l\u00e4sa denna, en bra f\u00f6rklaring till alla <strong><a href=\"https:\/\/kvalevaag.se\/pdf\/Husforhorslangden.pdf\" target=\"_blank\" rel=\"noopener\">symboler och f\u00f6rkortningar<\/a><\/strong>.<\/p>\n<p><img loading=\"lazy\" decoding=\"async\" class=\"alignright wp-image-2078 size-full\" src=\"https:\/\/sandbox.kvalevaag.se\/wp-content\/uploads\/2014\/03\/Latin.jpg\" alt=\"\" width=\"200\" height=\"261\" \/><\/p>\n<p>En annan mycket bra tj\u00e4nst \u00e4r <strong><a href=\"https:\/\/www.arkivdigital.se\/\" target=\"_blank\" rel=\"noopener noreferrer\">Arkivdigital<\/a> <\/strong>De\u00a0har skannat in kyrkb\u00f6cker (i f\u00e4rg) och har omfattande inskannade bilder i sitt arkiv. Detta \u00e4r en betaltj\u00e4nst men f\u00f6rh\u00e5llande till m\u00f6jligheten att kunna sitta vid sin dator och l\u00e4sa i lugn och ro. D\u00e4r finns inte bara kyrkb\u00f6cker, de s\u00e4ljer \u00e4ven en del b\u00f6cker och CD.<\/p>\n<p>Anv\u00e4nd g\u00e4rna <a href=\"https:\/\/www.gravar.se\/\" target=\"_blank\" rel=\"noopener noreferrer\"><strong>Gravar.se<\/strong><\/a> som \u00e4r utm\u00e4rkt f\u00f6r att f\u00e5 fram information om var den avlidne finns begravd samt information om andra sl\u00e4ktingar inom samma gravplats.<\/p>\n<p>Ett m\u00e5ste \u00e4r denna bok &#8221;<a href=\"https:\/\/www.rotterbokhandeln.se\/product.html\/latin-for-slakthistoriker\" target=\"_blank\" rel=\"noopener noreferrer\"><strong>Latin f\u00f6r sl\u00e4ktforskare<\/strong><\/a>&#8221; som utgivits av\u00a0<span style=\"color: #373737;\">Sveriges sl\u00e4ktforskarf\u00f6rbund tillsammans med f\u00f6rfattaren\u00a0<\/span>Urban Sikeborg.<\/p>\n<p>DNA sl\u00e4ktforskningen har vuxit enormt de senaste \u00e5ren. Det blir allt fler som v\u00e4ljer att DNA testa sig. F\u00f6r att f\u00f6rst\u00e5 mer om DNA och hur sl\u00e4ktforskningen kan ta hj\u00e4lp av den har jag tagit fram en information om DNA Sl\u00e4ktforskning, <strong><a href=\"https:\/\/sandbox.kvalevaag.se\/DNA\/index.html\" target=\"_blank\" rel=\"noopener\">bara att klicka fram informationen<\/a><\/strong>.<\/p>\n<p>Allan Kvalevaag<br \/>\n2022-07-08<\/p>\n","protected":false},"excerpt":{"rendered":"<p>Sl\u00e4ktforska i Sverige \u00e4r enkelt med alla dess m\u00f6jligheter. Det mesta finns i v\u00e5ra kyrkob\u00f6cker, lands- och riksarkiv. Vi brukar fr\u00e4mst tala om ort, socken (f\u00f6rsamling) och de 21 l\u00e4nen. Ett s\u00e4tt att finna information om din ort \u00e4r att s\u00f6ka p\u00e5 DISPOS p\u00e5 DIS hemsida. H\u00e4r finns en samlad information om kartor och l\u00e4nkar. [&hellip;]<\/p>\n","protected":false},"author":1,"featured_media":0,"parent":12,"menu_order":0,"comment_status":"closed","ping_status":"closed","template":"","meta":{"_monsterinsights_skip_tracking":false,"_monsterinsights_sitenote_active":false,"_monsterinsights_sitenote_note":"","_monsterinsights_sitenote_category":0,"footnotes":""},"_links":{"self":[{"href":"https:\/\/sandbox.kvalevaag.se\/index.php?rest_route=\/wp\/v2\/pages\/69"}],"collection":[{"href":"https:\/\/sandbox.kvalevaag.se\/index.php?rest_route=\/wp\/v2\/pages"}],"about":[{"href":"https:\/\/sandbox.kvalevaag.se\/index.php?rest_route=\/wp\/v2\/types\/page"}],"author":[{"embeddable":true,"href":"https:\/\/sandbox.kvalevaag.se\/index.php?rest_route=\/wp\/v2\/users\/1"}],"replies":[{"embeddable":true,"href":"https:\/\/sandbox.kvalevaag.se\/index.php?rest_route=%2Fwp%2Fv2%2Fcomments&post=69"}],"version-history":[{"count":14,"href":"https:\/\/sandbox.kvalevaag.se\/index.php?rest_route=\/wp\/v2\/pages\/69\/revisions"}],"predecessor-version":[{"id":9579,"href":"https:\/\/sandbox.kvalevaag.se\/index.php?rest_route=\/wp\/v2\/pages\/69\/revisions\/9579"}],"up":[{"embeddable":true,"href":"https:\/\/sandbox.kvalevaag.se\/index.php?rest_route=\/wp\/v2\/pages\/12"}],"wp:attachment":[{"href":"https:\/\/sandbox.kvalevaag.se\/index.php?rest_route=%2Fwp%2Fv2%2Fmedia&parent=69"}],"curies":[{"name":"wp","href":"https:\/\/api.w.org\/{rel}","templated":true}]}}