{"id":7523,"date":"2019-03-30T18:20:08","date_gmt":"2019-03-30T18:20:08","guid":{"rendered":"http:\/\/www.kvalevaag.se\/?page_id=7523"},"modified":"2021-03-30T15:29:47","modified_gmt":"2021-03-30T15:29:47","slug":"anders-paulsen-wallevik","status":"publish","type":"page","link":"https:\/\/sandbox.kvalevaag.se\/?page_id=7523","title":{"rendered":"Anders Paulsen Wallevik"},"content":{"rendered":"<p><img loading=\"lazy\" decoding=\"async\" class=\"alignleft size-full wp-image-7524\" src=\"https:\/\/sandbox.kvalevaag.se\/wp-content\/uploads\/2019\/03\/A_P_Wallevik_1.jpg\" alt=\"\" width=\"220\" height=\"300\" \/>Anders Paulsen Wallevik f\u00f6ddes 12 sep 1874 p\u00e5 g\u00e5rden Vallevik, i Ulvik, Hordaland fylke. Han f\u00f6rdrog att kalla sig A. P. Wallevik med m\u00e5nga str\u00e4ngar p\u00e5 sin lyra. Han var g\u00e5rdsbrukare, skeppare, handelsman, \u00e5ngb\u00e5tsexpedit\u00f6r, posttj\u00e4nsteman m.m. Det han blev k\u00e4nd f\u00f6r var hans fotografering.<\/p>\n<p>Som ung tog han arbete omkring 1895 som receptionist p\u00e5 hotel Brakanes. Detta i en tid d\u00e5 turismen b\u00f6rjade ta form och resandet \u00f6kade. \u00c5ngb\u00e5tarna kunde transportera passagerare l\u00e4ngre bort p\u00e5 kortare tid. Han la m\u00e4rke till att hotellg\u00e4sterna \u00f6nskade sig k\u00f6pa postkort. M\u00e5nga av de postkorten han s\u00e5lde p\u00e5 hotellet var s\u00e4kert fr\u00e5n den k\u00e4nde fotografen Knud Knudsen en av de f\u00f6rsta norska pionj\u00e4rerna inom fotografikonsten. Det var d\u00e5 tanke f\u00f6r f\u00f6rsta g\u00e5ngen kom upp att l\u00e4ra sig fotografera. Hans f\u00f6rsta kamera vann han i en t\u00e4vling i b\u00f6rjan p\u00e5 1900-talet sen rullade det bara p\u00e5. Han var didaktiker med en kortare utbildning 1918 i Berlin hos Nicola Perscheid, en av de f\u00f6rsta professionella fotograferna i Tyskland. Han fotograferade helst utomhus i sin byggd, maritim milj\u00f6, p\u00e5 sina fartyg och sin familj. Framkallningen sk\u00f6tte han p\u00e5 g\u00e5rden utan elektricitet i skenet fr\u00e5n stearinljus. Han efterl\u00e4mnade sig \u00f6ver 3300 glas pl\u00e5tar som Hardanger Historielag har f\u00e5tt ta hand om och digitalisera. De flesta tagna mellan 1905\u201335, ett fantastiskt foto arv att f\u00e5 ta del av. M\u00e5nga av hans foto finns att besk\u00e5da p\u00e5 det norska <strong><a href=\"https:\/\/digitaltmuseum.no\/\" target=\"_blank\" rel=\"noopener noreferrer\">digitalmuseet<\/a><\/strong>.<\/p>\n<figure id=\"attachment_7525\" aria-describedby=\"caption-attachment-7525\" style=\"width: 300px\" class=\"wp-caption alignright\"><a href=\"wp-content\/uploads\/2019\/03\/Anders_Paulsen_Wallevik_1.jpg\"><img loading=\"lazy\" decoding=\"async\" class=\"wp-image-7525 size-full\" src=\"https:\/\/sandbox.kvalevaag.se\/wp-content\/uploads\/2019\/03\/A_P_Wallevik_2.jpg\" alt=\"\" width=\"300\" height=\"233\" \/><\/a><figcaption id=\"caption-attachment-7525\" class=\"wp-caption-text\">Klicka f\u00f6r ny bild<\/figcaption><\/figure>\n<p><!--more-->Han tog fotoapparaten med sig \u00f6verallt. Han sj\u00e4lv uppgav att han i 1897 tog \u00f6ver en fotoatelj\u00e9 i Ulvik (Vallevik) efter en annan fotograf som hade startat den 1876, men angav inte vem det var, m\u00f6jligen var det Eiken\u00e6s. S\u00e5 sent som 1955 levererade han bilder till Historiska museet, universitetet i Bergen, d\u00e4r n\u00e5gra av hans pl\u00e5tar finns bevarade. Anders fotograferade mycket f\u00f6r Hardanger-Sunnhordlandet. Han fick diplom och medalj f\u00f6r sitt verk p\u00e5 en internationell fotoutst\u00e4llning i N\u00fcrnberg 1956. Kopior av hans bilder och 1 500 glas pl\u00e5tar finns nu p\u00e5 Hardanger Folkmuseum.<br \/>Anders miste sin far redan 1897, han fick d\u00e5 axla rollen som g\u00e5rdsbrukare tillsammans med sin mor och yngre syskon. Fem av dem var under 12 \u00e5r. Han \u00f6vertog sin fars jaktskepp \u201dHaabet af Hardanger\u201d som han seglade endast 24 \u00e5r gammal ner till Karlshamn i Sverige med en last av salt sill. Eftersom han inte hade skepparexamen fick en \u00e4ldre skeppare fr\u00e5n Bergen och en kock f\u00f6lja med p\u00e5 den v\u00e5gliga resan. Han fortsatte med seglandet som lotsfartyg ner mot Haugesund och v\u00e5r fisket. Det var h\u00e4r han tr\u00e4ffade sin blivande hustru fr\u00e5n R\u00f8v\u00e6r, Martha Amanda Gautesen. Hon var 14 \u00e5r yngre \u00e4n Anders och hade som 11 \u00e5ring mist sin far, kusiner och andra n\u00e4rst\u00e5ende personer i den fruktansv\u00e4rda oktoberstormen d\u00e5\u00a0 <strong><a href=\"https:\/\/sandbox.kvalevaag.se\/?page_id=2820\" rel=\"noopener noreferrer\">begravningsf\u00f6ljet f\u00f6rliste 1899.<\/a><\/strong>\u00a0Anders och Martha gifter sig 1905, de fick ett l\u00e5ngt liv tillsammans med nio barn.<\/p>\n\n\n\n\n<figure id=\"attachment_7526\" aria-describedby=\"caption-attachment-7526\" style=\"width: 300px\" class=\"wp-caption alignleft\"><a href=\"wp-content\/uploads\/2019\/03\/Anders_Paulsen_Wallevik_9.jpg\"><img loading=\"lazy\" decoding=\"async\" class=\"wp-image-7526 size-full\" title=\"Rensning av fisk ombord p\u00e5 S\/K Wallevik.\" src=\"https:\/\/sandbox.kvalevaag.se\/wp-content\/uploads\/2019\/03\/A_P_Wallevik_3.jpg\" alt=\"\" width=\"300\" height=\"237\" \/><\/a><figcaption id=\"caption-attachment-7526\" class=\"wp-caption-text\">Klicka f\u00f6r ny bild<\/figcaption><\/figure>\n<p>\u201dHaabet\u201d hade han fram till 1920-talet d\u00e5 han byggde ett nytt segelfartyg p\u00e5 75 fot som fick namnet S\/K Vallevik. Furutimret till b\u00e5ten h\u00f6gg han i sin egen skog. Det tog honom tv\u00e5 \u00e5r att bygga klart skeppet. Senare runt mitten av 1930-talet l\u00e5g b\u00e5ten upplagd f\u00f6r att 1938 bli ombyggd med motor och styrhytt. Han seglade mycket och l\u00e5ngt med Vallevik. K\u00f6pte fisken direkt av fiskarna som senare saltades och stoppades i tunnor. 1927 kunde det sluta illa f\u00f6r Anders d\u00e5 hans segelkutter hamnade i ov\u00e4der i Sels\u00f8yviksundet i R\u00f8d\u00f8y p\u00e5 Helgelandskusten. Anders och manskapet, hans 14 \u00e5rige son Arne fick s\u00f6ka n\u00f6dhamn d\u00e5 v\u00e4dret f\u00f6rs\u00e4mrades. P\u00e5 natten \u00f6kade vindarna upp emot orkanstyrka och de kastade ankar, skeppet drev \u00e4nd\u00e5 upp p\u00e5 ett sk\u00e4r och skadades. De fick r\u00e4dda sig i livb\u00e5ten. Senare b\u00e4rgades S\/K Vallevik till Bod\u00f8 f\u00f6r reparation. Anders Wallevik avled 90 \u00e5r gammal 27 juli 1965. Han hade ett h\u00e4nddelsrikt liv bakom sig.<\/p>\n\n\n<div class=\"wp-block-group is-layout-flow wp-block-group-is-layout-flow\"><div class=\"wp-block-group__inner-container\"><\/div><\/div>\n\n\n\n<p>K\u00e4llor:<br>Original foto: Anders Paulsen Wallevik<br>Foto: Hardanger och Voss Museum<br>Hardanger historielag 100 \u00e5r<\/p>\n\n\n\n<p><\/p>\n\n\n\n<p>Allan Kvalevaag<br>2019-03-30<\/p>\n","protected":false},"excerpt":{"rendered":"<p>Anders Paulsen Wallevik f\u00f6ddes 12 sep 1874 p\u00e5 g\u00e5rden Vallevik, i Ulvik, Hordaland fylke. Han f\u00f6rdrog att kalla sig A. P. Wallevik med m\u00e5nga str\u00e4ngar p\u00e5 sin lyra. Han var g\u00e5rdsbrukare, skeppare, handelsman, \u00e5ngb\u00e5tsexpedit\u00f6r, posttj\u00e4nsteman m.m. Det han blev k\u00e4nd f\u00f6r var hans fotografering. Som ung tog han arbete omkring 1895 som receptionist p\u00e5 hotel [&hellip;]<\/p>\n","protected":false},"author":1,"featured_media":0,"parent":0,"menu_order":0,"comment_status":"closed","ping_status":"closed","template":"","meta":{"_monsterinsights_skip_tracking":false,"_monsterinsights_sitenote_active":false,"_monsterinsights_sitenote_note":"","_monsterinsights_sitenote_category":0,"footnotes":""},"_links":{"self":[{"href":"https:\/\/sandbox.kvalevaag.se\/index.php?rest_route=\/wp\/v2\/pages\/7523"}],"collection":[{"href":"https:\/\/sandbox.kvalevaag.se\/index.php?rest_route=\/wp\/v2\/pages"}],"about":[{"href":"https:\/\/sandbox.kvalevaag.se\/index.php?rest_route=\/wp\/v2\/types\/page"}],"author":[{"embeddable":true,"href":"https:\/\/sandbox.kvalevaag.se\/index.php?rest_route=\/wp\/v2\/users\/1"}],"replies":[{"embeddable":true,"href":"https:\/\/sandbox.kvalevaag.se\/index.php?rest_route=%2Fwp%2Fv2%2Fcomments&post=7523"}],"version-history":[{"count":29,"href":"https:\/\/sandbox.kvalevaag.se\/index.php?rest_route=\/wp\/v2\/pages\/7523\/revisions"}],"predecessor-version":[{"id":8624,"href":"https:\/\/sandbox.kvalevaag.se\/index.php?rest_route=\/wp\/v2\/pages\/7523\/revisions\/8624"}],"wp:attachment":[{"href":"https:\/\/sandbox.kvalevaag.se\/index.php?rest_route=%2Fwp%2Fv2%2Fmedia&parent=7523"}],"curies":[{"name":"wp","href":"https:\/\/api.w.org\/{rel}","templated":true}]}}