{"id":765,"date":"2014-04-01T17:35:08","date_gmt":"2014-04-01T17:35:08","guid":{"rendered":"http:\/\/www.kvalevaag.se\/?page_id=765"},"modified":"2022-06-06T17:03:53","modified_gmt":"2022-06-06T17:03:53","slug":"avaldsnes-socken","status":"publish","type":"page","link":"https:\/\/sandbox.kvalevaag.se\/?page_id=765","title":{"rendered":"Avaldsnes socken"},"content":{"rendered":"<p><strong>Avaldsnes socken<\/strong><br \/>\nAvaldsnes socknen g\u00e5r tillbaka till tiden f\u00f6r reformationen. \u00c5r 1788 skedde gr\u00e4nsreglering mellan Avaldsnes och Skjold pr\u00e4stg\u00e4ld. Den 3 december samma \u00e5r best\u00e4mdes att g\u00e5rdarna Gismervik och H\u00e5st\u00f8 bara skulle tillh\u00f6ra Avaldsnes pr\u00e4stg\u00e4ld. Dessa g\u00e5rdar hade fram till d\u00e5 tillh\u00f6rt b\u00e5da pr\u00e4stg\u00e4lden. 21 november 1855 blev Kopervik tillsamman med g\u00e5rdarna s\u00f8ndre, nordre midtre Stokke, S\u00f8nden\u00e5, Stangeland, &#8221;Kobbervigs Grunde&#8221;, Austreimsneset, Austreim, Asaldalen, inre, midtre och yttre Eide, Brekke, Sk\u00e5r och Sund matr.nr. 1-15 i Avaldsnes uppr\u00e4ttat som eget socken i Avaldsnes pr\u00e4stg\u00e4ld.<\/p>\n<figure id=\"attachment_768\" aria-describedby=\"caption-attachment-768\" style=\"width: 245px\" class=\"wp-caption alignright\"><img loading=\"lazy\" decoding=\"async\" class=\"wp-image-768 size-full\" src=\"https:\/\/sandbox.kvalevaag.se\/wp-content\/uploads\/2014\/04\/Christen_Bentssen1.jpg\" alt=\"\" width=\"245\" height=\"355\" \/><figcaption id=\"caption-attachment-768\" class=\"wp-caption-text\">Christen Bentssen var socken pr\u00e4st i \u00f6ver 40 \u00e5r p\u00e5 Avaldsnes fr\u00e5n ca: 1637 &#8211; 1679. Tavlan h\u00e4nger i kyrkan och visar Christen vid 57 \u00e5rs \u00e5lder. Nio \u00e5r senare f\u00f6ll han ner med predikstolen som ramlade ihop.<\/figcaption><\/figure>\n<p><span style=\"line-height: 1.5em;\">Avaldsnes socknen<br \/>\n<\/span>&#8211; 1854 Avaldsnes<br \/>\n1855 &#8211; 1887 Avaldsnes, Kopervik<br \/>\n1888 &#8211; 1892 Avaldsnes<br \/>\n1893 &#8211; 1969 Avaldsnes, F\u00f8rdesfjorden<br \/>\n1969 &#8211; Avaldsnes<\/p>\n<p><span style=\"line-height: 1.5em;\">Den 12 december 1892 fastst\u00e4llde kungliga res. att F\u00f8rdesfjorden socken uppf\u00f6rdes i Avaldsnes pr\u00e4stg\u00e4ld med start f\u00f6rsta januari 1893. Socknen omfattar f\u00f6ljande g\u00e5rdar: Hauge, Nortveit, Kallevik, V\u00e5geb\u00f8en, Stegeberg, S\u00f8rv\u00e5g, Stave, Skeiseid, Frakkegjerd, Aksdal, Fjeldet, Helgeland, Stakkestad, Neseim, Nodland, Veim, F\u00f8rde, Brathammer, Skre, D\u00f8le, Eike nordre og s\u00f8ndre, Kolnes og Aksnes, gnr. 56-79 i Avaldsnes.<\/span><\/p>\n<p>Pr\u00e4ster i Avaldsnes<br \/>\n1531 &#8211; 1545 Mikkel Schytte P<br \/>\n1540 &#8211; Hans Klingenberg KAP<br \/>\n1554 &#8211; 1557 Rasmus Torsen KA<br \/>\n1560 &#8211; 1607 Christoffer Sigurdsen SP<br \/>\n1611 &#8211; 1628 Abraham Engebretsen Karsund SP<br \/>\n1641 &#8211; 1679 Christen Berntsen Skaaning SP<br \/>\n1679 &#8211; 1689 Bernt Christensen SP<br \/>\n1689 &#8211; 1695 Christen Christensen Hegelund SP<br \/>\n1690 &#8211; Lucas Rasmussen Friis KAP<br \/>\n1695 &#8211; 1710 Anders Christensen Hegelund SP<\/p>\n","protected":false},"excerpt":{"rendered":"<p>Avaldsnes socken Avaldsnes socknen g\u00e5r tillbaka till tiden f\u00f6r reformationen. \u00c5r 1788 skedde gr\u00e4nsreglering mellan Avaldsnes och Skjold pr\u00e4stg\u00e4ld. Den 3 december samma \u00e5r best\u00e4mdes att g\u00e5rdarna Gismervik och H\u00e5st\u00f8 bara skulle tillh\u00f6ra Avaldsnes pr\u00e4stg\u00e4ld. Dessa g\u00e5rdar hade fram till d\u00e5 tillh\u00f6rt b\u00e5da pr\u00e4stg\u00e4lden. 21 november 1855 blev Kopervik tillsamman med g\u00e5rdarna s\u00f8ndre, nordre midtre [&hellip;]<\/p>\n","protected":false},"author":2,"featured_media":0,"parent":80,"menu_order":0,"comment_status":"closed","ping_status":"closed","template":"","meta":{"_monsterinsights_skip_tracking":false,"_monsterinsights_sitenote_active":false,"_monsterinsights_sitenote_note":"","_monsterinsights_sitenote_category":0,"footnotes":""},"_links":{"self":[{"href":"https:\/\/sandbox.kvalevaag.se\/index.php?rest_route=\/wp\/v2\/pages\/765"}],"collection":[{"href":"https:\/\/sandbox.kvalevaag.se\/index.php?rest_route=\/wp\/v2\/pages"}],"about":[{"href":"https:\/\/sandbox.kvalevaag.se\/index.php?rest_route=\/wp\/v2\/types\/page"}],"author":[{"embeddable":true,"href":"https:\/\/sandbox.kvalevaag.se\/index.php?rest_route=\/wp\/v2\/users\/2"}],"replies":[{"embeddable":true,"href":"https:\/\/sandbox.kvalevaag.se\/index.php?rest_route=%2Fwp%2Fv2%2Fcomments&post=765"}],"version-history":[{"count":1,"href":"https:\/\/sandbox.kvalevaag.se\/index.php?rest_route=\/wp\/v2\/pages\/765\/revisions"}],"predecessor-version":[{"id":2409,"href":"https:\/\/sandbox.kvalevaag.se\/index.php?rest_route=\/wp\/v2\/pages\/765\/revisions\/2409"}],"up":[{"embeddable":true,"href":"https:\/\/sandbox.kvalevaag.se\/index.php?rest_route=\/wp\/v2\/pages\/80"}],"wp:attachment":[{"href":"https:\/\/sandbox.kvalevaag.se\/index.php?rest_route=%2Fwp%2Fv2%2Fmedia&parent=765"}],"curies":[{"name":"wp","href":"https:\/\/api.w.org\/{rel}","templated":true}]}}