{"id":7857,"date":"2019-08-16T04:56:53","date_gmt":"2019-08-16T04:56:53","guid":{"rendered":"http:\/\/www.kvalevaag.se\/?page_id=7857"},"modified":"2019-08-16T11:43:01","modified_gmt":"2019-08-16T11:43:01","slug":"hans-kristoffer-halvorsen","status":"publish","type":"page","link":"https:\/\/sandbox.kvalevaag.se\/?page_id=7857","title":{"rendered":"Hans Kristoffer Halvorsen"},"content":{"rendered":"<figure id=\"attachment_7862\" aria-describedby=\"caption-attachment-7862\" style=\"width: 300px\" class=\"wp-caption alignright\"><a href=\"wp-content\/uploads\/2019\/08\/Eikvagskole_1.jpg\"><img loading=\"lazy\" decoding=\"async\" class=\"wp-image-7862 size-full\" src=\"https:\/\/sandbox.kvalevaag.se\/wp-content\/uploads\/2019\/08\/Eikvagskole_3.jpg\" alt=\"\" width=\"300\" height=\"204\" \/><\/a><figcaption id=\"caption-attachment-7862\" class=\"wp-caption-text\">Oljem\u00e5lning av skolhuset i Eikv\u00e5g som byggdes 1866.<\/figcaption><\/figure>\n<p><strong>L\u00e4rarens situation p\u00e5 1880 talet<br \/>\n<\/strong>Hans Kristoffer Halvorsen f\u00f6ddes 13 jan 1861 i Horten, Vestfold. Han utbildade sig till l\u00e4rare och kom till Eikv\u00e5gskolan 1883. Han flyttade in i l\u00e4rarbostaden tillsammans med sin f\u00f6rsta hustru Gurine Johnsen som f\u00f6ddes 1865 i Fj\u00e6re, Aust-Agder. De fick 6 barn medan de bodde d\u00e4r. Levnadsvillkoren var d\u00e5liga och de fick bo tr\u00e5ngt. Gurine avled i april 1897 endast 32 \u00e5r gammal i tuberkulos. Hans Kristoffer gifte om sig 1902 med min sl\u00e4kting Klara Marie Kvilhaug. Hon var f\u00f6dd 13 okt 1876 p\u00e5 Nedre Eiker, Viken, Buskerud, de fick tv\u00e5 d\u00f6ttrar tillsammans. Klara Marie far var ocks\u00e5 l\u00e4rare, kanske umgicks de i samma kretsar. Skolhuset i Eikv\u00e5g byggdes f\u00f6rmodligen 1866. Det fanns ett skolrum med en g\u00e5ng till vedskjulet. I anslutning till skolhuset byggdes en liten l\u00e4rarbostad. Det var en v\u00e5ning och bestod av en korridor, ett vardagsrum, en kammare och ett k\u00f6k. Innan skolhuset byggdes hade det under m\u00e5nga \u00e5r varit en tvist mellan Farsund och Vanse kommuner om vem som skulle betala f\u00f6r skolan i Loshavn och Eikv\u00e5g. Det m\u00e5ste ha kommit \u00f6verens om att det var Vanse som skulle betala.<\/p>\n<p>Den 5 november 1910 skriver Halvorsen ett brev till Vanse skolstyrelse. Han skriver <em>\u201dAt der har manglet og fremdeles mangler sligt som enhver familie i skolekredsen finder n\u00f8dvendig at have, n\u00e6mlig kj\u00e6lder og spidskammer, ser jeg i \u00f8ieblikket bort fra, men her har ikke engang v\u00e6ret de n\u00f8dvendige rum til at l\u00e6gge mine barn ordentlig \u2013 exempelvis kan n\u00e6vnes, at de st\u00f8rste barn har maattet ligge under raftet paa aabne skoleloftet sommer som vinter,\u201d<\/em><\/p>\n<p>Han har funnit det absolut n\u00f6dv\u00e4ndigt att f\u00e5 mer bostadsutrymme och har d\u00e4rf\u00f6r <em>&#8221;\u2026paa aller billigste og tarveligste maade ladet indrette et slags sovev\u00e6relse med tagvindu i \u00f8vre ende av skolehuset (lov dertil havde jeg faat av skolestyret for mange aar tilbage).&#8221;<\/em> Arbetet utf\u00f6rdes s\u00e5 billigt och rimligt det var m\u00f6jligt och i samarbete med kretsordf\u00f6randen, Ivar Nerland, som sj\u00e4lv var snickare. Han har lagt ut 57,36 kr f\u00f6r arbetet och beg\u00e4rde att beloppet skulle \u00e5terbetalas. Han h\u00e4vdar sj\u00e4lv att han lagt ut flera hundra kronor, inte bara i l\u00e4rarbostaden utan \u00e4ven p\u00e5 skolhuset, f\u00f6r att komma ig\u00e5ng. Och ett vedskjul f\u00f6r skolan. Han s\u00e4ger att man m\u00e5ste ta h\u00e4nsyn till att ingen krets i hela kommunen har gjort s\u00e5 mycket f\u00f6r skolan, som Eikv\u00e5gs krets har gjort.<\/p>\n<p>Skolstyrelsen behandlade hans beg\u00e4ran den 8 november och det best\u00e4mdes med 6 r\u00f6ster mot 4. De ville ha mer information. Den 9 januari 1911 kom \u00e4rendet upp igen, och ans\u00f6kan beviljades enh\u00e4lligt, <em>\u201ddog uden f\u00f8lge for fremtiden.\u201d<\/em><\/p>\n<p>Ans\u00f6kan om f\u00f6rl\u00e4ngning till l\u00e4rarens bostad den 4 oktober 1912 skickar Halvorsen <em>\u201d\u2026en indtr\u00e6ngende henstilling til det \u00e6rede skolestyre om godhedsfuld at hj\u00e6lpe mig til litt mere husrum.\u201d<\/em> Han skriver att det \u00e4r allm\u00e4nt k\u00e4nt hur tr\u00e5ngt han har bott i alla \u00e5r. <em>\u201d&#8230;Vi har sandelig hat det saa indskr\u00e6nket i alle maater at neppe nogen i hele skolekredsen har hat det slik: En bitte liten stue hvor det gran man har av indbo staar paa hinanden og saa et enda mindre kammer samt et par \u201dbikjehus\u201d paa loftet, det er alt \u2013 ikke en kj\u00e6lder, ikke spiskammer ikke kl\u00e6deskot eller lignende\u201d.<\/em><\/p>\n<p>Han tror inte att skolan kommer att finna det obeskrivligt att han nu efter oavbruten tj\u00e4nst i kommunen i 30 \u00e5r fr\u00e5gar om ett ordentligt vardagsrum, tillbyggnad p\u00e5 skolhusets s\u00f6dra sida, en frostfri k\u00e4llare och en st\u00f6rre tillbyggnad p\u00e5 baksidan d\u00e4r det kan finnas plats f\u00f6r en matplats eller skafferi. Han har med gl\u00e4dje registrerat att det tidigare har blivit inredda bost\u00e4der f\u00f6r l\u00e4rarna b\u00e5de i Heiastranda och i Vanse, s\u00e5 nu \u00f6nskar han sig innerligt att skolstyrelsen vill finna tiden inne att skaffa honom en n\u00e5gorlunda tidsm\u00e4ssig bostad.<\/p>\n<p>Skolstyrelsen m\u00e5ste ha utsett tre m\u00e4n f\u00f6r att l\u00e4gga fram f\u00f6rslag p\u00e5 hur fr\u00e5gan ska l\u00f6sas. F\u00f6r 16 december 1912 kommer J. Samuelsen, Sivert A. Grimsby och Edv. S\u00f8rensen med ett f\u00f6rslag att bygga p\u00e5 en v\u00e5ning i skolbyggnaden. De har samlats p\u00e5 skolan i Eikv\u00e5g den 26 oktober. De beskriver k\u00e4llaren som en liten f\u00f6rdjupning under en del av huset. Det fanns en \u201dfot\u201d med vatten och inget avlopp, s\u00e5 det \u00e4r <em>\u201d&#8230;er aldeles uskikket til at opbevare noget i, og tillige meget sundhedsfarlig.\u201d<\/em> De ber\u00e4knar den nya v\u00e5ningen f\u00f6r 1850 kr och reparation av k\u00e4llaren till 40\u201350 kr.<\/p>\n<p>Ordf\u00f6randeskapet med borgm\u00e4stare Selvaag granskar \u00e4rendet den 18 december men beslutet skjuts upp f\u00f6r vidare utredning. F\u00f6r att utf\u00f6ra denna studie utses G.C. Br\u00f8vig, Sunde och Kornelius Christiansen, Nordberg. Dessa utarbetar en skiss p\u00e5 ordf\u00f6randeskapets beg\u00e4ran av den 26 mars 1913, d\u00e4r de f\u00f6resl\u00e5r att man bygger en ny byggnad vinkelr\u00e4tt mot den gamla bostaden i s\u00f6der. Den 14 april 1913 beslutade skolstyrelsen enh\u00e4lligt att beg\u00e4ra byggkonsulent D. J. Meberg att utarbeta en ritning och en ber\u00e4kning f\u00f6r en s\u00e5dan byggnad. De finner det billigare och mer l\u00e4mpligt \u00e4n den f\u00f6rsta som f\u00f6resl\u00e5s.<\/p>\n<p>Den 5 maj 1913 har Meberg gjort klar sin ritning och ber\u00e4kning. Han f\u00f6resl\u00e5r en vinkelbyggnad best\u00e5ende av ett rum p\u00e5 15 \u00bd x 15 fot och en veranda p\u00e5 norra sidan av 7 x 7 fot storlek och uppdelad inv\u00e4ndigt med ett skafferi och en utbyggnad. Ing\u00e5ngen till k\u00e4llaren m\u00e5ste flyttas fr\u00e5n husets v\u00e4stra \u00e4nde till baksidan, k\u00e4llargolvet m\u00e5ste s\u00e4nkas och en avloppskista gr\u00e4vas. Han ber\u00e4knar allt till 1500 kr.<\/p>\n<p>Skolstyrelsen beslutar enh\u00e4lligt den 15 maj att rekommendera Mebergs f\u00f6rslag och ordf\u00f6randen Adolf \u00d8sthassel skickar detta till kommunfullm\u00e4ktige med rekommendation att pengarna beviljas. 21 maj beslutade kommunfullm\u00e4ktige enh\u00e4lligt <em>\u201d&#8230;for skolekassens regning\u201d<\/em> att utf\u00f6ra arbetet. F\u00f6r att s\u00e4kerst\u00e4lla utf\u00f6randet av arbetet uts\u00e5gs f\u00f6rutom Meberg \u00e4ven skolstyrelsens ordf\u00f6rande och G. C Br\u00f8vig. Det besl\u00f6ts att ans\u00f6ka om bygglov med v\u00e4gstyrelsen. Vid det tillf\u00e4llet g\u00f6r Selvaag den 5 juni en anteckning, d\u00e4r han konstaterar att n\u00e4r v\u00e4gen byggdes 1905\u20131907, fanns den i anslutning till skolhuset v\u00e4stra v\u00e4gg. N\u00e4r l\u00e4rarens bostad ska ut\u00f6kas m\u00e5ste det ske genom att bygga v\u00e4gen i l\u00e4ngs husets v\u00e4stra v\u00e4gg.<\/p>\n<p>N\u00e4sta instans \u00e4r L\u00e4nsman J. E. Vinnem. Han s\u00e4ger den 7 juni att det har varit sj\u00e4lvklart att v\u00e4gen har anv\u00e4nts som en lekplats: <em>\u201dI Lodshavn og Eigvaag holdes ikke Hest, saa Trafikken paa Veien, som Kj\u00f8revei, er liden\u201d<\/em>. Han till\u00e5ter sig att rekommendera den bifall som godk\u00e4nts.<\/p>\n<p><img loading=\"lazy\" decoding=\"async\" class=\"alignright size-full wp-image-7861\" src=\"https:\/\/sandbox.kvalevaag.se\/wp-content\/uploads\/2019\/08\/Eikvagskole_2.jpg\" alt=\"\" width=\"300\" height=\"221\" \/>Den 10 juni skickar ans\u00f6kan till Lister och Mandals l\u00e4nsingenj\u00f6rskontoret med rekommendation och vidarebefordras till Amtmannen. Han godk\u00e4nner ans\u00f6kan enligt ovanst\u00e5ende villkor den 12 juni. Han skickar \u00e4rendet tillbaka till L\u00e4nsmannen i Vanse f\u00f6r underr\u00e4ttelse och vidare kung\u00f6relse. <em>\u201dHer. lensmanden anmodes om at paase at de opstillede betingelser overholdes\u201d.<\/em> D\u00e4rmed \u00e4r saken i hamn och bygget kan b\u00f6rja.<\/p>\n<p>L\u00e4raren Hans Kristoffer Halvorsen avled 1945 i en \u00e5lder av 84 \u00e5r, han hustru Klara Marie Kvilhaug avlider 1967, 90 \u00e5r gammal.<\/p>\n<p>L\u00e4rarbostaden var of\u00f6r\u00e4ndrad tills den revs 1961. D\u00e5 var v\u00e4ggarna angripna av myror att det inte fanns n\u00e5gon annan v\u00e4g ut. Kvar st\u00e5r det gamla skolhuset som anv\u00e4nds till fritidshus.<\/p>\n<p>K\u00e4lla:<br \/>\n<a href=\"https:\/\/www.loshavnsidene.net\/eikvagskole.htm\" target=\"_blank\" rel=\"noopener noreferrer\">L\u00e6rerboligen i Eikv\u00e5g<\/a> av Arthur Danielsen<\/p>\n<p>Allan Kvalevaag<br \/>\n2019-08-16<\/p>\n","protected":false},"excerpt":{"rendered":"<p>L\u00e4rarens situation p\u00e5 1880 talet Hans Kristoffer Halvorsen f\u00f6ddes 13 jan 1861 i Horten, Vestfold. Han utbildade sig till l\u00e4rare och kom till Eikv\u00e5gskolan 1883. Han flyttade in i l\u00e4rarbostaden tillsammans med sin f\u00f6rsta hustru Gurine Johnsen som f\u00f6ddes 1865 i Fj\u00e6re, Aust-Agder. De fick 6 barn medan de bodde d\u00e4r. Levnadsvillkoren var d\u00e5liga och [&hellip;]<\/p>\n","protected":false},"author":1,"featured_media":0,"parent":0,"menu_order":0,"comment_status":"closed","ping_status":"closed","template":"","meta":{"_monsterinsights_skip_tracking":false,"_monsterinsights_sitenote_active":false,"_monsterinsights_sitenote_note":"","_monsterinsights_sitenote_category":0,"footnotes":""},"_links":{"self":[{"href":"https:\/\/sandbox.kvalevaag.se\/index.php?rest_route=\/wp\/v2\/pages\/7857"}],"collection":[{"href":"https:\/\/sandbox.kvalevaag.se\/index.php?rest_route=\/wp\/v2\/pages"}],"about":[{"href":"https:\/\/sandbox.kvalevaag.se\/index.php?rest_route=\/wp\/v2\/types\/page"}],"author":[{"embeddable":true,"href":"https:\/\/sandbox.kvalevaag.se\/index.php?rest_route=\/wp\/v2\/users\/1"}],"replies":[{"embeddable":true,"href":"https:\/\/sandbox.kvalevaag.se\/index.php?rest_route=%2Fwp%2Fv2%2Fcomments&post=7857"}],"version-history":[{"count":5,"href":"https:\/\/sandbox.kvalevaag.se\/index.php?rest_route=\/wp\/v2\/pages\/7857\/revisions"}],"predecessor-version":[{"id":7885,"href":"https:\/\/sandbox.kvalevaag.se\/index.php?rest_route=\/wp\/v2\/pages\/7857\/revisions\/7885"}],"wp:attachment":[{"href":"https:\/\/sandbox.kvalevaag.se\/index.php?rest_route=%2Fwp%2Fv2%2Fmedia&parent=7857"}],"curies":[{"name":"wp","href":"https:\/\/api.w.org\/{rel}","templated":true}]}}