{"id":80,"date":"2014-03-22T12:25:31","date_gmt":"2014-03-22T12:25:31","guid":{"rendered":"http:\/\/www.kvalevaag.se\/?page_id=80"},"modified":"2015-01-01T18:27:31","modified_gmt":"2015-01-01T18:27:31","slug":"avaldsnes","status":"publish","type":"page","link":"https:\/\/sandbox.kvalevaag.se\/?page_id=80","title":{"rendered":"Avaldsnes"},"content":{"rendered":"<p><strong>Avaldsnes<br \/>\n<\/strong><\/p>\n<figure id=\"attachment_2394\" aria-describedby=\"caption-attachment-2394\" style=\"width: 320px\" class=\"wp-caption alignright\"><img loading=\"lazy\" decoding=\"async\" class=\"wp-image-2394 size-full\" src=\"https:\/\/sandbox.kvalevaag.se\/wp-content\/uploads\/2014\/03\/avaldsnes_1.jpg\" alt=\"\" width=\"320\" height=\"240\" srcset=\"https:\/\/sandbox.kvalevaag.se\/wp-content\/uploads\/2014\/03\/avaldsnes_1.jpg 320w, https:\/\/sandbox.kvalevaag.se\/wp-content\/uploads\/2014\/03\/avaldsnes_1-300x225.jpg 300w\" sizes=\"(max-width: 320px) 100vw, 320px\" \/><figcaption id=\"caption-attachment-2394\" class=\"wp-caption-text\">Olavskyrkan skymtar i bakgrunden p\u00e5 Avaldsnes<\/figcaption><\/figure>\n<p>Avaldsnes utalas [q\u00b4vqls-], en plats f\u00f6r en kungsg\u00e5rd fr\u00e5n vikingatid och medeltid, bel\u00e4gen p\u00e5 Karm\u00f8y n\u00e4ra Haugesund i Norge, med rika fynd \u00e4ven fr\u00e5n brons\u00e5ldern och romersk j\u00e4rn\u00e5lder.\u00a0Det \u00e4r f\u00f6rmodligen det strategiska l\u00e4get vid farleden genom det smala Karmsundet som \u00e4r bakgrunden till att Avaldsnes varit ett betydande maktcentrum under s\u00e5v\u00e4l f\u00f6rhistorisk som \u00e4ldre historisk tid.<\/p>\n<p>F\u00f6r er som vill l\u00e4sa mer om Avaldsnes kan g\u00f6ra ett bes\u00f6k p\u00e5 <strong><a href=\"https:\/\/n-kh.no\/\" target=\"_blank\">Nord-Karm\u00f8y Historielag<\/a><\/strong>\u00a0De ger ut <strong><a href=\"https:\/\/n-kh.no\/index.php?s=fro\" target=\"_blank\">Fr\u00d8-bladet<\/a><\/strong> n\u00e5gra g\u00e5nger om \u00e5ret med intressant l\u00e4sning. Bladet \u00e4r uppkallat efter f\u00f6rfattaren Fridtjof \u00d8vreb\u00f8 som var mycket produktiv. \u00d8vreb\u00f8 var ocks\u00e5 en stor samlare av b\u00f6cker som \u00f6verl\u00e4mnades till Haugesund folkebibliotek. Fridtjof \u00d8vreb\u00f8 och hans fru Mari bodde p\u00e5 \u00d8vre Hauge 1 km nordv\u00e4st om B\u00f8krossen.<\/p>\n","protected":false},"excerpt":{"rendered":"<p>Avaldsnes Avaldsnes utalas [q\u00b4vqls-], en plats f\u00f6r en kungsg\u00e5rd fr\u00e5n vikingatid och medeltid, bel\u00e4gen p\u00e5 Karm\u00f8y n\u00e4ra Haugesund i Norge, med rika fynd \u00e4ven fr\u00e5n brons\u00e5ldern och romersk j\u00e4rn\u00e5lder.\u00a0Det \u00e4r f\u00f6rmodligen det strategiska l\u00e4get vid farleden genom det smala Karmsundet som \u00e4r bakgrunden till att Avaldsnes varit ett betydande maktcentrum under s\u00e5v\u00e4l f\u00f6rhistorisk som \u00e4ldre [&hellip;]<\/p>\n","protected":false},"author":1,"featured_media":0,"parent":14,"menu_order":0,"comment_status":"closed","ping_status":"closed","template":"","meta":{"_monsterinsights_skip_tracking":false,"_monsterinsights_sitenote_active":false,"_monsterinsights_sitenote_note":"","_monsterinsights_sitenote_category":0,"footnotes":""},"_links":{"self":[{"href":"https:\/\/sandbox.kvalevaag.se\/index.php?rest_route=\/wp\/v2\/pages\/80"}],"collection":[{"href":"https:\/\/sandbox.kvalevaag.se\/index.php?rest_route=\/wp\/v2\/pages"}],"about":[{"href":"https:\/\/sandbox.kvalevaag.se\/index.php?rest_route=\/wp\/v2\/types\/page"}],"author":[{"embeddable":true,"href":"https:\/\/sandbox.kvalevaag.se\/index.php?rest_route=\/wp\/v2\/users\/1"}],"replies":[{"embeddable":true,"href":"https:\/\/sandbox.kvalevaag.se\/index.php?rest_route=%2Fwp%2Fv2%2Fcomments&post=80"}],"version-history":[{"count":2,"href":"https:\/\/sandbox.kvalevaag.se\/index.php?rest_route=\/wp\/v2\/pages\/80\/revisions"}],"predecessor-version":[{"id":2396,"href":"https:\/\/sandbox.kvalevaag.se\/index.php?rest_route=\/wp\/v2\/pages\/80\/revisions\/2396"}],"up":[{"embeddable":true,"href":"https:\/\/sandbox.kvalevaag.se\/index.php?rest_route=\/wp\/v2\/pages\/14"}],"wp:attachment":[{"href":"https:\/\/sandbox.kvalevaag.se\/index.php?rest_route=%2Fwp%2Fv2%2Fmedia&parent=80"}],"curies":[{"name":"wp","href":"https:\/\/api.w.org\/{rel}","templated":true}]}}