{"id":8110,"date":"2020-01-25T13:10:58","date_gmt":"2020-01-25T13:10:58","guid":{"rendered":"http:\/\/www.kvalevaag.se\/?page_id=8110"},"modified":"2022-07-09T09:11:04","modified_gmt":"2022-07-09T09:11:04","slug":"ovriga-lankar","status":"publish","type":"page","link":"https:\/\/sandbox.kvalevaag.se\/?page_id=8110","title":{"rendered":"\u00d6vriga l\u00e4nkar"},"content":{"rendered":"<div id=\"pl-8110\"  class=\"panel-layout\" ><div id=\"pg-8110-0\"  class=\"panel-grid panel-no-style\" ><div id=\"pgc-8110-0-0\"  class=\"panel-grid-cell\" ><div id=\"panel-8110-0-0-0\" class=\"so-panel widget widget_media_image panel-first-child\" data-index=\"0\" ><img loading=\"lazy\" decoding=\"async\" width=\"44\" height=\"44\" src=\"https:\/\/sandbox.kvalevaag.se\/wp-content\/uploads\/2020\/01\/world.jpg\" class=\"image wp-image-8111  attachment-full size-full\" alt=\"\" style=\"max-width: 100%; height: auto;\" \/><\/div><div id=\"panel-8110-0-0-1\" class=\"so-panel widget widget_nav_menu\" data-index=\"1\" ><div class=\"menu-ovriga-lankar-container\"><ul id=\"menu-ovriga-lankar\" class=\"menu\"><li id=\"menu-item-9586\" class=\"menu-item menu-item-type-taxonomy menu-item-object-category menu-item-has-children menu-item-9586\"><a href=\"https:\/\/sandbox.kvalevaag.se\/?cat=2\">Australien<\/a>\n<ul class=\"sub-menu\">\n\t<li id=\"menu-item-9089\" class=\"menu-item menu-item-type-custom menu-item-object-custom menu-item-9089\"><a target=\"_blank\" rel=\"noopener\" href=\"https:\/\/www.cwgc.org\/\">Commonwealth War Graves Commission (CWGC) har register \u00f6ver medlemmarna i samv\u00e4ldesstyrkorna, inklusive australier, som dog under v\u00e4rldskrigen.<\/a><\/li>\n\t<li id=\"menu-item-8339\" class=\"menu-item menu-item-type-custom menu-item-object-custom menu-item-8339\"><a target=\"_blank\" rel=\"noopener\" href=\"https:\/\/www.naa.gov.au\/\">S\u00f6k i NAA, Nationalarkivet i Australien<\/a><\/li>\n\t<li id=\"menu-item-8562\" class=\"menu-item menu-item-type-custom menu-item-object-custom menu-item-8562\"><a target=\"_blank\" rel=\"noopener\" href=\"https:\/\/www.qld.gov.au\/recreation\/arts\/heritage\/archives\">Queensland State Archives i Australien. H\u00e4r finns massor av information, invandring, immigrantlistor, arkiv etc.<\/a><\/li>\n<\/ul>\n<\/li>\n<li id=\"menu-item-9587\" class=\"menu-item menu-item-type-taxonomy menu-item-object-category menu-item-has-children menu-item-9587\"><a href=\"https:\/\/sandbox.kvalevaag.se\/?cat=2\">Canada<\/a>\n<ul class=\"sub-menu\">\n\t<li id=\"menu-item-8132\" class=\"menu-item menu-item-type-custom menu-item-object-custom menu-item-8132\"><a target=\"_blank\" rel=\"noopener\" href=\"https:\/\/www.bac-lac.gc.ca\/eng\/Pages\/home.aspx#conte\">Canada riksarkiv. H\u00e4r kan du bl.a. s\u00f6ka efter f\u00f6dslar, vigslar och avlidna.<\/a><\/li>\n\t<li id=\"menu-item-8131\" class=\"menu-item menu-item-type-custom menu-item-object-custom menu-item-8131\"><a target=\"_blank\" rel=\"noopener\" href=\"https:\/\/www.bac-lac.gc.ca\/eng\/census\/Pages\/census.aspx\">Folkr\u00e4kningar f\u00f6r Canada<\/a><\/li>\n<\/ul>\n<\/li>\n<li id=\"menu-item-9588\" class=\"menu-item menu-item-type-taxonomy menu-item-object-category menu-item-has-children menu-item-9588\"><a href=\"https:\/\/sandbox.kvalevaag.se\/?cat=2\">Irland<\/a>\n<ul class=\"sub-menu\">\n\t<li id=\"menu-item-8119\" class=\"menu-item menu-item-type-custom menu-item-object-custom menu-item-8119\"><a target=\"_blank\" rel=\"noopener\" href=\"https:\/\/www.irishgenealogy.ie\/en\/\">Irl\u00e4ndsk sl\u00e4ktforskning<\/a><\/li>\n<\/ul>\n<\/li>\n<li id=\"menu-item-9589\" class=\"menu-item menu-item-type-taxonomy menu-item-object-category menu-item-has-children menu-item-9589\"><a href=\"https:\/\/sandbox.kvalevaag.se\/?cat=2\">Island<\/a>\n<ul class=\"sub-menu\">\n\t<li id=\"menu-item-9392\" class=\"menu-item menu-item-type-custom menu-item-object-custom menu-item-9392\"><a target=\"_blank\" rel=\"noopener\" href=\"https:\/\/manntal.is\/\">Islands nationalarkiv f\u00f6r folkr\u00e4kningar fr\u00e5n 1703\u20131920<\/a><\/li>\n\t<li id=\"menu-item-9393\" class=\"menu-item menu-item-type-custom menu-item-object-custom menu-item-9393\"><a target=\"_blank\" rel=\"noopener\" href=\"https:\/\/timarit.is\/\">Island Tidningsarkiv<\/a><\/li>\n<\/ul>\n<\/li>\n<li id=\"menu-item-9590\" class=\"menu-item menu-item-type-taxonomy menu-item-object-category menu-item-has-children menu-item-9590\"><a href=\"https:\/\/sandbox.kvalevaag.se\/?cat=2\">Polen<\/a>\n<ul class=\"sub-menu\">\n\t<li id=\"menu-item-9582\" class=\"menu-item menu-item-type-custom menu-item-object-custom menu-item-9582\"><a target=\"_blank\" rel=\"noopener\" href=\"https:\/\/www.polishroots.com\/\">PolishRoots en s\u00f6ktj\u00e4nst att utforska polsk historia och genealogiska referenser.<\/a><\/li>\n<\/ul>\n<\/li>\n<li id=\"menu-item-9591\" class=\"menu-item menu-item-type-taxonomy menu-item-object-category menu-item-has-children menu-item-9591\"><a href=\"https:\/\/sandbox.kvalevaag.se\/?cat=2\">Storbritannien<\/a>\n<ul class=\"sub-menu\">\n\t<li id=\"menu-item-8151\" class=\"menu-item menu-item-type-custom menu-item-object-custom menu-item-8151\"><a target=\"_blank\" rel=\"noopener\" href=\"https:\/\/www.ukbmd.org.uk\/\">S\u00f6ka anor i England b\u00f6rja h\u00e4r p\u00e5 UKBMD<\/a><\/li>\n\t<li id=\"menu-item-9580\" class=\"menu-item menu-item-type-custom menu-item-object-custom menu-item-9580\"><a target=\"_blank\" rel=\"noopener\" href=\"https:\/\/www.freeukgenealogy.org.uk\/\">S\u00f6k bland f\u00f6dslar, vigslar, d\u00f6dsfall, folkr\u00e4kningar i England. Ett team av volont\u00e4rer skapar transkriptioner av offentliga k\u00e4llor, f\u00f6rsamlingskyrkor och andra betrodda institutioner.<\/a><\/li>\n<\/ul>\n<\/li>\n<li id=\"menu-item-9592\" class=\"menu-item menu-item-type-taxonomy menu-item-object-category menu-item-has-children menu-item-9592\"><a href=\"https:\/\/sandbox.kvalevaag.se\/?cat=2\">Sydafrika<\/a>\n<ul class=\"sub-menu\">\n\t<li id=\"menu-item-8115\" class=\"menu-item menu-item-type-custom menu-item-object-custom menu-item-8115\"><a target=\"_blank\" rel=\"noopener\" href=\"https:\/\/graves-at-eggsa.org\/main.php?g2_itemId=43\">Gravstenar i Sydafrika, fotografier fr\u00e5n ett stort antal kyrkog\u00e5rdar.<\/a><\/li>\n<\/ul>\n<\/li>\n<li id=\"menu-item-9593\" class=\"menu-item menu-item-type-taxonomy menu-item-object-category menu-item-has-children menu-item-9593\"><a href=\"https:\/\/sandbox.kvalevaag.se\/?cat=2\">Hela v\u00e4rlden<\/a>\n<ul class=\"sub-menu\">\n\t<li id=\"menu-item-8114\" class=\"menu-item menu-item-type-custom menu-item-object-custom menu-item-8114\"><a target=\"_blank\" rel=\"noopener\" href=\"https:\/\/historicgraves.com\/\">S\u00f6k bland historiska kyrkog\u00e5rdar.<\/a><\/li>\n\t<li id=\"menu-item-9581\" class=\"menu-item menu-item-type-custom menu-item-object-custom menu-item-9581\"><a target=\"_blank\" rel=\"noopener\" href=\"https:\/\/www.worldgenweb.org\/\">WorldGenWeb Project \u00e4r en ideell, volont\u00e4rbaserad organisation som tillhandah\u00e5ller genealogiska och historiska uppgifter och resurser f\u00f6r tillg\u00e5ng till hela v\u00e4rlden.<\/a><\/li>\n<\/ul>\n<\/li>\n<\/ul><\/div><\/div><div id=\"panel-8110-0-0-2\" class=\"so-panel widget widget_text panel-last-child\" data-index=\"2\" >\t\t\t<div class=\"textwidget\"><p>Allan Kvalevaag<br \/>\n2022-07-09<\/p>\n<\/div>\n\t\t<\/div><\/div><\/div><\/div>","protected":false},"excerpt":{"rendered":"<p>Allan Kvalevaag 2022-07-09<\/p>\n","protected":false},"author":1,"featured_media":0,"parent":12,"menu_order":0,"comment_status":"closed","ping_status":"closed","template":"","meta":{"_monsterinsights_skip_tracking":false,"_monsterinsights_sitenote_active":false,"_monsterinsights_sitenote_note":"","_monsterinsights_sitenote_category":0,"footnotes":""},"_links":{"self":[{"href":"https:\/\/sandbox.kvalevaag.se\/index.php?rest_route=\/wp\/v2\/pages\/8110"}],"collection":[{"href":"https:\/\/sandbox.kvalevaag.se\/index.php?rest_route=\/wp\/v2\/pages"}],"about":[{"href":"https:\/\/sandbox.kvalevaag.se\/index.php?rest_route=\/wp\/v2\/types\/page"}],"author":[{"embeddable":true,"href":"https:\/\/sandbox.kvalevaag.se\/index.php?rest_route=\/wp\/v2\/users\/1"}],"replies":[{"embeddable":true,"href":"https:\/\/sandbox.kvalevaag.se\/index.php?rest_route=%2Fwp%2Fv2%2Fcomments&post=8110"}],"version-history":[{"count":11,"href":"https:\/\/sandbox.kvalevaag.se\/index.php?rest_route=\/wp\/v2\/pages\/8110\/revisions"}],"predecessor-version":[{"id":9584,"href":"https:\/\/sandbox.kvalevaag.se\/index.php?rest_route=\/wp\/v2\/pages\/8110\/revisions\/9584"}],"up":[{"embeddable":true,"href":"https:\/\/sandbox.kvalevaag.se\/index.php?rest_route=\/wp\/v2\/pages\/12"}],"wp:attachment":[{"href":"https:\/\/sandbox.kvalevaag.se\/index.php?rest_route=%2Fwp%2Fv2%2Fmedia&parent=8110"}],"curies":[{"name":"wp","href":"https:\/\/api.w.org\/{rel}","templated":true}]}}