{"id":8189,"date":"2020-03-25T18:29:07","date_gmt":"2020-03-25T18:29:07","guid":{"rendered":"http:\/\/www.kvalevaag.se\/?page_id=8189"},"modified":"2021-04-24T14:11:49","modified_gmt":"2021-04-24T14:11:49","slug":"kyrkor","status":"publish","type":"page","link":"https:\/\/sandbox.kvalevaag.se\/?page_id=8189","title":{"rendered":"Karm\u00f8y kyrkor"},"content":{"rendered":"<div id=\"pl-8189\"  class=\"panel-layout\" ><div id=\"pg-8189-0\"  class=\"panel-grid panel-no-style\" ><div id=\"pgc-8189-0-0\"  class=\"panel-grid-cell\" ><div id=\"panel-8189-0-0-0\" class=\"so-panel widget widget_text panel-first-child\" data-index=\"0\" >\t\t\t<div class=\"textwidget\"><p><a href=\"wp-content\/uploads\/2020\/03\/Avaldsnes_Kyrka_3.jpg\"><img loading=\"lazy\" decoding=\"async\" class=\"alignright wp-image-8163 size-full\" src=\"https:\/\/sandbox.kvalevaag.se\/wp-content\/uploads\/2020\/03\/Avaldsnes_Kyrka_1.jpg\" alt=\"\" width=\"400\" height=\"300\" srcset=\"https:\/\/sandbox.kvalevaag.se\/wp-content\/uploads\/2020\/03\/Avaldsnes_Kyrka_1.jpg 400w, https:\/\/sandbox.kvalevaag.se\/wp-content\/uploads\/2020\/03\/Avaldsnes_Kyrka_1-300x225.jpg 300w\" sizes=\"(max-width: 400px) 100vw, 400px\" \/><\/a><strong>Avaldsnes kyrka<\/strong> eller som den ocks\u00e5 kallas Olavskyrkan, som blev byggt 1250 av H\u00e5kon IV H\u00e5konssen (1204\u20131263), det fr\u00e4msta minnesm\u00e4rket \u00f6ver Avaldsnes storhetstid. Kyrkan \u00e4r ocks\u00e5 en symbol f\u00f6r slutf\u00f6randet av rikets enade av H\u00e5kon H\u00e5konsen. Kyrkan \u00e4r byggt ovanp\u00e5 en gammal hednisk kultplats. Vid kyrkan st\u00e5r en bautasten 7,2 meter h\u00f6g, \u201dJungfru Marias Syn\u00e5l\u201d som st\u00e5r p\u00e5 sin ursprungliga plats. Namnet kommer fr\u00e5n en inristning i stenen Mikjall Mariu N\u00e6str <em>&#8221;Mikael n\u00e4st efter Maria&#8221;<\/em>. \u00c4rke\u00e4ngeln Mikael \u00e4r den som st\u00e5r efter Jungfru Maria i rang. Mikael \u00e4r den \u00e4ngel som kommer att bl\u00e5sa i ett horn p\u00e5 domedagen f\u00f6r att kalla in sj\u00e4larna. S\u00e4gnen s\u00e4ger att n\u00e4r stenens topp n\u00e5r kyrkans v\u00e4gg d\u00e5 \u00e4r domedagen h\u00e4r. Detta har gjort att pr\u00e4ster genom \u00e5ren huggit av bitar p\u00e5 toppen av stenen f\u00f6r att f\u00f6rhindra domedagen. S\u00e4gnen h\u00e4rstammar fr\u00e5n de f\u00f6rsta kristna som till\u00e4gnade alla tidigare hedniska platser till \u00e4rke\u00e4ngeln Mikael. Man vet att kyrkan under katolsk tid hade b\u00e5de ett St. Olavs altare och ett Jungfru Maria altare. Kanske hade kyrkan ocks\u00e5 ett altare f\u00f6r Mikael. Den andra kyrkan p\u00e5 Avaldsnes var ett \u00e5ttasidigt kapell som man vet stod kvar \u00e5r 1610. Den nuvarande kyrkan blev byggt av H\u00e5kon H\u00e5konson ca: \u00e5r 1250 som en del av kungsg\u00e5rden. Den byggdes till \u00e4ra \u00f6ver St. Olav och m\u00e5nga pilgrimer har bes\u00f6kt kyrkan. Hantverkarna som byggde kyrkan hade utbildats f\u00f6r \u00e4ndam\u00e5let i England. Under medeltiden kallades pr\u00e4sterna f\u00f6r \u201dsira\u201d man vet att pr\u00e4sten p\u00e5 Avaldsnes \u00e5r 1301 Sira B\u00e5rd hade bes\u00f6k av biskop Arne fr\u00e5n Stavanger. Vid denna tidpunkt h\u00f6ll man ett lagting p\u00e5 Avaldsnes och vid lagtinget \u00e5r 1322 hade Avaldsnes tv\u00e5 pr\u00e4ster. <em>\u201dHallr ok Jon prestar a Awallznese\u201d<\/em>, st\u00e5r det i ett brev till kungen. M\u00e5nga pr\u00e4ster klagade \u00f6ver utgifter f\u00f6r g\u00e4stabud vid lagtingen p\u00e5 Avaldsnes. Man vet att den siste katolske pr\u00e4sten hette Hans Diser och var tysk och drev handel, han var i Danmark med varor \u00e5r 1521. Hans historia \u00e4r m\u00e4rklig eftersom han slutade sina dagar som sj\u00f6r\u00f6vare av utl\u00e4ndska skepp \u00e5r 1535. Reformationen med Luther hade sv\u00e5rt att f\u00e5 f\u00e4ste p\u00e5 Avaldsnes. En s\u00e4gn n\u00e4mner att de som v\u00e4grade \u00f6verge katolicismen h\u00f6ll m\u00e4ssor i ett bergrum p\u00e5 det 300 m h\u00f6ga Valh\u00e4st fj\u00e4llet. St\u00e4llet kallas \u00e4n i dag Pr\u00e4stvarden. Man vet best\u00e4mt att Olavskyrkan plundrades p\u00e5 alla sina skatter och att kyrkan minste mycket av sina int\u00e4kter eftersom folket inte respekterade de nya pr\u00e4sterna och inte betalade var tionde till kyrkan. Detta lede till att kyrkan b\u00f6rjade f\u00f6rfalla. I b\u00f6rjan av 1600-talet var Abraham Engelbretsson pr\u00e4st p\u00e5 Avaldsnes. Kung Christian IV bes\u00f6kte Avaldsnes \u00e5r 1607 d\u00e4r han fr\u00e5gade pr\u00e4sten varf\u00f6r han hade s\u00e5 kort pr\u00e4stkjol. Varav Abraham Engelbretsson svarade \u201dDen er blitt beklippet tilligemed kallet\u201d, med det manade han att int\u00e4kterna till kyrkan var s\u00e5 d\u00e5liga att han inte hade r\u00e5d till mer. Det var ofta strid mellan pr\u00e4sterna p\u00e5 Avaldsnes och biskoparna om mer pengar till kyrkan. S\u00e4rskilt pr\u00e4sten Christen Bentsen Skaaning (fr\u00e5n Sk\u00e5ne), som var pr\u00e4st p\u00e5 Avaldsnes fr\u00e5n 1635 till 1679 \u2013 allts\u00e5 i \u00f6ver 40 \u00e5r. Han ans\u00f6kte hos kungen om extra medel f\u00f6r att rusta upp pr\u00e4stg\u00e5rden som f\u00f6rfallit. F\u00f6r att plussa p\u00e5 int\u00e4kterna till kyrkan s\u00e5 handlade han med sill fast detta var f\u00f6rbjudet f\u00f6r pr\u00e4sterna. Christen var en pr\u00e4st som hade stor respekt av folket, och han var med vid flera kungahyllningar. Han fick m\u00e5nga barn minst tio barn v\u00e4xte upp och bildade egna familjer i byarna runt Karmsundet.<\/p>\n<p><a href=\"wp-content\/uploads\/2020\/03\/Avaldsnes_Kyrka_4.jpg\"><img loading=\"lazy\" decoding=\"async\" class=\"alignright wp-image-8164 size-full\" src=\"https:\/\/sandbox.kvalevaag.se\/wp-content\/uploads\/2020\/03\/Avaldsnes_Kyrka_2.jpg\" alt=\"\" width=\"300\" height=\"400\" srcset=\"https:\/\/sandbox.kvalevaag.se\/wp-content\/uploads\/2020\/03\/Avaldsnes_Kyrka_2.jpg 300w, https:\/\/sandbox.kvalevaag.se\/wp-content\/uploads\/2020\/03\/Avaldsnes_Kyrka_2-225x300.jpg 225w\" sizes=\"(max-width: 300px) 100vw, 300px\" \/><\/a>Den \u00e4ldsta sonen Bern blev den pr\u00e4st som eftertr\u00e4dde Christen men han hade en d\u00e5lig vana att supa och var inte popul\u00e4r. Det var ett h\u00e5rt jobb att vara pr\u00e4st p\u00e5 Avaldsnes eftersom det var en ber\u00f6md kyrka s\u00e5 det blev n\u00f6dv\u00e4ndigt med extra personal som hj\u00e4lpte pr\u00e4sterna. H\u00e4r fanns klockare, en medhj\u00e4lpare, tj\u00e4nstefolk, kyrkv\u00e4rdar och skoll\u00e4rare. Gudstj\u00e4nsterna p\u00e5 s\u00f6ndagen kunde h\u00e5lla p\u00e5 i flera timmar, folket fick g\u00e5 upp tidigt f\u00f6r att hinna till kyrkan s\u00e4rskilt de som bodde p\u00e5 Askdal. M\u00e5nga somnade under m\u00e4ssan och \u00e5r 1645 anst\u00e4lldes det en man som gick runt med en k\u00e4pp och v\u00e4ckte folk som sov. En av de popul\u00e4raste pr\u00e4sterna var Johan Lyder Brun som var pr\u00e4st 1838 till 1848. Tillsammans med sin fru Karen fick han tolv barn. Johan Lyder Brun tj\u00e4nade pengar som amat\u00f6r arkeolog, han var den som l\u00e4t gr\u00e4va ut Flaghaugen d\u00e4r han fann en stor guldring som han s\u00e5lde till universitetet i Christania (Oslo). En g\u00e5ng var Johan p\u00e5 resa fr\u00e5n Bergen till Avaldsnes en l\u00f6rdag med biskopen Jakob von der Lippe n\u00e4r det bl\u00e5ste upp till storm och de fick s\u00f6ka skydd p\u00e5 Sveio. Ryktet gick om att den popul\u00e4re pr\u00e4sten var i n\u00e4rheten och det slutade med att han var tvungen att h\u00e5lla en predikan f\u00f6r folket i en sj\u00f6bod. N\u00e4sta dag gav de sig av igen men r\u00e5kade \u00e5terigen ut f\u00f6r en storm, de trodde deras sista stund var kommen. Men de rede ut stormen och kom fram till Avaldsnes, d\u00e4r v\u00e4ntade folk p\u00e5 att pr\u00e4sten skulle b\u00f6rja sin predikan, han gick upp i predikstolen och b\u00f6rjade. Efter gudstj\u00e4nsten sa biskopen att det var den b\u00e4sta predikan han n\u00e5gonsin h\u00f6rt och undrade n\u00e4r han skrev den. P\u00e5 havet n\u00e4r vi v\u00e4ntade p\u00e5 att d\u00f6 svarade Johan.<br \/>\nUppe till h\u00f6ger p\u00e5 kyrkd\u00f6rren kan man fortfarande se skadorna av kulh\u00e5len fr\u00e5n flyganfallet. I februari 1870 kom Lars Oftedahl som vikarierande pr\u00e4st i elva m\u00e5nader. Oftedahl var en k\u00e4nd v\u00e4ckelsepredikant. Han talade till folk p\u00e5 ett s\u00e4tt s\u00e5 att folket f\u00f6rstod, han skrev s\u00e5nger och inf\u00f6rde en folkh\u00f6gskola f\u00f6r unga. Under sina elva m\u00e5nader h\u00f6ll han omkring 200 m\u00f6ten i kyrkan. Efter reformationen f\u00f6rf\u00f6ll kyrkan, s\u00e4rskilt taket som ursprungligen var t\u00e4kt med koppar. 1929 restaurerades kyrkan till s\u00e5 som den ser ut i dag. Under andra v\u00e4rldskriget ville tyskarna riva tornet p\u00e5 kyrkan f\u00f6r att engelska piloter anv\u00e4nde det som landm\u00e4rke n\u00e4r de skulle f\u00e4lla bomber i sundet. Tornet r\u00e4ddades av befolkningen som byggde med svenskt material ett stort tr\u00e4skydd \u00f6ver kyrkan s\u00e5 att den bara s\u00e5g ut som en vanlig kulle. Under ett flygangrepp uppt\u00e4ckte en engelsk flygare byggnaden som han trodde var ett ammunitionsf\u00f6rr\u00e5d och b\u00f6rjade beskjuta kyrkan, det blev n\u00e5gra kulh\u00e5l som \u00e4n idag syns p\u00e5 kyrkan.<\/p>\n<figure id=\"attachment_8167\" aria-describedby=\"caption-attachment-8167\" style=\"width: 400px\" class=\"wp-caption alignright\"><a href=\"wp-content\/uploads\/2020\/03\/Kopervik_kyrka_2.jpg\"><img loading=\"lazy\" decoding=\"async\" class=\"wp-image-8167 size-full\" src=\"https:\/\/sandbox.kvalevaag.se\/wp-content\/uploads\/2020\/03\/Kopervik_kyrka_1.jpg\" alt=\"\" width=\"400\" height=\"296\" srcset=\"https:\/\/sandbox.kvalevaag.se\/wp-content\/uploads\/2020\/03\/Kopervik_kyrka_1.jpg 400w, https:\/\/sandbox.kvalevaag.se\/wp-content\/uploads\/2020\/03\/Kopervik_kyrka_1-300x222.jpg 300w\" sizes=\"(max-width: 400px) 100vw, 400px\" \/><\/a><figcaption id=\"caption-attachment-8167\" class=\"wp-caption-text\">Klicka f\u00f6r brandbild<\/figcaption><\/figure>\n<p><strong>Kopervik kyrka<\/strong> var en korskyrka ritad av arkitekten Jakob Wilhelm Nordan i ny ren\u00e4ssansstil. Kyrkan invigdes 2 oktober 1861. Det gamla altaret var fr\u00e5n 1906, m\u00e5lad av August Eiebakke som i sin tur var en kopia av &#8221;Uppst\u00e5ndelsen&#8221; i Bragernes kyrka, m\u00e5lad av Adolph Tidemand. Kopervik kyrka brandskadades 28 oktober 2001. D\u00e5 f\u00f6rst\u00f6rdes altarstycket och det var n\u00e4ra att hela kyrkan brann ner den g\u00e5ngen. En 23-\u00e5rig man medgav att han startade branden. Ett nytt altarverk tillverkades av Keith Grant som invigdes den 12 juni 2005.<\/p>\n<p>Den 28 maj 2010 f\u00f6rst\u00f6rdes den gamla tr\u00e4kyrkan i en ny brand. Kyrkans personal lyckades r\u00e4dda silver, n\u00e5gra stolar och dopfunten innan de var tvungna i hast l\u00e4mna kyrkan. Medan brandm\u00e4nnen arbetade med att sl\u00e4cka branden kunde \u00e5sk\u00e5darna se sin vackra vita tr\u00e4kyrka f\u00f6rvandlas till aska. Brandf\u00f6rloppet gick fort, det fanns personer i kyrkan n\u00e4r r\u00f6k uppt\u00e4cktes vid 12 tiden, alla kunde dock ta sig ut. Brandv\u00e4sendet arbetade med att f\u00f6rs\u00f6ka r\u00e4dda s\u00e5 mycket som m\u00f6jligt bland annat vissa armaturer togs ut ur den brinnande kyrkan. De flesta i Kopervik har d\u00f6pts, konfirmerats och vigts i kyrkan. Branden sl\u00e4cktes vid 21 tiden p\u00e5 kv\u00e4llen. Det finns \u00e4nnu ingen orsak hur branden uppstod. Tekniska unders\u00f6kningar inleddes. En ny kyrka i Kopervik invigdes 23 april 2017.<\/p>\n<\/div>\n\t\t<\/div><div id=\"panel-8189-0-0-1\" class=\"so-panel widget widget_text\" data-index=\"1\" >\t\t\t<div class=\"textwidget\"><p><a href=\"wp-content\/uploads\/2020\/03\/Akra_gamla_kyrka_2.jpg\"><img loading=\"lazy\" decoding=\"async\" class=\"alignright wp-image-8162 size-full\" src=\"https:\/\/sandbox.kvalevaag.se\/wp-content\/uploads\/2020\/03\/Akra_gamla_kyrka_1.jpg\" alt=\"\" width=\"400\" height=\"305\" srcset=\"https:\/\/sandbox.kvalevaag.se\/wp-content\/uploads\/2020\/03\/Akra_gamla_kyrka_1.jpg 400w, https:\/\/sandbox.kvalevaag.se\/wp-content\/uploads\/2020\/03\/Akra_gamla_kyrka_1-300x229.jpg 300w\" sizes=\"(max-width: 400px) 100vw, 400px\" \/><\/a><\/p>\n<p><strong>\u00c5kra f\u00f6rsta kyrka<\/strong> ska ha uppf\u00f6rts omkring 1660. Kyrkan s\u00e5ldes till rika personer d\u00e5 skicket var d\u00e5ligt att anv\u00e4nda den. De var bara intresserad av godset och kyrkan f\u00f6rf\u00f6ll. 1820 revs den f\u00f6r att bygga ny 1821. Altartavlan fr\u00e5n den f\u00f6rsta kyrkan var tillverkad 1663 av en Skotte vid namn Andrew Smith. Altartavlan h\u00e4nger fortfarande i kyrkan. \u00c5r 1827 m\u00e5lades kyrkan om till en kostnad av 9 daler och en post som ber\u00e4ttar att 32 skilling anv\u00e4ndes till br\u00e4nnvin \u00e5t arbetarna! 1932 restaurerades kyrkan en sista g\u00e5ng, riksantikvariat \u00f6vervakade arbetet.<\/p>\n<p>Kyrkan \u00e4r byggd som en &#8221;l\u00e5nghuskyrka&#8221; i tr\u00e4 1821 med 320 sittplatser. Kyrkan byggdes ut 1852 och 1899. Kyrkan best\u00e5r av ett centralt, l\u00e5ngsmalt f\u00f6rsamlingsrum att symbolisera den heliga v\u00e4gen <em>&#8221;via sacra&#8221;<\/em> fr\u00e5n v\u00e4ster mot solens uppg\u00e5ng i \u00f6ster. Ett klocktorn med tv\u00e5 klockor. Denna typ av kyrka har varit den vanligaste i Norge fr\u00e5n medeltiden fram till 1900-talet. M\u00e5nga stavkyrkor \u00e4r byggda som l\u00e5ngkyrkor.<\/p>\n<p>Kyrkan ligger v\u00e4ster om riksv\u00e4g 47 med en \u00e4ldre kyrkog\u00e5rd. P\u00e5 andra sidan v\u00e4gen ligger en st\u00f6rre kyrkog\u00e5rd.<\/p>\n<p>En ny kyrkan i betong, tr\u00e4 och glas byggdes 1985 s\u00f6der om kyrkog\u00e5rden och ersatte den gamla kyrkan som en f\u00f6rsamlingskyrka. Kyrkan har f\u00e5tt tre klockor i sitt torn och en mekanisk piporgel fr\u00e5n 1986 byggd av Verschuren, Heythuysen i Nederl\u00e4nderna.<\/p>\n<\/div>\n\t\t<\/div><div id=\"panel-8189-0-0-2\" class=\"so-panel widget widget_text\" data-index=\"2\" >\t\t\t<div class=\"textwidget\"><p><a href=\"wp-content\/uploads\/2020\/03\/Torvastad_kyrka_2-1.jpg\"><img loading=\"lazy\" decoding=\"async\" class=\"alignright wp-image-8169 size-full\" src=\"https:\/\/sandbox.kvalevaag.se\/wp-content\/uploads\/2020\/03\/Torvastad_kyrka_1.jpg\" alt=\"\" width=\"400\" height=\"291\" srcset=\"https:\/\/sandbox.kvalevaag.se\/wp-content\/uploads\/2020\/03\/Torvastad_kyrka_1.jpg 400w, https:\/\/sandbox.kvalevaag.se\/wp-content\/uploads\/2020\/03\/Torvastad_kyrka_1-300x218.jpg 300w\" sizes=\"(max-width: 400px) 100vw, 400px\" \/><\/a><strong>Torvastad kyrka<\/strong> \u00e4r byggd 1879\u20131880 av Andreas Syre tillsammans med sin bror Erik vilka \u00e4ven hade byggt Falnes kyrka.<br \/>\nKyrkan \u00e4r en \u201dl\u00e5nghuskyrka\u201d i tr\u00e4 med 450 sittplatser. Kyrkan har tv\u00e5 klockor i sitt torn. Orgeln \u00e4r fr\u00e5n 1986 byggd av \u00c5kerman &amp; Lund i Sverige.<\/p>\n<p>\u00c5r 1912 fick kyrkan en ny altartavla av k\u00f6pman H Hauge i Stavanger, m\u00e5lad av konstn\u00e4ren L\u00f8vig. \u00c5r 1920 fick kyrkan en ny orgel och 1927 m\u00e5lades kyrkan om d\u00e4r f\u00e4rgerna best\u00e4mdes av arkitekt Erdmann. \u00c5r 1930 satte man in katedralglas i alla f\u00f6nster i skeppet samt 2 stora och 2 sm\u00e5 i koret. Dessa var m\u00e5lad av arkitekt Paulsen fr\u00e5n Bergen.<\/p>\n<p>Intill kyrkan finns kyrkog\u00e5rd och en gravlund n\u00e5gra hundra meter l\u00e4ngre bort.<\/p>\n<\/div>\n\t\t<\/div><div id=\"panel-8189-0-0-3\" class=\"so-panel widget widget_text\" data-index=\"3\" >\t\t\t<div class=\"textwidget\"><p><a href=\"wp-content\/uploads\/2020\/03\/Ferkingstad_kyrka_2.jpg\"><img loading=\"lazy\" decoding=\"async\" class=\"alignright wp-image-8166 size-full\" src=\"https:\/\/sandbox.kvalevaag.se\/wp-content\/uploads\/2020\/03\/Ferkingstad_kyrka_1.jpg\" alt=\"\" width=\"400\" height=\"367\" srcset=\"https:\/\/sandbox.kvalevaag.se\/wp-content\/uploads\/2020\/03\/Ferkingstad_kyrka_1.jpg 400w, https:\/\/sandbox.kvalevaag.se\/wp-content\/uploads\/2020\/03\/Ferkingstad_kyrka_1-300x275.jpg 300w\" sizes=\"(max-width: 400px) 100vw, 400px\" \/><\/a><strong>Ferkingstad kyrka <\/strong>st\u00e5r p\u00e5 g\u00e5rden Kvilhaug mark. Kyrkan \u00e4r en \u201dl\u00e5nghuskyrka\u201d\u00a0byggd i tr\u00e4. Den invigdes 26 juli 1854 av prosten Sinding och har 300 sittplatser. Klocktorn och altare \u00e4r fr\u00e5n 1600-talet. Orgeln \u00e4r en mekanisk \u201dsl\u00f8yplateorgel\u201d fr\u00e5n Norsk Orgel &amp; Harmoniumsfabrik. Runt sekelskiftet 1900 m\u00e5lade kyrkan inv\u00e4ndigt.<\/p>\n<p>Gravplatsen ligger 600\u2013700 meter norr om kyrkan vid riksv\u00e4g 47. Ferkingstad har haft kyrka sedan medeltiden och de tidigare kyrkorna stod l\u00e4ngre norrut, inte s\u00e5 l\u00e5ngt fr\u00e5n Ferkingstad hamn. Platsen \u00e4r mest k\u00e4nd f\u00f6r sp\u00e5ren av stora byggnadsrester fr\u00e5n Kungaborgen och det var d\u00e4r <strong><a href=\"https:\/\/en.wikipedia.org\/wiki\/Ferking\" target=\"_blank\" rel=\"noopener\">King Ferking<\/a><\/strong> (Fartegn) brukade vara.<\/p>\n<\/div>\n\t\t<\/div><div id=\"panel-8189-0-0-4\" class=\"so-panel widget widget_text\" data-index=\"4\" >\t\t\t<div class=\"textwidget\"><p>&nbsp;<\/p>\n<p><strong>Falnes kyrka<br \/>\n<\/strong>Falnes kyrkobyggnad \u00f6ster om Skudeneshavn g\u00e5r tillbaka till medeltiden, \u00e4ven om den \u00e4ldsta k\u00e4nda kyrkan &#8221;Falnes hoffuedkiercke&#8221; \u00e4r fr\u00e5n sent 1620 tal. Den gamla kyrkoplatsen ligger strax nordost om g\u00e5rden vid \u00d6vre Falnes, och man tror att den medeltida kyrkan var en stavkyrka. Det revs och en ny kyrka byggdes 1642\u201346. Det var en l\u00e5ngkyrka i tr\u00e4 och man var lappad. Denna kyrka revs 1851, samma \u00e5r som den nuvarande kyrkan byggdes drygt en halv kilometer v\u00e4sterut. M\u00e5nga av de gamla m\u00f6blerna s\u00e5ldes p\u00e5 auktion.<\/p>\n<p><strong><a href=\"wp-content\/uploads\/2021\/01\/Falnes_kirke_2.jpg\"><img loading=\"lazy\" decoding=\"async\" class=\"alignright wp-image-8165 size-full\" src=\"https:\/\/sandbox.kvalevaag.se\/wp-content\/uploads\/2020\/03\/Falnes_kyrka_1.jpg\" alt=\"\" width=\"400\" height=\"300\" srcset=\"https:\/\/sandbox.kvalevaag.se\/wp-content\/uploads\/2020\/03\/Falnes_kyrka_1.jpg 400w, https:\/\/sandbox.kvalevaag.se\/wp-content\/uploads\/2020\/03\/Falnes_kyrka_1-300x225.jpg 300w\" sizes=\"(max-width: 400px) 100vw, 400px\" \/><\/a><\/strong>Branden p\u00e5 pr\u00e4stg\u00e5rden 1842 b\u00f6rjade p\u00e5 natten. Prosten Fredrik Arentz satt p\u00e5 kontoret och arbetade sent tills han gick i s\u00e4ngs. Fredrik vaknade p\u00e5 natten och gick bort till f\u00f6nstret f\u00f6r att titta ut. Det var som han k\u00e4nde att det var n\u00e5got fel, har han ber\u00e4ttat efter\u00e5t. Pr\u00e4sten skrek till de andra i huset och snart kom alla p\u00e5 f\u00f6tterna. Elden spred sig snabbt av att en gnista hade ant\u00e4nts i en torvl\u00e5da som stod intill spisen p\u00e5 kontoret. Det v\u00e4rsta var att alla kyrkb\u00f6cker och gamla dokument brann upp. De trodde att de f\u00e5tt ut alla men en saknades, Tine. Tine var p\u00e5 andra v\u00e5ningen i ett rum f\u00f6r dig sj\u00e4lv som de gl\u00f6mt kontrollera. Dr\u00e4ngen Jone skulle f\u00f6rs\u00f6ka r\u00e4dda henne. Slutligen hittade han Tine och fick ut henne i s\u00e4kerhet precis innan taket kollapsade. Pr\u00e4sten gladde sig att Tine hade r\u00e4ddats. Till Johne sa pr\u00e4sten: \u201dDu kan v\u00e4lja din jord var du vill\u201d. Jone valde Dyrland p\u00e5 v\u00e4stra Karm\u00f8y och stannade kvar d\u00e4r till sin d\u00f6d. Han tyckte inte om att prata om branden vid pr\u00e4stg\u00e5rden.<br \/>\nJone &#8221;John&#8221; Johannesen 1815\u20131877 \u00e4r en sl\u00e4kting till mig som drev g\u00e5rdsbruket nr 1 p\u00e5 Dyrland mellan \u00e5ren 1844\u20131889.<\/p>\n<p>En ny kyrka st\u00e5r p\u00e5 g\u00e5rden Falnes och \u00e4r en \u201dl\u00e5nghuskyrka\u201d byggd i tr\u00e4. Den invigdes 1 oktober 1851 av biskopen Jacob von der Lippe. Det \u00e4r en stor kyrka med 600 sittplatser. Men det r\u00e4ckte inte d\u00e4rf\u00f6r \u00e4r stolarna i nedre skeppet tillverkade extra breda f\u00f6r att det kunde st\u00e5 en rad framf\u00f6r dem som satt ner. De bytte plats med varandra efterhand som gudstj\u00e4nsten p\u00e5gick f\u00f6r alla skulle f\u00e5 sitta en stund. Kyrkklockorna \u00e4r gjutna i G\u00f6teborg 1832 och orgeln \u00e4r fr\u00e5n 1867. Kyrkan ligger \u00f6ster om Skudeneshavn, intill finns en kyrkog\u00e5rd.<\/p>\n<p>&nbsp;<\/p>\n<\/div>\n\t\t<\/div><div id=\"panel-8189-0-0-5\" class=\"so-panel widget widget_text\" data-index=\"5\" >\t\t\t<div class=\"textwidget\"><p><strong>Vedav\u00e5gen kyrka<\/strong> \u00e4r byggd i betong, tr\u00e4 och glas fr\u00e5n 2009 med 280 sittplatser.<img loading=\"lazy\" decoding=\"async\" class=\"alignright size-full wp-image-8172\" src=\"https:\/\/sandbox.kvalevaag.se\/wp-content\/uploads\/2020\/03\/Vedavagen_kyrka_1.jpg\" alt=\"\" width=\"400\" height=\"214\" srcset=\"https:\/\/sandbox.kvalevaag.se\/wp-content\/uploads\/2020\/03\/Vedavagen_kyrka_1.jpg 400w, https:\/\/sandbox.kvalevaag.se\/wp-content\/uploads\/2020\/03\/Vedavagen_kyrka_1-300x161.jpg 300w\" sizes=\"(max-width: 400px) 100vw, 400px\" \/><\/p>\n<\/div>\n\t\t<\/div><div id=\"panel-8189-0-0-6\" class=\"so-panel widget widget_text\" data-index=\"6\" >\t\t\t<div class=\"textwidget\"><figure id=\"attachment_8311\" aria-describedby=\"caption-attachment-8311\" style=\"width: 400px\" class=\"wp-caption alignright\"><img loading=\"lazy\" decoding=\"async\" class=\"wp-image-8311 size-full\" src=\"https:\/\/sandbox.kvalevaag.se\/wp-content\/uploads\/2020\/06\/Norheim_kyrka.jpg\" alt=\"\" width=\"400\" height=\"237\" srcset=\"https:\/\/sandbox.kvalevaag.se\/wp-content\/uploads\/2020\/06\/Norheim_kyrka.jpg 400w, https:\/\/sandbox.kvalevaag.se\/wp-content\/uploads\/2020\/06\/Norheim_kyrka-300x178.jpg 300w\" sizes=\"(max-width: 400px) 100vw, 400px\" \/><figcaption id=\"caption-attachment-8311\" class=\"wp-caption-text\">Foto: Tore Birger Langelandsvik Erland<\/figcaption><\/figure>\n<p><strong>Norheim kyrka<\/strong> er en f\u00f6rsamlingskyrka fr\u00e5n 1978 i Karm\u00f8y kommun. Byggnaden \u00e4r i betong och har 425 platser. \u00c5r 1976 p\u00e5b\u00f6rjades arbetet med att bygga Norheim kyrka, den 3 mars satte f\u00f6rsamlingsr\u00e5ds ledaren Tj\u00e6rand Milje det f\u00f6rsta spadtaget. Kyrkan byggdes p\u00e5 grund av stor inflyttning till fastlandet, d\u00e4r det inte fanns n\u00e5gon kyrka.<\/p>\n<\/div>\n\t\t<\/div><div id=\"panel-8189-0-0-7\" class=\"so-panel widget widget_text panel-last-child\" data-index=\"7\" >\t\t\t<div class=\"textwidget\"><figure id=\"attachment_8308\" aria-describedby=\"caption-attachment-8308\" style=\"width: 400px\" class=\"wp-caption alignright\"><a href=\"wp-content\/uploads\/2020\/06\/Utsira_kyrka_3.jpg\"><img loading=\"lazy\" decoding=\"async\" class=\"wp-image-8308 size-full\" src=\"https:\/\/sandbox.kvalevaag.se\/wp-content\/uploads\/2020\/06\/Utsira_kyrka_2.jpg\" alt=\"\" width=\"400\" height=\"300\" srcset=\"https:\/\/sandbox.kvalevaag.se\/wp-content\/uploads\/2020\/06\/Utsira_kyrka_2.jpg 400w, https:\/\/sandbox.kvalevaag.se\/wp-content\/uploads\/2020\/06\/Utsira_kyrka_2-300x225.jpg 300w\" sizes=\"(max-width: 400px) 100vw, 400px\" \/><\/a><figcaption id=\"caption-attachment-8308\" class=\"wp-caption-text\">Foto: Tore Birger Langelandsvik Erland<\/figcaption><\/figure>\n<p><strong>Utsira kyrka <\/strong>ligger p\u00e5 \u00f6n Utsira, en egen kommun ute i Nordsj\u00f6n utanf\u00f6r Karm\u00f8y. Det \u00e4r en \u201dl\u00e5nghuskyrka\u201d byggd i tr\u00e4 fr\u00e5n 1785 med 100 platser. \u00c5r 1870 fick kyrkan ett nytt altare och dopfunt. 1954 fick kyrkan tillbyggnad av klocktorn, vapenrum och sakristia. Orgeln \u00e4r en elektronisk fr\u00e5n Yamaha 1980.<\/p>\n<p>Det finns en kyrkog\u00e5rd intill kyrkan och n\u00e5gra hundra meter l\u00e4ngre s\u00f6derut.<\/p>\n<p>&nbsp;<\/p>\n<p>&nbsp;<\/p>\n<p>&nbsp;<\/p>\n<p>&nbsp;<\/p>\n<p>&nbsp;<\/p>\n<p>Allan Kvalevaag<br \/>\n2021-01-16<\/p>\n<\/div>\n\t\t<\/div><\/div><\/div><\/div>","protected":false},"excerpt":{"rendered":"<p>Avaldsnes kyrka eller som den ocks\u00e5 kallas Olavskyrkan, som blev byggt 1250 av H\u00e5kon IV H\u00e5konssen (1204\u20131263), det fr\u00e4msta minnesm\u00e4rket \u00f6ver Avaldsnes storhetstid. Kyrkan \u00e4r ocks\u00e5 en symbol f\u00f6r slutf\u00f6randet av rikets enade av H\u00e5kon H\u00e5konsen. Kyrkan \u00e4r byggt ovanp\u00e5 en gammal hednisk kultplats. Vid kyrkan st\u00e5r en bautasten 7,2 meter h\u00f6g, \u201dJungfru Marias Syn\u00e5l\u201d [&hellip;]<\/p>\n","protected":false},"author":1,"featured_media":0,"parent":0,"menu_order":0,"comment_status":"closed","ping_status":"closed","template":"","meta":{"_monsterinsights_skip_tracking":false,"_monsterinsights_sitenote_active":false,"_monsterinsights_sitenote_note":"","_monsterinsights_sitenote_category":0,"footnotes":""},"_links":{"self":[{"href":"https:\/\/sandbox.kvalevaag.se\/index.php?rest_route=\/wp\/v2\/pages\/8189"}],"collection":[{"href":"https:\/\/sandbox.kvalevaag.se\/index.php?rest_route=\/wp\/v2\/pages"}],"about":[{"href":"https:\/\/sandbox.kvalevaag.se\/index.php?rest_route=\/wp\/v2\/types\/page"}],"author":[{"embeddable":true,"href":"https:\/\/sandbox.kvalevaag.se\/index.php?rest_route=\/wp\/v2\/users\/1"}],"replies":[{"embeddable":true,"href":"https:\/\/sandbox.kvalevaag.se\/index.php?rest_route=%2Fwp%2Fv2%2Fcomments&post=8189"}],"version-history":[{"count":14,"href":"https:\/\/sandbox.kvalevaag.se\/index.php?rest_route=\/wp\/v2\/pages\/8189\/revisions"}],"predecessor-version":[{"id":8305,"href":"https:\/\/sandbox.kvalevaag.se\/index.php?rest_route=\/wp\/v2\/pages\/8189\/revisions\/8305"}],"wp:attachment":[{"href":"https:\/\/sandbox.kvalevaag.se\/index.php?rest_route=%2Fwp%2Fv2%2Fmedia&parent=8189"}],"curies":[{"name":"wp","href":"https:\/\/api.w.org\/{rel}","templated":true}]}}