{"id":82,"date":"2014-03-22T12:25:52","date_gmt":"2014-03-22T12:25:52","guid":{"rendered":"http:\/\/www.kvalevaag.se\/?page_id=82"},"modified":"2021-05-22T12:19:43","modified_gmt":"2021-05-22T12:19:43","slug":"haugesund","status":"publish","type":"page","link":"https:\/\/sandbox.kvalevaag.se\/?page_id=82","title":{"rendered":"Haugesund"},"content":{"rendered":"<p><strong>Haugesund<\/strong><\/p>\n<p><img loading=\"lazy\" decoding=\"async\" class=\"alignright wp-image-2333 size-medium\" src=\"https:\/\/sandbox.kvalevaag.se\/wp-content\/uploads\/2014\/03\/Haugesund_1855-300x225.jpg\" alt=\"\" width=\"300\" height=\"225\" srcset=\"https:\/\/sandbox.kvalevaag.se\/wp-content\/uploads\/2014\/03\/Haugesund_1855-300x225.jpg 300w, https:\/\/sandbox.kvalevaag.se\/wp-content\/uploads\/2014\/03\/Haugesund_1855.jpg 320w\" sizes=\"(max-width: 300px) 100vw, 300px\" \/><\/p>\n<p>Haugesund har Karmsundet mellan sig och Karm\u00f8y, en viktig seglingsr\u00e4nna sen urtiders minne. H\u00e4r har kungar och h\u00f6vdingar seglat sina l\u00e5ngskepp till och fr\u00e5n kungsg\u00e5rden p\u00e5 Avaldsnes som var Norges f\u00f6rsta huvudstad. Vid denna seglingsr\u00e4nna har Haugesund v\u00e4xt sig till en stad p\u00e5 \u00f6ver 30000 inv\u00e5nare.\u00a0Det \u00e4r de senaste 150 \u00e5r som staden v\u00e4xt till dagens storlek, 1839 fanns det bara 12 familjer boende i omr\u00e5det. Det rika sillfisket p\u00e5 v\u00e5rarna lade grunden till att g\u00f6ra staden rik. Det byggdes upp en flotta av skepp inom fiskeindustrin. Den 26 augusti 1854 fastst\u00e4llde kung Oskar I att Haugesund var en egen kommun vilket numera \u00e4r Stadens f\u00f6delsedag.<\/p>\n<p>Allan Kvalevaag<br \/>\n2021-05-22<\/p>\n","protected":false},"excerpt":{"rendered":"<p>Haugesund Haugesund har Karmsundet mellan sig och Karm\u00f8y, en viktig seglingsr\u00e4nna sen urtiders minne. H\u00e4r har kungar och h\u00f6vdingar seglat sina l\u00e5ngskepp till och fr\u00e5n kungsg\u00e5rden p\u00e5 Avaldsnes som var Norges f\u00f6rsta huvudstad. Vid denna seglingsr\u00e4nna har Haugesund v\u00e4xt sig till en stad p\u00e5 \u00f6ver 30000 inv\u00e5nare.\u00a0Det \u00e4r de senaste 150 \u00e5r som staden v\u00e4xt [&hellip;]<\/p>\n","protected":false},"author":1,"featured_media":0,"parent":14,"menu_order":0,"comment_status":"closed","ping_status":"closed","template":"","meta":{"_monsterinsights_skip_tracking":false,"_monsterinsights_sitenote_active":false,"_monsterinsights_sitenote_note":"","_monsterinsights_sitenote_category":0,"footnotes":""},"_links":{"self":[{"href":"https:\/\/sandbox.kvalevaag.se\/index.php?rest_route=\/wp\/v2\/pages\/82"}],"collection":[{"href":"https:\/\/sandbox.kvalevaag.se\/index.php?rest_route=\/wp\/v2\/pages"}],"about":[{"href":"https:\/\/sandbox.kvalevaag.se\/index.php?rest_route=\/wp\/v2\/types\/page"}],"author":[{"embeddable":true,"href":"https:\/\/sandbox.kvalevaag.se\/index.php?rest_route=\/wp\/v2\/users\/1"}],"replies":[{"embeddable":true,"href":"https:\/\/sandbox.kvalevaag.se\/index.php?rest_route=%2Fwp%2Fv2%2Fcomments&post=82"}],"version-history":[{"count":2,"href":"https:\/\/sandbox.kvalevaag.se\/index.php?rest_route=\/wp\/v2\/pages\/82\/revisions"}],"predecessor-version":[{"id":8836,"href":"https:\/\/sandbox.kvalevaag.se\/index.php?rest_route=\/wp\/v2\/pages\/82\/revisions\/8836"}],"up":[{"embeddable":true,"href":"https:\/\/sandbox.kvalevaag.se\/index.php?rest_route=\/wp\/v2\/pages\/14"}],"wp:attachment":[{"href":"https:\/\/sandbox.kvalevaag.se\/index.php?rest_route=%2Fwp%2Fv2%2Fmedia&parent=82"}],"curies":[{"name":"wp","href":"https:\/\/api.w.org\/{rel}","templated":true}]}}