{"id":84,"date":"2014-03-22T12:26:11","date_gmt":"2014-03-22T12:26:11","guid":{"rendered":"http:\/\/www.kvalevaag.se\/?page_id=84"},"modified":"2021-05-22T12:18:10","modified_gmt":"2021-05-22T12:18:10","slug":"schleswig","status":"publish","type":"page","link":"https:\/\/sandbox.kvalevaag.se\/?page_id=84","title":{"rendered":"Schleswig"},"content":{"rendered":"<p><strong>Schleswig<\/strong><\/p>\n<figure id=\"attachment_2376\" aria-describedby=\"caption-attachment-2376\" style=\"width: 320px\" class=\"wp-caption alignright\"><img loading=\"lazy\" decoding=\"async\" class=\"wp-image-2376 size-full\" src=\"https:\/\/sandbox.kvalevaag.se\/wp-content\/uploads\/2014\/03\/schleswig_11.jpg\" alt=\"\" width=\"320\" height=\"240\" srcset=\"https:\/\/sandbox.kvalevaag.se\/wp-content\/uploads\/2014\/03\/schleswig_11.jpg 320w, https:\/\/sandbox.kvalevaag.se\/wp-content\/uploads\/2014\/03\/schleswig_11-300x225.jpg 300w\" sizes=\"(max-width: 320px) 100vw, 320px\" \/><figcaption id=\"caption-attachment-2376\" class=\"wp-caption-text\">Vy fr\u00e5n Schlei med domkyrkan i bakgrunden<\/figcaption><\/figure>\n<p>Schleswig ligger strategiskt vid floden Schlei med sitt utlopp i \u00d6stersj\u00f6n i delstaten Schleswig-Holstein. Staden har anor \u00e4nda tillbaka till 800-talets vikingatid d\u00e5 byn Haithabu eller som man s\u00e4ger i dagligt tal, Hedeby byggdes.<\/p>\n<p>Staden med sina ca: 30000 inv\u00e5nare f\u00e5r betraktas som en sm\u00e5stad i Tyskland. L\u00e4get vid en vik l\u00e5ngt in fr\u00e5n \u00d6stersj\u00f6n var viktigt f\u00f6rr d\u00e5 fartygen inte beh\u00f6vde djupt vatten att f\u00e4rdas p\u00e5. Placeringen av boplatser som Haithabu var mycket viktigt som skydd, fienden lurade hela tiden runt h\u00f6rnet. L\u00e4get har spelat sin roll genom \u00e5rhundraden med en rad krig. Fr\u00e5n 800-talet och fram till \u00e5r 1864 var Schleswig ett danskt jarl- eller hertigd\u00f6me. Under Dansk-tyska kriget 1864 er\u00f6vrades Schleswig tillsammans med Holstein av Preussen och \u00d6sterrike. 1867 f\u00f6renades Schleswig med Holstein som den preussiska provinsen Schleswig-Holstein. Vid en folkomr\u00f6stning 1920 \u00e5terf\u00f6rdes den nordliga delen av Schleswig till Danmark, officiellt som de s\u00f8nderjyske Landsdele. Efter andra v\u00e4rldskriget kom ett stort antal tyska flyktingar fr\u00e5n omr\u00e5dena i \u00f6st till Schleswig-Holstein. En dansk r\u00f6relse fick kraftig framg\u00e5ng och \u00f6nskade hela Schleswig \u00e5terkom till Danmark. Den danska regeringen avvisade dock kraven och efter n\u00e5gra \u00e5r stabiliserades l\u00e4get. Vid K\u00f6penhamn-Bonn deklarationen 1955 erk\u00e4ndes de tv\u00e5 minoritetsgruppers r\u00e4ttigheter och nationella sp\u00e4nningar i gr\u00e4nsomr\u00e5det \u00e4r numera s\u00e4llsynta.<\/p>\n<p>Allan Kvalevaag<br \/>\n2021-05-22<\/p>\n","protected":false},"excerpt":{"rendered":"<p>Schleswig Schleswig ligger strategiskt vid floden Schlei med sitt utlopp i \u00d6stersj\u00f6n i delstaten Schleswig-Holstein. Staden har anor \u00e4nda tillbaka till 800-talets vikingatid d\u00e5 byn Haithabu eller som man s\u00e4ger i dagligt tal, Hedeby byggdes. Staden med sina ca: 30000 inv\u00e5nare f\u00e5r betraktas som en sm\u00e5stad i Tyskland. L\u00e4get vid en vik l\u00e5ngt in fr\u00e5n [&hellip;]<\/p>\n","protected":false},"author":1,"featured_media":0,"parent":14,"menu_order":0,"comment_status":"closed","ping_status":"closed","template":"","meta":{"_monsterinsights_skip_tracking":false,"_monsterinsights_sitenote_active":false,"_monsterinsights_sitenote_note":"","_monsterinsights_sitenote_category":0,"footnotes":""},"_links":{"self":[{"href":"https:\/\/sandbox.kvalevaag.se\/index.php?rest_route=\/wp\/v2\/pages\/84"}],"collection":[{"href":"https:\/\/sandbox.kvalevaag.se\/index.php?rest_route=\/wp\/v2\/pages"}],"about":[{"href":"https:\/\/sandbox.kvalevaag.se\/index.php?rest_route=\/wp\/v2\/types\/page"}],"author":[{"embeddable":true,"href":"https:\/\/sandbox.kvalevaag.se\/index.php?rest_route=\/wp\/v2\/users\/1"}],"replies":[{"embeddable":true,"href":"https:\/\/sandbox.kvalevaag.se\/index.php?rest_route=%2Fwp%2Fv2%2Fcomments&post=84"}],"version-history":[{"count":3,"href":"https:\/\/sandbox.kvalevaag.se\/index.php?rest_route=\/wp\/v2\/pages\/84\/revisions"}],"predecessor-version":[{"id":8835,"href":"https:\/\/sandbox.kvalevaag.se\/index.php?rest_route=\/wp\/v2\/pages\/84\/revisions\/8835"}],"up":[{"embeddable":true,"href":"https:\/\/sandbox.kvalevaag.se\/index.php?rest_route=\/wp\/v2\/pages\/14"}],"wp:attachment":[{"href":"https:\/\/sandbox.kvalevaag.se\/index.php?rest_route=%2Fwp%2Fv2%2Fmedia&parent=84"}],"curies":[{"name":"wp","href":"https:\/\/api.w.org\/{rel}","templated":true}]}}