{"id":8576,"date":"2021-03-22T17:48:39","date_gmt":"2021-03-22T17:48:39","guid":{"rendered":"http:\/\/www.kvalevaag.se\/?page_id=8576"},"modified":"2021-11-28T09:34:26","modified_gmt":"2021-11-28T09:34:26","slug":"vindafjord","status":"publish","type":"page","link":"https:\/\/sandbox.kvalevaag.se\/?page_id=8576","title":{"rendered":"M\/S Vindafjord"},"content":{"rendered":"\n<div class=\"wp-block-group\"><div class=\"wp-block-group__inner-container is-layout-flow wp-block-group-is-layout-flow\"><div id=\"pl-gb8576-69e6c4101a5a9\"  class=\"panel-layout\" ><div id=\"pg-gb8576-69e6c4101a5a9-0\"  class=\"panel-grid panel-no-style\" ><div id=\"pgc-gb8576-69e6c4101a5a9-0-0\"  class=\"panel-grid-cell\" ><div id=\"panel-gb8576-69e6c4101a5a9-0-0-0\" class=\"so-panel widget widget_text panel-first-child\" data-index=\"0\" >\t\t\t<div class=\"textwidget\"><figure id=\"attachment_7636\" aria-describedby=\"caption-attachment-7636\" style=\"width: 300px\" class=\"wp-caption alignleft\"><a href=\"https:\/\/sandbox.kvalevaag.se\/popup\/MS_Vindafjord.html\"><img loading=\"lazy\" decoding=\"async\" class=\"wp-image-7636 size-full\" src=\"https:\/\/sandbox.kvalevaag.se\/wp-content\/uploads\/2019\/06\/Artikel_MS_Vindafjord_mini.jpg\" alt=\"\" width=\"300\" height=\"82\" \/><\/a><figcaption id=\"caption-attachment-7636\" class=\"wp-caption-text\">Klicka f\u00f6r l\u00e4sa artikeln<\/figcaption><\/figure>\n<p>Klockan 16.30 en fredag 28 november 1941 efter en halvtimmes seglats fr\u00e5n Kvits\u00f8y med kurs mot Skudenes angreps M\/S Vindafjord av ett brittiskt Lockheed Hudson bombplan fr\u00e5n 220 Skvadron RAF Coastal Command och s\u00e4nktes. Ombord p\u00e5 Vindafjord fanns 68 personer. M\/S Vindafjord s\u00e4nktes inom loppet av tv\u00e5 minuter. Sju av bes\u00e4ttningen omkom tillsammans med 28 norska passagerare samt tv\u00e5 tyska soldater. 35 m\u00e4nniskor blev upplockade och r\u00e4ddade av motorkuttern Marsteinen fr\u00e5n \u00c5krehamn som r\u00e5kade befinna sig i n\u00e4rheten. M\/S Vindafjord trafikerade fr\u00e5n b\u00f6rjan rutten Sandeid &#8211; \u00c5msosen &#8211; Stavanger via Nedstrand. 1938 k\u00f6pte <a href=\"https:\/\/no.wikipedia.org\/wiki\/Det_Stavangerske_Dampskibsselskab\">Det Stavangerske Dampskibsselskab<\/a> (DSD) M\/S Vindafjord som \u00e4ndrade p\u00e5 rutten till Skudenes &#8211; Kvits\u00f8y &#8211; Stavanger. Kapten ombord var Johannes Vatsv\u00e5g fr\u00e5n Nedstrand.<\/p>\n<\/div>\n\t\t<\/div><div id=\"panel-gb8576-69e6c4101a5a9-0-0-1\" class=\"so-panel widget widget_text\" data-index=\"1\" >\t\t\t<div class=\"textwidget\"><p><a href=\"\/wp-content\/uploads\/2019\/04\/Tyska_befastningar_1.jpg\"><img loading=\"lazy\" decoding=\"async\" class=\"alignleft wp-image-7575 size-full\" src=\"https:\/\/sandbox.kvalevaag.se\/wp-content\/uploads\/2019\/04\/Tyska_befastningar_2.jpg\" alt=\"\" width=\"400\" height=\"225\" srcset=\"https:\/\/sandbox.kvalevaag.se\/wp-content\/uploads\/2019\/04\/Tyska_befastningar_2.jpg 400w, https:\/\/sandbox.kvalevaag.se\/wp-content\/uploads\/2019\/04\/Tyska_befastningar_2-300x169.jpg 300w\" sizes=\"(max-width: 400px) 100vw, 400px\" \/><\/a>Tyskarna byggde bef\u00e4stningar p\u00e5 Randaberg, Kvits\u00f8y och Fj\u00f8l\u00f8y som en del av artillerigruppen Stavanger \u2013 Nord. Den blev uppr\u00e4ttad i Stavanger i april 1940 och bestod av dessa tre batterier. Batteriet p\u00e5 Fj\u00f8l\u00f8y blev utrustat i mai \u2013 juni 1941 med tre 21 cm M\u00f6rser 18 haubitsar med en r\u00e4ckvidd p\u00e5 16 km. Batterierna var en del av det tyska f\u00f6rsvarssystemet som f\u00f6rsvarade den viktiga inseglingen till Stavanger norrifr\u00e5n genom Boknafjorden och fr\u00e5n Nordsj\u00f6n. Det var m\u00e5nga norrm\u00e4n som arbetade med bef\u00e4stningarna och beh\u00f6vde transportera sig mellan \u00f6arna. Den tyska kommandoplatsen l\u00e5g p\u00e5 Kvits\u00f8y. N\u00e4r M\/S Vindafjord anl\u00e4nde till Kvits\u00f8y fr\u00e5n Stavanger klev ca: 40 tyska soldater iland. P\u00e5 Kvits\u00f8y v\u00e4ntade flera norska arbetare att kliva ombord f\u00f6r att resa hem till sina familjer p\u00e5 Karm\u00f8y och Haugesund \u00f6ver veckoslutet.<\/p>\n<\/div>\n\t\t<\/div><div id=\"panel-gb8576-69e6c4101a5a9-0-0-2\" class=\"so-panel widget widget_text\" data-index=\"2\" >\t\t\t<div class=\"textwidget\"><p><img loading=\"lazy\" decoding=\"async\" class=\"alignright size-full wp-image-7571\" src=\"https:\/\/sandbox.kvalevaag.se\/wp-content\/uploads\/2019\/04\/Lockheed_Hudson.jpg\" alt=\"\" width=\"400\" height=\"240\" srcset=\"https:\/\/sandbox.kvalevaag.se\/wp-content\/uploads\/2019\/04\/Lockheed_Hudson.jpg 400w, https:\/\/sandbox.kvalevaag.se\/wp-content\/uploads\/2019\/04\/Lockheed_Hudson-300x180.jpg 300w\" sizes=\"(max-width: 400px) 100vw, 400px\" \/>Vindafjord l\u00e4mnade Kvits\u00f8y runt kl. 16.00 som d\u00e5 hade 57 norska passagerare varav 5 kvinnor. En av dessa var min sl\u00e4kting, 23 \u00e5riga Klara Melhus som d\u00e5 bara hade en halvtimme kvar att leva. Tv\u00e5 kvarvarande tyska soldater skulle vakta 20 l\u00e5dor spr\u00e4ngmedel f\u00f6r lossning i Skudeneshavn samt bes\u00e4ttningen p\u00e5 9 personer. Halvv\u00e4gs mellan Kvits\u00f8y och Skudesneshavn, i regnigt v\u00e4der och tunga sj\u00f6ar, attackerades hon p\u00e5 babords sida av maskingev\u00e4rseld fr\u00e5n ett brittiskt Lockheed Hudson bombplan. Tv\u00e5 bomber sl\u00e4pptes och tr\u00e4ffade mittskeppet som fick fartyget att sjunka mycket snabbt. M\u00e5nga passagerare hade g\u00e5tt ner i salongen medan vissa stod kvar p\u00e5 d\u00e4ck. De som kunde kastade sig i det kalla vattnet medan andra f\u00f6ljde med ner i djupet. N\u00e5got r\u00e4ddningsmaterial hann aldrig att komma i sj\u00f6n, endast en livflotte som hamnat av sig sj\u00e4lv fylldes snabbt av \u00f6verlevande medan resten klamrade sig fast. Mer detaljerad vittnesm\u00e5l fr\u00e5n h\u00e4ndelsen \u00e5terfinns i\u00a0<strong><a href=\"https:\/\/sandbox.kvalevaag.se\/TNG\/histories\/Sjoforklaring_MS_Vindafjord.pdf\" target=\"_blank\" rel=\"noopener noreferrer\">sj\u00f6f\u00f6rklaringen<\/a>.<\/strong><\/p>\n<\/div>\n\t\t<\/div><div id=\"panel-gb8576-69e6c4101a5a9-0-0-3\" class=\"so-panel widget widget_text\" data-index=\"3\" >\t\t\t<div class=\"textwidget\"><div class=\"wp-block-image\">\n<figure class=\"alignleft\"><a href=\"https:\/\/carnegieheltefond.no\/carnegies-heltefond\" target=\"_blank\" rel=\"noopener noreferrer\"><img loading=\"lazy\" decoding=\"async\" class=\"wp-image-7637\" src=\"https:\/\/sandbox.kvalevaag.se\/wp-content\/uploads\/2019\/06\/Carnegies_Medalj.jpg\" alt=\"\" width=\"200\" height=\"106\" \/><\/a><\/figure>\n<\/div>\n<p>&nbsp;<\/p>\n<p><img loading=\"lazy\" decoding=\"async\" class=\"alignright size-full wp-image-7635\" src=\"https:\/\/sandbox.kvalevaag.se\/wp-content\/uploads\/2019\/06\/Artikel_Hans_Mikal_Nodaland_1948-01-29.jpg\" alt=\"\" width=\"189\" height=\"300\" \/>I boken \u201dLang kyst\u201d ber\u00e4ttas det om Mikal Nodland fr\u00e5n Haugesund som bland vrakgods och k\u00e4mpande m\u00e4nniskor fick syn p\u00e5 sin arbetskamrat Gunleif Westre, \u00e4ven han fr\u00e5n Haugesund. I dyningarna och kraftig vind l\u00e5g Nodland och k\u00e4mpade f\u00f6r sitt liv med endast en fungerande arm, den andra var s\u00f6nderskjuten i f\u00f6rsta maskingev\u00e4rssalvan fr\u00e5n Lockheed Hudson planet. Mikal h\u00f6ll sig flytande p\u00e5 tv\u00e5 livbojar medan han h\u00f6ll sin kamrat runt livet med ena armen. Med den andra h\u00f6ll han halvt medvetsl\u00f6se Gunleif i r\u00f6relse s\u00e5 att han inte stelnade i det kalla vattnet. Mikal Nodland fick Carnegies guldmedalj f\u00f6r sin hj\u00e4lteinsats. I motiveringen st\u00e5r det att han har r\u00e4ddat Gunleif fr\u00e5n att drunkna under extremt sv\u00e5ra f\u00f6rh\u00e5llanden och med sitt eget liv som insatts under sv\u00e5ra anstr\u00e4ngningar. Carnegies hj\u00e4ltefond i Norge grundades 1911 som en norsk del av den internationella Carnegie Hero Fund. Stiftelsens grundare var Andrew Carnegie (1835\u20131919), som emigrerade fr\u00e5n Skottland till USA 1848.<\/p>\n<\/div>\n\t\t<\/div><div id=\"panel-gb8576-69e6c4101a5a9-0-0-4\" class=\"so-panel widget widget_text\" data-index=\"4\" >\t\t\t<div class=\"textwidget\"><p><img loading=\"lazy\" decoding=\"async\" class=\"alignleft size-full wp-image-7572\" src=\"https:\/\/sandbox.kvalevaag.se\/wp-content\/uploads\/2019\/04\/MS_Marstein.jpg\" alt=\"\" width=\"400\" height=\"240\" srcset=\"https:\/\/sandbox.kvalevaag.se\/wp-content\/uploads\/2019\/04\/MS_Marstein.jpg 400w, https:\/\/sandbox.kvalevaag.se\/wp-content\/uploads\/2019\/04\/MS_Marstein-300x180.jpg 300w\" sizes=\"(max-width: 400px) 100vw, 400px\" \/>M\/K Marstein som\u00a0var f\u00f6rsenad fr\u00e5n Skudeneshavn p.g.a. sin extra stora last, bevittnade hur M\/S Vidafjord stod i brand och r\u00f6k. De la om kursen och pressade motorn f\u00f6r att komma fram till Vindafjord s\u00e5 fort som m\u00f6jligt. 15, 20 minuter senare var de framme bland vrakrester och fastklamrade m\u00e4nniskor som hj\u00e4lptes upp p\u00e5 Marstein. Skepparen och \u00e4garen Simon Ingebrigtsen, matros Hans H. Hansen och Nils Karlsen, alla fr\u00e5n \u00c5krehamn p\u00e5 Karm\u00f8y r\u00e4ddade den dagen 35 personer, bland dem den ena tyska soldaten. M\u00e5nga av de \u00f6verlevande beh\u00f6vde l\u00e4karv\u00e5rd, dels p\u00e5 sjukstugan i Skudeneshavn och dels p\u00e5 sjukhuset i Haugesund. Alla som kunde hj\u00e4lptes \u00e5t den dagen med v\u00e5rd och omsorg. Nazisterna gjorde stor propaganda av tragedin. De samlade 500 NS folk i Stavangers film teater som protesterade mot britternas om\u00e4nskliga handling mot det norska folket. Tyskarna gav till\u00e5telse att b\u00e5tarna som ville leta efter fler \u00f6verlevande fick lov att anv\u00e4nda sina s\u00f6karljus. Tyv\u00e4rr fann de inga fler \u00f6verlevande. I s\u00f6kande fann man bara brevposten. N\u00e5gra dagar senare fann man tv\u00e5 omkomna i strandkanten p\u00e5 \u00f6ns s\u00f6dra sida och en del skeppspapper. Det var lotsen Reinert Svines fr\u00e5n Stavanger och M\/S Vindafjord andre styrman Ivar Berekvam fr\u00e5n Imsland, inga fler av de omkomna fann man, resten av de omkomna f\u00f6rsvann i havet.<\/p>\n<\/div>\n\t\t<\/div><div id=\"panel-gb8576-69e6c4101a5a9-0-0-5\" class=\"so-panel widget widget_text panel-last-child\" data-index=\"5\" >\t\t\t<div class=\"textwidget\"><p>Personer med relation till mig omkom den dagen:<\/p>\n<p>Thomas Andreassen 1898 \u2013 1941, 43 \u00e5r<br \/>\nMartin Rasmussen 1874 \u2013 1941, 67 \u00e5r<br \/>\nOskar H\u00f8ie 1900 \u2013 1941, 41 \u00e5r<br \/>\nK\u00f8rner Olaus Knutsen Mannes 1910 \u2013 1941, 31 \u00e5r<br \/>\nMagnus Johannes Johnsen 1916 \u2013 1941, 25 \u00e5r<br \/>\nKlara Melhus 1918 \u2013 1941, 23 \u00e5r<br \/>\nOle H\u00e5konsen\u00a0 1910 \u2013 1941, 31 \u00e5r<br \/>\nHanna Malene Andersen 1922 \u2013 1941, 19 \u00e5r<br \/>\nRoy Johan Johnsen 1915 \u2013 1941, 26 \u00e5r<\/p>\n<p>K\u00e4llor:<br \/>\n<strong><a href=\"https:\/\/sandbox.kvalevaag.se\/TNG\/histories\/Sjoforklaring_MS_Vindafjord.pdf\" target=\"_blank\" rel=\"noopener noreferrer\">M\/S Vindafjord sj\u00f6f\u00f6rklaring<\/a><\/strong><br \/>\n<strong><a href=\"https:\/\/www.kak.net\/2017\/07\/14\/fjoloy-fort\/\" target=\"_blank\" rel=\"noopener noreferrer\">Fj\u00f8l\u00f8y Fort<\/a><\/strong><br \/>\n<a href=\"https:\/\/www.fjoloyfort.no\/\" target=\"_blank\" rel=\"noopener noreferrer\"><strong>Fj\u00f8l\u00f8y Forts Venner<\/strong><\/a><\/p>\n<p>Allan Kvalevaag<br \/>\n2021-11-28<\/p>\n<\/div>\n\t\t<\/div><\/div><\/div><\/div><\/div><\/div>\n\n\n\n<p><\/p>\n","protected":false},"excerpt":{"rendered":"","protected":false},"author":1,"featured_media":0,"parent":0,"menu_order":0,"comment_status":"closed","ping_status":"closed","template":"","meta":{"_monsterinsights_skip_tracking":false,"_monsterinsights_sitenote_active":false,"_monsterinsights_sitenote_note":"","_monsterinsights_sitenote_category":0,"footnotes":""},"_links":{"self":[{"href":"https:\/\/sandbox.kvalevaag.se\/index.php?rest_route=\/wp\/v2\/pages\/8576"}],"collection":[{"href":"https:\/\/sandbox.kvalevaag.se\/index.php?rest_route=\/wp\/v2\/pages"}],"about":[{"href":"https:\/\/sandbox.kvalevaag.se\/index.php?rest_route=\/wp\/v2\/types\/page"}],"author":[{"embeddable":true,"href":"https:\/\/sandbox.kvalevaag.se\/index.php?rest_route=\/wp\/v2\/users\/1"}],"replies":[{"embeddable":true,"href":"https:\/\/sandbox.kvalevaag.se\/index.php?rest_route=%2Fwp%2Fv2%2Fcomments&post=8576"}],"version-history":[{"count":6,"href":"https:\/\/sandbox.kvalevaag.se\/index.php?rest_route=\/wp\/v2\/pages\/8576\/revisions"}],"predecessor-version":[{"id":9713,"href":"https:\/\/sandbox.kvalevaag.se\/index.php?rest_route=\/wp\/v2\/pages\/8576\/revisions\/9713"}],"wp:attachment":[{"href":"https:\/\/sandbox.kvalevaag.se\/index.php?rest_route=%2Fwp%2Fv2%2Fmedia&parent=8576"}],"curies":[{"name":"wp","href":"https:\/\/api.w.org\/{rel}","templated":true}]}}