{"id":86,"date":"2014-03-22T12:26:30","date_gmt":"2014-03-22T12:26:30","guid":{"rendered":"http:\/\/www.kvalevaag.se\/?page_id=86"},"modified":"2021-05-22T12:21:08","modified_gmt":"2021-05-22T12:21:08","slug":"limhamn","status":"publish","type":"page","link":"https:\/\/sandbox.kvalevaag.se\/?page_id=86","title":{"rendered":"Limhamn"},"content":{"rendered":"<p><strong>Limhamn<\/strong><br \/>\n<img loading=\"lazy\" decoding=\"async\" class=\"alignright wp-image-2328 size-medium\" src=\"https:\/\/sandbox.kvalevaag.se\/wp-content\/uploads\/2014\/03\/Limhamn_1930-300x222.jpg\" alt=\"\" width=\"300\" height=\"222\" srcset=\"https:\/\/sandbox.kvalevaag.se\/wp-content\/uploads\/2014\/03\/Limhamn_1930-300x222.jpg 300w, https:\/\/sandbox.kvalevaag.se\/wp-content\/uploads\/2014\/03\/Limhamn_1930.jpg 320w\" sizes=\"(max-width: 300px) 100vw, 300px\" \/>Limhamn, den lilla fiskebyn d\u00e4r fiskegummorna p\u00e5 1800-talet drog f\u00e5ngsten av fisk hela v\u00e4gen in till Malm\u00f6 f\u00f6r att g\u00e5 runt och s\u00e4lja den. Numera \u00e4r det slut sen l\u00e4nge p\u00e5 denna fiskeepok och annat pr\u00e4glar stadsdelen Limhamn. Rudolf Fredrik Berg, eller som alla s\u00e4ger bara R F Berg, \u00e4r nog den person som betytt mest f\u00f6r Limhamns moderna utveckling och som st\u00e5r staty i korsningen Linn\u00e9gatan\/Strandgatan. Han verkade runt f\u00f6rra sekelskiftet och hade ett finger med i det mesta som h\u00e4nde p\u00e5 Limhamn.\u00a0Redan 1886 invigs ett av Europas st\u00f6rsta kalkbrott i Limhamn och ett par \u00e5r senare \u00e4ven Limhamns stora cementfabrik. Brytningen av kalk p\u00e5gick \u00e4nda fram till 1993.\u00a0Namnet Limhamn kommer fr\u00e5n ordet lim som \u00e4r ett gammalt namn p\u00e5 kalk och en hamn d\u00e4r kalken skeppades ut fr\u00e5n. Kalken har troligen varit f\u00f6rknippad med Limhamn \u00e4nda sedan medeltiden och ordet \u201dLim\u201d \u00e4r just ett gammalt namn f\u00f6r kalk. Kalken var en viktig best\u00e5ndsdel i murbruk och stora<\/p>\n<p><img loading=\"lazy\" decoding=\"async\" class=\"alignleft wp-image-2330 size-medium\" src=\"https:\/\/sandbox.kvalevaag.se\/wp-content\/uploads\/2014\/03\/cementa_1906-300x165.jpg\" alt=\"\" width=\"300\" height=\"165\" srcset=\"https:\/\/sandbox.kvalevaag.se\/wp-content\/uploads\/2014\/03\/cementa_1906-300x165.jpg 300w, https:\/\/sandbox.kvalevaag.se\/wp-content\/uploads\/2014\/03\/cementa_1906.jpg 320w\" sizes=\"(max-width: 300px) 100vw, 300px\" \/><\/p>\n<p>kvantiteter skeppades \u00f6ver till de starkt expanderande danska st\u00e4derna p\u00e5 1400- och 1500-talen. Kalken i danska Sk\u00e5ne var av mycket h\u00f6g kvalitet och anv\u00e4ndes bland annat till slott, murar och bef\u00e4stningsverk.\u00a0F\u00f6r er som om vill l\u00e4sa mer om Limhamns f\u00f6retagarhistoria klicka h\u00e4r f\u00f6r intressant information. Jag har lagt upp ett galleri med en del gamla foto\/vykort \u00f6ver Limhamn. F\u00f6r er som vill ta del av fler foto bes\u00f6k g\u00e4rna <a href=\"https:\/\/www.limhamn.org\/\" target=\"_blank\" rel=\"noopener\"><strong>Limhamns Milj\u00f6f\u00f6rening<\/strong><\/a> eller <a href=\"https:\/\/www.limhamnsmuseum.se\/\" target=\"_blank\" rel=\"noopener\"><strong>Limhamns Museif\u00f6renings<\/strong><\/a> stora bildarkiv.<\/p>\n<p>Allan Kvalevaag<br \/>\n2021-05-22<\/p>\n","protected":false},"excerpt":{"rendered":"<p>Limhamn Limhamn, den lilla fiskebyn d\u00e4r fiskegummorna p\u00e5 1800-talet drog f\u00e5ngsten av fisk hela v\u00e4gen in till Malm\u00f6 f\u00f6r att g\u00e5 runt och s\u00e4lja den. Numera \u00e4r det slut sen l\u00e4nge p\u00e5 denna fiskeepok och annat pr\u00e4glar stadsdelen Limhamn. Rudolf Fredrik Berg, eller som alla s\u00e4ger bara R F Berg, \u00e4r nog den person som [&hellip;]<\/p>\n","protected":false},"author":1,"featured_media":0,"parent":14,"menu_order":0,"comment_status":"closed","ping_status":"closed","template":"","meta":{"_monsterinsights_skip_tracking":false,"_monsterinsights_sitenote_active":false,"_monsterinsights_sitenote_note":"","_monsterinsights_sitenote_category":0,"footnotes":""},"_links":{"self":[{"href":"https:\/\/sandbox.kvalevaag.se\/index.php?rest_route=\/wp\/v2\/pages\/86"}],"collection":[{"href":"https:\/\/sandbox.kvalevaag.se\/index.php?rest_route=\/wp\/v2\/pages"}],"about":[{"href":"https:\/\/sandbox.kvalevaag.se\/index.php?rest_route=\/wp\/v2\/types\/page"}],"author":[{"embeddable":true,"href":"https:\/\/sandbox.kvalevaag.se\/index.php?rest_route=\/wp\/v2\/users\/1"}],"replies":[{"embeddable":true,"href":"https:\/\/sandbox.kvalevaag.se\/index.php?rest_route=%2Fwp%2Fv2%2Fcomments&post=86"}],"version-history":[{"count":4,"href":"https:\/\/sandbox.kvalevaag.se\/index.php?rest_route=\/wp\/v2\/pages\/86\/revisions"}],"predecessor-version":[{"id":8837,"href":"https:\/\/sandbox.kvalevaag.se\/index.php?rest_route=\/wp\/v2\/pages\/86\/revisions\/8837"}],"up":[{"embeddable":true,"href":"https:\/\/sandbox.kvalevaag.se\/index.php?rest_route=\/wp\/v2\/pages\/14"}],"wp:attachment":[{"href":"https:\/\/sandbox.kvalevaag.se\/index.php?rest_route=%2Fwp%2Fv2%2Fmedia&parent=86"}],"curies":[{"name":"wp","href":"https:\/\/api.w.org\/{rel}","templated":true}]}}