{"id":8675,"date":"2021-04-22T18:01:24","date_gmt":"2021-04-22T18:01:24","guid":{"rendered":"http:\/\/www.kvalevaag.se\/?page_id=8675"},"modified":"2021-04-22T18:01:24","modified_gmt":"2021-04-22T18:01:24","slug":"fylkeindelning-efter-ar-2020","status":"publish","type":"page","link":"https:\/\/sandbox.kvalevaag.se\/?page_id=8675","title":{"rendered":"Fylkeindelning efter \u00e5r 2020"},"content":{"rendered":"<div id=\"pl-8675\"  class=\"panel-layout\" ><div id=\"pg-8675-0\"  class=\"panel-grid panel-no-style\" ><div id=\"pgc-8675-0-0\"  class=\"panel-grid-cell\" ><div id=\"panel-8675-0-0-0\" class=\"so-panel widget widget_text panel-first-child panel-last-child\" data-index=\"0\" >\t\t\t<div class=\"textwidget\"><p><img loading=\"lazy\" decoding=\"async\" class=\"alignright size-full wp-image-8677\" src=\"https:\/\/sandbox.kvalevaag.se\/wp-content\/uploads\/2021\/04\/Nya_Fylke.jpg\" alt=\"\" width=\"414\" height=\"550\" srcset=\"https:\/\/sandbox.kvalevaag.se\/wp-content\/uploads\/2021\/04\/Nya_Fylke.jpg 414w, https:\/\/sandbox.kvalevaag.se\/wp-content\/uploads\/2021\/04\/Nya_Fylke-226x300.jpg 226w\" sizes=\"(max-width: 414px) 100vw, 414px\" \/>Det fanns 20 fylke fram till \u00e5r 1972 som blev 19 stycken och \u00e5r 2018 blev de 18 fram till \u00e5r 2020.<br \/>\n\u00c5r 2020 har 109 norska kommuner blivit 43 nya och 19 norska fylke har blivit 11.<\/p>\n<p>F\u00f6ljande fylke har slagits samman och f\u00e5tt nya namn:<\/p>\n<p>Hordaland och Sogn og Fjordane har slagits samman och kallas Vestland.<\/p>\n<p>Aust-Agder och Vest-Agder har slagits samman och kallas Agder.<\/p>\n<p>Vestfold och Telemark har slagits samman och kallas nu f\u00f6r \u201dVestfold og Telemark\u201d<\/p>\n<p>Oppland och Hedmark har slagits samman och kallas Innlandet.<\/p>\n<p>Buskerud, Akershus och \u00d8stfold har slagits samman och kallas Viken.<\/p>\n<p>Troms och Finnmark har slagits samman och kallas \u201dTroms og Finnmark\u201d.<\/p>\n<p>Nord-Tr\u00f8ndelag och S\u00f8r-Tr\u00f8ndelag fylke har slagits samman till Tr\u00f8ndelag.<\/p>\n<p>Allan Kvalevaag<br \/>\n2021-04-22<\/p>\n<p>&nbsp;<\/p>\n<p>&nbsp;<\/p>\n<\/div>\n\t\t<\/div><\/div><\/div><\/div>","protected":false},"excerpt":{"rendered":"<p>Det fanns 20 fylke fram till \u00e5r 1972 som blev 19 stycken och \u00e5r 2018 blev de 18 fram till \u00e5r 2020. \u00c5r 2020 har 109 norska kommuner blivit 43 nya och 19 norska fylke har blivit 11. F\u00f6ljande fylke har slagits samman och f\u00e5tt nya namn: Hordaland och Sogn og Fjordane har slagits samman [&hellip;]<\/p>\n","protected":false},"author":1,"featured_media":0,"parent":0,"menu_order":0,"comment_status":"closed","ping_status":"closed","template":"","meta":{"_monsterinsights_skip_tracking":false,"_monsterinsights_sitenote_active":false,"_monsterinsights_sitenote_note":"","_monsterinsights_sitenote_category":0,"footnotes":""},"_links":{"self":[{"href":"https:\/\/sandbox.kvalevaag.se\/index.php?rest_route=\/wp\/v2\/pages\/8675"}],"collection":[{"href":"https:\/\/sandbox.kvalevaag.se\/index.php?rest_route=\/wp\/v2\/pages"}],"about":[{"href":"https:\/\/sandbox.kvalevaag.se\/index.php?rest_route=\/wp\/v2\/types\/page"}],"author":[{"embeddable":true,"href":"https:\/\/sandbox.kvalevaag.se\/index.php?rest_route=\/wp\/v2\/users\/1"}],"replies":[{"embeddable":true,"href":"https:\/\/sandbox.kvalevaag.se\/index.php?rest_route=%2Fwp%2Fv2%2Fcomments&post=8675"}],"version-history":[{"count":1,"href":"https:\/\/sandbox.kvalevaag.se\/index.php?rest_route=\/wp\/v2\/pages\/8675\/revisions"}],"predecessor-version":[{"id":8678,"href":"https:\/\/sandbox.kvalevaag.se\/index.php?rest_route=\/wp\/v2\/pages\/8675\/revisions\/8678"}],"wp:attachment":[{"href":"https:\/\/sandbox.kvalevaag.se\/index.php?rest_route=%2Fwp%2Fv2%2Fmedia&parent=8675"}],"curies":[{"name":"wp","href":"https:\/\/api.w.org\/{rel}","templated":true}]}}