{"id":8816,"date":"2021-05-22T10:22:43","date_gmt":"2021-05-22T10:22:43","guid":{"rendered":"http:\/\/www.kvalevaag.se\/?page_id=8816"},"modified":"2021-05-22T10:26:53","modified_gmt":"2021-05-22T10:26:53","slug":"laura-amalie-pedersdatter-ny","status":"publish","type":"page","link":"https:\/\/sandbox.kvalevaag.se\/?page_id=8816","title":{"rendered":"Laura Amalie Pedersdatter"},"content":{"rendered":"<div id=\"pl-8816\"  class=\"panel-layout\" ><div id=\"pg-8816-0\"  class=\"panel-grid panel-no-style\" ><div id=\"pgc-8816-0-0\"  class=\"panel-grid-cell\" ><div id=\"panel-8816-0-0-0\" class=\"so-panel widget widget_text panel-first-child\" data-index=\"0\" >\t\t\t<div class=\"textwidget\"><p><strong>Bakgrund<\/strong><br \/>\n<img loading=\"lazy\" decoding=\"async\" class=\"alignleft wp-image-2167 size-full\" style=\"border: 0px;\" src=\"https:\/\/sandbox.kvalevaag.se\/wp-content\/uploads\/2014\/03\/Laura_small.jpg\" alt=\"\" width=\"69\" height=\"90\" \/>Laura Amalie var dotter till min farfars far Peder Johan Olsen och min farfars mor Berta Serine Aadnesdatter. <img loading=\"lazy\" decoding=\"async\" class=\"alignright wp-image-2169 size-full\" style=\"border: 0px;\" src=\"https:\/\/sandbox.kvalevaag.se\/wp-content\/uploads\/2014\/03\/Laura_2.jpg\" alt=\"\" width=\"200\" height=\"300\" \/>Hon f\u00f6ddes en tisdag den 19 januari 1892 p\u00e5 g\u00e5rden Kvalevaag i Avaldsnes socknen, Karm\u00f8y. D\u00e4r v\u00e4xte hon upp med sina nio syskon som snart bara var \u00e5tta d\u00e5 lilla Ellen dog endast tv\u00e5 \u00e5r gammal. Hur hennes barndom var k\u00e4nner vi lite till. Senare blev hon k\u00e4nd f\u00f6r att sy fina saker till folk i trakten. P\u00e5 s\u00e5 vis tj\u00e4nade Laura en slant till sig sj\u00e4lv. Hon tr\u00e4ffar Thor Thorsen som kom fr\u00e5n g\u00e5rden Kleivhaug i Aksdal i Fjelberg socken i Hordaland fylke.<br \/>\nHur de tr\u00e4ffades kan man bara fundera \u00f6ver, kanske i samband med n\u00e5gon marknad eller liknade d\u00e4r folk m\u00f6ttes vid den tiden. Hon gifte sig 25 \u00e5r gammal med den 3 \u00e5r \u00e4ldre Thor. Vigseln \u00e4gde rum p\u00e5 G\u00e5rden S\u00e6b\u00f8 <img loading=\"lazy\" decoding=\"async\" class=\"alignleft wp-image-2170 size-full\" src=\"https:\/\/sandbox.kvalevaag.se\/wp-content\/uploads\/2014\/03\/Laura_1.jpg\" alt=\"\" width=\"300\" height=\"300\" srcset=\"https:\/\/sandbox.kvalevaag.se\/wp-content\/uploads\/2014\/03\/Laura_1.jpg 300w, https:\/\/sandbox.kvalevaag.se\/wp-content\/uploads\/2014\/03\/Laura_1-150x150.jpg 150w\" sizes=\"(max-width: 300px) 100vw, 300px\" \/>i Fjelberg den 2 februari 1917 mitt under brinnande v\u00e4rldskrig. De \u00f6vertog p\u00e5 sommaren samma \u00e5r halva g\u00e5rden Aksdal g\u00e5rd nummer 41 bruk nummer 2 med en skuld p\u00e5 2 mark och 67 \u00f6re. Det \u00e5ret i november f\u00f6ddes deras f\u00f6rsta barn, Else. Det skulle komma fler barn med \u00e5ren, 1920 f\u00f6ddes Sverre Johan, 1922 Torleif, 1926 kom Borghild Serine, 1929 Anne Marie och sista barnet Solveig f\u00f6ddes 1932. Senare k\u00f6pte Thor och Laura Amalie ett lite g\u00e5rdsbruk p\u00e5 Karm\u00f8y, d\u00e4r de bodde ca ett \u00e5r. G\u00e5rdsbruket var f\u00f6r litet f\u00f6r att f\u00f6rs\u00f6rja en hel familj, Thor blev tvungen att ta annat arbete f\u00f6r att kunna f\u00f6rs\u00f6rja sin familj. Vid den tiden blev det mest aktuellt med arbete under sill s\u00e4songen i Haugesund. Efter ca ett \u00e5rs tid s\u00e5lde de bruket och flyttade tillbaka till g\u00e5rden i Aksdal. Thor var k\u00e4nd som en g\u00e4stfri och omtyckt man. Kom det ov\u00e4ntat bes\u00f6k till g\u00e5rden fick de alltid n\u00e5got att \u00e4ta och dricka. Det var inte s\u00e5 enkelt p\u00e5 den tiden att skaffa fram f\u00e4rskvaror utan tillg\u00e5ng till butik men lite v\u00e5fflor och pannkakor kunde man alltid ordna.<\/p>\n<\/div>\n\t\t<\/div><div id=\"panel-8816-0-0-1\" class=\"so-panel widget widget_text panel-last-child\" data-index=\"1\" >\t\t\t<div class=\"textwidget\"><p><strong>Sjukdomen<\/strong><br \/>\nLaura Amalie blev tidigt i b\u00f6rjan av krigs\u00e5ren sjuk och efter en tid blev hon h\u00e4nvisd till Rikshospitalet i Oslo f\u00f6r unders\u00f6kning. Det finns n\u00e5gra noteringar om funna telegram fr\u00e5n den tiden som blev s\u00e4nt mellan Oslo och g\u00e5rden i Aksdal.<\/p>\n<figure id=\"attachment_2171\" aria-describedby=\"caption-attachment-2171\" style=\"width: 225px\" class=\"wp-caption alignright\"><a href=\"wp-content\/uploads\/2014\/03\/Laura_Amalie_Thor_Aksdal.pdf\" target=\"_blank\" rel=\"noopener\"><img loading=\"lazy\" decoding=\"async\" class=\"wp-image-2171 size-full\" src=\"https:\/\/sandbox.kvalevaag.se\/wp-content\/uploads\/2014\/03\/Laura_bok.jpg\" alt=\"\" width=\"225\" height=\"300\" \/><\/a><figcaption id=\"caption-attachment-2171\" class=\"wp-caption-text\">Klicka f\u00f6r att l\u00e4sa boken<\/figcaption><\/figure>\n<p>24 juni, 1942 kom telegram fr\u00e5n Laura d\u00e4r hon ber\u00e4ttar att hon skall opereras under morgondagen.<\/p>\n<p>27 juni, 1942 kom n\u00e4sta telegram fr\u00e5n Laura till Thor d\u00e4r det framg\u00e5r att hon haft en liten operation d\u00e4r man funnit en svulst som inte kan opereras bort.<br \/>\n29 juni, 1942 kom det ett kortfattat telegram fr\u00e5n avdelningen p\u00e5 Rikshospitalet i Oslo att Amalie Aksdal avlidit\u00a0p\u00e5 s\u00f6ndags kv\u00e4ll kl. 22.25.<br \/>\n1 juli, 1942 kom sista telegrammet att Amalie Aksdals b\u00e5r anl\u00e4nder till Lervik fredag 3 juli kl. 16.00. Frakten som kostade 50 kr blev s\u00e4nd till Rikshospitalet av Thor.<\/p>\n<p>Laura efterl\u00e4mnar sig vid en \u00e5lder av endast 50 \u00e5r man och 7 barn varav de minsta \u00e4r bara 10 och 13 \u00e5r gamla. Thor Aksdal stannade kvar p\u00e5 g\u00e5rden tills han sista \u00e5ret blev sjuk och kom till Rosendal Aldersheim i Kvinherad d\u00e4r han dog 83 \u00e5r gammal 1972. Ta g\u00e4rna del av skriften intill, i pdf format som sl\u00e4ktingar till dem utgivit som bok 1999 vid en sl\u00e4kttr\u00e4ff till minnet av att det var 110 \u00e5r sedan Thor Thorsen f\u00f6ddes p\u00e5 g\u00e5rden S\u00e6b\u00f8.<\/p>\n<p>Allan Kvalevaag 2021-05-22<\/p>\n<\/div>\n\t\t<\/div><\/div><\/div><\/div>","protected":false},"excerpt":{"rendered":"<p>Bakgrund Laura Amalie var dotter till min farfars far Peder Johan Olsen och min farfars mor Berta Serine Aadnesdatter. Hon f\u00f6ddes en tisdag den 19 januari 1892 p\u00e5 g\u00e5rden Kvalevaag i Avaldsnes socknen, Karm\u00f8y. D\u00e4r v\u00e4xte hon upp med sina nio syskon som snart bara var \u00e5tta d\u00e5 lilla Ellen dog endast tv\u00e5 \u00e5r gammal. [&hellip;]<\/p>\n","protected":false},"author":1,"featured_media":0,"parent":0,"menu_order":0,"comment_status":"closed","ping_status":"closed","template":"","meta":{"_monsterinsights_skip_tracking":false,"_monsterinsights_sitenote_active":false,"_monsterinsights_sitenote_note":"","_monsterinsights_sitenote_category":0,"footnotes":""},"_links":{"self":[{"href":"https:\/\/sandbox.kvalevaag.se\/index.php?rest_route=\/wp\/v2\/pages\/8816"}],"collection":[{"href":"https:\/\/sandbox.kvalevaag.se\/index.php?rest_route=\/wp\/v2\/pages"}],"about":[{"href":"https:\/\/sandbox.kvalevaag.se\/index.php?rest_route=\/wp\/v2\/types\/page"}],"author":[{"embeddable":true,"href":"https:\/\/sandbox.kvalevaag.se\/index.php?rest_route=\/wp\/v2\/users\/1"}],"replies":[{"embeddable":true,"href":"https:\/\/sandbox.kvalevaag.se\/index.php?rest_route=%2Fwp%2Fv2%2Fcomments&post=8816"}],"version-history":[{"count":2,"href":"https:\/\/sandbox.kvalevaag.se\/index.php?rest_route=\/wp\/v2\/pages\/8816\/revisions"}],"predecessor-version":[{"id":8819,"href":"https:\/\/sandbox.kvalevaag.se\/index.php?rest_route=\/wp\/v2\/pages\/8816\/revisions\/8819"}],"wp:attachment":[{"href":"https:\/\/sandbox.kvalevaag.se\/index.php?rest_route=%2Fwp%2Fv2%2Fmedia&parent=8816"}],"curies":[{"name":"wp","href":"https:\/\/api.w.org\/{rel}","templated":true}]}}