{"id":8852,"date":"2021-06-11T09:28:54","date_gmt":"2021-06-11T09:28:54","guid":{"rendered":"http:\/\/www.kvalevaag.se\/?page_id=8852"},"modified":"2022-06-13T09:04:19","modified_gmt":"2022-06-13T09:04:19","slug":"norska-lankar-2","status":"publish","type":"page","link":"https:\/\/sandbox.kvalevaag.se\/?page_id=8852","title":{"rendered":"Norska l\u00e4nkar"},"content":{"rendered":"<div id=\"pl-8852\"  class=\"panel-layout\" ><div id=\"pg-8852-0\"  class=\"panel-grid panel-no-style\" ><div id=\"pgc-8852-0-0\"  class=\"panel-grid-cell\" ><div id=\"panel-8852-0-0-0\" class=\"so-panel widget widget_text panel-first-child\" data-index=\"0\" >\t\t\t<div class=\"textwidget\"><p><img loading=\"lazy\" decoding=\"async\" class=\"alignnone wp-image-9477 size-full\" src=\"https:\/\/sandbox.kvalevaag.se\/wp-content\/uploads\/2022\/06\/NO_Flagg.jpg\" alt=\"\" width=\"43\" height=\"32\" \/><a href=\"?page_id=1145\"><img loading=\"lazy\" decoding=\"async\" class=\"alignright wp-image-9480 size-full\" src=\"https:\/\/sandbox.kvalevaag.se\/wp-content\/uploads\/2022\/06\/USA_Flagg.jpg\" alt=\"\" width=\"61\" height=\"32\" \/><\/a><a href=\"?page_id=1122\"><img loading=\"lazy\" decoding=\"async\" class=\"alignright wp-image-9478 size-full\" src=\"https:\/\/sandbox.kvalevaag.se\/wp-content\/uploads\/2022\/06\/DE_Flagg.jpg\" alt=\"\" width=\"53\" height=\"32\" \/><\/a><a href=\"?page_id=1080\"><img loading=\"lazy\" decoding=\"async\" class=\"alignright wp-image-9479 size-full\" src=\"https:\/\/sandbox.kvalevaag.se\/wp-content\/uploads\/2022\/06\/DK_Flagg.jpg\" alt=\"\" width=\"48\" height=\"32\" \/><\/a><a href=\"?page_id=1100 \"><img loading=\"lazy\" decoding=\"async\" class=\"alignright wp-image-9476 size-full\" src=\"https:\/\/sandbox.kvalevaag.se\/wp-content\/uploads\/2022\/06\/SV_Flagg.jpg\" alt=\"\" width=\"51\" height=\"32\" \/><\/a><\/p>\n<\/div>\n\t\t<\/div><div id=\"panel-8852-0-0-1\" class=\"so-panel widget widget_nav_menu\" data-index=\"1\" ><div class=\"menu-norge-container\"><ul id=\"menu-norge\" class=\"menu\"><li id=\"menu-item-8648\" class=\"menu-item menu-item-type-post_type menu-item-object-page menu-item-8648\"><a href=\"https:\/\/sandbox.kvalevaag.se\/?page_id=67\">Sl\u00e4ktforska i Norge<\/a><\/li>\n<li id=\"menu-item-8939\" class=\"menu-item menu-item-type-custom menu-item-object-custom menu-item-8939\"><a target=\"_blank\" rel=\"noopener\" href=\"https:\/\/www.elgsnes.no\/dialektord\/dialektordliste.htm\">Dialektordslista<\/a><\/li>\n<li id=\"menu-item-1663\" class=\"menu-item menu-item-type-custom menu-item-object-custom menu-item-1663\"><a target=\"_blank\" rel=\"noopener\" href=\"https:\/\/www.arkivverket.no\/arkivverket\/Digitalarkivet\">Digitalarkivet &#8211; Arkivverket, S\u00f6k i kyrkob\u00f6cker och folkr\u00e4kningar fr\u00e5n 1801, 1865, 1875, 1900, 1910 och 1920<\/a><\/li>\n<li id=\"menu-item-7620\" class=\"menu-item menu-item-type-custom menu-item-object-custom menu-item-7620\"><a target=\"_blank\" rel=\"noopener\" href=\"https:\/\/arolsen-archives.org\/en\/search-explore\/search-online-archive\/\">Mellan 15 och 20 miljoner m\u00e4nniskor fanns i tysk f\u00e5ngenskap under andra v\u00e4rldskriget. Cirka 9000 av dessa var norrm\u00e4n och 1 400 av dem slutade sina liv i tyska koncentrationsl\u00e4ger. Arolsen Archive, ett tyskt holocaustarkiv, erbjuder nu \u00f6ver 13 miljoner dokument online. Bland annat kan man l\u00e4sa f\u00e4ngelse kort och d\u00f6dsanteckningar, vilket g\u00f6r det till en v\u00e4rdefull k\u00e4lla f\u00f6r sl\u00e4ktforskare online.<\/a><\/li>\n<li id=\"menu-item-2742\" class=\"menu-item menu-item-type-custom menu-item-object-custom menu-item-2742\"><a target=\"_blank\" rel=\"noopener\" href=\"https:\/\/dinslekt.no\/helligdager.php\">DINSLEKT.NO Kalender \u00f6ver kyrkliga h\u00f6gtider i Norge. Skriv in \u00e5rtal och se vilka h\u00f6gtidsdagar som var aktuella.<\/a><\/li>\n<li id=\"menu-item-1664\" class=\"menu-item menu-item-type-custom menu-item-object-custom menu-item-1664\"><a target=\"_blank\" rel=\"noopener\" href=\"https:\/\/slektogdata.no\/\">Slekt og Data med m\u00e5nga l\u00e4nkar och databaser att s\u00f6ka bland.<\/a><\/li>\n<li id=\"menu-item-4378\" class=\"menu-item menu-item-type-taxonomy menu-item-object-category menu-item-has-children menu-item-4378\"><a href=\"https:\/\/sandbox.kvalevaag.se\/?cat=2\">D\u00f6dsannonser<\/a>\n<ul class=\"sub-menu\">\n\t<li id=\"menu-item-4376\" class=\"menu-item menu-item-type-custom menu-item-object-custom menu-item-4376\"><a target=\"_blank\" rel=\"noopener\" href=\"https:\/\/www.karmoybb.no\/annonser\/\">S\u00f6k Karm\u00f8y begravelsebyr\u00e5 d\u00f6dsannonser.<\/a><\/li>\n\t<li id=\"menu-item-4377\" class=\"menu-item menu-item-type-custom menu-item-object-custom menu-item-4377\"><a target=\"_blank\" rel=\"noopener\" href=\"https:\/\/vareminnesider.no\/\">S\u00f6k d\u00f6dsannonser p\u00e5 V\u00e5re Minnesider.<\/a><\/li>\n<\/ul>\n<\/li>\n<li id=\"menu-item-8075\" class=\"menu-item menu-item-type-custom menu-item-object-custom menu-item-has-children menu-item-8075\"><a>Fotoarkiv<\/a>\n<ul class=\"sub-menu\">\n\t<li id=\"menu-item-8076\" class=\"menu-item menu-item-type-custom menu-item-object-custom menu-item-8076\"><a target=\"_blank\" rel=\"noopener\" href=\"https:\/\/digitaltmuseum.no\/\">Digitalmuseumet i Norge med \u00f6ver 2,4 milj objekt.<\/a><\/li>\n\t<li id=\"menu-item-8077\" class=\"menu-item menu-item-type-custom menu-item-object-custom menu-item-8077\"><a target=\"_blank\" rel=\"noopener\" href=\"https:\/\/foto.digitalarkivet.no\/fotoweb\/\">Digitalarkivet FotoWeb<\/a><\/li>\n\t<li id=\"menu-item-9387\" class=\"menu-item menu-item-type-custom menu-item-object-custom menu-item-9387\"><a target=\"_blank\" rel=\"noopener\" href=\"https:\/\/oslobilder.no\/\">Oslobilder \u00e4r en renodlad databas d\u00e4r du hittar ett brett utbud av Oslo bilder.<\/a><\/li>\n\t<li id=\"menu-item-9136\" class=\"menu-item menu-item-type-custom menu-item-object-custom menu-item-9136\"><a target=\"_blank\" rel=\"noopener\" href=\"https:\/\/tidsmaskinen.no\/\">Tidsmaskinen \u00e4r en tj\u00e4nst d\u00e4r du kan uppt\u00e4cka mycket bilder.<\/a><\/li>\n<\/ul>\n<\/li>\n<li id=\"menu-item-1665\" class=\"menu-item menu-item-type-custom menu-item-object-custom menu-item-1665\"><a target=\"_blank\" rel=\"noopener\" href=\"https:\/\/www.norwayheritage.com\/\">Norsk emigration med skeppslistor och fartygsregister<\/a><\/li>\n<li id=\"menu-item-1666\" class=\"menu-item menu-item-type-custom menu-item-object-custom menu-item-1666\"><a target=\"_blank\" rel=\"noopener\" href=\"https:\/\/www.bibsent.no\/\">Biblioteksentralen med flera l\u00e4nkar till de olika biblioteken<\/a><\/li>\n<li id=\"menu-item-8011\" class=\"menu-item menu-item-type-custom menu-item-object-custom menu-item-8011\"><a target=\"_blank\" rel=\"noopener\" href=\"https:\/\/norwayparishes.com\/\">Vill du veta vilken f\u00f6rsamling kan du anv\u00e4nda Kristian Ekenes sida d\u00e4r du kan s\u00f6ka upp Fylke\/Kommun\/F\u00f6rsamling<\/a><\/li>\n<li id=\"menu-item-1669\" class=\"menu-item menu-item-type-custom menu-item-object-custom menu-item-1669\"><a target=\"_blank\" rel=\"noopener\" href=\"https:\/\/www.hist.uib.no\/gotisk\/\">Gotisk handskrift, V\u00e4lj att g\u00e5 en On-line kurs i gotisk handskrift. Du kan ocks\u00e5 bl\u00e4ddra i deras alfabet eller ordbok<\/a><\/li>\n<li id=\"menu-item-8343\" class=\"menu-item menu-item-type-custom menu-item-object-custom menu-item-8343\"><a target=\"_blank\" rel=\"noopener\" href=\"https:\/\/snl.no\/husmann?fbclid=IwAR00aYWYr0kk8e_FRwak7L_VuFx5_m15TLcpRH5FlagI0_gt0Dm0q2pTzwE\">Husmann eller plassmann vad betyder det och vad var skillnaden?<\/a><\/li>\n<li id=\"menu-item-1667\" class=\"menu-item menu-item-type-custom menu-item-object-custom menu-item-1667\"><a target=\"_blank\" rel=\"noopener\" href=\"https:\/\/www.fonnakart.no\/\">Kartportalen Fonnakart  f\u00f6r s\u00f6kning p\u00e5 egendomar.<\/a><\/li>\n<li id=\"menu-item-1668\" class=\"menu-item menu-item-type-custom menu-item-object-custom menu-item-1668\"><a target=\"_blank\" rel=\"noopener\" href=\"https:\/\/n-kh.no\/\">Nord-Karm\u00f8y Historielag\tmed massor av information om norra Karm\u00f8y<\/a><\/li>\n<li id=\"menu-item-9233\" class=\"menu-item menu-item-type-custom menu-item-object-custom menu-item-9233\"><a target=\"_blank\" rel=\"noopener\" href=\"https:\/\/sverre-halleraker-lokalhistorie.no\/index.html\">Lokalhistoriska artiklar fr\u00e5n Sveio av Sverre Halleraker<\/a><\/li>\n<li id=\"menu-item-3160\" class=\"menu-item menu-item-type-custom menu-item-object-custom menu-item-3160\"><a target=\"_blank\" rel=\"noopener\" href=\"https:\/\/lokalhistoriewiki.no\/\">lokalhistoriewiki.no \u00e4r en wiki som drivs av norska institutet f\u00f6r lokalhistoria (NLI). H\u00e4r finns mycket f\u00f6r historisk intresserade t.ex. det norska historiska uppslagsverket.  Historiker och amat\u00f6rer \u00e4r v\u00e4lkomna som deltagare.<\/a><\/li>\n<li id=\"menu-item-1670\" class=\"menu-item menu-item-type-custom menu-item-object-custom menu-item-1670\"><a target=\"_blank\" rel=\"noopener\" href=\"https:\/\/www.dokpro.uio.no\/umk\/utstill.html\">Norska myntkabinettet visar en utst\u00e4llning om myntets historia de senaste 1000 \u00e5ren<\/a><\/li>\n<li id=\"menu-item-2722\" class=\"menu-item menu-item-type-custom menu-item-object-custom menu-item-2722\"><a target=\"_blank\" rel=\"noopener\" href=\"https:\/\/norwayrelatives.com\/family\/\">Har ni kopplingar till Berit Synn\u00f8ve Olaisen Torkelsen, Rogaland, kan du h\u00e4r finna sl\u00e4ktingar.<\/a><\/li>\n<li id=\"menu-item-2893\" class=\"menu-item menu-item-type-custom menu-item-object-custom menu-item-2893\"><a target=\"_blank\" rel=\"noopener\" href=\"https:\/\/lokalhistoriewiki.no\/index.php\/Navneloven\">Namnlagen<\/a><\/li>\n<li id=\"menu-item-8961\" class=\"menu-item menu-item-type-custom menu-item-object-custom menu-item-8961\"><a target=\"_blank\" rel=\"noopener\" href=\"https:\/\/www.fanger.no\/\">G\u00f6r en s\u00f6kning i norskt digitalt f\u00e5ngarkiv 1940\u20131945<\/a><\/li>\n<li id=\"menu-item-1671\" class=\"menu-item menu-item-type-custom menu-item-object-custom menu-item-1671\"><a target=\"_blank\" rel=\"noopener\" href=\"https:\/\/digitalarkivet.uib.no\/utstilling\/main.htm\">Norsk utvandring under 175 \u00e5r<\/a><\/li>\n<li id=\"menu-item-1826\" class=\"menu-item menu-item-type-custom menu-item-object-custom menu-item-1826\"><a target=\"_blank\" rel=\"noopener\" href=\"https:\/\/genforum.genealogy.com\/norway\/\">Norway Genealogy, forum f\u00f6r sl\u00e4ktforskare<\/a><\/li>\n<li id=\"menu-item-3167\" class=\"menu-item menu-item-type-custom menu-item-object-custom menu-item-3167\"><a target=\"_blank\" rel=\"noopener\" href=\"https:\/\/dinslekt.no\/ordliste.php\">Ordlista f\u00f6r sl\u00e4ktforskare<\/a><\/li>\n<li id=\"menu-item-1673\" class=\"menu-item menu-item-type-custom menu-item-object-custom menu-item-1673\"><a target=\"_blank\" rel=\"noopener\" href=\"https:\/\/www.rhd.uit.no\/\">Registreringssentral for historiske data (RHD) National institution vid Universitetet i Troms\u00f8<\/a><\/li>\n<li id=\"menu-item-8120\" class=\"menu-item menu-item-type-custom menu-item-object-custom menu-item-has-children menu-item-8120\"><a>Sj\u00f6folk<\/a>\n<ul class=\"sub-menu\">\n\t<li id=\"menu-item-8918\" class=\"menu-item menu-item-type-custom menu-item-object-custom menu-item-8918\"><a target=\"_blank\" rel=\"noopener\" href=\"https:\/\/www.lostfishermen.com\/\">M\u00e5nga norska fiskare reste \u00f6ver till New Bedford, Massachusetts. Tyv\u00e4rr f\u00f6rlorade en del sina liv d\u00e4r.<\/a><\/li>\n\t<li id=\"menu-item-7484\" class=\"menu-item menu-item-type-custom menu-item-object-custom menu-item-7484\"><a target=\"_blank\" rel=\"noopener\" href=\"https:\/\/www.krigsseilerregisteret.no\/no\">S\u00f6k efter norska sj\u00f6m\u00e4n, skepp och annat i Krigsregistret<\/a><\/li>\n\t<li id=\"menu-item-8121\" class=\"menu-item menu-item-type-custom menu-item-object-custom menu-item-8121\"><a target=\"_blank\" rel=\"noopener\" href=\"https:\/\/minnehallen.no\/\">Sj\u00f6m\u00e4nnens minneshall en plats f\u00f6r norska sj\u00f6folk om omkom under tv\u00e5 v\u00e4rldskrig.<\/a><\/li>\n\t<li id=\"menu-item-9190\" class=\"menu-item menu-item-type-custom menu-item-object-custom menu-item-9190\"><a target=\"_blank\" rel=\"noopener\" href=\"https:\/\/www.seilskuteklubben.no\/index.php?option=com_content&#038;view=article&#038;id=109&#038;Itemid=202\">S\u00f6k efter norska segelfartyg p\u00e5 Christiania Segelklubb sida.<\/a><\/li>\n\t<li id=\"menu-item-9395\" class=\"menu-item menu-item-type-custom menu-item-object-custom menu-item-9395\"><a target=\"_blank\" rel=\"noopener\" href=\"https:\/\/www.sjohistorie.no\/no\">Sj\u00f6historia, s\u00f6k p\u00e5 sj\u00f6m\u00e4n och skepp.<\/a><\/li>\n<\/ul>\n<\/li>\n<li id=\"menu-item-1675\" class=\"menu-item menu-item-type-custom menu-item-object-custom menu-item-1675\"><a target=\"_blank\" rel=\"noopener\" href=\"https:\/\/www.ssb.no\/navn\">Statistisk sentralbyr\u00e5 med massor av information<\/a><\/li>\n<li id=\"menu-item-1830\" class=\"menu-item menu-item-type-custom menu-item-object-custom menu-item-1830\"><a target=\"_blank\" rel=\"noopener\" href=\"https:\/\/www.slektsforumkarmoy.no\/\">Sl\u00e4ktforum p\u00e5 Karm\u00f8y, S\u00f6k bland bygdeb\u00f6ckerna<\/a><\/li>\n<\/ul><\/div><\/div><div id=\"panel-8852-0-0-2\" class=\"so-panel widget widget_text panel-last-child\" data-index=\"2\" >\t\t\t<div class=\"textwidget\"><p>2022-05-17<br \/>\nAllan Kvalevaag<\/p>\n<\/div>\n\t\t<\/div><\/div><\/div><\/div>","protected":false},"excerpt":{"rendered":"<p>2022-05-17 Allan Kvalevaag<\/p>\n","protected":false},"author":1,"featured_media":0,"parent":0,"menu_order":0,"comment_status":"closed","ping_status":"closed","template":"","meta":{"_monsterinsights_skip_tracking":false,"_monsterinsights_sitenote_active":false,"_monsterinsights_sitenote_note":"","_monsterinsights_sitenote_category":0,"footnotes":""},"_links":{"self":[{"href":"https:\/\/sandbox.kvalevaag.se\/index.php?rest_route=\/wp\/v2\/pages\/8852"}],"collection":[{"href":"https:\/\/sandbox.kvalevaag.se\/index.php?rest_route=\/wp\/v2\/pages"}],"about":[{"href":"https:\/\/sandbox.kvalevaag.se\/index.php?rest_route=\/wp\/v2\/types\/page"}],"author":[{"embeddable":true,"href":"https:\/\/sandbox.kvalevaag.se\/index.php?rest_route=\/wp\/v2\/users\/1"}],"replies":[{"embeddable":true,"href":"https:\/\/sandbox.kvalevaag.se\/index.php?rest_route=%2Fwp%2Fv2%2Fcomments&post=8852"}],"version-history":[{"count":19,"href":"https:\/\/sandbox.kvalevaag.se\/index.php?rest_route=\/wp\/v2\/pages\/8852\/revisions"}],"predecessor-version":[{"id":9494,"href":"https:\/\/sandbox.kvalevaag.se\/index.php?rest_route=\/wp\/v2\/pages\/8852\/revisions\/9494"}],"wp:attachment":[{"href":"https:\/\/sandbox.kvalevaag.se\/index.php?rest_route=%2Fwp%2Fv2%2Fmedia&parent=8852"}],"curies":[{"name":"wp","href":"https:\/\/api.w.org\/{rel}","templated":true}]}}