{"id":8891,"date":"2021-06-26T04:03:51","date_gmt":"2021-06-26T04:03:51","guid":{"rendered":"http:\/\/www.kvalevaag.se\/?page_id=8891"},"modified":"2021-06-26T04:08:52","modified_gmt":"2021-06-26T04:08:52","slug":"foto","status":"publish","type":"page","link":"https:\/\/sandbox.kvalevaag.se\/?page_id=8891","title":{"rendered":"Foto"},"content":{"rendered":"<div id=\"pl-8891\"  class=\"panel-layout\" ><div id=\"pg-8891-0\"  class=\"panel-grid panel-no-style\" ><div id=\"pgc-8891-0-0\"  class=\"panel-grid-cell\" ><div id=\"panel-8891-0-0-0\" class=\"so-panel widget widget_text panel-first-child panel-last-child\" data-index=\"0\" >\t\t\t<div class=\"textwidget\"><p><img loading=\"lazy\" decoding=\"async\" class=\"alignright size-full wp-image-8889\" src=\"https:\/\/sandbox.kvalevaag.se\/wp-content\/uploads\/2021\/06\/portraitphoto_2.jpg\" alt=\"\" width=\"300\" height=\"275\" \/><\/p>\n<p>Foto fr\u00e5n svunna tider \u00e4r en guldgruva f\u00f6r oss sl\u00e4ktforskare. Det finns m\u00e5nga familjealbum kvar i byr\u00e5l\u00e5dorna utan att veta vem det f\u00f6rest\u00e4ller. I b\u00e4sta fall har n\u00e5gon skrivit ett namn, en plats eller ett datum. Har man riktig tur finns all information med p\u00e5 bildens baksida eller intill.<\/p>\n<p>Jag har samlat n\u00e5gra foton fr\u00e5n mina sl\u00e4ktingar i ett <strong><a href=\"https:\/\/sandbox.kvalevaag.se\/?page_id=18\">fotogalleri<\/a>, <\/strong>bilder p\u00e5 personer och platser. Ni finner \u00e4ven foto fr\u00e5n plaster d\u00e4r jag har en anknytning, <strong><a href=\"https:\/\/sandbox.kvalevaag.se\/?page_id=606\">Limhamn<\/a><\/strong> d\u00e4r jag \u00e4r uppv\u00e4xt, <strong><a href=\"https:\/\/sandbox.kvalevaag.se\/?page_id=647\">Haugesund<\/a><\/strong>\u00a0och <strong><a href=\"https:\/\/sandbox.kvalevaag.se\/?page_id=670\">Schleswig<\/a><\/strong>\u00a0d\u00e4r mina f\u00f6r\u00e4ldrar och deras sl\u00e4kt kommer fr\u00e5n.<\/p>\n<p>Ibland \u00e4r det sv\u00e5rt att veta n\u00e4r och var bilden \u00e4r tagen. Mycket kan l\u00e4sas av ur bilden, kl\u00e4dmodet har variet \u00f6ver tid. Fotografens namn kan finnas p\u00e5 \u00e4ldre portr\u00e4tt. Detaljer som l\u00e5nades ut av fotoatelj\u00e9n, allt fr\u00e5n kl\u00e4der till cyklar eller vad det nu fanns att tillg\u00e5. Dessa sm\u00e5 detaljer i bilden \u00e4r avg\u00f6rande f\u00f6r n\u00e4r och var bilden togs. Vem det sen f\u00f6rest\u00e4ller kan bara framg\u00e5 av \u00f6vrig information om det nu finns. F\u00f6r att f\u00f6rst\u00e5 hur allt detta h\u00e4nger samman har jag tagit fram en liten utbildning som heter \u201d<strong><a href=\"https:\/\/sandbox.kvalevaag.se\/Potrattskola\/index.html\" target=\"_blank\" rel=\"noopener\">Tolka portr\u00e4ttfoto<\/a><\/strong>\u201d<\/p>\n<p>Allan Kvalevaag<br \/>\n2021-06-26<\/p>\n<p>&nbsp;<\/p>\n<\/div>\n\t\t<\/div><\/div><\/div><\/div>","protected":false},"excerpt":{"rendered":"<p>Foto fr\u00e5n svunna tider \u00e4r en guldgruva f\u00f6r oss sl\u00e4ktforskare. Det finns m\u00e5nga familjealbum kvar i byr\u00e5l\u00e5dorna utan att veta vem det f\u00f6rest\u00e4ller. I b\u00e4sta fall har n\u00e5gon skrivit ett namn, en plats eller ett datum. Har man riktig tur finns all information med p\u00e5 bildens baksida eller intill. Jag har samlat n\u00e5gra foton fr\u00e5n [&hellip;]<\/p>\n","protected":false},"author":1,"featured_media":0,"parent":0,"menu_order":0,"comment_status":"closed","ping_status":"closed","template":"","meta":{"_monsterinsights_skip_tracking":false,"_monsterinsights_sitenote_active":false,"_monsterinsights_sitenote_note":"","_monsterinsights_sitenote_category":0,"footnotes":""},"_links":{"self":[{"href":"https:\/\/sandbox.kvalevaag.se\/index.php?rest_route=\/wp\/v2\/pages\/8891"}],"collection":[{"href":"https:\/\/sandbox.kvalevaag.se\/index.php?rest_route=\/wp\/v2\/pages"}],"about":[{"href":"https:\/\/sandbox.kvalevaag.se\/index.php?rest_route=\/wp\/v2\/types\/page"}],"author":[{"embeddable":true,"href":"https:\/\/sandbox.kvalevaag.se\/index.php?rest_route=\/wp\/v2\/users\/1"}],"replies":[{"embeddable":true,"href":"https:\/\/sandbox.kvalevaag.se\/index.php?rest_route=%2Fwp%2Fv2%2Fcomments&post=8891"}],"version-history":[{"count":2,"href":"https:\/\/sandbox.kvalevaag.se\/index.php?rest_route=\/wp\/v2\/pages\/8891\/revisions"}],"predecessor-version":[{"id":8894,"href":"https:\/\/sandbox.kvalevaag.se\/index.php?rest_route=\/wp\/v2\/pages\/8891\/revisions\/8894"}],"wp:attachment":[{"href":"https:\/\/sandbox.kvalevaag.se\/index.php?rest_route=%2Fwp%2Fv2%2Fmedia&parent=8891"}],"curies":[{"name":"wp","href":"https:\/\/api.w.org\/{rel}","templated":true}]}}