{"id":899,"date":"2014-04-13T14:04:57","date_gmt":"2014-04-13T14:04:57","guid":{"rendered":"http:\/\/www.kvalevaag.se\/?page_id=899"},"modified":"2022-06-06T17:05:34","modified_gmt":"2022-06-06T17:05:34","slug":"ovrigt","status":"publish","type":"page","link":"https:\/\/sandbox.kvalevaag.se\/?page_id=899","title":{"rendered":"\u00d6vrigt"},"content":{"rendered":"<p>Under \u00f6vrigt har jag samlat information om vikingarna, deras spr\u00e5k, vapen och skeppsbyggnadskonsten. Se hela avsnitten om vikingarnas skepp, konstruktion, deras segelkunskaper som drog dem ut i v\u00e4rlden. L\u00e4s om deras \u00e4ventyr, ber\u00f6mda vikingalag och resor.<\/p>\n<p>Eller v\u00e4lj att l\u00e4ra mer om deras runor, hur de anv\u00e4nde dem f\u00f6r att skriva sin historia. Lyssna p\u00e5 hur runorna l\u00e4t och framf\u00f6rallt ta del av alla runstenar som rest efter Ingvars resa \u00f6sterut.<\/p>\n<p>Vikingatiden \u00e4r ett intresse som har sitt ursprung i min sl\u00e4ktforskning. Det \u00e4r framf\u00f6rallt tv\u00e5 platser som intresserar mig, Hedeby utanf\u00f6r Schleswig i norra Tyskland och Harald H\u00e5rfagre kungsg\u00e5rd p\u00e5 Avaldsn\u00e6s utanf\u00f6r Haugesund i Norge. B\u00e5da platserna har kopplingar till mina sl\u00e4ktingar p\u00e5 min fars och min mors sida.<\/p>\n<p>Allan Kvalevaag<br \/>\n2020-02-11<\/p>\n","protected":false},"excerpt":{"rendered":"<p>Under \u00f6vrigt har jag samlat information om vikingarna, deras spr\u00e5k, vapen och skeppsbyggnadskonsten. Se hela avsnitten om vikingarnas skepp, konstruktion, deras segelkunskaper som drog dem ut i v\u00e4rlden. L\u00e4s om deras \u00e4ventyr, ber\u00f6mda vikingalag och resor. Eller v\u00e4lj att l\u00e4ra mer om deras runor, hur de anv\u00e4nde dem f\u00f6r att skriva sin historia. Lyssna p\u00e5 [&hellip;]<\/p>\n","protected":false},"author":2,"featured_media":0,"parent":0,"menu_order":0,"comment_status":"closed","ping_status":"closed","template":"","meta":{"_monsterinsights_skip_tracking":false,"_monsterinsights_sitenote_active":false,"_monsterinsights_sitenote_note":"","_monsterinsights_sitenote_category":0,"footnotes":""},"_links":{"self":[{"href":"https:\/\/sandbox.kvalevaag.se\/index.php?rest_route=\/wp\/v2\/pages\/899"}],"collection":[{"href":"https:\/\/sandbox.kvalevaag.se\/index.php?rest_route=\/wp\/v2\/pages"}],"about":[{"href":"https:\/\/sandbox.kvalevaag.se\/index.php?rest_route=\/wp\/v2\/types\/page"}],"author":[{"embeddable":true,"href":"https:\/\/sandbox.kvalevaag.se\/index.php?rest_route=\/wp\/v2\/users\/2"}],"replies":[{"embeddable":true,"href":"https:\/\/sandbox.kvalevaag.se\/index.php?rest_route=%2Fwp%2Fv2%2Fcomments&post=899"}],"version-history":[{"count":4,"href":"https:\/\/sandbox.kvalevaag.se\/index.php?rest_route=\/wp\/v2\/pages\/899\/revisions"}],"predecessor-version":[{"id":8129,"href":"https:\/\/sandbox.kvalevaag.se\/index.php?rest_route=\/wp\/v2\/pages\/899\/revisions\/8129"}],"wp:attachment":[{"href":"https:\/\/sandbox.kvalevaag.se\/index.php?rest_route=%2Fwp%2Fv2%2Fmedia&parent=899"}],"curies":[{"name":"wp","href":"https:\/\/api.w.org\/{rel}","templated":true}]}}