{"id":9024,"date":"2021-09-19T04:54:34","date_gmt":"2021-09-19T04:54:34","guid":{"rendered":"https:\/\/www.kvalevaag.se\/?page_id=9024"},"modified":"2021-09-19T05:57:06","modified_gmt":"2021-09-19T05:57:06","slug":"tollef-bakke-2","status":"publish","type":"page","link":"https:\/\/sandbox.kvalevaag.se\/?page_id=9024","title":{"rendered":"Tollef Bakke"},"content":{"rendered":"<div id=\"pl-9024\"  class=\"panel-layout\" ><div id=\"pg-9024-0\"  class=\"panel-grid panel-no-style\" ><div id=\"pgc-9024-0-0\"  class=\"panel-grid-cell\" ><div id=\"panel-9024-0-0-0\" class=\"so-panel widget widget_wp_translation_widget panel-first-child\" data-index=\"0\" ><h3 class=\"widget-title\">Translate<\/h3><div id=\"wp_translate\"><\/div><\/div><div id=\"panel-9024-0-0-1\" class=\"so-panel widget widget_text\" data-index=\"1\" >\t\t\t<div class=\"textwidget\"><p><a href=\"wp-content\/uploads\/2021\/09\/Tollef_Bakke_big.jpg\"><img loading=\"lazy\" decoding=\"async\" class=\"alignleft wp-image-8984 size-full\" src=\"https:\/\/sandbox.kvalevaag.se\/wp-content\/uploads\/2021\/09\/Tollef_Bakke_small.jpg\" alt=\"\" width=\"72\" height=\"100\" \/><\/a>Tollef Bakke, bondpojken som f\u00f6ddes p\u00e5 Hommeland, H\u00f8le den 27 mars 1914. Hur hans barndom var saknar vi k\u00e4nnedom om.<br \/>\nTollef visade stort intresse f\u00f6r f\u00f6rsvaret och b\u00f6rjade sin officersutbildning vid 3:e divisionen bef\u00e4lsskola i Kristiansand och g\u00e5r ut som en av de b\u00e4sta eleverna. I mars 1936 antogs han som polis. 22 \u00e5r gammal b\u00f6rjar han p\u00e5 polisstationen i Stavanger med f\u00f6rhoppningar om en l\u00e5ng karri\u00e4r. Han gifte sig i maj 1939 med Gunhild Katrine Ims fr\u00e5n H\u00f8gsfjord, de fick ett barn. N\u00e4r Norge invaderas 9 april 1940 av Nazisterna arbetar han som poliskonstapel i Stavanger. Han v\u00e4ljer d\u00e5 att ansluta sig till sin milit\u00e4ravdelning och bek\u00e4mpa de angripna ockupanterna.<br \/>\nHan kommer snart att vara en del av motst\u00e5ndsr\u00f6relsen, b\u00e5de den civila och den milit\u00e4ra delen, eller som det kallades \u201dHjemmefront\u201d.<\/p>\n<p>Tollef arbetade inom kriminalpolisen i Stavanger d\u00e4r han s\u00e4kert hade information som var viktig f\u00f6r motst\u00e5ndsr\u00f6relsen. Det var h\u00f6gst trolig att det var allvarliga och farliga saker han sysslade med. F\u00f6r snart fick tyskarnas intresse f\u00f6r Tollef. Tollef kommer ing\u00e5 som kurir i en hemlig polisorganisation f\u00f6r Rogalands distriktet. Det var Harald Hansen som ordnade kurirtj\u00e4nsten i Rogaland. Han skapade gruppen som bestod av poliskonstapel Lars F\u00f8rsund, Sigmund Randulff och senare Tollef Bakke som ombes\u00f6rjde kurirtj\u00e4nsten. Senare i slutet av 1942 grips \u00e4ven Lars F\u00f8rsund som s\u00e4nds till Grini och senare \u00f6verf\u00f6rs till koncentrationsl\u00e4gret Sachsenhausen. Han \u00e5terv\u00e4nder till Norge efter kriget. Sigmund Randulff grips 4 aug 1942 och placeras p\u00e5 Grini men sl\u00e4pps fri i jan 1943. Harald Hansen blir varnad d\u00e5 han \u00e4r i Oslo och reser d\u00e5 till Sverige.<\/p>\n<\/div>\n\t\t<\/div><div id=\"panel-9024-0-0-2\" class=\"so-panel widget widget_text\" data-index=\"2\" >\t\t\t<div class=\"textwidget\"><p><img loading=\"lazy\" decoding=\"async\" class=\"alignright size-full wp-image-8973\" src=\"https:\/\/sandbox.kvalevaag.se\/wp-content\/uploads\/2021\/09\/Josef_Terboven_1.jpg\" alt=\"\" width=\"192\" height=\"300\" \/>Inledningsvis trodde man inte att tyskarna skulle tvinga en nazistregim p\u00e5 det norska folket. Men n\u00e4r den tyska rikskommissarie Josef Terboven den 25 september 1940 f\u00f6rklarade att administrationsr\u00e5det, kungen och regeringen hade avsatts och samtidigt f\u00f6rbj\u00f6d alla politiska partier utom Nasjonal Samling. Ja d\u00e5 ins\u00e5g folket att kampen mot nazismen m\u00e5ste intensifieras. Ett antal olagliga organisationer v\u00e4xte fram och de f\u00f6rsta olagliga tidningarna b\u00f6rjade dyka upp.<\/p>\n<figure id=\"attachment_8980\" aria-describedby=\"caption-attachment-8980\" style=\"width: 300px\" class=\"wp-caption alignleft\"><a href=\"wp-content\/uploads\/2021\/09\/Stavanger_politikammer.jpg\"><img loading=\"lazy\" decoding=\"async\" class=\"wp-image-8980 size-full\" src=\"https:\/\/sandbox.kvalevaag.se\/wp-content\/uploads\/2021\/09\/Stavanger_Mollergata_19.jpg\" alt=\"\" width=\"300\" height=\"202\" \/><\/a><figcaption id=\"caption-attachment-8980\" class=\"wp-caption-text\">Klicka f\u00f6r bild<\/figcaption><\/figure>\n<p>Motst\u00e5ndsr\u00f6relsen m\u00e5ste nu arbeta i hemlighet. I b\u00f6rjan av 1942 bildades samordningskommitt\u00e9n. Den skulle ha kontakt med de olika organisationerna och samordna motst\u00e5ndskampen. Detta skulle ske regionalt \u00f6ver hela Norge. Vad vore d\u00e5 inte b\u00e4st att anlita poliser som motst\u00e5ndsm\u00e4n.<\/p>\n<p>Snart b\u00f6rjar den s\u00e4kerhetspolisen (SIPO) och SD intressera sig f\u00f6r Tollef Bakke. Den 3 feb 1941 blir han arresterad av Gestapo och hamnar i deras f\u00f6rvar. Varf\u00f6r de grep honom vet vi inte. Kanske bara f\u00f6r att han var polis och p\u00e5 s\u00e5 vis kunde r\u00f6ra sig ganska fritt i samh\u00e4llet. Han kommer att placeras p\u00e5 polisstationen vid M\u00f8llergata 19, Stavanger. Polisstationen var tillika h\u00e4ktningsf\u00e4ngelset f\u00f6r Oslo. Tollef befann sig h\u00e4r mellan 26 feb och 22 mars 1941. Han fick f\u00e5ngnummer 767.<\/p>\n<\/div>\n\t\t<\/div><div id=\"panel-9024-0-0-3\" class=\"so-panel widget widget_text\" data-index=\"3\" >\t\t\t<div class=\"textwidget\"><p><img loading=\"lazy\" decoding=\"async\" class=\"alignright size-full wp-image-8970\" src=\"https:\/\/sandbox.kvalevaag.se\/wp-content\/uploads\/2021\/09\/Aneby_Lagret.jpg\" alt=\"\" width=\"300\" height=\"225\" \/>Tollef \u00f6verf\u00f6rs till \u00c5neby l\u00e4gret i Nittedal utanf\u00f6r Oslo med f\u00e5ngnummer 72. D\u00e4r blir han kvar till den 16 april samma \u00e5r.<\/p>\n<p>P\u00e5 sommaren 1940 letade den tyska s\u00e4kerhetspolisen efter en l\u00e4mplig plats f\u00f6r att uppr\u00e4tta ett f\u00e5ngl\u00e4ger i\u00a0trakterna kring Oslo. Platsen som uppfyllde kraven l\u00e5g ca tv\u00e5 mil norr om Oslo i Nittedal intill en liten by som heter \u00c5neby. Bygget av l\u00e4gret p\u00e5b\u00f6rjades p\u00e5 sensommaren 1940 och n\u00e4r de f\u00f6rsta 60 f\u00e5ngarna anl\u00e4nde i mars 1941 var det n\u00e4stan f\u00e4rdigbyggt. Dessa var gisslan som tyskarna tagit efter den f\u00f6rsta brittiska r\u00e4den mot Lofoten i mars 1941 och deras uppgift blev att f\u00e4rdigst\u00e4lla l\u00e4gret. L\u00e4gret bestod endast av sex baracker och det fick aldrig n\u00e5gon officiell status som Polizeih\u00e4ftlingslager. L\u00e4gret existerade endast fram till juni samma \u00e5r d\u00e5 f\u00e5ngarna flyttades till det nyuppr\u00e4ttade Polizeih\u00e4ftlingslager Grini i Baerum n\u00e4rmare Oslo och \u00c5neby \u00f6vertogs av Wehrmacht f\u00f6r milit\u00e4ra syften. Sammanlagt satt ca 180 norska f\u00e5ngar i l\u00e4gret.<\/p>\n<p>Det dr\u00f6jer till 25 nov 1942 n\u00e4r han \u00e5ter grips av Gestapo och arresteras. De \u00f6k\u00e4nda Gestapo m\u00e4nnen Arnold H\u00f6lscher och Fritz Fe\u00fcerlein torterar honom och andra sv\u00e5rt men Toleff avsl\u00f6jar inget viktigt. Han tar mycket skada av behandlingen men g\u00f6r det f\u00f6r att skydda sina v\u00e4nner i motst\u00e5ndsr\u00f6relsen.<\/p>\n<\/div>\n\t\t<\/div><div id=\"panel-9024-0-0-4\" class=\"so-panel widget widget_text\" data-index=\"4\" >\t\t\t<div class=\"textwidget\"><figure id=\"attachment_8971\" aria-describedby=\"caption-attachment-8971\" style=\"width: 300px\" class=\"wp-caption alignleft\"><a href=\"wp-content\/uploads\/2021\/09\/Grini_Fangelse_2.jpg\"><img loading=\"lazy\" decoding=\"async\" class=\"wp-image-8971 size-full\" src=\"https:\/\/sandbox.kvalevaag.se\/wp-content\/uploads\/2021\/09\/Grini_Fangelse_1.jpg\" alt=\"\" width=\"300\" height=\"176\" \/><\/a><figcaption id=\"caption-attachment-8971\" class=\"wp-caption-text\">Klicka f\u00f6r bild<\/figcaption><\/figure>\n<p>Han kommer att \u00f6verf\u00f6ras och placeras p\u00e5 Grini, det \u00f6k\u00e4nda f\u00e4ngelset som nazisterna anv\u00e4nde som sitt centralf\u00e4ngelse f\u00f6r norska motst\u00e5ndsm\u00e4n. Grini ligger i Baerum kommun strax utanf\u00f6r Oslo. 1938 p\u00e5b\u00f6rjades ett bygge av ett kvinnof\u00e4ngelse som n\u00e4stan var klart n\u00e4r tyskarna invaderade Norge i april 1940. I samband med ockupationen \u00f6vertog tyskarna f\u00e4ngelset f\u00f6r att f\u00e4ngsla norska krigsf\u00e5ngar. Efter Norges kapitulation i juni 1940 f\u00f6rflyttades dessa f\u00e5ngar och f\u00e4ngelset \u00f6vertogs av Wehrmacht. I juni 1941 \u00f6vertogs f\u00e4ngelset av den tyska s\u00e4kerhetspolisen som uppr\u00e4ttade ett Polizeih\u00e4ftlingslager f\u00f6r politiska motst\u00e5ndare (b\u00e5de m\u00e4n och kvinnor) som hade eller misst\u00e4nktes ha samr\u00f6re med motst\u00e5ndsr\u00f6relsen. De f\u00f6rsta f\u00e5ngarna kom fr\u00e5n det nedlagda l\u00e4gret \u00c5neby ca tv\u00e5 mil norr om Oslo.<br \/>\nGrini var det st\u00f6rsta av samtliga sex Polizeih\u00e4ftlingslager som tyskarna uppr\u00e4ttade i det ockuperade Norge. Per definition var inte vare sig Grini eller de \u00f6vriga Polizeih\u00e4ftlingslager i Norge n\u00e5gra koncentrationsl\u00e4ger, \u00e4ven om organisation var v\u00e4ldigt lik de officiella koncentrationsl\u00e4gren. F\u00e5ngar skickades \u00e4ven fr\u00e5n de andra polisl\u00e4gren i Norge till Grini, en del blev kvar p\u00e5 Grini medan andra deporterades vidare till bl.a. l\u00e4ger i Tyskland.<br \/>\nMellan 7 feb 1943 till sep samma \u00e5r sitter Tollef Bakke internerad p\u00e5 Grini. Han fick f\u00e5ngnummer 6315.<\/p>\n<p>I februari 1942 hade antalet f\u00e5ngar p\u00e5 Grini \u00f6kat s\u00e5 pass mycket att tyskarna blev tvungna att uppr\u00e4tta nya f\u00e5ngbaracker utanf\u00f6r f\u00e4ngelset. F\u00e5ngarna anv\u00e4ndes f\u00f6r diverse arbeten b\u00e5de i och utanf\u00f6r l\u00e4gret. Grini var inget l\u00e4ger dit f\u00e5ngar f\u00f6rdes f\u00f6r att avr\u00e4ttas och det finns bara \u00e5tta dokumenterade d\u00f6dsfall. Sex utav dem avr\u00e4ttades den 21 juli 1944 p\u00e5 en plats strax utanf\u00f6r Grini. Dessa avr\u00e4ttades som en konsekvens av attentatet mot Hitler dagen innan. Ytterligare lite l\u00e4ngre bort avr\u00e4ttades tv\u00e5 unga m\u00e4n den 5 juli 1944. Men avr\u00e4ttningar av f\u00e5ngar p\u00e5 Grini tillh\u00f6rde ovanligheterna. I de fall n\u00e5gon d\u00f6mts till d\u00f6den avr\u00e4ttades de antingen p\u00e5 Akershus f\u00e4stning eller i Trandumskogen. Som mest satt det ca 5000 f\u00e5ngar samtidigt p\u00e5 Grini och sammanlagt under l\u00e4grets existens satt det ca 19 000 f\u00e5ngar. Chefen f\u00f6r Rikets Centrala S\u00e4kerhetsbyr\u00e5 Reinhard Heydrich bes\u00f6kte Grini i september 1941.<\/p>\n<figure id=\"attachment_8978\" aria-describedby=\"caption-attachment-8978\" style=\"width: 300px\" class=\"wp-caption alignleft\"><a href=\"wp-content\/uploads\/2021\/09\/Natzweiler-Struthof_2.jpg\"><img loading=\"lazy\" decoding=\"async\" class=\"wp-image-8978 size-full\" src=\"https:\/\/sandbox.kvalevaag.se\/wp-content\/uploads\/2021\/09\/Natzweiler-Struthof_1.jpg\" alt=\"\" width=\"300\" height=\"197\" \/><\/a><figcaption id=\"caption-attachment-8978\" class=\"wp-caption-text\">Klicka f\u00f6r bild<\/figcaption><\/figure>\n<p>I september 1943 \u00e4r han en av m\u00e5nga (ca 3000) som transporteras till Natzweiler koncentrationsl\u00e4ger, Alsace, Tyskland. Alsace hade tillh\u00f6rt Frankrike men tyskarna hade annekterat omr\u00e5det. En stor del av f\u00e5ngarna i Natzweiler tillh\u00f6rde en s\u00e4rskild grupp som kallades NN-f\u00e5ngar. F\u00f6rkortningen NN stod f\u00f6r \u201dnacht und nebel\u201d, som p\u00e5 svenska betyder \u201dnatt och dimma\u201d. NN-f\u00e5ngarna var m\u00e4n och kvinnor som var aktiva i motst\u00e5ndsr\u00f6relserna i Frankrike, Holland, Belgien och Norge.<\/p>\n<p>Motst\u00e5ndsr\u00f6relserna i dessa fyra l\u00e4nder ans\u00e5gs s\u00e4rskilt farliga f\u00f6r Nazityskland, eftersom de hade n\u00e4ra kontakter med sina respektive exilregeringar i London och med brittiska myndigheter. Till en b\u00f6rjan d\u00f6mdes dessa personer till l\u00e5nga f\u00e4ngelsestraff eller avr\u00e4ttades. Men straffen och avr\u00e4ttningarna hade inte den avskr\u00e4ckande effekt som tyskarna hoppades p\u00e5. De bidrog i st\u00e4llet till att st\u00e4rka motst\u00e5ndet och de d\u00f6dsd\u00f6mda gjordes till martyrer i sina heml\u00e4nder.<\/p>\n<p>I slutet av 1941 utarbetade Hitler d\u00e4rf\u00f6r en s\u00e4rskild f\u00f6rordning f\u00f6r hur dessa f\u00e5ngar skulle behandlas (Nacht und Nebel-Erlass). De skulle f\u00f6rsvinna sp\u00e5rl\u00f6st och placeras i l\u00e4ger d\u00e4r de skulle sv\u00e4ltas och arbeta sig till d\u00f6ds under fruktansv\u00e4rda f\u00f6rh\u00e5llanden. De skulle h\u00e5llas isolerade och ingen skulle f\u00e5 veta var de fanns. Denna ovisshet om vad som h\u00e4nde med g\u00e4rningsm\u00e4nnen, skulle avskr\u00e4cka m\u00e4nniskor i de ockuperade l\u00e4nderna fr\u00e5n att \u00e4gna sig \u00e5t motst\u00e5ndsarbete.<\/p>\n<figure id=\"attachment_8983\" aria-describedby=\"caption-attachment-8983\" style=\"width: 300px\" class=\"wp-caption alignright\"><a href=\"wp-content\/uploads\/2021\/09\/Tollef_Bakke_Journal_big.jpg\"><img loading=\"lazy\" decoding=\"async\" class=\"wp-image-8983 size-full\" src=\"https:\/\/sandbox.kvalevaag.se\/wp-content\/uploads\/2021\/09\/Tollef_Bakke_Journal_small.jpg\" alt=\"\" width=\"300\" height=\"193\" \/><\/a><figcaption id=\"caption-attachment-8983\" class=\"wp-caption-text\">Klicka f\u00f6r st\u00f6rre bild<\/figcaption><\/figure>\n<p>Totalt definierades omkring 7 000 personer som NN-f\u00e5ngar: 5 000 fr\u00e5n Frankrike, 1 000 fr\u00e5n Norge, 500 fr\u00e5n Holland och 500 fr\u00e5n Belgien. Under 1942 placerades NN-f\u00e5ngarna fr\u00e4mst i olika f\u00e4ngelser och tukthus i Tyskland, eller i s\u00e4rskilda delar av koncentrationsl\u00e4gren. Fr\u00e5n och med v\u00e5ren 1943 s\u00e4ndes alla manliga NN-f\u00e5ngar till Natzweiler. NN-f\u00e5ngarna fick utf\u00f6ra de tyngsta arbetena i stenbrottet och fick utst\u00e5 en mycket grym behandling. D\u00f6dstalen bland dem var mycket h\u00f6ga.<\/p>\n<p>I detta hemska l\u00e4ger blir han kvar fram till sin d\u00f6d 11 jan 1944.\u00a0 Han drabbades av dysenteri p\u00e5 h\u00f6sten 1943. Enligt sjukjournalen fr\u00e5n Natzweiler insjuknade han den 24\/11 och friskskrevs fr\u00e5n sin \u00e5komma 2\/12 1943. Han gick p\u00e5 diet och den 10 jan 1944 ordinerades han normal kost. Vad det nu innebar. Tollef avled n\u00e4sta dag den 11 jan 1944. Hans l\u00e4ngd och vikt \u00e4r noterad i sjukjournalen, 177 cm l\u00e5ng och v\u00e4gde den 24\/11 70 kg, den 2\/12 v\u00e4gde han 67 kg. I journalerna fick han Kohle (koltabletter) och Tannalbin tabletter. B\u00e5da \u00e4r mot diarr\u00e9.<\/p>\n<\/div>\n\t\t<\/div><div id=\"panel-9024-0-0-5\" class=\"so-panel widget widget_text panel-last-child\" data-index=\"5\" >\t\t\t<div class=\"textwidget\"><figure id=\"attachment_8977\" aria-describedby=\"caption-attachment-8977\" style=\"width: 300px\" class=\"wp-caption alignright\"><a href=\"wp-content\/uploads\/2021\/09\/Krigsminnemerkene_Hole_big.jpg\"><img loading=\"lazy\" decoding=\"async\" class=\"wp-image-8977 size-full\" src=\"https:\/\/sandbox.kvalevaag.se\/wp-content\/uploads\/2021\/09\/Krigsminnemerkene_Hole_small.jpg\" alt=\"\" width=\"300\" height=\"225\" \/><\/a><figcaption id=\"caption-attachment-8977\" class=\"wp-caption-text\">Klicka f\u00f6r bild<\/figcaption><\/figure>\n<p>Efter kriget reser bygdefolk i H\u00f8le ett minnesm\u00e4rke \u00f6ver fallna personer fr\u00e5n trakten.<br \/>\nInge Eskeland som stupar vid slaget om Narvik den 9 april 1940 ombord p\u00e5 D\/D Eidsvoll.<br \/>\nBernhard Marton Hagen som omkom vid en torpedering av D\/S Bayard den 6 juli 1942.<br \/>\nTollak Bakke som avlider i Natzweiler koncentrationsl\u00e4ger, Tyskland.<\/p>\n<p>&nbsp;<\/p>\n<p>Allan Kvalevaag<br \/>\n2021-09-18<\/p>\n<\/div>\n\t\t<\/div><\/div><\/div><\/div>","protected":false},"excerpt":{"rendered":"<p>Tollef Bakke, bondpojken som f\u00f6ddes p\u00e5 Hommeland, H\u00f8le den 27 mars 1914. Hur hans barndom var saknar vi k\u00e4nnedom om. Tollef visade stort intresse f\u00f6r f\u00f6rsvaret och b\u00f6rjade sin officersutbildning vid 3:e divisionen bef\u00e4lsskola i Kristiansand och g\u00e5r ut som en av de b\u00e4sta eleverna. I mars 1936 antogs han som polis. 22 \u00e5r gammal [&hellip;]<\/p>\n","protected":false},"author":1,"featured_media":0,"parent":0,"menu_order":0,"comment_status":"closed","ping_status":"closed","template":"","meta":{"_monsterinsights_skip_tracking":false,"_monsterinsights_sitenote_active":false,"_monsterinsights_sitenote_note":"","_monsterinsights_sitenote_category":0,"footnotes":""},"_links":{"self":[{"href":"https:\/\/sandbox.kvalevaag.se\/index.php?rest_route=\/wp\/v2\/pages\/9024"}],"collection":[{"href":"https:\/\/sandbox.kvalevaag.se\/index.php?rest_route=\/wp\/v2\/pages"}],"about":[{"href":"https:\/\/sandbox.kvalevaag.se\/index.php?rest_route=\/wp\/v2\/types\/page"}],"author":[{"embeddable":true,"href":"https:\/\/sandbox.kvalevaag.se\/index.php?rest_route=\/wp\/v2\/users\/1"}],"replies":[{"embeddable":true,"href":"https:\/\/sandbox.kvalevaag.se\/index.php?rest_route=%2Fwp%2Fv2%2Fcomments&post=9024"}],"version-history":[{"count":5,"href":"https:\/\/sandbox.kvalevaag.se\/index.php?rest_route=\/wp\/v2\/pages\/9024\/revisions"}],"predecessor-version":[{"id":9026,"href":"https:\/\/sandbox.kvalevaag.se\/index.php?rest_route=\/wp\/v2\/pages\/9024\/revisions\/9026"}],"wp:attachment":[{"href":"https:\/\/sandbox.kvalevaag.se\/index.php?rest_route=%2Fwp%2Fv2%2Fmedia&parent=9024"}],"curies":[{"name":"wp","href":"https:\/\/api.w.org\/{rel}","templated":true}]}}