{"id":9036,"date":"2021-10-24T10:40:25","date_gmt":"2021-10-24T10:40:25","guid":{"rendered":"https:\/\/www.kvalevaag.se\/?page_id=9036"},"modified":"2022-06-18T13:11:51","modified_gmt":"2022-06-18T13:11:51","slug":"slaktforska-2","status":"publish","type":"page","link":"https:\/\/sandbox.kvalevaag.se\/?page_id=9036","title":{"rendered":"Sl\u00e4ktforska"},"content":{"rendered":"<div id=\"pl-9036\"  class=\"panel-layout\" ><div id=\"pg-9036-0\"  class=\"panel-grid panel-no-style\" ><div id=\"pgc-9036-0-0\"  class=\"panel-grid-cell\" ><div id=\"panel-9036-0-0-0\" class=\"so-panel widget widget_text panel-first-child panel-last-child\" data-index=\"0\" >\t\t\t<div class=\"textwidget\"><p><a href=\"?page_id=69\"><img loading=\"lazy\" decoding=\"async\" class=\"alignright wp-image-9480 size-full\" src=\"https:\/\/sandbox.kvalevaag.se\/wp-content\/uploads\/2022\/06\/USA_Flagg.jpg\" alt=\"\" width=\"61\" height=\"32\" \/><\/a><a href=\"?page_id=71\"><img loading=\"lazy\" decoding=\"async\" class=\"alignright size-full wp-image-9478\" src=\"https:\/\/sandbox.kvalevaag.se\/wp-content\/uploads\/2022\/06\/DE_Flagg.jpg\" alt=\"\" width=\"53\" height=\"32\" \/><\/a><a href=\"?page_id=67\"><img loading=\"lazy\" decoding=\"async\" class=\"alignright size-full wp-image-9477\" src=\"https:\/\/sandbox.kvalevaag.se\/wp-content\/uploads\/2022\/06\/NO_Flagg.jpg\" alt=\"\" width=\"43\" height=\"32\" \/><\/a><a href=\"?page_id=56\"><img loading=\"lazy\" decoding=\"async\" class=\"alignright size-full wp-image-9479\" src=\"https:\/\/sandbox.kvalevaag.se\/wp-content\/uploads\/2022\/06\/DK_Flagg.jpg\" alt=\"\" width=\"48\" height=\"32\" \/><\/a><a href=\"?page_id=69\"><img loading=\"lazy\" decoding=\"async\" class=\"alignright size-full wp-image-9476\" src=\"https:\/\/sandbox.kvalevaag.se\/wp-content\/uploads\/2022\/06\/SV_Flagg.jpg\" alt=\"\" width=\"51\" height=\"32\" \/><\/a>Hur b\u00f6rjar man sl\u00e4ktforska och vad f\u00f6r hj\u00e4lp kan man f\u00e5? Finns en hel del fr\u00e5gor och mycket hj\u00e4lp, guider b\u00e5de p\u00e5 n\u00e4tet och utgivna i bokform. Jag har valt att dela in min i olika l\u00e4nder, Sverige Danmark, Norge, Tyskland och USA. L\u00e4nder som jag bes\u00f6ker p\u00e5 n\u00e4tet f\u00f6r att samla information till min sl\u00e4ktforskning.<br \/>\nJag har sammanst\u00e4llt olika informationer b\u00e5de allm\u00e4nt och specifikt f\u00f6r varje land.<br \/>\nBara att anv\u00e4nda s\u00e5 mycket ni vill.<\/p>\n<p>Allan Kvalevaag<br \/>\n2021-10-24<\/p>\n<p>&nbsp;<\/p>\n<\/div>\n\t\t<\/div><\/div><\/div><\/div>","protected":false},"excerpt":{"rendered":"<p>Hur b\u00f6rjar man sl\u00e4ktforska och vad f\u00f6r hj\u00e4lp kan man f\u00e5? Finns en hel del fr\u00e5gor och mycket hj\u00e4lp, guider b\u00e5de p\u00e5 n\u00e4tet och utgivna i bokform. Jag har valt att dela in min i olika l\u00e4nder, Sverige Danmark, Norge, Tyskland och USA. L\u00e4nder som jag bes\u00f6ker p\u00e5 n\u00e4tet f\u00f6r att samla information till min [&hellip;]<\/p>\n","protected":false},"author":1,"featured_media":0,"parent":0,"menu_order":0,"comment_status":"closed","ping_status":"closed","template":"","meta":{"_monsterinsights_skip_tracking":false,"_monsterinsights_sitenote_active":false,"_monsterinsights_sitenote_note":"","_monsterinsights_sitenote_category":0,"footnotes":""},"_links":{"self":[{"href":"https:\/\/sandbox.kvalevaag.se\/index.php?rest_route=\/wp\/v2\/pages\/9036"}],"collection":[{"href":"https:\/\/sandbox.kvalevaag.se\/index.php?rest_route=\/wp\/v2\/pages"}],"about":[{"href":"https:\/\/sandbox.kvalevaag.se\/index.php?rest_route=\/wp\/v2\/types\/page"}],"author":[{"embeddable":true,"href":"https:\/\/sandbox.kvalevaag.se\/index.php?rest_route=\/wp\/v2\/users\/1"}],"replies":[{"embeddable":true,"href":"https:\/\/sandbox.kvalevaag.se\/index.php?rest_route=%2Fwp%2Fv2%2Fcomments&post=9036"}],"version-history":[{"count":4,"href":"https:\/\/sandbox.kvalevaag.se\/index.php?rest_route=\/wp\/v2\/pages\/9036\/revisions"}],"predecessor-version":[{"id":9496,"href":"https:\/\/sandbox.kvalevaag.se\/index.php?rest_route=\/wp\/v2\/pages\/9036\/revisions\/9496"}],"wp:attachment":[{"href":"https:\/\/sandbox.kvalevaag.se\/index.php?rest_route=%2Fwp%2Fv2%2Fmedia&parent=9036"}],"curies":[{"name":"wp","href":"https:\/\/api.w.org\/{rel}","templated":true}]}}