{"id":92,"date":"2014-03-22T12:32:23","date_gmt":"2014-03-22T12:32:23","guid":{"rendered":"http:\/\/www.kvalevaag.se\/?page_id=92"},"modified":"2022-06-02T06:33:36","modified_gmt":"2022-06-02T06:33:36","slug":"heinrich-lass","status":"publish","type":"page","link":"https:\/\/sandbox.kvalevaag.se\/?page_id=92","title":{"rendered":"Heinrich Lass"},"content":{"rendered":"<p><strong>Bakgrund<\/strong><br \/>\n<img loading=\"lazy\" decoding=\"async\" class=\"alignleft wp-image-2089 size-full\" style=\"border: 0px;\" src=\"https:\/\/sandbox.kvalevaag.se\/wp-content\/uploads\/2014\/03\/Heinrich-Peter_Lass_small.jpg\" alt=\"\" width=\"69\" height=\"99\" \/>Heinrich Lass f\u00f6ddes f\u00f6r ca: 130 \u00e5r sedan, n\u00e4rmare best\u00e4mt fredagen den 7 mars 1884 i staden Schleswig i norra Tyskland. Han d\u00f6ptes \u00e5ret d\u00e4rp\u00e5 den 8:e juni. Huruvida han var enda barnet har det aldrig framkommit n\u00e5got mer om.<\/p>\n<p><img loading=\"lazy\" decoding=\"async\" class=\"alignright wp-image-2162 size-medium\" src=\"https:\/\/sandbox.kvalevaag.se\/wp-content\/uploads\/2014\/03\/Heinrich-Peter_Lass13-198x300.jpg\" alt=\"\" width=\"198\" height=\"300\" srcset=\"https:\/\/sandbox.kvalevaag.se\/wp-content\/uploads\/2014\/03\/Heinrich-Peter_Lass13-198x300.jpg 198w, https:\/\/sandbox.kvalevaag.se\/wp-content\/uploads\/2014\/03\/Heinrich-Peter_Lass13.jpg 245w\" sizes=\"(max-width: 198px) 100vw, 198px\" \/><\/p>\n<p>Det har talats om en bror men n\u00e5gon s\u00e5dan har jag inte funnit i mina efterforskningar. N\u00e4r Henrich fyllde femton \u00e5r var det dags f\u00f6r konfirmation som skedde i Friedrichsberger, Schleswig 22 mars 1899. Hur hans barndom var \u00e4r ok\u00e4nt men han b\u00f6rjade tidigt arbeta som dr\u00e4ng hos en bonde. Bonden tyckte om honom och eftersom han saknade egna barn skulle Henrich f\u00e5 \u00e4rva dennes g\u00e5rd men bonden var inte sn\u00e4ll mot honom s\u00e5 han struntade i arvet. Ist\u00e4llet gick han i l\u00e4ra hos en timmerman vilket blev hans yrke. Han b\u00f6rjade som timmerman sent, han var \u00f6ver 20 \u00e5r gammal. Han hade \u00e4ven m\u00f6jlighet att emigrera till Amerika. Biljetterna skulle han f\u00e5 fr\u00e5n Amerika av skr\u00e4ddaren Carl Freidrich barn i hans farmors Sophias f\u00f6rsta \u00e4ktenskap. Men det blev ingen emigration till Amerika utan han stannade kvar i Schleswig. N\u00e5gon g\u00e5ng runt 1905 tr\u00e4ffade han Frida. Hon arbetade som piga hos en familj i Tondern. 1905 flyttade de till Schleswig dit Frida f\u00f6ljde med. N\u00e4r familjen ville flytta till Berlin f\u00f6r annan tj\u00e4nst s\u00e5 ville de ha med Frida men hon stannade kvar i Schleswig. Hon hade redan tr\u00e4ffat Heinrich och de var f\u00f6rlovade. Frida tog d\u00e5 arbete p\u00e5 ett sinnesjukhus som piga i k\u00f6ket, d\u00e4r hon \u00e4ven bodde. F\u00f6r f\u00f6rsta g\u00e5ngen tj\u00e4nade hon egna pengar. Hon kunde nu k\u00f6pa sig en kl\u00e4nning som hon l\u00e4t sig fotografers i. Det var ett vanligt s\u00e4tt att visa hur man hade det ekonomiskt st\u00e4llt. Henrich och Frida flyttade till en f\u00f6rort till Rendsburg. Det ligger vid Kielkanalen d\u00e4r de hyrde sig ett halvhus. De bodde \u00e4ven en tid i statsdelen Westerr\u00f6nfeld.\u00a0De gifte sig s\u00f6ndagen den 30 juli 1911 i Tondern. 1912 f\u00f6ddes Karl, Marie kommer 1914 n\u00e4r f\u00f6rsta v\u00e4rldskriget bryter ut.<\/p>\n<p><strong>Under 1:a v\u00e4rldskriget<\/strong><\/p>\n<figure id=\"attachment_2091\" aria-describedby=\"caption-attachment-2091\" style=\"width: 245px\" class=\"wp-caption alignleft\"><img loading=\"lazy\" decoding=\"async\" class=\"wp-image-2091 size-full\" src=\"https:\/\/sandbox.kvalevaag.se\/wp-content\/uploads\/2014\/03\/Heinrich-Peter_Lass21.jpg\" alt=\"Bilden \u00e4r tagen 1916 p\u00e5 sommaren. Heinrich sitter med sin son Karl intill sig. Frida hans fru sitter till v\u00e4nster med deras dotter Marie. Hennes syster Amanda st\u00e5r intill Heinrich och bakom st\u00e5r hennes bror Peter i uniform. P\u00e5 bilden ser man att Henrich var civilkl\u00e4dd sommaren 1916, han kan inte ha varit i milit\u00e4ren mer \u00e4n kanske ett och halvt \u00e5r.\" width=\"245\" height=\"157\" \/><figcaption id=\"caption-attachment-2091\" class=\"wp-caption-text\">Sommaren 1916, Heinrich sitter med sonen Karl. Frida sitter till v\u00e4nster med dottern Marie. Fridas syster Amanda st\u00e5r intill Heinrich och bakom st\u00e5r hennes bror Peter i uniform.<\/figcaption><\/figure>\n<p>Heinrich blir inkallad som 30-\u00e5ring till fronten men blev hemf\u00f6rlovad efter n\u00e5got \u00e5r d\u00e5 hans njurar blev d\u00e5liga p.g.a. fukten i skyttegravarna. 1917 f\u00f6ds Heini som gick bort 2008 i en \u00e5lder av 90 \u00e5r. L\u00e4s g\u00e4rna mer om hans krigs \u00f6de h\u00e4r. Det var sv\u00e5ra tider i Tyskland efter f\u00f6rsta v\u00e4rldskriget och det enda arbeten som fanns var lite str\u00f6jobb Han lyckades f\u00e5 ett beredskapsjobb under 1920-21 med att m\u00e5la j\u00e4rnv\u00e4gsbron \u00f6ver Kielkanalen. Under denna tid bodde de i Rendsburg. Det finns en anekdot som s\u00e4ger att konstrukt\u00f6ren inte v\u00e5gade bevittna invigningen av bron d\u00e5 tv\u00e5 lokomotiv skulle m\u00f6tas mitt p\u00e5.<\/p>\n<figure id=\"attachment_2092\" aria-describedby=\"caption-attachment-2092\" style=\"width: 245px\" class=\"wp-caption alignright\"><img loading=\"lazy\" decoding=\"async\" class=\"wp-image-2092 size-full\" src=\"https:\/\/sandbox.kvalevaag.se\/wp-content\/uploads\/2014\/03\/Heinrich-Peter_Lass51.jpg\" alt=\"\" width=\"245\" height=\"165\" \/><figcaption id=\"caption-attachment-2092\" class=\"wp-caption-text\">Heinrich tj\u00e4nstgjorde som byggnadsarbetare under kriget.<\/figcaption><\/figure>\n<p>Han sk\u00f6t sig innan invigningen orsakad av stress. Bron st\u00e5r \u00e4n idag kvar. Heinrich som var byggnadsarbetare eller timmerman som det ocks\u00e5 heter fick arbete efter f\u00f6rsta v\u00e4rldskriget i \u00d6ster R\u00f6nfeld, en f\u00f6rort till Rensburg. Det ligger vid Kielkanalen. Heinrich arbete var att underh\u00e5lla j\u00e4rnv\u00e4gsbron i \u00d6ster R\u00f6nfeld (denna bro har jag sett som modell sommaren 1993 i Sleschwig). De flyttade till Schleswig runt 1923 till egen l\u00e4genhet vid Schubystrasse och n\u00e4r Gerda deras 5:e barn skulle f\u00f6das byggde de sig ett eget hus 1927-28 tillsammans med familjen Smith. Huset fanns i familjen \u00e4go fram till 2004. Gerda kom till v\u00e4rlden 1929 och tv\u00e5 \u00e5r senare var det dags f\u00f6r min mor att se v\u00e4rlden. Hon \u00e4r yngst i syskonskaran.<\/p>\n<p><strong>F\u00f6re 2:a v\u00e4rldskriget<\/strong><\/p>\n<figure id=\"attachment_2093\" aria-describedby=\"caption-attachment-2093\" style=\"width: 245px\" class=\"wp-caption alignleft\"><img loading=\"lazy\" decoding=\"async\" class=\"wp-image-2093 size-full\" src=\"https:\/\/sandbox.kvalevaag.se\/wp-content\/uploads\/2014\/03\/Heinrich-Peter_Lass111.jpg\" alt=\"\" width=\"245\" height=\"161\" \/><figcaption id=\"caption-attachment-2093\" class=\"wp-caption-text\">Omkring 1934-35 Inf\u00f6r sitt folks ovetande skedde en upprustning i landet inf\u00f6r kommande krig tyckte Adolf Hitler att arbetarna skulle ha lite avkoppling ocks\u00e5. D\u00e4rf\u00f6r ordnades det utf\u00e4rder vilka bekostades av arbetsgivaren. H\u00e4r ett byggf\u00f6retag vid namn Landsman d\u00e4r Heinrich arbetade.<\/figcaption><\/figure>\n<p>Under Nazisternas tid fick Heinrich bygga baracker \u00e5t soldaterna. Han misst\u00e4nktes vara kommunist under deras styre vilket m\u00e5nga r\u00e5kade ut f\u00f6r. Men det var inget som kunde bevisas d\u00e4rf\u00f6r gick han fri. Heinrich var ingen person som privat gillade vad Nazisterna h\u00f6ll p\u00e5 med, det sa han flera g\u00e5nger till min mor. Men man var tyst om s\u00e5nt ut\u00e5t, det kunde sluta illa.\u00a0Under kriget var det ont om mat s\u00e5 tr\u00e4dg\u00e5rden bakom huset blev en plats att odla gr\u00f6nsaker, rotfrukter samt ha lite frukttr\u00e4d. Deras tomt var relativt stor s\u00e5 de kunde f\u00f6rs\u00f6rja sig r\u00e4tt bra. De hade \u00e4ven en gris i k\u00e4llaren vilket var till\u00e5tet men bara en. Det kom hem kontrollanter f\u00f6r att se hur m\u00e5nga grisar man hade. Min mor har ber\u00e4ttat om hur de en g\u00e5ng med hj\u00e4lp av en dragk\u00e4rra gick iv\u00e4g f\u00f6r att h\u00e4mta en gris som de g\u00f6mde i k\u00e4rran. Denna skulle anv\u00e4ndas som extra matranson. P\u00e5 v\u00e4gen m\u00f6te de en tysk patrull som st\u00e4llde n\u00e5gra fr\u00e5gor. Heinrich stannade och r\u00f6kte en cigarett tillsammans med dem och fortsatte sedan vidare hem med grisen.\u00a0Grisen hade de tidigare gett medicin f\u00f6r att lugna ner sig s\u00e5 den inte skulle g\u00f6ra sig h\u00f6rd. Allt gick bra och de fick en gris till. Det var uppfinningsrikedomen som g\u00e4llde om man skulle \u00f6verleva kriget. Familjen var tvungen att f\u00f6rs\u00f6ka f\u00f6rs\u00f6rja sig s\u00e5 gott det gick. De hade sina tre s\u00f6ner inkallade under sv\u00e5ra f\u00f6rh\u00e5llanden. Willhelm var placerad i Stalingrad i Ryssland, Karl fanns i Frankrike och Heinrich befann sig i Polen.<\/p>\n<p><strong>Efter kriget<\/strong><\/p>\n<figure id=\"attachment_2094\" aria-describedby=\"caption-attachment-2094\" style=\"width: 245px\" class=\"wp-caption alignright\"><img loading=\"lazy\" decoding=\"async\" class=\"wp-image-2094 size-full\" src=\"https:\/\/sandbox.kvalevaag.se\/wp-content\/uploads\/2014\/03\/Heinrich-Peter_Lass101.jpg\" alt=\"\" width=\"245\" height=\"235\" \/><figcaption id=\"caption-attachment-2094\" class=\"wp-caption-text\">Min mor och morfar<\/figcaption><\/figure>\n<p>Efter kriget stod familjen utan tv\u00e5 s\u00f6ner och framtiden var oviss. Min mor flyttade till Sverige f\u00f6r att skaffa sig ett arbete. Kvar fanns en son i Hamburg som precis \u00e5terv\u00e4nt fr\u00e5n rysk f\u00e5ngenskap. Han h\u00f6ll p\u00e5 att bygga ett hus och skaffa sig en familj d\u00e4r. En dotter som fortfarande bodde hemma. Hans andra dotter Marie hade d\u00e5 redan flyttat ut och skaffat sig familj med fyra barn f\u00f6dda under kriget. Jag har inget minne av att min morfar Heinrich var p\u00e5 bes\u00f6k hos oss i Malm\u00f6 n\u00e4r jag var liten, d\u00e4remot var min mormor Frida ofta p\u00e5 bes\u00f6k hos oss. Vi \u00e5kte ner n\u00e5gra g\u00e5nger till dem men d\u00e5 var Heinrich redan sjuk, hade problem med hj\u00e4rtat. <img loading=\"lazy\" decoding=\"async\" class=\"alignleft wp-image-2095 size-full\" style=\"border: 0px;\" src=\"https:\/\/sandbox.kvalevaag.se\/wp-content\/uploads\/2014\/03\/Heinrich-Peter_Lass13b1.jpg\" alt=\"\" width=\"169\" height=\"174\" \/>S\u00e5 vi barn fick inte lov att g\u00e5 upp och st\u00f6ra honom utan fick stanna kvar p\u00e5 f\u00f6rsta v\u00e5ningen. Han led av hj\u00e4rtproblem de sista \u00e5ren i sitt liv och somnade stilla in vid ett bes\u00f6k hos Fridas andra syster Anna i Randers i Danmark den 11 december 1959 endast 75 \u00e5r gammal. Han begravdes i Schleswig vid en familjegrav. B\u00e5de Frida och Heinrich ligger begravda d\u00e4r. Det finns \u00e4ven gravstenar f\u00f6r deras tv\u00e5 stupade s\u00f6ner.<\/p>\n<p>Allan Kvalevaag<br \/>\n2011-11<\/p>\n","protected":false},"excerpt":{"rendered":"<p>Bakgrund Heinrich Lass f\u00f6ddes f\u00f6r ca: 130 \u00e5r sedan, n\u00e4rmare best\u00e4mt fredagen den 7 mars 1884 i staden Schleswig i norra Tyskland. Han d\u00f6ptes \u00e5ret d\u00e4rp\u00e5 den 8:e juni. Huruvida han var enda barnet har det aldrig framkommit n\u00e5got mer om. Det har talats om en bror men n\u00e5gon s\u00e5dan har jag inte funnit i [&hellip;]<\/p>\n","protected":false},"author":1,"featured_media":0,"parent":16,"menu_order":0,"comment_status":"closed","ping_status":"closed","template":"","meta":{"_monsterinsights_skip_tracking":false,"_monsterinsights_sitenote_active":false,"_monsterinsights_sitenote_note":"","_monsterinsights_sitenote_category":0,"footnotes":""},"_links":{"self":[{"href":"https:\/\/sandbox.kvalevaag.se\/index.php?rest_route=\/wp\/v2\/pages\/92"}],"collection":[{"href":"https:\/\/sandbox.kvalevaag.se\/index.php?rest_route=\/wp\/v2\/pages"}],"about":[{"href":"https:\/\/sandbox.kvalevaag.se\/index.php?rest_route=\/wp\/v2\/types\/page"}],"author":[{"embeddable":true,"href":"https:\/\/sandbox.kvalevaag.se\/index.php?rest_route=\/wp\/v2\/users\/1"}],"replies":[{"embeddable":true,"href":"https:\/\/sandbox.kvalevaag.se\/index.php?rest_route=%2Fwp%2Fv2%2Fcomments&post=92"}],"version-history":[{"count":16,"href":"https:\/\/sandbox.kvalevaag.se\/index.php?rest_route=\/wp\/v2\/pages\/92\/revisions"}],"predecessor-version":[{"id":9459,"href":"https:\/\/sandbox.kvalevaag.se\/index.php?rest_route=\/wp\/v2\/pages\/92\/revisions\/9459"}],"up":[{"embeddable":true,"href":"https:\/\/sandbox.kvalevaag.se\/index.php?rest_route=\/wp\/v2\/pages\/16"}],"wp:attachment":[{"href":"https:\/\/sandbox.kvalevaag.se\/index.php?rest_route=%2Fwp%2Fv2%2Fmedia&parent=92"}],"curies":[{"name":"wp","href":"https:\/\/api.w.org\/{rel}","templated":true}]}}